{"id":1238,"date":"2019-10-03T15:11:46","date_gmt":"2019-10-03T15:11:46","guid":{"rendered":"https:\/\/apoiar-stressdeguerra.com\/pt\/?page_id=1238"},"modified":"2019-11-07T14:33:00","modified_gmt":"2019-11-07T14:33:00","slug":"encontro-trauma-stress-guerra","status":"publish","type":"page","link":"https:\/\/apoiar-stressdeguerra.com\/pt\/encontro-trauma-stress-guerra\/","title":{"rendered":"Encontro Trauma e Stress de Guerra"},"content":{"rendered":"<div id=\"pl-1238\"  class=\"panel-layout\" ><div id=\"pg-1238-0\"  class=\"panel-grid panel-no-style\" ><div id=\"pgc-1238-0-0\"  class=\"panel-grid-cell\" ><div id=\"panel-1238-0-0-0\" class=\"so-panel widget widget_sow-editor panel-first-child panel-last-child\" data-index=\"0\" ><div\n\t\t\t\n\t\t\tclass=\"so-widget-sow-editor so-widget-sow-editor-base\"\n\t\t\t\n\t\t>\n<div class=\"siteorigin-widget-tinymce textwidget\">\n\t\n<\/div>\n<\/div><\/div><\/div><\/div><div id=\"pg-1238-1\"  class=\"panel-grid panel-no-style\" ><div id=\"pgc-1238-1-0\"  class=\"panel-grid-cell\" ><div id=\"panel-1238-1-0-0\" class=\"so-panel widget widget_sow-editor panel-first-child panel-last-child\" data-index=\"1\" ><div\n\t\t\t\n\t\t\tclass=\"so-widget-sow-editor so-widget-sow-editor-base\"\n\t\t\t\n\t\t><h3 class=\"widget-title\">SOBRE O ENCONTRO<\/h3>\n<div class=\"siteorigin-widget-tinymce textwidget\">\n\t<h2><span style=\"color: #4a1831;\"><strong>TRAUMA E STRESS DE GUERRA:<\/strong><\/span><\/h2>\n<h4><span style=\"color: #4a1831;\">Uma evolu\u00e7\u00e3o multidisciplinar<\/span><\/h4>\n<p>Na celebra\u00e7\u00e3o do seu 25\u00ba anivers\u00e1rio a Associa\u00e7\u00e3o APOIAR alarga o debate sobre o stress de guerra e o trauma com um encontro abrangente. Com um quarto de s\u00e9culo de experi\u00eancia no acompanhamento de ex-combatentes com stress de guerra e suas fam\u00edlias, a APOIAR tem consci\u00eancia que o stress p\u00f3s-traum\u00e1tico tem consequ\u00eancias bem reais nos seus doentes e nas pessoas que os rodeiam.<\/p>\n<p>Sabe tamb\u00e9m que o trauma n\u00e3o acontece apenas nas guerras nem se reduz \u00e0s consequ\u00eancias psicol\u00f3gicas\u00a0 e procura tamb\u00e9m saber o impacto e a presen\u00e7a dessa doen\u00e7a na sociedade. \u00c9 a partir desta premissa que organiza na Funda\u00e7\u00e3o Calouste Gulbenkian um encontro multidisciplinar que aborda as v\u00e1rias facetas do trauma e do stress p\u00f3s traum\u00e1tico, no dia 6 de Novembro. Um evento aberto a estudantes, profissionais de sa\u00fade e p\u00fablico em geral.\u00a0<\/p>\n<h4><a href=\"https:\/\/www.facebook.com\/media\/set\/?set=ms.c.eJxFjtsNADEIwzY68QqE~%3BRc7qaj017KjGOCRRY1s0dTPBoAHMC5oOwByQU7Cl4BiDnuGjGFrxBib0Ge0L6hJapOCOpK~_Pzg~%3BUn7M3yXF.bps.a.2553467468023529&amp;type=1&amp;__xts__[0]=68.ARBJBx3bc_Gze9263xoMFzPqYoXssx7T-G3EFoyFE7ru0rkieaBf7agG9Q0e-5xG6fvJuE3u1X1OpPmfBazmGRbrfJe_2x08qkPAmaG3W1PMQUUJymxxwRmWmXxqxaGeaLp-m8wyk6KeGEVxmddpR5wBVbF3nd0HEI4ZFR5CZnhTNQgKEo--mwP1cB2fvyJI95_8_LnvR8c6MeWzNbqzb64PwXRDVTQ5pnDZnufuk-yFdivwlqHXmEBdcvQRvpRIKoXL5rbeDR8NZh5y79XOFqtKCmufCGYkKslkS3VR-Wfa-QFSpNKsaUzXVlfZ7gcDgqilBzzslKP31A28kkdCrJZJVdr00KMvZCNWG4UK3JqRGLG-42jfBEj_Df0YY3jDERxb8OygIDnnZzVbC8Fj5bNbixutosbEZkwmVTEr0nrrAsGF3Rg85zSWX5YaEyvJgjpXfaVwLkq6gMn_s3VaKjQ_QCEXeT163nmvRk3Mz_a54CagOUZQbsuSMu2P0pTA3JMBAK2bwG77QqeOhUVEn_f2XVs-T9ST6NAK&amp;__tn__=HH-R\" target=\"_blank\" rel=\"noopener\">GALERIA DE FOTOS<\/a><\/h4>\n<p>\u00a0<\/p>\n<p><img loading=\"lazy\" decoding=\"async\" class=\"alignnone size-large wp-image-1306\" src=\"https:\/\/apoiar-stressdeguerra.com\/pt\/wp-content\/uploads\/2019\/11\/cartaz-final-724x1024.jpg\" alt=\"\" width=\"724\" height=\"1024\" srcset=\"https:\/\/apoiar-stressdeguerra.com\/pt\/wp-content\/uploads\/2019\/11\/cartaz-final-724x1024.jpg 724w, https:\/\/apoiar-stressdeguerra.com\/pt\/wp-content\/uploads\/2019\/11\/cartaz-final-212x300.jpg 212w, https:\/\/apoiar-stressdeguerra.com\/pt\/wp-content\/uploads\/2019\/11\/cartaz-final-768x1086.jpg 768w, https:\/\/apoiar-stressdeguerra.com\/pt\/wp-content\/uploads\/2019\/11\/cartaz-final-424x600.jpg 424w, https:\/\/apoiar-stressdeguerra.com\/pt\/wp-content\/uploads\/2019\/11\/cartaz-final.jpg 1754w\" sizes=\"auto, (max-width: 724px) 100vw, 724px\" \/><\/p>\n<\/div>\n<\/div><\/div><\/div><div id=\"pgc-1238-1-1\"  class=\"panel-grid-cell\" ><div id=\"panel-1238-1-1-0\" class=\"so-panel widget widget_sow-editor panel-first-child panel-last-child\" data-index=\"2\" ><div\n\t\t\t\n\t\t\tclass=\"so-widget-sow-editor so-widget-sow-editor-base\"\n\t\t\t\n\t\t><h3 class=\"widget-title\">PROGRAMA E INSCRI\u00c7\u00c3O<\/h3>\n<div class=\"siteorigin-widget-tinymce textwidget\">\n\t<p><a class=\"fasc-button fasc-size-large fasc-type-glossy fasc-ico-before dashicons-format-aside\" style=\"background-color: #52034b; color: #ffffff;\" target=\"_blank\" rel=\"noopener\" href=\"https:\/\/apoiar-stressdeguerra.com\/pt\/wp-content\/uploads\/2019\/11\/Programa-final.pdf\">PROGRAMA EM PDF<\/a><\/p>\n<h4>INSCRI\u00c7\u00c3O<\/h4>\n<h3><span style=\"color: #ff0000;\"><strong>Este evento j\u00e1 se realizou<\/strong><\/span><\/h3>\n<p>VALOR:<br \/><strong>5\u20ac <\/strong>para<strong> alunos<\/strong> das escolas secund\u00e1rias e ensino superior<br \/><strong>10\u20ac <\/strong>para<strong> o p\u00fablico em geral.<\/strong> <br \/><strong>Gratuita <\/strong>para os<strong> associados da APOIAR<\/strong> com as quotas em dia e <strong>imprensa<\/strong> (dever\u00e1 creditar-se no dia).<\/p>\n<p>O Pagamento pode ser feito atrav\u00e9s de transfer\u00eancia banc\u00e1ria para o <strong>IBAN PT 50 003507520000157233024<\/strong> ou no pr\u00f3prio dia no secretariado do evento. <strong>(N\u00e3o temos multibanco)<\/strong>&nbsp; Caso o pagamento seja feito por transfer\u00eancia banc\u00e1ria deve enviar o comprovativo para o e-mail apoiar.comunicacao@gmail.com ou entregar no secretariado do encontro no pr\u00f3prio dia.<\/p>\n<h4><span style=\"color: #333333;\"><strong>Data, 6 de Novembro de 2019, 9H00<\/strong><\/span><\/h4>\n<h4><span style=\"color: #333333;\"><strong>Local: Funda\u00e7\u00e3o Calouste Gulbenkian, Audit\u00f3rio 1 da Zona de Congressos<\/strong><\/span><\/h4>\n<p><iframe loading=\"lazy\" style=\"border: 0;\" src=\"https:\/\/www.google.com\/maps\/embed?pb=!1m18!1m12!1m3!1d3112.142747865522!2d-9.154771199999999!3d38.7374864!2m3!1f0!2f0!3f0!3m2!1i1024!2i768!4f13.1!3m3!1m2!1s0xd19330ddab493b5%3A0x7de5692fbde87e3!2sFunda%C3%A7%C3%A3o%20Calouste%20Gulbenkian!5e0!3m2!1spt-BR!2spt!4v1570108289854!5m2!1spt-BR!2spt\" width=\"400\" height=\"300\" frameborder=\"0\" allowfullscreen=\"allowfullscreen\" data-mce-fragment=\"1\"><\/iframe><\/p>\n<p>Para mais informa\u00e7\u00f5es<a href=\"https:\/\/apoiar-stressdeguerra.com\/pt\/contactos\/\" target=\"_blank\" rel=\"noopener\"><strong> contacte a APOIAR<\/strong><\/a><\/p>\n<p><a href=\"https:\/\/apoiar-stressdeguerra.com\/pt\/wp-content\/uploads\/2019\/11\/Programa-Provis\u00f3rio.pdf\">o<\/a><\/p>\n<\/div>\n<\/div><\/div><\/div><\/div><div id=\"pg-1238-2\"  class=\"panel-grid panel-no-style\" ><div id=\"pgc-1238-2-0\"  class=\"panel-grid-cell panel-grid-cell-empty\" ><\/div><\/div><\/div>","protected":false},"excerpt":{"rendered":"<p>TRAUMA E STRESS DE GUERRA:Uma evolu\u00e7\u00e3o multidisciplinarNa celebra\u00e7\u00e3o do seu 25\u00ba anivers\u00e1rio a Associa\u00e7\u00e3o APOIAR alarga o debate sobre o stress de guerra e o trauma com um encontro abrangente. Com um quarto de s\u00e9culo de experi\u00eancia no acompanhamento de ex-combatentes com stress de guerra e suas fam\u00edlias, a APOIAR tem consci\u00eancia que o stress <a class=\"read-more\" href=\"https:\/\/apoiar-stressdeguerra.com\/pt\/encontro-trauma-stress-guerra\/\">Leia mais<\/a><\/p>\n","protected":false},"author":1,"featured_media":0,"parent":0,"menu_order":0,"comment_status":"closed","ping_status":"closed","template":"template-full-width.php","meta":{"_uf_show_specific_survey":0,"_uf_disable_surveys":false,"footnotes":""},"class_list":["post-1238","page","type-page","status-publish","hentry"],"yoast_head":"<!-- This site is optimized with the Yoast SEO plugin v26.8 - https:\/\/yoast.com\/product\/yoast-seo-wordpress\/ -->\n<title>Encontro Trauma e Stress de Guerra - APOIAR<\/title>\n<meta name=\"robots\" content=\"index, follow, max-snippet:-1, max-image-preview:large, max-video-preview:-1\" \/>\n<link rel=\"canonical\" href=\"https:\/\/apoiar-stressdeguerra.com\/pt\/encontro-trauma-stress-guerra\/\" \/>\n<meta property=\"og:locale\" content=\"pt_PT\" \/>\n<meta property=\"og:type\" content=\"article\" \/>\n<meta property=\"og:title\" content=\"Encontro Trauma e Stress de Guerra - APOIAR\" \/>\n<meta property=\"og:description\" content=\"TRAUMA E STRESS DE GUERRA:Uma evolu\u00e7\u00e3o multidisciplinarNa celebra\u00e7\u00e3o do seu 25\u00ba anivers\u00e1rio a Associa\u00e7\u00e3o APOIAR alarga o debate sobre o stress de guerra e o trauma com um encontro abrangente. Com um quarto de s\u00e9culo de experi\u00eancia no acompanhamento de ex-combatentes com stress de guerra e suas fam\u00edlias, a APOIAR tem consci\u00eancia que o stress Leia mais\" \/>\n<meta property=\"og:url\" content=\"https:\/\/apoiar-stressdeguerra.com\/pt\/encontro-trauma-stress-guerra\/\" \/>\n<meta property=\"og:site_name\" content=\"APOIAR\" \/>\n<meta property=\"article:publisher\" content=\"https:\/\/www.facebook.com\/stressdeguerraapoiar\/\" \/>\n<meta property=\"article:modified_time\" content=\"2019-11-07T14:33:00+00:00\" \/>\n<meta name=\"twitter:card\" content=\"summary_large_image\" \/>\n<meta name=\"twitter:site\" content=\"@aapoiar\" \/>\n<meta name=\"twitter:label1\" content=\"Tempo estimado de leitura\" \/>\n\t<meta name=\"twitter:data1\" content=\"2 minutos\" \/>\n<script type=\"application\/ld+json\" class=\"yoast-schema-graph\">{\"@context\":\"https:\/\/schema.org\",\"@graph\":[{\"@type\":\"WebPage\",\"@id\":\"https:\/\/apoiar-stressdeguerra.com\/pt\/encontro-trauma-stress-guerra\/\",\"url\":\"https:\/\/apoiar-stressdeguerra.com\/pt\/encontro-trauma-stress-guerra\/\",\"name\":\"Encontro Trauma e Stress de Guerra - APOIAR\",\"isPartOf\":{\"@id\":\"https:\/\/apoiar-stressdeguerra.com\/pt\/#website\"},\"datePublished\":\"2019-10-03T15:11:46+00:00\",\"dateModified\":\"2019-11-07T14:33:00+00:00\",\"breadcrumb\":{\"@id\":\"https:\/\/apoiar-stressdeguerra.com\/pt\/encontro-trauma-stress-guerra\/#breadcrumb\"},\"inLanguage\":\"pt-PT\",\"potentialAction\":[{\"@type\":\"ReadAction\",\"target\":[\"https:\/\/apoiar-stressdeguerra.com\/pt\/encontro-trauma-stress-guerra\/\"]}]},{\"@type\":\"BreadcrumbList\",\"@id\":\"https:\/\/apoiar-stressdeguerra.com\/pt\/encontro-trauma-stress-guerra\/#breadcrumb\",\"itemListElement\":[{\"@type\":\"ListItem\",\"position\":1,\"name\":\"In\u00edcio\",\"item\":\"https:\/\/apoiar-stressdeguerra.com\/pt\/\"},{\"@type\":\"ListItem\",\"position\":2,\"name\":\"Encontro Trauma e Stress de Guerra\"}]},{\"@type\":\"WebSite\",\"@id\":\"https:\/\/apoiar-stressdeguerra.com\/pt\/#website\",\"url\":\"https:\/\/apoiar-stressdeguerra.com\/pt\/\",\"name\":\"APOIAR\",\"description\":\"Associa\u00e7\u00e3o de Apoio aos Ex-combatentes V\u00edtimas do Stress de Guerra.\",\"publisher\":{\"@id\":\"https:\/\/apoiar-stressdeguerra.com\/pt\/#organization\"},\"potentialAction\":[{\"@type\":\"SearchAction\",\"target\":{\"@type\":\"EntryPoint\",\"urlTemplate\":\"https:\/\/apoiar-stressdeguerra.com\/pt\/?s={search_term_string}\"},\"query-input\":{\"@type\":\"PropertyValueSpecification\",\"valueRequired\":true,\"valueName\":\"search_term_string\"}}],\"inLanguage\":\"pt-PT\"},{\"@type\":\"Organization\",\"@id\":\"https:\/\/apoiar-stressdeguerra.com\/pt\/#organization\",\"name\":\"APOIAR\",\"url\":\"https:\/\/apoiar-stressdeguerra.com\/pt\/\",\"logo\":{\"@type\":\"ImageObject\",\"inLanguage\":\"pt-PT\",\"@id\":\"https:\/\/apoiar-stressdeguerra.com\/pt\/#\/schema\/logo\/image\/\",\"url\":\"https:\/\/apoiar-stressdeguerra.com\/pt\/wp-content\/uploads\/2017\/03\/LOGO_tb_transparente.gif\",\"contentUrl\":\"https:\/\/apoiar-stressdeguerra.com\/pt\/wp-content\/uploads\/2017\/03\/LOGO_tb_transparente.gif\",\"width\":153,\"height\":59,\"caption\":\"APOIAR\"},\"image\":{\"@id\":\"https:\/\/apoiar-stressdeguerra.com\/pt\/#\/schema\/logo\/image\/\"},\"sameAs\":[\"https:\/\/www.facebook.com\/stressdeguerraapoiar\/\",\"https:\/\/x.com\/aapoiar\"]}]}<\/script>\n<!-- \/ Yoast SEO plugin. -->","yoast_head_json":{"title":"Encontro Trauma e Stress de Guerra - APOIAR","robots":{"index":"index","follow":"follow","max-snippet":"max-snippet:-1","max-image-preview":"max-image-preview:large","max-video-preview":"max-video-preview:-1"},"canonical":"https:\/\/apoiar-stressdeguerra.com\/pt\/encontro-trauma-stress-guerra\/","og_locale":"pt_PT","og_type":"article","og_title":"Encontro Trauma e Stress de Guerra - APOIAR","og_description":"TRAUMA E STRESS DE GUERRA:Uma evolu\u00e7\u00e3o multidisciplinarNa celebra\u00e7\u00e3o do seu 25\u00ba anivers\u00e1rio a Associa\u00e7\u00e3o APOIAR alarga o debate sobre o stress de guerra e o trauma com um encontro abrangente. Com um quarto de s\u00e9culo de experi\u00eancia no acompanhamento de ex-combatentes com stress de guerra e suas fam\u00edlias, a APOIAR tem consci\u00eancia que o stress Leia mais","og_url":"https:\/\/apoiar-stressdeguerra.com\/pt\/encontro-trauma-stress-guerra\/","og_site_name":"APOIAR","article_publisher":"https:\/\/www.facebook.com\/stressdeguerraapoiar\/","article_modified_time":"2019-11-07T14:33:00+00:00","twitter_card":"summary_large_image","twitter_site":"@aapoiar","twitter_misc":{"Tempo estimado de leitura":"2 minutos"},"schema":{"@context":"https:\/\/schema.org","@graph":[{"@type":"WebPage","@id":"https:\/\/apoiar-stressdeguerra.com\/pt\/encontro-trauma-stress-guerra\/","url":"https:\/\/apoiar-stressdeguerra.com\/pt\/encontro-trauma-stress-guerra\/","name":"Encontro Trauma e Stress de Guerra - APOIAR","isPartOf":{"@id":"https:\/\/apoiar-stressdeguerra.com\/pt\/#website"},"datePublished":"2019-10-03T15:11:46+00:00","dateModified":"2019-11-07T14:33:00+00:00","breadcrumb":{"@id":"https:\/\/apoiar-stressdeguerra.com\/pt\/encontro-trauma-stress-guerra\/#breadcrumb"},"inLanguage":"pt-PT","potentialAction":[{"@type":"ReadAction","target":["https:\/\/apoiar-stressdeguerra.com\/pt\/encontro-trauma-stress-guerra\/"]}]},{"@type":"BreadcrumbList","@id":"https:\/\/apoiar-stressdeguerra.com\/pt\/encontro-trauma-stress-guerra\/#breadcrumb","itemListElement":[{"@type":"ListItem","position":1,"name":"In\u00edcio","item":"https:\/\/apoiar-stressdeguerra.com\/pt\/"},{"@type":"ListItem","position":2,"name":"Encontro Trauma e Stress de Guerra"}]},{"@type":"WebSite","@id":"https:\/\/apoiar-stressdeguerra.com\/pt\/#website","url":"https:\/\/apoiar-stressdeguerra.com\/pt\/","name":"APOIAR","description":"Associa\u00e7\u00e3o de Apoio aos Ex-combatentes V\u00edtimas do Stress de Guerra.","publisher":{"@id":"https:\/\/apoiar-stressdeguerra.com\/pt\/#organization"},"potentialAction":[{"@type":"SearchAction","target":{"@type":"EntryPoint","urlTemplate":"https:\/\/apoiar-stressdeguerra.com\/pt\/?s={search_term_string}"},"query-input":{"@type":"PropertyValueSpecification","valueRequired":true,"valueName":"search_term_string"}}],"inLanguage":"pt-PT"},{"@type":"Organization","@id":"https:\/\/apoiar-stressdeguerra.com\/pt\/#organization","name":"APOIAR","url":"https:\/\/apoiar-stressdeguerra.com\/pt\/","logo":{"@type":"ImageObject","inLanguage":"pt-PT","@id":"https:\/\/apoiar-stressdeguerra.com\/pt\/#\/schema\/logo\/image\/","url":"https:\/\/apoiar-stressdeguerra.com\/pt\/wp-content\/uploads\/2017\/03\/LOGO_tb_transparente.gif","contentUrl":"https:\/\/apoiar-stressdeguerra.com\/pt\/wp-content\/uploads\/2017\/03\/LOGO_tb_transparente.gif","width":153,"height":59,"caption":"APOIAR"},"image":{"@id":"https:\/\/apoiar-stressdeguerra.com\/pt\/#\/schema\/logo\/image\/"},"sameAs":["https:\/\/www.facebook.com\/stressdeguerraapoiar\/","https:\/\/x.com\/aapoiar"]}]}},"_links":{"self":[{"href":"https:\/\/apoiar-stressdeguerra.com\/pt\/wp-json\/wp\/v2\/pages\/1238","targetHints":{"allow":["GET"]}}],"collection":[{"href":"https:\/\/apoiar-stressdeguerra.com\/pt\/wp-json\/wp\/v2\/pages"}],"about":[{"href":"https:\/\/apoiar-stressdeguerra.com\/pt\/wp-json\/wp\/v2\/types\/page"}],"author":[{"embeddable":true,"href":"https:\/\/apoiar-stressdeguerra.com\/pt\/wp-json\/wp\/v2\/users\/1"}],"replies":[{"embeddable":true,"href":"https:\/\/apoiar-stressdeguerra.com\/pt\/wp-json\/wp\/v2\/comments?post=1238"}],"version-history":[{"count":30,"href":"https:\/\/apoiar-stressdeguerra.com\/pt\/wp-json\/wp\/v2\/pages\/1238\/revisions"}],"predecessor-version":[{"id":1308,"href":"https:\/\/apoiar-stressdeguerra.com\/pt\/wp-json\/wp\/v2\/pages\/1238\/revisions\/1308"}],"wp:attachment":[{"href":"https:\/\/apoiar-stressdeguerra.com\/pt\/wp-json\/wp\/v2\/media?parent=1238"}],"curies":[{"name":"wp","href":"https:\/\/api.w.org\/{rel}","templated":true}]}}