{"id":1814,"date":"2022-10-17T08:38:19","date_gmt":"2022-10-17T08:38:19","guid":{"rendered":"https:\/\/apoiar-stressdeguerra.com\/pt\/?page_id=1814"},"modified":"2022-11-23T11:42:10","modified_gmt":"2022-11-23T11:42:10","slug":"coloquiosaudementaleisolamento","status":"publish","type":"page","link":"https:\/\/apoiar-stressdeguerra.com\/pt\/coloquiosaudementaleisolamento\/","title":{"rendered":"Col\u00f3quio Sa\u00fade Mental e Isolamento: 23 de Novembro"},"content":{"rendered":"<div id=\"pl-1814\"  class=\"panel-layout\" ><div id=\"pg-1814-0\"  class=\"panel-grid panel-no-style\" ><div id=\"pgc-1814-0-0\"  class=\"panel-grid-cell\" ><div id=\"panel-1814-0-0-0\" class=\"so-panel widget widget_sow-editor panel-first-child panel-last-child\" data-index=\"0\" ><div\n\t\t\t\n\t\t\tclass=\"so-widget-sow-editor so-widget-sow-editor-base\"\n\t\t\t\n\t\t>\n<div class=\"siteorigin-widget-tinymce textwidget\">\n\t<p><img loading=\"lazy\" decoding=\"async\" class=\"alignnone size-full wp-image-1807\" src=\"https:\/\/apoiar-stressdeguerra.com\/pt\/wp-content\/uploads\/2022\/10\/COLOQUIO-ALCANTARA-768-\u00d7-518-px.jpg\" alt=\"\" width=\"768\" height=\"518\" srcset=\"https:\/\/apoiar-stressdeguerra.com\/pt\/wp-content\/uploads\/2022\/10\/COLOQUIO-ALCANTARA-768-\u00d7-518-px.jpg 768w, https:\/\/apoiar-stressdeguerra.com\/pt\/wp-content\/uploads\/2022\/10\/COLOQUIO-ALCANTARA-768-\u00d7-518-px-300x202.jpg 300w, https:\/\/apoiar-stressdeguerra.com\/pt\/wp-content\/uploads\/2022\/10\/COLOQUIO-ALCANTARA-768-\u00d7-518-px-600x405.jpg 600w, https:\/\/apoiar-stressdeguerra.com\/pt\/wp-content\/uploads\/2022\/10\/COLOQUIO-ALCANTARA-768-\u00d7-518-px-272x182.jpg 272w\" sizes=\"auto, (max-width: 768px) 100vw, 768px\" \/><\/p>\n<h3 class=\"widget-title\">SA\u00daDE MENTAL E ISOLAMENTO: SITUA\u00c7\u00c3O P\u00d3S PAND\u00c9MICA<\/h3>\n<p><strong>DIA 23 DE NOVEMBRO || BIBLIOTECA DE ALC\u00c2NTARA || 15:00<\/strong><\/p>\n<p>Passados dois anos e meio desde o in\u00edcio da pandemia existem muitas sequelas f\u00edsicas e mentais que advieram\u00a0 da exposi\u00e7\u00e3o ao v\u00edrus e do isolamento a que a maior parte da popula\u00e7\u00e3o mundial se viu obrigada.<\/p>\n<p>Em Portugal houve dois grandes confinamentos que obrigaram a popula\u00e7\u00e3o a fechar-se em casa. As consequ\u00eancias desse isolamento estar\u00e3o em debate no\u00a0<b>pr\u00f3ximo dia 23 de Novembro na Biblioteca de Alc\u00e2ntara \u00e0s 15.00<\/b>. A Associa\u00e7\u00e3o APOIAR traz ao debate um psic\u00f3logo, uma assistente social e um representante da DGS para avaliar as consequ\u00eancias\u00a0 deste isolamento for\u00e7ado na sa\u00fade mental das popula\u00e7\u00f5es mais fragilizadas e o que est\u00e1 a ser feito para mitigar esses efeitos.<\/p>\n<p><strong>PROGRAMA<br \/>15:00<\/strong> Recep\u00e7\u00e3o<br \/><strong>15:10<\/strong> As pol\u00edticas p\u00fablicas de sa\u00fade mental (Dr.\u00aa Paula Domingos - Membro da Coordena\u00e7\u00e3o Nacional das Pol\u00edticas de Sa\u00fade Mental - DGS)<br \/><strong>15:30<\/strong> Os efeitos do isolamento na sa\u00fade mental. (Susana Oliveira - Psic\u00f3loga Cl\u00ednica APOIAR)<br \/><strong>15:50<\/strong> Isolamento durante a pandemia: Experi\u00eancia no terreno e nas institui\u00e7\u00f5es (Dr.\u00aa Isabel Vicente - Assistente Social na Casa dos Afectos)<\/p>\n<\/div>\n<\/div><\/div><\/div><div id=\"pgc-1814-0-1\"  class=\"panel-grid-cell\" ><div id=\"panel-1814-0-1-0\" class=\"so-panel widget widget_sow-editor panel-first-child panel-last-child\" data-index=\"1\" ><div\n\t\t\t\n\t\t\tclass=\"so-widget-sow-editor so-widget-sow-editor-base\"\n\t\t\t\n\t\t><h3 class=\"widget-title\">INSCRI\u00c7\u00c3O E PROGRAMA<\/h3>\n<div class=\"siteorigin-widget-tinymce textwidget\">\n\t<div class=\"siteorigin-widget-tinymce textwidget\">\n<p><strong>AS INSCRI\u00c7\u00d5ES EST\u00c3O ENCERRADAS<\/strong><\/p>\n<p><a href=\"https:\/\/apoiar-stressdeguerra.com\/pt\/wp-content\/uploads\/2022\/11\/COLOQUIO-ALCANTARA-PROGRAMA.pdf\" target=\"_blank\" rel=\"noopener\">CARTAZ COM PROGRAMA<\/a><\/p>\n<\/div>\n<div class=\"siteorigin-widget-tinymce textwidget\">\n<p><strong>Localiza\u00e7\u00e3o:<br \/><\/strong>R. Jos\u00e9 Dias Coelho 27 - 29, 1300-327 Lisboa<\/p>\n<p>Transportes: <br \/>Do Cais do Sodr\u00e9: Carris: 714; 760; 15E; 18E<br \/>Da APOIAR: Carris: 751; CP: Linha Azambuja. Alc\u00e2ntara Terra\u00a0<br \/><iframe loading=\"lazy\" style=\"border: 0;\" src=\"https:\/\/www.google.com\/maps\/embed?pb=!1m14!1m8!1m3!1d12453.995743641279!2d-9.1779303!3d38.7063525!3m2!1i1024!2i768!4f13.1!3m3!1m2!1s0x0%3A0x1521a5aecdddc48b!2sBiblioteca%20de%20Alc%C3%A2ntara!5e0!3m2!1spt-PT!2spt!4v1665997210357!5m2!1spt-PT!2spt\" width=\"600\" height=\"450\" allowfullscreen=\"allowfullscreen\"><\/iframe><\/p>\n<\/div>\n<\/div>\n<\/div><\/div><\/div><\/div><\/div>","protected":false},"excerpt":{"rendered":"<p>SA\u00daDE MENTAL E ISOLAMENTO: SITUA\u00c7\u00c3O P\u00d3S PAND\u00c9MICADIA 23 DE NOVEMBRO || BIBLIOTECA DE ALC\u00c2NTARA || 15:00Passados dois anos e meio desde o in\u00edcio da pandemia existem muitas sequelas f\u00edsicas e mentais que advieram\u00a0 da exposi\u00e7\u00e3o ao v\u00edrus e do isolamento a que a maior parte da popula\u00e7\u00e3o mundial se viu obrigada.Em Portugal houve dois grandes <a class=\"read-more\" href=\"https:\/\/apoiar-stressdeguerra.com\/pt\/coloquiosaudementaleisolamento\/\">Leia mais<\/a><\/p>\n","protected":false},"author":1,"featured_media":0,"parent":0,"menu_order":0,"comment_status":"closed","ping_status":"closed","template":"template-full-width.php","meta":{"_uf_show_specific_survey":0,"_uf_disable_surveys":false,"footnotes":""},"class_list":["post-1814","page","type-page","status-publish","hentry"],"yoast_head":"<!-- This site is optimized with the Yoast SEO plugin v26.8 - https:\/\/yoast.com\/product\/yoast-seo-wordpress\/ -->\n<title>Col\u00f3quio Sa\u00fade Mental e Isolamento: 23 de Novembro - APOIAR<\/title>\n<meta name=\"robots\" content=\"index, follow, max-snippet:-1, max-image-preview:large, max-video-preview:-1\" \/>\n<link rel=\"canonical\" href=\"https:\/\/apoiar-stressdeguerra.com\/pt\/coloquiosaudementaleisolamento\/\" \/>\n<meta property=\"og:locale\" content=\"pt_PT\" \/>\n<meta property=\"og:type\" content=\"article\" \/>\n<meta property=\"og:title\" content=\"Col\u00f3quio Sa\u00fade Mental e Isolamento: 23 de Novembro - APOIAR\" \/>\n<meta property=\"og:description\" content=\"SA\u00daDE MENTAL E ISOLAMENTO: SITUA\u00c7\u00c3O P\u00d3S PAND\u00c9MICADIA 23 DE NOVEMBRO || BIBLIOTECA DE ALC\u00c2NTARA || 15:00Passados dois anos e meio desde o in\u00edcio da pandemia existem muitas sequelas f\u00edsicas e mentais que advieram\u00a0 da exposi\u00e7\u00e3o ao v\u00edrus e do isolamento a que a maior parte da popula\u00e7\u00e3o mundial se viu obrigada.Em Portugal houve dois grandes Leia mais\" \/>\n<meta property=\"og:url\" content=\"https:\/\/apoiar-stressdeguerra.com\/pt\/coloquiosaudementaleisolamento\/\" \/>\n<meta property=\"og:site_name\" content=\"APOIAR\" \/>\n<meta property=\"article:publisher\" content=\"https:\/\/www.facebook.com\/stressdeguerraapoiar\/\" \/>\n<meta property=\"article:modified_time\" content=\"2022-11-23T11:42:10+00:00\" \/>\n<meta name=\"twitter:card\" content=\"summary_large_image\" \/>\n<meta name=\"twitter:site\" content=\"@aapoiar\" \/>\n<meta name=\"twitter:label1\" content=\"Tempo estimado de leitura\" \/>\n\t<meta name=\"twitter:data1\" content=\"1 minuto\" \/>\n<script type=\"application\/ld+json\" class=\"yoast-schema-graph\">{\"@context\":\"https:\/\/schema.org\",\"@graph\":[{\"@type\":\"WebPage\",\"@id\":\"https:\/\/apoiar-stressdeguerra.com\/pt\/coloquiosaudementaleisolamento\/\",\"url\":\"https:\/\/apoiar-stressdeguerra.com\/pt\/coloquiosaudementaleisolamento\/\",\"name\":\"Col\u00f3quio Sa\u00fade Mental e Isolamento: 23 de Novembro - APOIAR\",\"isPartOf\":{\"@id\":\"https:\/\/apoiar-stressdeguerra.com\/pt\/#website\"},\"datePublished\":\"2022-10-17T08:38:19+00:00\",\"dateModified\":\"2022-11-23T11:42:10+00:00\",\"breadcrumb\":{\"@id\":\"https:\/\/apoiar-stressdeguerra.com\/pt\/coloquiosaudementaleisolamento\/#breadcrumb\"},\"inLanguage\":\"pt-PT\",\"potentialAction\":[{\"@type\":\"ReadAction\",\"target\":[\"https:\/\/apoiar-stressdeguerra.com\/pt\/coloquiosaudementaleisolamento\/\"]}]},{\"@type\":\"BreadcrumbList\",\"@id\":\"https:\/\/apoiar-stressdeguerra.com\/pt\/coloquiosaudementaleisolamento\/#breadcrumb\",\"itemListElement\":[{\"@type\":\"ListItem\",\"position\":1,\"name\":\"In\u00edcio\",\"item\":\"https:\/\/apoiar-stressdeguerra.com\/pt\/\"},{\"@type\":\"ListItem\",\"position\":2,\"name\":\"Col\u00f3quio Sa\u00fade Mental e Isolamento: 23 de Novembro\"}]},{\"@type\":\"WebSite\",\"@id\":\"https:\/\/apoiar-stressdeguerra.com\/pt\/#website\",\"url\":\"https:\/\/apoiar-stressdeguerra.com\/pt\/\",\"name\":\"APOIAR\",\"description\":\"Associa\u00e7\u00e3o de Apoio aos Ex-combatentes V\u00edtimas do Stress de Guerra.\",\"publisher\":{\"@id\":\"https:\/\/apoiar-stressdeguerra.com\/pt\/#organization\"},\"potentialAction\":[{\"@type\":\"SearchAction\",\"target\":{\"@type\":\"EntryPoint\",\"urlTemplate\":\"https:\/\/apoiar-stressdeguerra.com\/pt\/?s={search_term_string}\"},\"query-input\":{\"@type\":\"PropertyValueSpecification\",\"valueRequired\":true,\"valueName\":\"search_term_string\"}}],\"inLanguage\":\"pt-PT\"},{\"@type\":\"Organization\",\"@id\":\"https:\/\/apoiar-stressdeguerra.com\/pt\/#organization\",\"name\":\"APOIAR\",\"url\":\"https:\/\/apoiar-stressdeguerra.com\/pt\/\",\"logo\":{\"@type\":\"ImageObject\",\"inLanguage\":\"pt-PT\",\"@id\":\"https:\/\/apoiar-stressdeguerra.com\/pt\/#\/schema\/logo\/image\/\",\"url\":\"https:\/\/apoiar-stressdeguerra.com\/pt\/wp-content\/uploads\/2017\/03\/LOGO_tb_transparente.gif\",\"contentUrl\":\"https:\/\/apoiar-stressdeguerra.com\/pt\/wp-content\/uploads\/2017\/03\/LOGO_tb_transparente.gif\",\"width\":153,\"height\":59,\"caption\":\"APOIAR\"},\"image\":{\"@id\":\"https:\/\/apoiar-stressdeguerra.com\/pt\/#\/schema\/logo\/image\/\"},\"sameAs\":[\"https:\/\/www.facebook.com\/stressdeguerraapoiar\/\",\"https:\/\/x.com\/aapoiar\"]}]}<\/script>\n<!-- \/ Yoast SEO plugin. -->","yoast_head_json":{"title":"Col\u00f3quio Sa\u00fade Mental e Isolamento: 23 de Novembro - APOIAR","robots":{"index":"index","follow":"follow","max-snippet":"max-snippet:-1","max-image-preview":"max-image-preview:large","max-video-preview":"max-video-preview:-1"},"canonical":"https:\/\/apoiar-stressdeguerra.com\/pt\/coloquiosaudementaleisolamento\/","og_locale":"pt_PT","og_type":"article","og_title":"Col\u00f3quio Sa\u00fade Mental e Isolamento: 23 de Novembro - APOIAR","og_description":"SA\u00daDE MENTAL E ISOLAMENTO: SITUA\u00c7\u00c3O P\u00d3S PAND\u00c9MICADIA 23 DE NOVEMBRO || BIBLIOTECA DE ALC\u00c2NTARA || 15:00Passados dois anos e meio desde o in\u00edcio da pandemia existem muitas sequelas f\u00edsicas e mentais que advieram\u00a0 da exposi\u00e7\u00e3o ao v\u00edrus e do isolamento a que a maior parte da popula\u00e7\u00e3o mundial se viu obrigada.Em Portugal houve dois grandes Leia mais","og_url":"https:\/\/apoiar-stressdeguerra.com\/pt\/coloquiosaudementaleisolamento\/","og_site_name":"APOIAR","article_publisher":"https:\/\/www.facebook.com\/stressdeguerraapoiar\/","article_modified_time":"2022-11-23T11:42:10+00:00","twitter_card":"summary_large_image","twitter_site":"@aapoiar","twitter_misc":{"Tempo estimado de leitura":"1 minuto"},"schema":{"@context":"https:\/\/schema.org","@graph":[{"@type":"WebPage","@id":"https:\/\/apoiar-stressdeguerra.com\/pt\/coloquiosaudementaleisolamento\/","url":"https:\/\/apoiar-stressdeguerra.com\/pt\/coloquiosaudementaleisolamento\/","name":"Col\u00f3quio Sa\u00fade Mental e Isolamento: 23 de Novembro - APOIAR","isPartOf":{"@id":"https:\/\/apoiar-stressdeguerra.com\/pt\/#website"},"datePublished":"2022-10-17T08:38:19+00:00","dateModified":"2022-11-23T11:42:10+00:00","breadcrumb":{"@id":"https:\/\/apoiar-stressdeguerra.com\/pt\/coloquiosaudementaleisolamento\/#breadcrumb"},"inLanguage":"pt-PT","potentialAction":[{"@type":"ReadAction","target":["https:\/\/apoiar-stressdeguerra.com\/pt\/coloquiosaudementaleisolamento\/"]}]},{"@type":"BreadcrumbList","@id":"https:\/\/apoiar-stressdeguerra.com\/pt\/coloquiosaudementaleisolamento\/#breadcrumb","itemListElement":[{"@type":"ListItem","position":1,"name":"In\u00edcio","item":"https:\/\/apoiar-stressdeguerra.com\/pt\/"},{"@type":"ListItem","position":2,"name":"Col\u00f3quio Sa\u00fade Mental e Isolamento: 23 de Novembro"}]},{"@type":"WebSite","@id":"https:\/\/apoiar-stressdeguerra.com\/pt\/#website","url":"https:\/\/apoiar-stressdeguerra.com\/pt\/","name":"APOIAR","description":"Associa\u00e7\u00e3o de Apoio aos Ex-combatentes V\u00edtimas do Stress de Guerra.","publisher":{"@id":"https:\/\/apoiar-stressdeguerra.com\/pt\/#organization"},"potentialAction":[{"@type":"SearchAction","target":{"@type":"EntryPoint","urlTemplate":"https:\/\/apoiar-stressdeguerra.com\/pt\/?s={search_term_string}"},"query-input":{"@type":"PropertyValueSpecification","valueRequired":true,"valueName":"search_term_string"}}],"inLanguage":"pt-PT"},{"@type":"Organization","@id":"https:\/\/apoiar-stressdeguerra.com\/pt\/#organization","name":"APOIAR","url":"https:\/\/apoiar-stressdeguerra.com\/pt\/","logo":{"@type":"ImageObject","inLanguage":"pt-PT","@id":"https:\/\/apoiar-stressdeguerra.com\/pt\/#\/schema\/logo\/image\/","url":"https:\/\/apoiar-stressdeguerra.com\/pt\/wp-content\/uploads\/2017\/03\/LOGO_tb_transparente.gif","contentUrl":"https:\/\/apoiar-stressdeguerra.com\/pt\/wp-content\/uploads\/2017\/03\/LOGO_tb_transparente.gif","width":153,"height":59,"caption":"APOIAR"},"image":{"@id":"https:\/\/apoiar-stressdeguerra.com\/pt\/#\/schema\/logo\/image\/"},"sameAs":["https:\/\/www.facebook.com\/stressdeguerraapoiar\/","https:\/\/x.com\/aapoiar"]}]}},"_links":{"self":[{"href":"https:\/\/apoiar-stressdeguerra.com\/pt\/wp-json\/wp\/v2\/pages\/1814","targetHints":{"allow":["GET"]}}],"collection":[{"href":"https:\/\/apoiar-stressdeguerra.com\/pt\/wp-json\/wp\/v2\/pages"}],"about":[{"href":"https:\/\/apoiar-stressdeguerra.com\/pt\/wp-json\/wp\/v2\/types\/page"}],"author":[{"embeddable":true,"href":"https:\/\/apoiar-stressdeguerra.com\/pt\/wp-json\/wp\/v2\/users\/1"}],"replies":[{"embeddable":true,"href":"https:\/\/apoiar-stressdeguerra.com\/pt\/wp-json\/wp\/v2\/comments?post=1814"}],"version-history":[{"count":7,"href":"https:\/\/apoiar-stressdeguerra.com\/pt\/wp-json\/wp\/v2\/pages\/1814\/revisions"}],"predecessor-version":[{"id":1831,"href":"https:\/\/apoiar-stressdeguerra.com\/pt\/wp-json\/wp\/v2\/pages\/1814\/revisions\/1831"}],"wp:attachment":[{"href":"https:\/\/apoiar-stressdeguerra.com\/pt\/wp-json\/wp\/v2\/media?parent=1814"}],"curies":[{"name":"wp","href":"https:\/\/api.w.org\/{rel}","templated":true}]}}