{"id":212,"date":"2017-02-24T15:57:31","date_gmt":"2017-02-24T15:57:31","guid":{"rendered":"http:\/\/apoiar-stressdeguerra.com\/pt\/?page_id=212"},"modified":"2025-07-24T09:18:01","modified_gmt":"2025-07-24T09:18:01","slug":"legislacao","status":"publish","type":"page","link":"https:\/\/apoiar-stressdeguerra.com\/pt\/o-stress-de-guerra\/legislacao\/","title":{"rendered":"Legisla\u00e7\u00e3o"},"content":{"rendered":"<div id=\"pl-212\"  class=\"panel-layout\" ><div id=\"pg-212-0\"  class=\"panel-grid panel-no-style\" ><div id=\"pgc-212-0-0\"  class=\"panel-grid-cell\" ><div id=\"panel-212-0-0-0\" class=\"so-panel widget widget_sow-editor panel-first-child panel-last-child\" data-index=\"0\" ><div\n\t\t\t\n\t\t\tclass=\"so-widget-sow-editor so-widget-sow-editor-base\"\n\t\t\t\n\t\t><h3 class=\"widget-title\">MAIS LEGISLA\u00c7\u00c3O SOBRE STRESS DE GUERRA<\/h3>\n<div class=\"siteorigin-widget-tinymce textwidget\">\n\t<p><img loading=\"lazy\" decoding=\"async\" class=\"alignnone wp-image-2355 size-large\" src=\"https:\/\/apoiar-stressdeguerra.com\/pt\/wp-content\/uploads\/2025\/05\/Design-sem-nome-7-1024x342.jpg\" alt=\"Legisla\u00e7\u00e3o antigos combatentes\" width=\"800\" height=\"267\" srcset=\"https:\/\/apoiar-stressdeguerra.com\/pt\/wp-content\/uploads\/2025\/05\/Design-sem-nome-7-1024x342.jpg 1024w, https:\/\/apoiar-stressdeguerra.com\/pt\/wp-content\/uploads\/2025\/05\/Design-sem-nome-7-300x100.jpg 300w, https:\/\/apoiar-stressdeguerra.com\/pt\/wp-content\/uploads\/2025\/05\/Design-sem-nome-7-768x257.jpg 768w, https:\/\/apoiar-stressdeguerra.com\/pt\/wp-content\/uploads\/2025\/05\/Design-sem-nome-7-1536x513.jpg 1536w, https:\/\/apoiar-stressdeguerra.com\/pt\/wp-content\/uploads\/2025\/05\/Design-sem-nome-7-600x201.jpg 600w, https:\/\/apoiar-stressdeguerra.com\/pt\/wp-content\/uploads\/2025\/05\/Design-sem-nome-7.jpg 1792w\" sizes=\"auto, (max-width: 800px) 100vw, 800px\" \/><\/p>\n<h4>Consulte aqui todo o processo legislativo que regula o apoio aos ex-combatentes v\u00edtimas do Stress de Guerra.<\/h4>\n<div>\n<div class=\"sites-embed-align-left-wrapping-off\">\n<div class=\"sites-embed-border-on sites-embed sites-embed-full-width\">\n<h2 class=\"sites-embed-title\">Stress de Guerra<\/h2>\n<\/div>\n<p>Consulte o\u00a0<strong><a href=\"https:\/\/bud.gov.pt\/ac\/esclarecimentos\/stress-guerra.html\" target=\"_blank\" rel=\"noopener\">Manual de Procedimentos<\/a>\u00a0<\/strong>para qualifica\u00e7\u00e3o DFA<\/p>\n<p>Mais informa\u00e7\u00e3o sobre requerimentos e legisla\u00e7\u00e3o, aqui:<\/p>\n<ul>\n<li><strong><a href=\"https:\/\/www.exercito.pt\/pt\/apoio-a-familia\/apoio-aos-deficientes-das-for%C3%A7as-armadas\" target=\"_blank\" rel=\"noopener\">ASSIST\u00caNCIA AOS DEFICIENTES DAS FOR\u00c7AS ARMADAS E EX-COMBATENTES<\/a><\/strong><\/li>\n<li><strong style=\"font-size: 15px;\"><a href=\"https:\/\/www.exercito.pt\/pt\/apoio-a-familia\/militares-fora-da-efetividade-de-servico\/antigos-combatentes\" target=\"_blank\" rel=\"noopener\">Militares Fora da Efetividade de Servi\u00e7o \/ Antigos Combatentes<\/a><\/strong><\/li>\n<\/ul>\n<\/div>\n<\/div>\n<div><\/div>\n<div>\n<div class=\"sites-embed-align-left-wrapping-off\">\n<div class=\"sites-embed-border-on sites-embed sites-embed-full-width\">\n<div>\n<div>\n<div dir=\"ltr\">\n<div>\n<h4><strong><a href=\"https:\/\/dre.pt\/web\/guest\/pesquisa\/-\/search\/306922\/details\/normal?q=46%2F99\" target=\"_blank\" rel=\"nofollow noopener\">Lei n.\u00ba 46\/1999. DR 136 S\u00c9RIE I-A de 1999-06-16<\/a>\u00a0\u00a0Assembleia da Rep\u00fablica:\u00a0<\/strong><\/h4>\n<\/div>\n<p>Atualiza a lei 43\/76 que define o estatuto de Deficiente das For\u00e7as Armadas e apoia as v\u00edtimas de stress p\u00f3s-traumatico de guerra.<\/p>\n<\/div>\n<\/div>\n<\/div>\n<\/div>\n<\/div>\n<\/div>\n<div>\n<div class=\"sites-embed-align-left-wrapping-off\">\n<div class=\"sites-embed-border-on sites-embed sites-embed-full-width\">\n<h3><\/h3>\n<h2 class=\"sites-embed-title\">Rede Nacional de Apoio<\/h2>\n<div class=\"sites-embed-content sites-embed-type-text\">\n<div class=\"sites-embed-content-textbox\">\n<div dir=\"ltr\">\n<div>\n<div>\n<h4><strong><a href=\"https:\/\/dre.pt\/web\/guest\/pesquisa\/-\/search\/494837\/details\/normal?q=50%2F2000\" target=\"_blank\" rel=\"nofollow noopener\">Decreto - Lei n.\u00ba 50\/2000. DR 83 S\u00c9RIE I - A de 2000-04-07<\/a>\u00a0Minist\u00e9rio da Defesa Nacional\u00a0\u00a0<\/strong><\/h4>\n<\/div>\n<p>Cria a Rede Nacional de Apoio aos Militares e ex-Militares Portugueses portadores de perturba\u00e7\u00e3o psicol\u00f3gica cr\u00f3nica resultante da exposi\u00e7\u00e3o a factores traum\u00e1ticos de stresse durante a vida militar, institu\u00edda pela Lei n\u00ba 46\/99, de 16 de Junho.<\/p>\n<div>\n<hr \/>\n<h2>Outra legisla\u00e7\u00e3o aplic\u00e1vel<\/h2>\n<\/div>\n<div>\n<h4><b><a href=\"https:\/\/dre.tretas.org\/dre\/301339\/despacho-conjunto-109-2001-de-5-de-fevereiro\" target=\"_blank\" rel=\"nofollow noopener\">Despacho conjunto n.\u00ba 109\/2001 de 2001-02-05<\/a>\u00a0Minist\u00e9rios da Defesa Nacional e da Sa\u00fade\u00a0<\/b><\/h4>\n<p>Estabelece que a rede nacional de apoio \u00e9 constitu\u00edda por institui\u00e7\u00f5es e servi\u00e7os integrados no Servi\u00e7o Nacional de Sa\u00fade e no Sistema de Sa\u00fade Militar e, em articula\u00e7\u00e3o com os servi\u00e7os p\u00fablicos, pelas Organiza\u00e7\u00f5es N\u00e3o Governamentais. A rede \u00e9 coordenada por uma comiss\u00e3o nacional de acompanhamento , cuja composi\u00e7\u00e3o e atribui\u00e7\u00f5es s\u00e3o fixadas por despacho conjunto dos Ministros da Defesa Nacional e da sa\u00fade.<\/p>\n<h4><b><a href=\"https:\/\/dre.pt\/web\/guest\/pesquisa\/-\/search\/2880844\/details\/normal?sort=whenSearchable&amp;sortOrder=ASC&amp;q=Despacho+Conjunto+363%2F2001%2C%20de+20+de+Abril+\" target=\"_blank\" rel=\"nofollow noopener\">Despacho conjunto n.\u00ba 363\/2001 de 2001-04-20<\/a>\u00a0Minist\u00e9rios da Defesa Nacional e da Sa\u00fade<\/b><\/h4>\n<p>Aprova o p\u00f5e em execu\u00e7\u00e3o o modelo de cart\u00e3o ao abrigo do disposto no artigo 6.\u00ba do Decreto-lei n\u00ba 50\/2000, de 7 de Abril.<\/p>\n<\/div>\n<\/div>\n<div><\/div>\n<h4><b><a href=\"https:\/\/dre.pt\/web\/guest\/pesquisa\/-\/search\/348689\/details\/normal?q=Portaria+n.%C2%BA%20647%2F2001+de+2001-06-28+\" target=\"_blank\" rel=\"nofollow noopener\">Portaria n.\u00ba 647\/2001 de 2001-06-28\u00a0<\/a>Minist\u00e9rios da Defesa Nacional, das Finan\u00e7as e da Sa\u00fade<\/b><\/h4>\n<div><\/div>\n<p>Estabelece os termos do financiamento da rede nacional de apoio aos Militares e ex-Militares portadores de perturba\u00e7\u00e3o psicol\u00f3gica cr\u00f3nica resultante da exposi\u00e7\u00e3o a factores traum\u00e1ticos de stress durante a vida militar.<\/p>\n<h4><b><a href=\"https:\/\/dre.pt\/web\/guest\/pesquisa\/-\/search\/3304325\/details\/normal?sort=whenSearchable&amp;sortOrder=ASC&amp;q=Despacho+conjunto+n.%C2%BA%20867%2F2001+de+2001-09-15\" target=\"_blank\" rel=\"nofollow noopener\">Despacho conjunto n.\u00ba 867\/2001 de 2001-09-15<\/a>\u00a0Minist\u00e9rios da Defesa Nacional e da Sa\u00fade\u00a0<\/b><\/h4>\n<p>Estabelece as condi\u00e7\u00f5es em que podem ser celebrados protocolos entre os Minist\u00e9rios da Defesa Nacional e da Sa\u00fade e as Organiza\u00e7\u00f5es N\u00e3o Governamentais (ONG) cujos estatutos demonstrem prosseguir fins compat\u00edveis com os objectivos da rede nacional de apoio institu\u00edda pela Lei46\/99, de 16 de Junho.<\/p>\n<h4><b><a href=\"https:\/\/dre.pt\/web\/guest\/pesquisa\/-\/search\/1366999\/details\/maximized?sort=whenSearchable&amp;q=Despacho+conjunto+n.%C2%BA%2060%2F2004+de+2004-02-05&amp;sortOrder=ASC\" target=\"_blank\" rel=\"nofollow noopener\">Despacho conjunto n.\u00ba 60\/2004 de 2004-02-05<\/a>\u00a0 Minist\u00e9rios da Defesa Nacional, da Sa\u00fade e da Seguran\u00e7a Social e do Trabalho\u00a0<\/b><\/h4>\n<p>Cria um grupo de trabalho informal com o objectivo de propor as altera\u00e7\u00f5es que se afigurem necess\u00e1rias ao bom e eficaz funcionamento da Rede Nacional de Apoio aos Militares e ex-Militares Portugueses portadores de perturba\u00e7\u00e3o psicol\u00f3gica cr\u00f3nica.<\/p>\n<h4><b><a href=\"https:\/\/dre.pt\/web\/guest\/pesquisa\/-\/search\/1895431\/details\/normal?sort=whenSearchable&amp;sortOrder=ASC&amp;q=Despacho+conjunto+n.%C2%BA%20502%2F2004+de+2004-08-05+\" target=\"_blank\" rel=\"nofollow noopener\">Despacho conjunto n.\u00ba 502\/2004 de 2004-08-05\u00a0<\/a>\u00a0<\/b><b>Minist\u00e9rios da Defesa Nacional, da Sa\u00fade e da Seguran\u00e7a Social e do Trabalho\u00a0<\/b><\/h4>\n<div>\n<p>Introduz altera\u00e7\u00f5es ao funcionamento da rede nacional de apoio aos militares e ex-militares portugueses.<\/p>\n<h4><b><a href=\"https:\/\/dre.pt\/web\/guest\/pesquisa\/-\/search\/1664374\/details\/maximized?sort=whenSearchable&amp;q=Despacho+conjunto+n.%C2%BA%20145%2F2005+de+2005-02-21+&amp;sortOrder=ASC\" target=\"_blank\" rel=\"nofollow noopener\">Despacho conjunto n.\u00ba 145\/2005 de 2005-02-21\u00a0<\/a>\u00a0Minist\u00e9rios da Defesa Nacional, da Sa\u00fade e da Seguran\u00e7a Social, da Fam\u00edlia e da Crian\u00e7a\u00a0<\/b><\/h4>\n<p>Constitui\u00e7\u00e3o de um grupo de trabalho, com composi\u00e7\u00e3o id\u00eantica ao anterior, com o objectivo de elaborar o regulamento para a celebra\u00e7\u00e3o de protocolos entre os minist\u00e9rios intervenientes e as ONG, no \u00e2mbito das novas compet\u00eancias destas, bem como propor as altera\u00e7\u00f5es de compet\u00eancias da Comiss\u00e3o Nacional de Acompanhamento que lhe permitam assegurar fun\u00e7\u00f5es de acompanhamento, controlo, fiscaliza\u00e7\u00e3o dos protocolos e auditoria ao funcionamento.<\/p>\n<\/div>\n<div><\/div>\n<\/div>\n<\/div>\n<\/div>\n<\/div>\n<\/div>\n<\/div>\n<div><\/div>\n<\/div>\n<\/div><\/div><\/div><div id=\"pgc-212-0-1\"  class=\"panel-grid-cell\" ><div id=\"panel-212-0-1-0\" class=\"so-panel widget widget_sow-editor panel-first-child panel-last-child\" data-index=\"1\" ><div\n\t\t\t\n\t\t\tclass=\"so-widget-sow-editor so-widget-sow-editor-base\"\n\t\t\t\n\t\t><h3 class=\"widget-title\">Outra legisla\u00e7\u00e3o<\/h3>\n<div class=\"siteorigin-widget-tinymce textwidget\">\n\t<p><strong>Conhe\u00e7a <a href=\"http:\/\/apoiar-stressdeguerra.com\/pt\/o-stress-de-guerra\/legislacao\/legislacao-ex-combatentes\/\">aqui outra legisla\u00e7\u00e3o<\/a> relativa a ex-combatentes:<\/strong><\/p>\n<p>Estatuto de Antigo Combatente, previsto na <a href=\"https:\/\/dre.pt\/home\/-\/dre\/140631237\/details\/maximized\" target=\"_blank\" rel=\"noopener\"><strong>Lei n.\u00ba 46\/2020 de 20 de agosto<\/strong><\/a>,<\/p>\n<p>Contagem de tempo ou processos sobre deficientes f\u00edsicos.<\/p>\n<p><a class=\"fasc-button fasc-size-medium fasc-type-flat fasc-ico-before dashicons-format-aside\" style=\"background-color: #33809e; color: #ffffff;\" href=\"https:\/\/apoiar-stressdeguerra.com\/pt\/o-stress-de-guerra\/legislacao\/legislacao-ex-combatentes\/\">SAIBA MAIS<\/a><\/p>\n<\/div>\n<\/div><\/div><\/div><\/div><\/div>","protected":false},"excerpt":{"rendered":"<p>Consulte aqui todo o processo legislativo que regula o apoio aos ex-combatentes v\u00edtimas do Stress de Guerra. Stress de Guerra Consulte o\u00a0Manual de Procedimentos\u00a0para qualifica\u00e7\u00e3o DFA Mais informa\u00e7\u00e3o sobre requerimentos e legisla\u00e7\u00e3o, aqui: ASSIST\u00caNCIA AOS DEFICIENTES DAS FOR\u00c7AS ARMADAS E EX-COMBATENTES Militares Fora da Efetividade de Servi\u00e7o \/ Antigos Combatentes Lei n.\u00ba 46\/1999. DR 136 <a class=\"read-more\" href=\"https:\/\/apoiar-stressdeguerra.com\/pt\/o-stress-de-guerra\/legislacao\/\">Leia mais<\/a><\/p>\n","protected":false},"author":1,"featured_media":0,"parent":24,"menu_order":0,"comment_status":"closed","ping_status":"closed","template":"","meta":{"_uf_show_specific_survey":0,"_uf_disable_surveys":false,"footnotes":""},"class_list":["post-212","page","type-page","status-publish","hentry"],"yoast_head":"<!-- This site is optimized with the Yoast SEO plugin v26.8 - https:\/\/yoast.com\/product\/yoast-seo-wordpress\/ -->\n<title>Legisla\u00e7\u00e3o - APOIAR<\/title>\n<meta name=\"description\" content=\"Consulte aqui todo o processo legislativo que regula o apoio aos ex-combatentes v\u00edtimas do Stress de Guerra e o Estatuto de Antigo Combatente\" \/>\n<meta name=\"robots\" content=\"index, follow, max-snippet:-1, max-image-preview:large, max-video-preview:-1\" \/>\n<link rel=\"canonical\" href=\"https:\/\/apoiar-stressdeguerra.com\/pt\/o-stress-de-guerra\/legislacao\/\" \/>\n<meta property=\"og:locale\" content=\"pt_PT\" \/>\n<meta property=\"og:type\" content=\"article\" \/>\n<meta property=\"og:title\" content=\"Legisla\u00e7\u00e3o - APOIAR\" \/>\n<meta property=\"og:description\" content=\"Consulte aqui todo o processo legislativo que regula o apoio aos ex-combatentes v\u00edtimas do Stress de Guerra e o Estatuto de Antigo Combatente\" \/>\n<meta property=\"og:url\" content=\"https:\/\/apoiar-stressdeguerra.com\/pt\/o-stress-de-guerra\/legislacao\/\" \/>\n<meta property=\"og:site_name\" content=\"APOIAR\" \/>\n<meta property=\"article:publisher\" content=\"https:\/\/www.facebook.com\/stressdeguerraapoiar\/\" \/>\n<meta property=\"article:modified_time\" content=\"2025-07-24T09:18:01+00:00\" \/>\n<meta property=\"og:image\" content=\"https:\/\/apoiar-stressdeguerra.com\/pt\/wp-content\/uploads\/2025\/05\/Design-sem-nome-7.jpg\" \/>\n\t<meta property=\"og:image:width\" content=\"1792\" \/>\n\t<meta property=\"og:image:height\" content=\"599\" \/>\n\t<meta property=\"og:image:type\" content=\"image\/jpeg\" \/>\n<meta name=\"twitter:card\" content=\"summary_large_image\" \/>\n<meta name=\"twitter:site\" content=\"@aapoiar\" \/>\n<meta name=\"twitter:label1\" content=\"Tempo estimado de leitura\" \/>\n\t<meta name=\"twitter:data1\" content=\"4 minutos\" \/>\n<script type=\"application\/ld+json\" class=\"yoast-schema-graph\">{\"@context\":\"https:\/\/schema.org\",\"@graph\":[{\"@type\":\"WebPage\",\"@id\":\"https:\/\/apoiar-stressdeguerra.com\/pt\/o-stress-de-guerra\/legislacao\/\",\"url\":\"https:\/\/apoiar-stressdeguerra.com\/pt\/o-stress-de-guerra\/legislacao\/\",\"name\":\"Legisla\u00e7\u00e3o - APOIAR\",\"isPartOf\":{\"@id\":\"https:\/\/apoiar-stressdeguerra.com\/pt\/#website\"},\"primaryImageOfPage\":{\"@id\":\"https:\/\/apoiar-stressdeguerra.com\/pt\/o-stress-de-guerra\/legislacao\/#primaryimage\"},\"image\":{\"@id\":\"https:\/\/apoiar-stressdeguerra.com\/pt\/o-stress-de-guerra\/legislacao\/#primaryimage\"},\"thumbnailUrl\":\"https:\/\/apoiar-stressdeguerra.com\/pt\/wp-content\/uploads\/2025\/05\/Design-sem-nome-7-1024x342.jpg\",\"datePublished\":\"2017-02-24T15:57:31+00:00\",\"dateModified\":\"2025-07-24T09:18:01+00:00\",\"description\":\"Consulte aqui todo o processo legislativo que regula o apoio aos ex-combatentes v\u00edtimas do Stress de Guerra e o Estatuto de Antigo Combatente\",\"breadcrumb\":{\"@id\":\"https:\/\/apoiar-stressdeguerra.com\/pt\/o-stress-de-guerra\/legislacao\/#breadcrumb\"},\"inLanguage\":\"pt-PT\",\"potentialAction\":[{\"@type\":\"ReadAction\",\"target\":[\"https:\/\/apoiar-stressdeguerra.com\/pt\/o-stress-de-guerra\/legislacao\/\"]}]},{\"@type\":\"ImageObject\",\"inLanguage\":\"pt-PT\",\"@id\":\"https:\/\/apoiar-stressdeguerra.com\/pt\/o-stress-de-guerra\/legislacao\/#primaryimage\",\"url\":\"https:\/\/apoiar-stressdeguerra.com\/pt\/wp-content\/uploads\/2025\/05\/Design-sem-nome-7.jpg\",\"contentUrl\":\"https:\/\/apoiar-stressdeguerra.com\/pt\/wp-content\/uploads\/2025\/05\/Design-sem-nome-7.jpg\",\"width\":1792,\"height\":599,\"caption\":\"Design sem nome - 7\"},{\"@type\":\"BreadcrumbList\",\"@id\":\"https:\/\/apoiar-stressdeguerra.com\/pt\/o-stress-de-guerra\/legislacao\/#breadcrumb\",\"itemListElement\":[{\"@type\":\"ListItem\",\"position\":1,\"name\":\"In\u00edcio\",\"item\":\"https:\/\/apoiar-stressdeguerra.com\/pt\/\"},{\"@type\":\"ListItem\",\"position\":2,\"name\":\"O STRESS DE GUERRA\",\"item\":\"https:\/\/apoiar-stressdeguerra.com\/pt\/o-stress-de-guerra\/\"},{\"@type\":\"ListItem\",\"position\":3,\"name\":\"Legisla\u00e7\u00e3o\"}]},{\"@type\":\"WebSite\",\"@id\":\"https:\/\/apoiar-stressdeguerra.com\/pt\/#website\",\"url\":\"https:\/\/apoiar-stressdeguerra.com\/pt\/\",\"name\":\"APOIAR\",\"description\":\"Associa\u00e7\u00e3o de Apoio aos Ex-combatentes V\u00edtimas do Stress de Guerra.\",\"publisher\":{\"@id\":\"https:\/\/apoiar-stressdeguerra.com\/pt\/#organization\"},\"potentialAction\":[{\"@type\":\"SearchAction\",\"target\":{\"@type\":\"EntryPoint\",\"urlTemplate\":\"https:\/\/apoiar-stressdeguerra.com\/pt\/?s={search_term_string}\"},\"query-input\":{\"@type\":\"PropertyValueSpecification\",\"valueRequired\":true,\"valueName\":\"search_term_string\"}}],\"inLanguage\":\"pt-PT\"},{\"@type\":\"Organization\",\"@id\":\"https:\/\/apoiar-stressdeguerra.com\/pt\/#organization\",\"name\":\"APOIAR\",\"url\":\"https:\/\/apoiar-stressdeguerra.com\/pt\/\",\"logo\":{\"@type\":\"ImageObject\",\"inLanguage\":\"pt-PT\",\"@id\":\"https:\/\/apoiar-stressdeguerra.com\/pt\/#\/schema\/logo\/image\/\",\"url\":\"https:\/\/apoiar-stressdeguerra.com\/pt\/wp-content\/uploads\/2017\/03\/LOGO_tb_transparente.gif\",\"contentUrl\":\"https:\/\/apoiar-stressdeguerra.com\/pt\/wp-content\/uploads\/2017\/03\/LOGO_tb_transparente.gif\",\"width\":153,\"height\":59,\"caption\":\"APOIAR\"},\"image\":{\"@id\":\"https:\/\/apoiar-stressdeguerra.com\/pt\/#\/schema\/logo\/image\/\"},\"sameAs\":[\"https:\/\/www.facebook.com\/stressdeguerraapoiar\/\",\"https:\/\/x.com\/aapoiar\"]}]}<\/script>\n<!-- \/ Yoast SEO plugin. -->","yoast_head_json":{"title":"Legisla\u00e7\u00e3o - APOIAR","description":"Consulte aqui todo o processo legislativo que regula o apoio aos ex-combatentes v\u00edtimas do Stress de Guerra e o Estatuto de Antigo Combatente","robots":{"index":"index","follow":"follow","max-snippet":"max-snippet:-1","max-image-preview":"max-image-preview:large","max-video-preview":"max-video-preview:-1"},"canonical":"https:\/\/apoiar-stressdeguerra.com\/pt\/o-stress-de-guerra\/legislacao\/","og_locale":"pt_PT","og_type":"article","og_title":"Legisla\u00e7\u00e3o - APOIAR","og_description":"Consulte aqui todo o processo legislativo que regula o apoio aos ex-combatentes v\u00edtimas do Stress de Guerra e o Estatuto de Antigo Combatente","og_url":"https:\/\/apoiar-stressdeguerra.com\/pt\/o-stress-de-guerra\/legislacao\/","og_site_name":"APOIAR","article_publisher":"https:\/\/www.facebook.com\/stressdeguerraapoiar\/","article_modified_time":"2025-07-24T09:18:01+00:00","og_image":[{"width":1792,"height":599,"url":"https:\/\/apoiar-stressdeguerra.com\/pt\/wp-content\/uploads\/2025\/05\/Design-sem-nome-7.jpg","type":"image\/jpeg"}],"twitter_card":"summary_large_image","twitter_site":"@aapoiar","twitter_misc":{"Tempo estimado de leitura":"4 minutos"},"schema":{"@context":"https:\/\/schema.org","@graph":[{"@type":"WebPage","@id":"https:\/\/apoiar-stressdeguerra.com\/pt\/o-stress-de-guerra\/legislacao\/","url":"https:\/\/apoiar-stressdeguerra.com\/pt\/o-stress-de-guerra\/legislacao\/","name":"Legisla\u00e7\u00e3o - APOIAR","isPartOf":{"@id":"https:\/\/apoiar-stressdeguerra.com\/pt\/#website"},"primaryImageOfPage":{"@id":"https:\/\/apoiar-stressdeguerra.com\/pt\/o-stress-de-guerra\/legislacao\/#primaryimage"},"image":{"@id":"https:\/\/apoiar-stressdeguerra.com\/pt\/o-stress-de-guerra\/legislacao\/#primaryimage"},"thumbnailUrl":"https:\/\/apoiar-stressdeguerra.com\/pt\/wp-content\/uploads\/2025\/05\/Design-sem-nome-7-1024x342.jpg","datePublished":"2017-02-24T15:57:31+00:00","dateModified":"2025-07-24T09:18:01+00:00","description":"Consulte aqui todo o processo legislativo que regula o apoio aos ex-combatentes v\u00edtimas do Stress de Guerra e o Estatuto de Antigo Combatente","breadcrumb":{"@id":"https:\/\/apoiar-stressdeguerra.com\/pt\/o-stress-de-guerra\/legislacao\/#breadcrumb"},"inLanguage":"pt-PT","potentialAction":[{"@type":"ReadAction","target":["https:\/\/apoiar-stressdeguerra.com\/pt\/o-stress-de-guerra\/legislacao\/"]}]},{"@type":"ImageObject","inLanguage":"pt-PT","@id":"https:\/\/apoiar-stressdeguerra.com\/pt\/o-stress-de-guerra\/legislacao\/#primaryimage","url":"https:\/\/apoiar-stressdeguerra.com\/pt\/wp-content\/uploads\/2025\/05\/Design-sem-nome-7.jpg","contentUrl":"https:\/\/apoiar-stressdeguerra.com\/pt\/wp-content\/uploads\/2025\/05\/Design-sem-nome-7.jpg","width":1792,"height":599,"caption":"Design sem nome - 7"},{"@type":"BreadcrumbList","@id":"https:\/\/apoiar-stressdeguerra.com\/pt\/o-stress-de-guerra\/legislacao\/#breadcrumb","itemListElement":[{"@type":"ListItem","position":1,"name":"In\u00edcio","item":"https:\/\/apoiar-stressdeguerra.com\/pt\/"},{"@type":"ListItem","position":2,"name":"O STRESS DE GUERRA","item":"https:\/\/apoiar-stressdeguerra.com\/pt\/o-stress-de-guerra\/"},{"@type":"ListItem","position":3,"name":"Legisla\u00e7\u00e3o"}]},{"@type":"WebSite","@id":"https:\/\/apoiar-stressdeguerra.com\/pt\/#website","url":"https:\/\/apoiar-stressdeguerra.com\/pt\/","name":"APOIAR","description":"Associa\u00e7\u00e3o de Apoio aos Ex-combatentes V\u00edtimas do Stress de Guerra.","publisher":{"@id":"https:\/\/apoiar-stressdeguerra.com\/pt\/#organization"},"potentialAction":[{"@type":"SearchAction","target":{"@type":"EntryPoint","urlTemplate":"https:\/\/apoiar-stressdeguerra.com\/pt\/?s={search_term_string}"},"query-input":{"@type":"PropertyValueSpecification","valueRequired":true,"valueName":"search_term_string"}}],"inLanguage":"pt-PT"},{"@type":"Organization","@id":"https:\/\/apoiar-stressdeguerra.com\/pt\/#organization","name":"APOIAR","url":"https:\/\/apoiar-stressdeguerra.com\/pt\/","logo":{"@type":"ImageObject","inLanguage":"pt-PT","@id":"https:\/\/apoiar-stressdeguerra.com\/pt\/#\/schema\/logo\/image\/","url":"https:\/\/apoiar-stressdeguerra.com\/pt\/wp-content\/uploads\/2017\/03\/LOGO_tb_transparente.gif","contentUrl":"https:\/\/apoiar-stressdeguerra.com\/pt\/wp-content\/uploads\/2017\/03\/LOGO_tb_transparente.gif","width":153,"height":59,"caption":"APOIAR"},"image":{"@id":"https:\/\/apoiar-stressdeguerra.com\/pt\/#\/schema\/logo\/image\/"},"sameAs":["https:\/\/www.facebook.com\/stressdeguerraapoiar\/","https:\/\/x.com\/aapoiar"]}]}},"_links":{"self":[{"href":"https:\/\/apoiar-stressdeguerra.com\/pt\/wp-json\/wp\/v2\/pages\/212","targetHints":{"allow":["GET"]}}],"collection":[{"href":"https:\/\/apoiar-stressdeguerra.com\/pt\/wp-json\/wp\/v2\/pages"}],"about":[{"href":"https:\/\/apoiar-stressdeguerra.com\/pt\/wp-json\/wp\/v2\/types\/page"}],"author":[{"embeddable":true,"href":"https:\/\/apoiar-stressdeguerra.com\/pt\/wp-json\/wp\/v2\/users\/1"}],"replies":[{"embeddable":true,"href":"https:\/\/apoiar-stressdeguerra.com\/pt\/wp-json\/wp\/v2\/comments?post=212"}],"version-history":[{"count":12,"href":"https:\/\/apoiar-stressdeguerra.com\/pt\/wp-json\/wp\/v2\/pages\/212\/revisions"}],"predecessor-version":[{"id":2456,"href":"https:\/\/apoiar-stressdeguerra.com\/pt\/wp-json\/wp\/v2\/pages\/212\/revisions\/2456"}],"up":[{"embeddable":true,"href":"https:\/\/apoiar-stressdeguerra.com\/pt\/wp-json\/wp\/v2\/pages\/24"}],"wp:attachment":[{"href":"https:\/\/apoiar-stressdeguerra.com\/pt\/wp-json\/wp\/v2\/media?parent=212"}],"curies":[{"name":"wp","href":"https:\/\/api.w.org\/{rel}","templated":true}]}}