{"id":219,"date":"2017-02-24T16:23:42","date_gmt":"2017-02-24T16:23:42","guid":{"rendered":"http:\/\/apoiar-stressdeguerra.com\/pt\/?page_id=219"},"modified":"2026-04-07T14:42:35","modified_gmt":"2026-04-07T14:42:35","slug":"o-jornal-apoiar","status":"publish","type":"page","link":"https:\/\/apoiar-stressdeguerra.com\/pt\/a-apoiar\/o-jornal-apoiar\/","title":{"rendered":"O Jornal APOIAR"},"content":{"rendered":"<div id=\"pl-219\"  class=\"panel-layout\" ><div id=\"pg-219-0\"  class=\"panel-grid panel-no-style\" ><div id=\"pgc-219-0-0\"  class=\"panel-grid-cell\" ><div id=\"panel-219-0-0-0\" class=\"so-panel widget widget_sow-editor panel-first-child panel-last-child\" data-index=\"0\" ><div\n\t\t\t\n\t\t\tclass=\"so-widget-sow-editor so-widget-sow-editor-base\"\n\t\t\t\n\t\t>\n<div class=\"siteorigin-widget-tinymce textwidget\">\n\t<p>O <strong>jornal APOIAR<\/strong> \u00e9 o \u00f3rg\u00e3o oficial da Associa\u00e7\u00e3o APOIAR e a <strong>\u00fanica publica\u00e7\u00e3o peri\u00f3dica especializada no Stress de Guerra em Portugal<\/strong>. \u00c9 distribu\u00eddo aos seus associados e a entidades em todo o territ\u00f3rio de Portugal e resto da Europa, \u00c1frica e Estados Unidos. Pode consultar aqui a vers\u00e3o em PDF dos \u00faltimos n\u00fameros.<\/p>\n<div dir=\"ltr\">\n<div><\/div>\n<\/div>\n<h2 style=\"text-align: center;\"><strong>N\u00famero actual: <a href=\"https:\/\/apoiar-stressdeguerra.com\/pt\/wp-content\/uploads\/2026\/04\/APOIAR-157.pdf\" target=\"_blank\" rel=\"noopener\">JORNAL APOIAR N\u00ba 157<\/a><\/strong><\/h2>\n<p style=\"text-align: center;\"><a href=\"https:\/\/apoiar-stressdeguerra.com\/pt\/wp-content\/uploads\/2026\/04\/APOIAR-157.pdf\" class=\"pdfemb-viewer\" style=\"\" data-width=\"max\" data-height=\"max\" data-toolbar=\"bottom\" data-toolbar-fixed=\"off\">APOIAR 157<\/a><\/p>\n<p style=\"text-align: center;\"><strong>Descarregue <a href=\"https:\/\/apoiar-stressdeguerra.com\/pt\/wp-content\/uploads\/2026\/04\/APOIAR-157.pdf\" target=\"_blank\" rel=\"noopener\">aqui<\/a><\/strong><\/p>\n<hr \/>\n<h1 style=\"text-align: center;\"><span style=\"color: #000000;\"><strong>ARQUIVO: <\/strong><\/span><\/h1>\n<h3 style=\"text-align: center;\"><strong>ANO ACTUAL <\/strong><\/h3>\n<h1 style=\"text-align: center;\"><a href=\"https:\/\/drive.google.com\/drive\/folders\/1k6sk90-KnI1GpE2XiF0LL4VpJSjHwlcH?usp=sharing\" target=\"_blank\" rel=\"noopener\">2025<\/a><\/h1>\n<h3><\/h3>\n<h3 style=\"text-align: center;\"><strong>ANOS ANTERIORES<\/strong><\/h3>\n<p style=\"text-align: center;\"><a href=\"https:\/\/drive.google.com\/drive\/folders\/1F80WCZo-9Jvdv2uUFjHPnP6lTYG_ucqP?usp=sharing\" target=\"_blank\" rel=\"noopener\">Arquivo 1996-2025<\/a><\/p>\n<hr \/>\n<h5 style=\"text-align: center;\"><strong>Colabore com o APOIAR. Seja lido em todo o pa\u00eds<\/strong><\/h5>\n<p>Envie-nos por mail ou carta tendo em conta os seguintes par\u00e2metros: por raz\u00f5es de espa\u00e7o e pagina\u00e7\u00e3o textos devem ter, de prefer\u00eancia, no m\u00e1ximo 4500 caracteres com espa\u00e7os ou, se n\u00e3o usar o Word e enviar o texto caligrafado ou dactilografado, os textos n\u00e3o dever\u00e3o ultrapassar as 800 palavras. Se for poesia, tamb\u00e9m por uma quest\u00e3o de pagina\u00e7\u00e3o, n\u00e3o deve ter mais do que 140 caracteres ou 90 palavras.<\/p>\n<div><strong>Nota:<\/strong> Se pretender que o seu texto seja publicado em determinado n\u00famero deve enviar at\u00e9 dia 15 do m\u00eas anterior. Lembre-se que cada jornal bimestral sai no fim de cada dois meses. No entanto, para que possa sair atempadamente, cada edi\u00e7\u00e3o fecha sempre a dia 15 desse m\u00eas anterior. Fa\u00e7a-se ao teclado e \u00e0 caneta ou mesmo \u00e0 m\u00e1quina fotogr\u00e1fica. Seja publicado no APOIAR e lido em todo o pa\u00eds.<\/div>\n<div>\n<div><\/div>\n<div>\n<hr \/>\n<\/div>\n<div><\/div>\n<div style=\"text-align: left;\">N\u00e3o fique com os seus escritos na gaveta ou com a sua opini\u00e3o para si. Envie-nos not\u00edcias, reportagens, opini\u00f5es, humor, fotografias, artigos, hist\u00f3rias de guerra ou outras hist\u00f3rias e mesmo contos de fic\u00e7\u00e3o ou poesia.<\/div>\n<\/div>\n<div><\/div>\n<div>\n<div><\/div>\n<div>\n<h2 style=\"text-align: center;\"><span lang=\"pt\"><a href=\"mailto:apoiar.jornal@gmail.com\">apoiar.jornal@gmail.com<\/a><\/span><\/h2>\n<\/div>\n<\/div>\n<\/div>\n<\/div><\/div><\/div><\/div><div id=\"pg-219-1\"  class=\"panel-grid panel-no-style\" ><div id=\"pgc-219-1-0\"  class=\"panel-grid-cell panel-grid-cell-empty\" ><\/div><\/div><\/div>","protected":false},"excerpt":{"rendered":"<p>O jornal APOIAR \u00e9 o \u00f3rg\u00e3o oficial da Associa\u00e7\u00e3o APOIAR e a \u00fanica publica\u00e7\u00e3o peri\u00f3dica especializada no Stress de Guerra em Portugal. \u00c9 distribu\u00eddo aos seus associados e a entidades em todo o territ\u00f3rio de Portugal e resto da Europa, \u00c1frica e Estados Unidos. Pode consultar aqui a vers\u00e3o em PDF dos \u00faltimos n\u00fameros. N\u00famero <a class=\"read-more\" href=\"https:\/\/apoiar-stressdeguerra.com\/pt\/a-apoiar\/o-jornal-apoiar\/\">Leia mais<\/a><\/p>\n","protected":false},"author":1,"featured_media":3052,"parent":9,"menu_order":0,"comment_status":"closed","ping_status":"closed","template":"","meta":{"_uf_show_specific_survey":0,"_uf_disable_surveys":false,"footnotes":""},"class_list":["post-219","page","type-page","status-publish","has-post-thumbnail","hentry"],"yoast_head":"<!-- This site is optimized with the Yoast SEO plugin v26.8 - https:\/\/yoast.com\/product\/yoast-seo-wordpress\/ -->\n<title>O Jornal APOIAR - APOIAR<\/title>\n<meta name=\"description\" content=\"O jornal APOIAR \u00e9 o \u00f3rg\u00e3o oficial da Associa\u00e7\u00e3o APOIAR e a \u00fanica publica\u00e7\u00e3o peri\u00f3dica especializada no Stress de Guerra em Portugal.\" \/>\n<meta name=\"robots\" content=\"index, follow, max-snippet:-1, max-image-preview:large, max-video-preview:-1\" \/>\n<link rel=\"canonical\" href=\"https:\/\/apoiar-stressdeguerra.com\/pt\/a-apoiar\/o-jornal-apoiar\/\" \/>\n<meta property=\"og:locale\" content=\"pt_PT\" \/>\n<meta property=\"og:type\" content=\"article\" \/>\n<meta property=\"og:title\" content=\"O Jornal APOIAR - APOIAR\" \/>\n<meta property=\"og:description\" content=\"O jornal APOIAR \u00e9 o \u00f3rg\u00e3o oficial da Associa\u00e7\u00e3o APOIAR e a \u00fanica publica\u00e7\u00e3o peri\u00f3dica especializada no Stress de Guerra em Portugal.\" \/>\n<meta property=\"og:url\" content=\"https:\/\/apoiar-stressdeguerra.com\/pt\/a-apoiar\/o-jornal-apoiar\/\" \/>\n<meta property=\"og:site_name\" content=\"APOIAR\" \/>\n<meta property=\"article:publisher\" content=\"https:\/\/www.facebook.com\/stressdeguerraapoiar\/\" \/>\n<meta property=\"article:modified_time\" content=\"2026-04-07T14:42:35+00:00\" \/>\n<meta property=\"og:image\" content=\"https:\/\/apoiar-stressdeguerra.com\/pt\/wp-content\/uploads\/2025\/11\/CAPA.APOIAR.155.jpg\" \/>\n\t<meta property=\"og:image:width\" content=\"1240\" \/>\n\t<meta property=\"og:image:height\" content=\"1754\" \/>\n\t<meta property=\"og:image:type\" content=\"image\/jpeg\" \/>\n<meta name=\"twitter:card\" content=\"summary_large_image\" \/>\n<meta name=\"twitter:site\" content=\"@aapoiar\" \/>\n<meta name=\"twitter:label1\" content=\"Tempo estimado de leitura\" \/>\n\t<meta name=\"twitter:data1\" content=\"2 minutos\" \/>\n<script type=\"application\/ld+json\" class=\"yoast-schema-graph\">{\"@context\":\"https:\/\/schema.org\",\"@graph\":[{\"@type\":\"WebPage\",\"@id\":\"https:\/\/apoiar-stressdeguerra.com\/pt\/a-apoiar\/o-jornal-apoiar\/\",\"url\":\"https:\/\/apoiar-stressdeguerra.com\/pt\/a-apoiar\/o-jornal-apoiar\/\",\"name\":\"O Jornal APOIAR - APOIAR\",\"isPartOf\":{\"@id\":\"https:\/\/apoiar-stressdeguerra.com\/pt\/#website\"},\"primaryImageOfPage\":{\"@id\":\"https:\/\/apoiar-stressdeguerra.com\/pt\/a-apoiar\/o-jornal-apoiar\/#primaryimage\"},\"image\":{\"@id\":\"https:\/\/apoiar-stressdeguerra.com\/pt\/a-apoiar\/o-jornal-apoiar\/#primaryimage\"},\"thumbnailUrl\":\"https:\/\/apoiar-stressdeguerra.com\/pt\/wp-content\/uploads\/2026\/04\/CAPA_APOIAR_157.jpg\",\"datePublished\":\"2017-02-24T16:23:42+00:00\",\"dateModified\":\"2026-04-07T14:42:35+00:00\",\"description\":\"O jornal APOIAR \u00e9 o \u00f3rg\u00e3o oficial da Associa\u00e7\u00e3o APOIAR e a \u00fanica publica\u00e7\u00e3o peri\u00f3dica especializada no Stress de Guerra em Portugal.\",\"breadcrumb\":{\"@id\":\"https:\/\/apoiar-stressdeguerra.com\/pt\/a-apoiar\/o-jornal-apoiar\/#breadcrumb\"},\"inLanguage\":\"pt-PT\",\"potentialAction\":[{\"@type\":\"ReadAction\",\"target\":[\"https:\/\/apoiar-stressdeguerra.com\/pt\/a-apoiar\/o-jornal-apoiar\/\"]}]},{\"@type\":\"ImageObject\",\"inLanguage\":\"pt-PT\",\"@id\":\"https:\/\/apoiar-stressdeguerra.com\/pt\/a-apoiar\/o-jornal-apoiar\/#primaryimage\",\"url\":\"https:\/\/apoiar-stressdeguerra.com\/pt\/wp-content\/uploads\/2026\/04\/CAPA_APOIAR_157.jpg\",\"contentUrl\":\"https:\/\/apoiar-stressdeguerra.com\/pt\/wp-content\/uploads\/2026\/04\/CAPA_APOIAR_157.jpg\",\"width\":1240,\"height\":1754},{\"@type\":\"BreadcrumbList\",\"@id\":\"https:\/\/apoiar-stressdeguerra.com\/pt\/a-apoiar\/o-jornal-apoiar\/#breadcrumb\",\"itemListElement\":[{\"@type\":\"ListItem\",\"position\":1,\"name\":\"In\u00edcio\",\"item\":\"https:\/\/apoiar-stressdeguerra.com\/pt\/\"},{\"@type\":\"ListItem\",\"position\":2,\"name\":\"A APOIAR\",\"item\":\"https:\/\/apoiar-stressdeguerra.com\/pt\/a-apoiar\/\"},{\"@type\":\"ListItem\",\"position\":3,\"name\":\"O Jornal APOIAR\"}]},{\"@type\":\"WebSite\",\"@id\":\"https:\/\/apoiar-stressdeguerra.com\/pt\/#website\",\"url\":\"https:\/\/apoiar-stressdeguerra.com\/pt\/\",\"name\":\"APOIAR\",\"description\":\"Associa\u00e7\u00e3o de Apoio aos Ex-combatentes V\u00edtimas do Stress de Guerra.\",\"publisher\":{\"@id\":\"https:\/\/apoiar-stressdeguerra.com\/pt\/#organization\"},\"potentialAction\":[{\"@type\":\"SearchAction\",\"target\":{\"@type\":\"EntryPoint\",\"urlTemplate\":\"https:\/\/apoiar-stressdeguerra.com\/pt\/?s={search_term_string}\"},\"query-input\":{\"@type\":\"PropertyValueSpecification\",\"valueRequired\":true,\"valueName\":\"search_term_string\"}}],\"inLanguage\":\"pt-PT\"},{\"@type\":\"Organization\",\"@id\":\"https:\/\/apoiar-stressdeguerra.com\/pt\/#organization\",\"name\":\"APOIAR\",\"url\":\"https:\/\/apoiar-stressdeguerra.com\/pt\/\",\"logo\":{\"@type\":\"ImageObject\",\"inLanguage\":\"pt-PT\",\"@id\":\"https:\/\/apoiar-stressdeguerra.com\/pt\/#\/schema\/logo\/image\/\",\"url\":\"https:\/\/apoiar-stressdeguerra.com\/pt\/wp-content\/uploads\/2017\/03\/LOGO_tb_transparente.gif\",\"contentUrl\":\"https:\/\/apoiar-stressdeguerra.com\/pt\/wp-content\/uploads\/2017\/03\/LOGO_tb_transparente.gif\",\"width\":153,\"height\":59,\"caption\":\"APOIAR\"},\"image\":{\"@id\":\"https:\/\/apoiar-stressdeguerra.com\/pt\/#\/schema\/logo\/image\/\"},\"sameAs\":[\"https:\/\/www.facebook.com\/stressdeguerraapoiar\/\",\"https:\/\/x.com\/aapoiar\"]}]}<\/script>\n<!-- \/ Yoast SEO plugin. -->","yoast_head_json":{"title":"O Jornal APOIAR - APOIAR","description":"O jornal APOIAR \u00e9 o \u00f3rg\u00e3o oficial da Associa\u00e7\u00e3o APOIAR e a \u00fanica publica\u00e7\u00e3o peri\u00f3dica especializada no Stress de Guerra em Portugal.","robots":{"index":"index","follow":"follow","max-snippet":"max-snippet:-1","max-image-preview":"max-image-preview:large","max-video-preview":"max-video-preview:-1"},"canonical":"https:\/\/apoiar-stressdeguerra.com\/pt\/a-apoiar\/o-jornal-apoiar\/","og_locale":"pt_PT","og_type":"article","og_title":"O Jornal APOIAR - APOIAR","og_description":"O jornal APOIAR \u00e9 o \u00f3rg\u00e3o oficial da Associa\u00e7\u00e3o APOIAR e a \u00fanica publica\u00e7\u00e3o peri\u00f3dica especializada no Stress de Guerra em Portugal.","og_url":"https:\/\/apoiar-stressdeguerra.com\/pt\/a-apoiar\/o-jornal-apoiar\/","og_site_name":"APOIAR","article_publisher":"https:\/\/www.facebook.com\/stressdeguerraapoiar\/","article_modified_time":"2026-04-07T14:42:35+00:00","og_image":[{"width":1240,"height":1754,"url":"https:\/\/apoiar-stressdeguerra.com\/pt\/wp-content\/uploads\/2025\/11\/CAPA.APOIAR.155.jpg","type":"image\/jpeg"}],"twitter_card":"summary_large_image","twitter_site":"@aapoiar","twitter_misc":{"Tempo estimado de leitura":"2 minutos"},"schema":{"@context":"https:\/\/schema.org","@graph":[{"@type":"WebPage","@id":"https:\/\/apoiar-stressdeguerra.com\/pt\/a-apoiar\/o-jornal-apoiar\/","url":"https:\/\/apoiar-stressdeguerra.com\/pt\/a-apoiar\/o-jornal-apoiar\/","name":"O Jornal APOIAR - APOIAR","isPartOf":{"@id":"https:\/\/apoiar-stressdeguerra.com\/pt\/#website"},"primaryImageOfPage":{"@id":"https:\/\/apoiar-stressdeguerra.com\/pt\/a-apoiar\/o-jornal-apoiar\/#primaryimage"},"image":{"@id":"https:\/\/apoiar-stressdeguerra.com\/pt\/a-apoiar\/o-jornal-apoiar\/#primaryimage"},"thumbnailUrl":"https:\/\/apoiar-stressdeguerra.com\/pt\/wp-content\/uploads\/2026\/04\/CAPA_APOIAR_157.jpg","datePublished":"2017-02-24T16:23:42+00:00","dateModified":"2026-04-07T14:42:35+00:00","description":"O jornal APOIAR \u00e9 o \u00f3rg\u00e3o oficial da Associa\u00e7\u00e3o APOIAR e a \u00fanica publica\u00e7\u00e3o peri\u00f3dica especializada no Stress de Guerra em Portugal.","breadcrumb":{"@id":"https:\/\/apoiar-stressdeguerra.com\/pt\/a-apoiar\/o-jornal-apoiar\/#breadcrumb"},"inLanguage":"pt-PT","potentialAction":[{"@type":"ReadAction","target":["https:\/\/apoiar-stressdeguerra.com\/pt\/a-apoiar\/o-jornal-apoiar\/"]}]},{"@type":"ImageObject","inLanguage":"pt-PT","@id":"https:\/\/apoiar-stressdeguerra.com\/pt\/a-apoiar\/o-jornal-apoiar\/#primaryimage","url":"https:\/\/apoiar-stressdeguerra.com\/pt\/wp-content\/uploads\/2026\/04\/CAPA_APOIAR_157.jpg","contentUrl":"https:\/\/apoiar-stressdeguerra.com\/pt\/wp-content\/uploads\/2026\/04\/CAPA_APOIAR_157.jpg","width":1240,"height":1754},{"@type":"BreadcrumbList","@id":"https:\/\/apoiar-stressdeguerra.com\/pt\/a-apoiar\/o-jornal-apoiar\/#breadcrumb","itemListElement":[{"@type":"ListItem","position":1,"name":"In\u00edcio","item":"https:\/\/apoiar-stressdeguerra.com\/pt\/"},{"@type":"ListItem","position":2,"name":"A APOIAR","item":"https:\/\/apoiar-stressdeguerra.com\/pt\/a-apoiar\/"},{"@type":"ListItem","position":3,"name":"O Jornal APOIAR"}]},{"@type":"WebSite","@id":"https:\/\/apoiar-stressdeguerra.com\/pt\/#website","url":"https:\/\/apoiar-stressdeguerra.com\/pt\/","name":"APOIAR","description":"Associa\u00e7\u00e3o de Apoio aos Ex-combatentes V\u00edtimas do Stress de Guerra.","publisher":{"@id":"https:\/\/apoiar-stressdeguerra.com\/pt\/#organization"},"potentialAction":[{"@type":"SearchAction","target":{"@type":"EntryPoint","urlTemplate":"https:\/\/apoiar-stressdeguerra.com\/pt\/?s={search_term_string}"},"query-input":{"@type":"PropertyValueSpecification","valueRequired":true,"valueName":"search_term_string"}}],"inLanguage":"pt-PT"},{"@type":"Organization","@id":"https:\/\/apoiar-stressdeguerra.com\/pt\/#organization","name":"APOIAR","url":"https:\/\/apoiar-stressdeguerra.com\/pt\/","logo":{"@type":"ImageObject","inLanguage":"pt-PT","@id":"https:\/\/apoiar-stressdeguerra.com\/pt\/#\/schema\/logo\/image\/","url":"https:\/\/apoiar-stressdeguerra.com\/pt\/wp-content\/uploads\/2017\/03\/LOGO_tb_transparente.gif","contentUrl":"https:\/\/apoiar-stressdeguerra.com\/pt\/wp-content\/uploads\/2017\/03\/LOGO_tb_transparente.gif","width":153,"height":59,"caption":"APOIAR"},"image":{"@id":"https:\/\/apoiar-stressdeguerra.com\/pt\/#\/schema\/logo\/image\/"},"sameAs":["https:\/\/www.facebook.com\/stressdeguerraapoiar\/","https:\/\/x.com\/aapoiar"]}]}},"_links":{"self":[{"href":"https:\/\/apoiar-stressdeguerra.com\/pt\/wp-json\/wp\/v2\/pages\/219","targetHints":{"allow":["GET"]}}],"collection":[{"href":"https:\/\/apoiar-stressdeguerra.com\/pt\/wp-json\/wp\/v2\/pages"}],"about":[{"href":"https:\/\/apoiar-stressdeguerra.com\/pt\/wp-json\/wp\/v2\/types\/page"}],"author":[{"embeddable":true,"href":"https:\/\/apoiar-stressdeguerra.com\/pt\/wp-json\/wp\/v2\/users\/1"}],"replies":[{"embeddable":true,"href":"https:\/\/apoiar-stressdeguerra.com\/pt\/wp-json\/wp\/v2\/comments?post=219"}],"version-history":[{"count":53,"href":"https:\/\/apoiar-stressdeguerra.com\/pt\/wp-json\/wp\/v2\/pages\/219\/revisions"}],"predecessor-version":[{"id":3053,"href":"https:\/\/apoiar-stressdeguerra.com\/pt\/wp-json\/wp\/v2\/pages\/219\/revisions\/3053"}],"up":[{"embeddable":true,"href":"https:\/\/apoiar-stressdeguerra.com\/pt\/wp-json\/wp\/v2\/pages\/9"}],"wp:featuredmedia":[{"embeddable":true,"href":"https:\/\/apoiar-stressdeguerra.com\/pt\/wp-json\/wp\/v2\/media\/3052"}],"wp:attachment":[{"href":"https:\/\/apoiar-stressdeguerra.com\/pt\/wp-json\/wp\/v2\/media?parent=219"}],"curies":[{"name":"wp","href":"https:\/\/api.w.org\/{rel}","templated":true}]}}