{"id":2338,"date":"2025-05-09T10:21:26","date_gmt":"2025-05-09T10:21:26","guid":{"rendered":"https:\/\/apoiar-stressdeguerra.com\/pt\/?page_id=2338"},"modified":"2025-05-09T10:21:26","modified_gmt":"2025-05-09T10:21:26","slug":"mapa-do-site","status":"publish","type":"page","link":"https:\/\/apoiar-stressdeguerra.com\/pt\/mapa-do-site\/","title":{"rendered":"Mapa do Site"},"content":{"rendered":"<div id=\"pl-2338\"  class=\"panel-layout\" ><div id=\"pg-2338-0\"  class=\"panel-grid panel-no-style\" ><div id=\"pgc-2338-0-0\"  class=\"panel-grid-cell\" ><div id=\"panel-2338-0-0-0\" class=\"so-panel widget widget_pages panel-first-child panel-last-child\" data-index=\"0\" ><h3 class=\"widget-title\">Consulte o mapa do nosso site<\/h3><nav aria-label=\"Consulte o mapa do nosso site\">\n\t\t\t<ul>\n\t\t\t\t<li class=\"page_item page-item-9 page_item_has_children\"><a href=\"https:\/\/apoiar-stressdeguerra.com\/pt\/a-apoiar\/\">A APOIAR<\/a>\n<ul class='children'>\n\t<li class=\"page_item page-item-565\"><a href=\"https:\/\/apoiar-stressdeguerra.com\/pt\/a-apoiar\/arquivo-imprensa-audiovisual\/\">Arquivo de Imprensa e Audiovisual<\/a><\/li>\n\t<li class=\"page_item page-item-82\"><a href=\"https:\/\/apoiar-stressdeguerra.com\/pt\/a-apoiar\/departamentos-de-apoio\/\">Departamentos de Apoio<\/a><\/li>\n\t<li class=\"page_item page-item-118\"><a href=\"https:\/\/apoiar-stressdeguerra.com\/pt\/a-apoiar\/documentos-apoiar\/\">Documentos APOIAR<\/a><\/li>\n\t<li class=\"page_item page-item-748\"><a href=\"https:\/\/apoiar-stressdeguerra.com\/pt\/a-apoiar\/faca-se-associado\/\">Fa\u00e7a-se associado<\/a><\/li>\n\t<li class=\"page_item page-item-219\"><a href=\"https:\/\/apoiar-stressdeguerra.com\/pt\/a-apoiar\/o-jornal-apoiar\/\">O Jornal APOIAR<\/a><\/li>\n\t<li class=\"page_item page-item-94\"><a href=\"https:\/\/apoiar-stressdeguerra.com\/pt\/a-apoiar\/orgaos-sociais\/\">\u00d3rg\u00e3os Sociais<\/a><\/li>\n\t<li class=\"page_item page-item-621\"><a href=\"https:\/\/apoiar-stressdeguerra.com\/pt\/a-apoiar\/protocolos\/\">Protocolos<\/a><\/li>\n\t<li class=\"page_item page-item-623\"><a href=\"https:\/\/apoiar-stressdeguerra.com\/pt\/a-apoiar\/responsabilidade-social\/\">Responsabilidade Social<\/a><\/li>\n<\/ul>\n<\/li>\n<li class=\"page_item page-item-5\"><a href=\"https:\/\/apoiar-stressdeguerra.com\/pt\/\">APOIAR &#8211; Associa\u00e7\u00e3o de Apoio aos Ex-combatentes V\u00edtimas do Stress de Guerra<\/a><\/li>\n<li class=\"page_item page-item-1814\"><a href=\"https:\/\/apoiar-stressdeguerra.com\/pt\/coloquiosaudementaleisolamento\/\">Col\u00f3quio Sa\u00fade Mental e Isolamento: 23 de Novembro<\/a><\/li>\n<li class=\"page_item page-item-28 page_item_has_children\"><a href=\"https:\/\/apoiar-stressdeguerra.com\/pt\/contactos\/\">CONTACTOS<\/a>\n<ul class='children'>\n\t<li class=\"page_item page-item-626\"><a href=\"https:\/\/apoiar-stressdeguerra.com\/pt\/contactos\/ligacoes-externas\/\">Liga\u00e7\u00f5es externas<\/a><\/li>\n<\/ul>\n<\/li>\n<li class=\"page_item page-item-1238\"><a href=\"https:\/\/apoiar-stressdeguerra.com\/pt\/encontro-trauma-stress-guerra\/\">Encontro Trauma e Stress de Guerra<\/a><\/li>\n<li class=\"page_item page-item-2338\"><a href=\"https:\/\/apoiar-stressdeguerra.com\/pt\/mapa-do-site\/\">Mapa do Site<\/a><\/li>\n<li class=\"page_item page-item-26\"><a href=\"https:\/\/apoiar-stressdeguerra.com\/pt\/noticias-e-eventos\/\">NOT\u00cdCIAS E EVENTOS<\/a><\/li>\n<li class=\"page_item page-item-24 page_item_has_children\"><a href=\"https:\/\/apoiar-stressdeguerra.com\/pt\/o-stress-de-guerra\/\">O STRESS DE GUERRA<\/a>\n<ul class='children'>\n\t<li class=\"page_item page-item-278\"><a href=\"https:\/\/apoiar-stressdeguerra.com\/pt\/o-stress-de-guerra\/artigos-cientificos\/\">Artigos Cient\u00edficos<\/a><\/li>\n\t<li class=\"page_item page-item-212 page_item_has_children\"><a href=\"https:\/\/apoiar-stressdeguerra.com\/pt\/o-stress-de-guerra\/legislacao\/\">Legisla\u00e7\u00e3o<\/a>\n\t<ul class='children'>\n\t\t<li class=\"page_item page-item-224\"><a href=\"https:\/\/apoiar-stressdeguerra.com\/pt\/o-stress-de-guerra\/legislacao\/legislacao-ex-combatentes\/\">Legisla\u00e7\u00e3o Ex-combatentes<\/a><\/li>\n\t<\/ul>\n<\/li>\n\t<li class=\"page_item page-item-207\"><a href=\"https:\/\/apoiar-stressdeguerra.com\/pt\/o-stress-de-guerra\/ppst-e-familias\/\">PPST e Fam\u00edlias<\/a><\/li>\n\t<li class=\"page_item page-item-283\"><a href=\"https:\/\/apoiar-stressdeguerra.com\/pt\/o-stress-de-guerra\/procurar-ajuda\/\">Procurar ajuda<\/a><\/li>\n\t<li class=\"page_item page-item-2236\"><a href=\"https:\/\/apoiar-stressdeguerra.com\/pt\/o-stress-de-guerra\/trauma-psicologico-o-que-e\/\">Trauma Psicol\u00f3gico: o que \u00e9?<\/a><\/li>\n<\/ul>\n<\/li>\n<li class=\"page_item page-item-821\"><a href=\"https:\/\/apoiar-stressdeguerra.com\/pt\/faq\/\">Perguntas mais frequentes<\/a><\/li>\n<li class=\"page_item page-item-676 page_item_has_children\"><a href=\"https:\/\/apoiar-stressdeguerra.com\/pt\/cookie-policy\/\">Pol\u00edtica de privacidade e cookies<\/a>\n<ul class='children'>\n\t<li class=\"page_item page-item-960\"><a href=\"https:\/\/apoiar-stressdeguerra.com\/pt\/cookie-policy\/declaracao-recolha-dados-pessoais\/\">Pol\u00edtica de Privacidade e Declara\u00e7\u00e3o de recolha de dados pessoais<\/a><\/li>\n<\/ul>\n<\/li>\n\t\t\t<\/ul>\n\n\t\t\t<\/nav><\/div><\/div><\/div><\/div>","protected":false},"excerpt":{"rendered":"<p>Consulte o mapa do nosso site A APOIAR Arquivo de Imprensa e Audiovisual Departamentos de Apoio Documentos APOIAR Fa\u00e7a-se associado O Jornal APOIAR \u00d3rg\u00e3os Sociais Protocolos Responsabilidade Social APOIAR &#8211; Associa\u00e7\u00e3o de Apoio aos Ex-combatentes V\u00edtimas do Stress de Guerra Col\u00f3quio Sa\u00fade Mental e Isolamento: 23 de Novembro CONTACTOS Liga\u00e7\u00f5es externas Encontro Trauma e Stress <a class=\"read-more\" href=\"https:\/\/apoiar-stressdeguerra.com\/pt\/mapa-do-site\/\">Leia mais<\/a><\/p>\n","protected":false},"author":1,"featured_media":0,"parent":0,"menu_order":0,"comment_status":"closed","ping_status":"closed","template":"","meta":{"_uf_show_specific_survey":0,"_uf_disable_surveys":false,"footnotes":""},"class_list":["post-2338","page","type-page","status-publish","hentry"],"yoast_head":"<!-- This site is optimized with the Yoast SEO plugin v26.8 - https:\/\/yoast.com\/product\/yoast-seo-wordpress\/ -->\n<title>Mapa do Site - APOIAR<\/title>\n<meta name=\"description\" content=\"Mapa do site da APOIAR Associa\u00e7\u00e3o de Apoio \u00e0s V\u00edtimas do Stress de Guerra. Pode consultar a totalidade do conte\u00fado sobre trauma e stress de guerra\" \/>\n<meta name=\"robots\" content=\"index, follow, max-snippet:-1, max-image-preview:large, max-video-preview:-1\" \/>\n<link rel=\"canonical\" href=\"https:\/\/apoiar-stressdeguerra.com\/pt\/mapa-do-site\/\" \/>\n<meta property=\"og:locale\" content=\"pt_PT\" \/>\n<meta property=\"og:type\" content=\"article\" \/>\n<meta property=\"og:title\" content=\"Mapa do Site - APOIAR\" \/>\n<meta property=\"og:description\" content=\"Mapa do site da APOIAR Associa\u00e7\u00e3o de Apoio \u00e0s V\u00edtimas do Stress de Guerra. Pode consultar a totalidade do conte\u00fado sobre trauma e stress de guerra\" \/>\n<meta property=\"og:url\" content=\"https:\/\/apoiar-stressdeguerra.com\/pt\/mapa-do-site\/\" \/>\n<meta property=\"og:site_name\" content=\"APOIAR\" \/>\n<meta property=\"article:publisher\" content=\"https:\/\/www.facebook.com\/stressdeguerraapoiar\/\" \/>\n<meta name=\"twitter:card\" content=\"summary_large_image\" \/>\n<meta name=\"twitter:site\" content=\"@aapoiar\" \/>\n<script type=\"application\/ld+json\" class=\"yoast-schema-graph\">{\"@context\":\"https:\/\/schema.org\",\"@graph\":[{\"@type\":\"WebPage\",\"@id\":\"https:\/\/apoiar-stressdeguerra.com\/pt\/mapa-do-site\/\",\"url\":\"https:\/\/apoiar-stressdeguerra.com\/pt\/mapa-do-site\/\",\"name\":\"Mapa do Site - APOIAR\",\"isPartOf\":{\"@id\":\"https:\/\/apoiar-stressdeguerra.com\/pt\/#website\"},\"datePublished\":\"2025-05-09T10:21:26+00:00\",\"description\":\"Mapa do site da APOIAR Associa\u00e7\u00e3o de Apoio \u00e0s V\u00edtimas do Stress de Guerra. Pode consultar a totalidade do conte\u00fado sobre trauma e stress de guerra\",\"breadcrumb\":{\"@id\":\"https:\/\/apoiar-stressdeguerra.com\/pt\/mapa-do-site\/#breadcrumb\"},\"inLanguage\":\"pt-PT\",\"potentialAction\":[{\"@type\":\"ReadAction\",\"target\":[\"https:\/\/apoiar-stressdeguerra.com\/pt\/mapa-do-site\/\"]}]},{\"@type\":\"BreadcrumbList\",\"@id\":\"https:\/\/apoiar-stressdeguerra.com\/pt\/mapa-do-site\/#breadcrumb\",\"itemListElement\":[{\"@type\":\"ListItem\",\"position\":1,\"name\":\"In\u00edcio\",\"item\":\"https:\/\/apoiar-stressdeguerra.com\/pt\/\"},{\"@type\":\"ListItem\",\"position\":2,\"name\":\"Mapa do Site\"}]},{\"@type\":\"WebSite\",\"@id\":\"https:\/\/apoiar-stressdeguerra.com\/pt\/#website\",\"url\":\"https:\/\/apoiar-stressdeguerra.com\/pt\/\",\"name\":\"APOIAR\",\"description\":\"Associa\u00e7\u00e3o de Apoio aos Ex-combatentes V\u00edtimas do Stress de Guerra.\",\"publisher\":{\"@id\":\"https:\/\/apoiar-stressdeguerra.com\/pt\/#organization\"},\"potentialAction\":[{\"@type\":\"SearchAction\",\"target\":{\"@type\":\"EntryPoint\",\"urlTemplate\":\"https:\/\/apoiar-stressdeguerra.com\/pt\/?s={search_term_string}\"},\"query-input\":{\"@type\":\"PropertyValueSpecification\",\"valueRequired\":true,\"valueName\":\"search_term_string\"}}],\"inLanguage\":\"pt-PT\"},{\"@type\":\"Organization\",\"@id\":\"https:\/\/apoiar-stressdeguerra.com\/pt\/#organization\",\"name\":\"APOIAR\",\"url\":\"https:\/\/apoiar-stressdeguerra.com\/pt\/\",\"logo\":{\"@type\":\"ImageObject\",\"inLanguage\":\"pt-PT\",\"@id\":\"https:\/\/apoiar-stressdeguerra.com\/pt\/#\/schema\/logo\/image\/\",\"url\":\"https:\/\/apoiar-stressdeguerra.com\/pt\/wp-content\/uploads\/2017\/03\/LOGO_tb_transparente.gif\",\"contentUrl\":\"https:\/\/apoiar-stressdeguerra.com\/pt\/wp-content\/uploads\/2017\/03\/LOGO_tb_transparente.gif\",\"width\":153,\"height\":59,\"caption\":\"APOIAR\"},\"image\":{\"@id\":\"https:\/\/apoiar-stressdeguerra.com\/pt\/#\/schema\/logo\/image\/\"},\"sameAs\":[\"https:\/\/www.facebook.com\/stressdeguerraapoiar\/\",\"https:\/\/x.com\/aapoiar\"]}]}<\/script>\n<!-- \/ Yoast SEO plugin. -->","yoast_head_json":{"title":"Mapa do Site - APOIAR","description":"Mapa do site da APOIAR Associa\u00e7\u00e3o de Apoio \u00e0s V\u00edtimas do Stress de Guerra. Pode consultar a totalidade do conte\u00fado sobre trauma e stress de guerra","robots":{"index":"index","follow":"follow","max-snippet":"max-snippet:-1","max-image-preview":"max-image-preview:large","max-video-preview":"max-video-preview:-1"},"canonical":"https:\/\/apoiar-stressdeguerra.com\/pt\/mapa-do-site\/","og_locale":"pt_PT","og_type":"article","og_title":"Mapa do Site - APOIAR","og_description":"Mapa do site da APOIAR Associa\u00e7\u00e3o de Apoio \u00e0s V\u00edtimas do Stress de Guerra. Pode consultar a totalidade do conte\u00fado sobre trauma e stress de guerra","og_url":"https:\/\/apoiar-stressdeguerra.com\/pt\/mapa-do-site\/","og_site_name":"APOIAR","article_publisher":"https:\/\/www.facebook.com\/stressdeguerraapoiar\/","twitter_card":"summary_large_image","twitter_site":"@aapoiar","schema":{"@context":"https:\/\/schema.org","@graph":[{"@type":"WebPage","@id":"https:\/\/apoiar-stressdeguerra.com\/pt\/mapa-do-site\/","url":"https:\/\/apoiar-stressdeguerra.com\/pt\/mapa-do-site\/","name":"Mapa do Site - APOIAR","isPartOf":{"@id":"https:\/\/apoiar-stressdeguerra.com\/pt\/#website"},"datePublished":"2025-05-09T10:21:26+00:00","description":"Mapa do site da APOIAR Associa\u00e7\u00e3o de Apoio \u00e0s V\u00edtimas do Stress de Guerra. Pode consultar a totalidade do conte\u00fado sobre trauma e stress de guerra","breadcrumb":{"@id":"https:\/\/apoiar-stressdeguerra.com\/pt\/mapa-do-site\/#breadcrumb"},"inLanguage":"pt-PT","potentialAction":[{"@type":"ReadAction","target":["https:\/\/apoiar-stressdeguerra.com\/pt\/mapa-do-site\/"]}]},{"@type":"BreadcrumbList","@id":"https:\/\/apoiar-stressdeguerra.com\/pt\/mapa-do-site\/#breadcrumb","itemListElement":[{"@type":"ListItem","position":1,"name":"In\u00edcio","item":"https:\/\/apoiar-stressdeguerra.com\/pt\/"},{"@type":"ListItem","position":2,"name":"Mapa do Site"}]},{"@type":"WebSite","@id":"https:\/\/apoiar-stressdeguerra.com\/pt\/#website","url":"https:\/\/apoiar-stressdeguerra.com\/pt\/","name":"APOIAR","description":"Associa\u00e7\u00e3o de Apoio aos Ex-combatentes V\u00edtimas do Stress de Guerra.","publisher":{"@id":"https:\/\/apoiar-stressdeguerra.com\/pt\/#organization"},"potentialAction":[{"@type":"SearchAction","target":{"@type":"EntryPoint","urlTemplate":"https:\/\/apoiar-stressdeguerra.com\/pt\/?s={search_term_string}"},"query-input":{"@type":"PropertyValueSpecification","valueRequired":true,"valueName":"search_term_string"}}],"inLanguage":"pt-PT"},{"@type":"Organization","@id":"https:\/\/apoiar-stressdeguerra.com\/pt\/#organization","name":"APOIAR","url":"https:\/\/apoiar-stressdeguerra.com\/pt\/","logo":{"@type":"ImageObject","inLanguage":"pt-PT","@id":"https:\/\/apoiar-stressdeguerra.com\/pt\/#\/schema\/logo\/image\/","url":"https:\/\/apoiar-stressdeguerra.com\/pt\/wp-content\/uploads\/2017\/03\/LOGO_tb_transparente.gif","contentUrl":"https:\/\/apoiar-stressdeguerra.com\/pt\/wp-content\/uploads\/2017\/03\/LOGO_tb_transparente.gif","width":153,"height":59,"caption":"APOIAR"},"image":{"@id":"https:\/\/apoiar-stressdeguerra.com\/pt\/#\/schema\/logo\/image\/"},"sameAs":["https:\/\/www.facebook.com\/stressdeguerraapoiar\/","https:\/\/x.com\/aapoiar"]}]}},"_links":{"self":[{"href":"https:\/\/apoiar-stressdeguerra.com\/pt\/wp-json\/wp\/v2\/pages\/2338","targetHints":{"allow":["GET"]}}],"collection":[{"href":"https:\/\/apoiar-stressdeguerra.com\/pt\/wp-json\/wp\/v2\/pages"}],"about":[{"href":"https:\/\/apoiar-stressdeguerra.com\/pt\/wp-json\/wp\/v2\/types\/page"}],"author":[{"embeddable":true,"href":"https:\/\/apoiar-stressdeguerra.com\/pt\/wp-json\/wp\/v2\/users\/1"}],"replies":[{"embeddable":true,"href":"https:\/\/apoiar-stressdeguerra.com\/pt\/wp-json\/wp\/v2\/comments?post=2338"}],"version-history":[{"count":4,"href":"https:\/\/apoiar-stressdeguerra.com\/pt\/wp-json\/wp\/v2\/pages\/2338\/revisions"}],"predecessor-version":[{"id":2342,"href":"https:\/\/apoiar-stressdeguerra.com\/pt\/wp-json\/wp\/v2\/pages\/2338\/revisions\/2342"}],"wp:attachment":[{"href":"https:\/\/apoiar-stressdeguerra.com\/pt\/wp-json\/wp\/v2\/media?parent=2338"}],"curies":[{"name":"wp","href":"https:\/\/api.w.org\/{rel}","templated":true}]}}