{"id":26,"date":"2017-02-21T12:06:11","date_gmt":"2017-02-21T12:06:11","guid":{"rendered":"http:\/\/apoiar-stressdeguerra.com\/pt\/?page_id=26"},"modified":"2025-07-23T08:56:46","modified_gmt":"2025-07-23T08:56:46","slug":"noticias-e-eventos","status":"publish","type":"page","link":"https:\/\/apoiar-stressdeguerra.com\/pt\/noticias-e-eventos\/","title":{"rendered":"NOT\u00cdCIAS E EVENTOS"},"content":{"rendered":"<div id=\"pl-26\"  class=\"panel-layout\" ><div id=\"pg-26-0\"  class=\"panel-grid panel-no-style\" ><div id=\"pgc-26-0-0\"  class=\"panel-grid-cell\" ><div id=\"panel-26-0-0-0\" class=\"so-panel widget widget_sow-editor panel-first-child panel-last-child\" data-index=\"0\" ><div\n\t\t\t\n\t\t\tclass=\"so-widget-sow-editor so-widget-sow-editor-base\"\n\t\t\t\n\t\t>\n<div class=\"siteorigin-widget-tinymce textwidget\">\n\t<h4><img loading=\"lazy\" decoding=\"async\" class=\"alignnone size-large wp-image-2446\" src=\"https:\/\/apoiar-stressdeguerra.com\/pt\/wp-content\/uploads\/2025\/07\/noticias-1024x376.png\" alt=\"\" width=\"800\" height=\"294\" srcset=\"https:\/\/apoiar-stressdeguerra.com\/pt\/wp-content\/uploads\/2025\/07\/noticias-1024x376.png 1024w, https:\/\/apoiar-stressdeguerra.com\/pt\/wp-content\/uploads\/2025\/07\/noticias-300x110.png 300w, https:\/\/apoiar-stressdeguerra.com\/pt\/wp-content\/uploads\/2025\/07\/noticias-768x282.png 768w, https:\/\/apoiar-stressdeguerra.com\/pt\/wp-content\/uploads\/2025\/07\/noticias.png 1536w\" sizes=\"auto, (max-width: 800px) 100vw, 800px\" \/><\/h4>\n<h4>Fique a par das \u00faltimas not\u00edcias e actividades da APOIAR. Acompanhe iniciativas de apoio a ex-combatentes e fam\u00edlias v\u00edtimas de stress de guerra em Portugal.<\/h4>\n<\/div>\n<\/div><\/div><\/div><\/div><div id=\"pg-26-1\"  class=\"panel-grid panel-no-style\" ><div id=\"pgc-26-1-0\"  class=\"panel-grid-cell\" ><div id=\"panel-26-1-0-0\" class=\"so-panel widget widget_recent-posts-widget-with-thumbnails recent-posts-widget-with-thumbnails panel-first-child\" data-index=\"1\" >\n<div id=\"rpwwt-widget-1-0-0\" class=\"rpwwt-widget\">\r\n<h3 class=\"widget-title\">EVENTOS<\/h3>\n\t<nav role=\"navigation\" aria-label=\"EVENTOS\">\r\n\t<ul>\r\n\t\t<li><a href=\"https:\/\/apoiar-stressdeguerra.com\/pt\/2026\/04\/17\/32o-aniversario-da-apoiar-22-de-abril-1500\/\"><img loading=\"lazy\" decoding=\"async\" width=\"45\" height=\"45\" src=\"https:\/\/apoiar-stressdeguerra.com\/pt\/wp-content\/uploads\/2026\/04\/Joyful-32nd-Anniversary-Poster-for-APOIAR-45x45.jpg\" class=\"attachment-45x45 size-45x45\" alt=\"\" srcset=\"https:\/\/apoiar-stressdeguerra.com\/pt\/wp-content\/uploads\/2026\/04\/Joyful-32nd-Anniversary-Poster-for-APOIAR-45x45.jpg 45w, https:\/\/apoiar-stressdeguerra.com\/pt\/wp-content\/uploads\/2026\/04\/Joyful-32nd-Anniversary-Poster-for-APOIAR-150x150.jpg 150w\" sizes=\"auto, (max-width: 45px) 100vw, 45px\" \/><span class=\"rpwwt-post-title\">32\u00ba Anivers\u00e1rio da APOIAR &#8211; 22 de ABRIL, 15:00<\/span><\/a><div class=\"rpwwt-post-date\">17 Abril, 2026<\/div><div class=\"rpwwt-post-excerpt\">Dia 22 de Abril de 2026 | 15:00 | Sede da Associa\u00e7\u00e3o APOIAR Venha celebrar conosco 32 anos de <span class=\"rpwwt-post-excerpt-more\"> [\u2026]<\/span><\/div><\/li>\r\n\t\t<li><a href=\"https:\/\/apoiar-stressdeguerra.com\/pt\/2026\/02\/25\/90a-assembleia-geral-ordinaria-quarta-feira-25-de-marco-1430\/\"><img loading=\"lazy\" decoding=\"async\" width=\"45\" height=\"45\" src=\"https:\/\/apoiar-stressdeguerra.com\/pt\/wp-content\/uploads\/2024\/03\/cropped-header-wordpress-1024x304-1-45x45.jpg\" class=\"attachment-45x45 size-45x45\" alt=\"\" srcset=\"https:\/\/apoiar-stressdeguerra.com\/pt\/wp-content\/uploads\/2024\/03\/cropped-header-wordpress-1024x304-1-45x45.jpg 45w, https:\/\/apoiar-stressdeguerra.com\/pt\/wp-content\/uploads\/2024\/03\/cropped-header-wordpress-1024x304-1-150x150.jpg 150w\" sizes=\"auto, (max-width: 45px) 100vw, 45px\" \/><span class=\"rpwwt-post-title\">90\u00aa Assembleia Geral Ordin\u00e1ria &#8211; Quarta-feira, 25 De Mar\u00e7o -14:30<\/span><\/a><div class=\"rpwwt-post-date\">25 Fevereiro, 2026<\/div><div class=\"rpwwt-post-excerpt\">90\u00aa ASSEMBLEIA GERAL ORDIN\u00c1RIA QUARTA-FEIRA, 25 DE MAR\u00c7O, \u00c0S 14:30 Nos termos do Artigo 29\u00ba, n.\u00ba 2, <span class=\"rpwwt-post-excerpt-more\"> [\u2026]<\/span><\/div><\/li>\r\n\t\t<li><a href=\"https:\/\/apoiar-stressdeguerra.com\/pt\/2025\/11\/28\/lancamento-do-livro-as-armas-dia-3-de-dezembro-1500-na-sede-da-apoiar\/\"><img loading=\"lazy\" decoding=\"async\" width=\"45\" height=\"45\" src=\"https:\/\/apoiar-stressdeguerra.com\/pt\/wp-content\/uploads\/2025\/11\/Lancamento-do-livro-45x45.png\" class=\"attachment-45x45 size-45x45\" alt=\"\" srcset=\"https:\/\/apoiar-stressdeguerra.com\/pt\/wp-content\/uploads\/2025\/11\/Lancamento-do-livro-45x45.png 45w, https:\/\/apoiar-stressdeguerra.com\/pt\/wp-content\/uploads\/2025\/11\/Lancamento-do-livro-150x150.png 150w\" sizes=\"auto, (max-width: 45px) 100vw, 45px\" \/><span class=\"rpwwt-post-title\">Lan\u00e7amento do Livro \u201c\u00c0s Armas!!!&#8230; Dia 3 de Dezembro 15:00 na sede da APOIAR<\/span><\/a><div class=\"rpwwt-post-date\">28 Novembro, 2025<\/div><div class=\"rpwwt-post-excerpt\">Lan\u00e7amento do Livro \u201c\u00c0s Armas!!!&#8230;\u201d de V\u00edtor Paz 3 de Dezembro | 15h00 Sede da Associa\u00e7\u00e3o <span class=\"rpwwt-post-excerpt-more\"> [\u2026]<\/span><\/div><\/li>\r\n\t\t<li><a href=\"https:\/\/apoiar-stressdeguerra.com\/pt\/2025\/11\/11\/89a-assembleia-geral-ordinaria-quarta-feira-26-de-novembro-as-1430\/\"><img loading=\"lazy\" decoding=\"async\" width=\"45\" height=\"45\" src=\"https:\/\/apoiar-stressdeguerra.com\/pt\/wp-content\/uploads\/2024\/03\/cropped-header-wordpress-1024x304-1-45x45.jpg\" class=\"attachment-45x45 size-45x45\" alt=\"\" srcset=\"https:\/\/apoiar-stressdeguerra.com\/pt\/wp-content\/uploads\/2024\/03\/cropped-header-wordpress-1024x304-1-45x45.jpg 45w, https:\/\/apoiar-stressdeguerra.com\/pt\/wp-content\/uploads\/2024\/03\/cropped-header-wordpress-1024x304-1-150x150.jpg 150w\" sizes=\"auto, (max-width: 45px) 100vw, 45px\" \/><span class=\"rpwwt-post-title\">89\u00aa Assembleia Geral Ordin\u00e1ria Quarta-feira, 26 de Novembro, \u00e0s 14:30<\/span><\/a><div class=\"rpwwt-post-date\">11 Novembro, 2025<\/div><div class=\"rpwwt-post-excerpt\">CONVOCAT\u00d3RIA 89\u00aa ASSEMBLEIA GERAL ORDIN\u00c1RIA QUARTA-FEIRA, 26 DE NOVEMBRO, \u00c0S 14:30 &nbsp; Or\u00e7amento <span class=\"rpwwt-post-excerpt-more\"> [\u2026]<\/span><\/div><\/li>\r\n\t<\/ul>\r\n\t<\/nav>\r\n<\/div><!-- .rpwwt-widget -->\r\n<\/div><div id=\"panel-26-1-0-1\" class=\"so-panel widget widget_sow-editor panel-last-child\" data-index=\"2\" ><div\n\t\t\t\n\t\t\tclass=\"so-widget-sow-editor so-widget-sow-editor-base\"\n\t\t\t\n\t\t>\n<div class=\"siteorigin-widget-tinymce textwidget\">\n\t<h3 style=\"text-align: center;\"><a href=\"http:\/\/apoiar-stressdeguerra.com\/pt\/category\/eventos\/\">Ver todos os eventos<\/a><\/h3>\n<\/div>\n<\/div><\/div><\/div><div id=\"pgc-26-1-1\"  class=\"panel-grid-cell\" ><div id=\"panel-26-1-1-0\" class=\"so-panel widget widget_recent-posts-widget-with-thumbnails recent-posts-widget-with-thumbnails panel-first-child\" data-index=\"3\" >\n<div id=\"rpwwt-widget-1-1-0\" class=\"rpwwt-widget\">\r\n<h3 class=\"widget-title\">\u00daLTIMAS NOT\u00cdCIAS<\/h3>\n\t<nav role=\"navigation\" aria-label=\"\u00daLTIMAS NOT\u00cdCIAS\">\r\n\t<ul>\r\n\t\t<li><a href=\"https:\/\/apoiar-stressdeguerra.com\/pt\/2026\/04\/01\/tolerancia-de-ponto-pascoa\/\"><img loading=\"lazy\" decoding=\"async\" width=\"45\" height=\"45\" src=\"https:\/\/apoiar-stressdeguerra.com\/pt\/wp-content\/uploads\/2026\/04\/Tolerancia-de-ponto-4-45x45.png\" class=\"attachment-45x45 size-45x45\" alt=\"\" srcset=\"https:\/\/apoiar-stressdeguerra.com\/pt\/wp-content\/uploads\/2026\/04\/Tolerancia-de-ponto-4-45x45.png 45w, https:\/\/apoiar-stressdeguerra.com\/pt\/wp-content\/uploads\/2026\/04\/Tolerancia-de-ponto-4-150x150.png 150w\" sizes=\"auto, (max-width: 45px) 100vw, 45px\" \/><span class=\"rpwwt-post-title\">Toler\u00e2ncia de Ponto P\u00e1scoa<\/span><\/a><div class=\"rpwwt-post-date\">1 Abril, 2026<\/div><div class=\"rpwwt-post-excerpt\">Informamos todos os utentes e associados que por motivos de toler\u00e2ncia de ponto, a sede da APOIAR <span class=\"rpwwt-post-excerpt-more\"> [\u2026]<\/span><\/div><\/li>\r\n\t\t<li><a href=\"https:\/\/apoiar-stressdeguerra.com\/pt\/2026\/03\/31\/apoiar-irs-solidario-2026\/\"><img loading=\"lazy\" decoding=\"async\" width=\"45\" height=\"45\" src=\"https:\/\/apoiar-stressdeguerra.com\/pt\/wp-content\/uploads\/2026\/03\/503-288-004-Banner-para-Twitch-45x45.png\" class=\"attachment-45x45 size-45x45\" alt=\"\" srcset=\"https:\/\/apoiar-stressdeguerra.com\/pt\/wp-content\/uploads\/2026\/03\/503-288-004-Banner-para-Twitch-45x45.png 45w, https:\/\/apoiar-stressdeguerra.com\/pt\/wp-content\/uploads\/2026\/03\/503-288-004-Banner-para-Twitch-150x150.png 150w\" sizes=\"auto, (max-width: 45px) 100vw, 45px\" \/><span class=\"rpwwt-post-title\">IRS Solid\u00e1rio 2026: Ajude-nos a transformar hist\u00f3rias em esperan\u00e7a<\/span><\/a><div class=\"rpwwt-post-date\">31 Mar\u00e7o, 2026<\/div><div class=\"rpwwt-post-excerpt\">Consigne 1% do seu IRS sem qualquer custo H\u00e1 feridas que n\u00e3o se veem. Mas existem.Os veteranos <span class=\"rpwwt-post-excerpt-more\"> [\u2026]<\/span><\/div><\/li>\r\n\t\t<li><a href=\"https:\/\/apoiar-stressdeguerra.com\/pt\/2025\/12\/09\/tolerancia-natal-2025\/\"><img loading=\"lazy\" decoding=\"async\" width=\"45\" height=\"45\" src=\"https:\/\/apoiar-stressdeguerra.com\/pt\/wp-content\/uploads\/2025\/06\/Tolerancia-de-ponto-2-45x45.png\" class=\"attachment-45x45 size-45x45\" alt=\"\" srcset=\"https:\/\/apoiar-stressdeguerra.com\/pt\/wp-content\/uploads\/2025\/06\/Tolerancia-de-ponto-2-45x45.png 45w, https:\/\/apoiar-stressdeguerra.com\/pt\/wp-content\/uploads\/2025\/06\/Tolerancia-de-ponto-2-150x150.png 150w\" sizes=\"auto, (max-width: 45px) 100vw, 45px\" \/><span class=\"rpwwt-post-title\">Toler\u00e2ncia de Ponto Natal e Ano Novo<\/span><\/a><div class=\"rpwwt-post-date\">9 Dezembro, 2025<\/div><div class=\"rpwwt-post-excerpt\">&nbsp; TOLER\u00c2NCIA DE PONTO NATAL E ANO NOVO A APOIAR estar\u00e1 encerrada nos dias 26 de Dezembro de <span class=\"rpwwt-post-excerpt-more\"> [\u2026]<\/span><\/div><\/li>\r\n\t\t<li><a href=\"https:\/\/apoiar-stressdeguerra.com\/pt\/2025\/03\/31\/consignacao-irs-apoiar-2025\/\"><img loading=\"lazy\" decoding=\"async\" width=\"45\" height=\"45\" src=\"https:\/\/apoiar-stressdeguerra.com\/pt\/wp-content\/uploads\/2025\/03\/IRS-2025-Capa-para-Facebook-45x45.png\" class=\"attachment-45x45 size-45x45\" alt=\"A ferida \u00e9 invis\u00edvel. A sua ajuda n\u00e3o.\" srcset=\"https:\/\/apoiar-stressdeguerra.com\/pt\/wp-content\/uploads\/2025\/03\/IRS-2025-Capa-para-Facebook-45x45.png 45w, https:\/\/apoiar-stressdeguerra.com\/pt\/wp-content\/uploads\/2025\/03\/IRS-2025-Capa-para-Facebook-150x150.png 150w\" sizes=\"auto, (max-width: 45px) 100vw, 45px\" \/><span class=\"rpwwt-post-title\">Consigna\u00e7\u00e3o IRS APOIAR 2025<\/span><\/a><div class=\"rpwwt-post-date\">31 Mar\u00e7o, 2025<\/div><div class=\"rpwwt-post-excerpt\">IRS Solid\u00e1rio: A Ferida \u00e9 Invis\u00edvel. A Sua Ajuda N\u00e3o. Este ano poder\u00e1 fazer a consigna\u00e7\u00e3o de 1% do <span class=\"rpwwt-post-excerpt-more\"> [\u2026]<\/span><\/div><\/li>\r\n\t<\/ul>\r\n\t<\/nav>\r\n<\/div><!-- .rpwwt-widget -->\r\n<\/div><div id=\"panel-26-1-1-1\" class=\"so-panel widget widget_sow-editor panel-last-child\" data-index=\"4\" ><div\n\t\t\t\n\t\t\tclass=\"so-widget-sow-editor so-widget-sow-editor-base\"\n\t\t\t\n\t\t>\n<div class=\"siteorigin-widget-tinymce textwidget\">\n\t<h3 style=\"text-align: center;\"><a href=\"http:\/\/apoiar-stressdeguerra.com\/pt\/category\/noticias\/\">Ver todas as not\u00edcias<\/a><\/h3>\n<\/div>\n<\/div><\/div><\/div><\/div><div id=\"pg-26-2\"  class=\"panel-grid panel-no-style\" ><div id=\"pgc-26-2-0\"  class=\"panel-grid-cell\" ><div id=\"panel-26-2-0-0\" class=\"so-panel widget widget_rss panel-first-child panel-last-child\" data-index=\"5\" ><h3 class=\"widget-title\"><a class=\"rsswidget rss-widget-feed\" href=\"http:\/\/us7.campaign-archive.com\/feed?u=d94a8ecff211f86ed16aba401&#038;id=84a8e8a576\"><img decoding=\"async\" class=\"rss-widget-icon\" style=\"border:0\" width=\"14\" height=\"14\" src=\"https:\/\/apoiar-stressdeguerra.com\/pt\/wp-includes\/images\/rss.png\" alt=\"RSS\" loading=\"lazy\" \/><\/a> <a class=\"rsswidget rss-widget-title\" href=\"https:\/\/us7.campaign-archive.com\/feed?u=d94a8ecff211f86ed16aba401&#038;id=84a8e8a576\">A nossa Newsletter<\/a><\/h3><nav aria-label=\"A nossa Newsletter\"><ul><li><a class='rsswidget' href='https:\/\/mailchi.mp\/261e9cbf4dae\/irs-solidrio-apoiar-2025'>IRS SOLID\u00c1RIO APOIAR 2025<\/a> <span class=\"rss-date\">2 Abril, 2025<\/span><\/li><li><a class='rsswidget' href='https:\/\/mailchi.mp\/4076ce4b1942\/colquio-sobre-lcool-e-sade-mental-na-apoiar-dia-10-de-dezembro'>Col\u00f3quio sobre \u00e1lcool e sa\u00fade mental na APOIAR dia 10 de Dezembro<\/a> <span class=\"rss-date\">4 Dezembro, 2024<\/span><\/li><li><a class='rsswidget' href='https:\/\/mailchi.mp\/2bfc501c2bfc\/consignao-irs-apoiar-2024'>Consigna\u00e7\u00e3o IRS APOIAR 2024<\/a> <span class=\"rss-date\">28 Mar\u00e7o, 2024<\/span><\/li><li><a class='rsswidget' href='https:\/\/mailchi.mp\/53c7f4f0825f\/musical-com-carolina-deslandes-e-brbara-tinoco-ajuda-vtimas-de-stress-de-guerra-15402065'>Musical com Carolina Deslandes e B\u00e1rbara Tinoco ajuda v\u00edtimas de Stress de Guerra<\/a> <span class=\"rss-date\">2 Fevereiro, 2024<\/span><\/li><li><a class='rsswidget' href='https:\/\/mailchi.mp\/563c83b12ffc\/nova-pgina-de-facebook-da-apoiar'>Nova P\u00e1gina de Facebook da APOIAR<\/a> <span class=\"rss-date\">17 Maio, 2023<\/span><\/li><\/ul><\/nav><\/div><\/div><div id=\"pgc-26-2-1\"  class=\"panel-grid-cell\" ><div id=\"panel-26-2-1-0\" class=\"so-panel widget widget_mc4wp_form_widget panel-first-child panel-last-child\" data-index=\"6\" ><h3 class=\"widget-title\">Subscrever<\/h3><script>(function() {\n\twindow.mc4wp = window.mc4wp || {\n\t\tlisteners: [],\n\t\tforms: {\n\t\t\ton: function(evt, cb) {\n\t\t\t\twindow.mc4wp.listeners.push(\n\t\t\t\t\t{\n\t\t\t\t\t\tevent   : evt,\n\t\t\t\t\t\tcallback: cb\n\t\t\t\t\t}\n\t\t\t\t);\n\t\t\t}\n\t\t}\n\t}\n})();\n<\/script><!-- Mailchimp for WordPress v4.11.1 - https:\/\/wordpress.org\/plugins\/mailchimp-for-wp\/ --><form id=\"mc4wp-form-1\" class=\"mc4wp-form mc4wp-form-652\" method=\"post\" data-id=\"652\" data-name=\"Subscreva a nossa Newsletter\" ><div class=\"mc4wp-form-fields\"><p>\r\n    <label>Endere\u00e7o de e-mail<\/label>\r\n    <input type=\"email\" name=\"EMAIL\" placeholder=\"Insira um endere\u00e7o de e-mail v\u00e1lido\"\r\n    required=\"\">\r\n<\/p>\r\n<p>\r\n    <input type=\"submit\" value=\"Subscrever\">\r\n<\/p>\r\n<\/div><label style=\"display: none !important;\">Deixe este campo vazio se for humano: <input type=\"text\" name=\"_mc4wp_honeypot\" value=\"\" tabindex=\"-1\" autocomplete=\"off\" \/><\/label><input type=\"hidden\" name=\"_mc4wp_timestamp\" value=\"1776932716\" \/><input type=\"hidden\" name=\"_mc4wp_form_id\" value=\"652\" \/><input type=\"hidden\" name=\"_mc4wp_form_element_id\" value=\"mc4wp-form-1\" \/><div class=\"mc4wp-response\"><\/div><\/form><!-- \/ Mailchimp for WordPress Plugin --><\/div><\/div><\/div><\/div>","protected":false},"excerpt":{"rendered":"<p>Fique a par das \u00faltimas not\u00edcias e actividades da APOIAR. Acompanhe iniciativas de apoio a ex-combatentes e fam\u00edlias v\u00edtimas de stress de guerra em Portugal. Ver todos os eventos Ver todas as not\u00edcias<\/p>\n","protected":false},"author":1,"featured_media":193,"parent":0,"menu_order":0,"comment_status":"closed","ping_status":"closed","template":"","meta":{"_uf_show_specific_survey":0,"_uf_disable_surveys":false,"footnotes":""},"class_list":["post-26","page","type-page","status-publish","has-post-thumbnail","hentry"],"yoast_head":"<!-- This site is optimized with the Yoast SEO plugin v26.8 - https:\/\/yoast.com\/product\/yoast-seo-wordpress\/ -->\n<title>NOT\u00cdCIAS E EVENTOS - APOIAR<\/title>\n<meta name=\"description\" content=\"Fique a par das \u00faltimas not\u00edcias e actividades da APOIAR. Acompanhe iniciativas de apoio a ex-combatentes e fam\u00edlias v\u00edtimas de stress de guerra em Portugal.\" \/>\n<meta name=\"robots\" content=\"index, follow, max-snippet:-1, max-image-preview:large, max-video-preview:-1\" \/>\n<link rel=\"canonical\" href=\"https:\/\/apoiar-stressdeguerra.com\/pt\/noticias-e-eventos\/\" \/>\n<meta property=\"og:locale\" content=\"pt_PT\" \/>\n<meta property=\"og:type\" content=\"article\" \/>\n<meta property=\"og:title\" content=\"NOT\u00cdCIAS E EVENTOS - APOIAR\" \/>\n<meta property=\"og:description\" content=\"Fique a par das \u00faltimas not\u00edcias e actividades da APOIAR. Acompanhe iniciativas de apoio a ex-combatentes e fam\u00edlias v\u00edtimas de stress de guerra em Portugal.\" \/>\n<meta property=\"og:url\" content=\"https:\/\/apoiar-stressdeguerra.com\/pt\/noticias-e-eventos\/\" \/>\n<meta property=\"og:site_name\" content=\"APOIAR\" \/>\n<meta property=\"article:publisher\" content=\"https:\/\/www.facebook.com\/stressdeguerraapoiar\/\" \/>\n<meta property=\"article:modified_time\" content=\"2025-07-23T08:56:46+00:00\" \/>\n<meta property=\"og:image\" content=\"https:\/\/apoiar-stressdeguerra.com\/pt\/wp-content\/uploads\/2017\/02\/cropped-header-wordpress-1.jpg\" \/>\n\t<meta property=\"og:image:width\" content=\"1435\" \/>\n\t<meta property=\"og:image:height\" content=\"410\" \/>\n\t<meta property=\"og:image:type\" content=\"image\/jpeg\" \/>\n<meta name=\"twitter:card\" content=\"summary_large_image\" \/>\n<meta name=\"twitter:site\" content=\"@aapoiar\" \/>\n<meta name=\"twitter:label1\" content=\"Tempo estimado de leitura\" \/>\n\t<meta name=\"twitter:data1\" content=\"4 minutos\" \/>\n<script type=\"application\/ld+json\" class=\"yoast-schema-graph\">{\"@context\":\"https:\/\/schema.org\",\"@graph\":[{\"@type\":\"WebPage\",\"@id\":\"https:\/\/apoiar-stressdeguerra.com\/pt\/noticias-e-eventos\/\",\"url\":\"https:\/\/apoiar-stressdeguerra.com\/pt\/noticias-e-eventos\/\",\"name\":\"NOT\u00cdCIAS E EVENTOS - APOIAR\",\"isPartOf\":{\"@id\":\"https:\/\/apoiar-stressdeguerra.com\/pt\/#website\"},\"primaryImageOfPage\":{\"@id\":\"https:\/\/apoiar-stressdeguerra.com\/pt\/noticias-e-eventos\/#primaryimage\"},\"image\":{\"@id\":\"https:\/\/apoiar-stressdeguerra.com\/pt\/noticias-e-eventos\/#primaryimage\"},\"thumbnailUrl\":\"https:\/\/apoiar-stressdeguerra.com\/pt\/wp-content\/uploads\/2017\/02\/cropped-header-wordpress-1.jpg\",\"datePublished\":\"2017-02-21T12:06:11+00:00\",\"dateModified\":\"2025-07-23T08:56:46+00:00\",\"description\":\"Fique a par das \u00faltimas not\u00edcias e actividades da APOIAR. Acompanhe iniciativas de apoio a ex-combatentes e fam\u00edlias v\u00edtimas de stress de guerra em Portugal.\",\"breadcrumb\":{\"@id\":\"https:\/\/apoiar-stressdeguerra.com\/pt\/noticias-e-eventos\/#breadcrumb\"},\"inLanguage\":\"pt-PT\",\"potentialAction\":[{\"@type\":\"ReadAction\",\"target\":[\"https:\/\/apoiar-stressdeguerra.com\/pt\/noticias-e-eventos\/\"]}]},{\"@type\":\"ImageObject\",\"inLanguage\":\"pt-PT\",\"@id\":\"https:\/\/apoiar-stressdeguerra.com\/pt\/noticias-e-eventos\/#primaryimage\",\"url\":\"https:\/\/apoiar-stressdeguerra.com\/pt\/wp-content\/uploads\/2017\/02\/cropped-header-wordpress-1.jpg\",\"contentUrl\":\"https:\/\/apoiar-stressdeguerra.com\/pt\/wp-content\/uploads\/2017\/02\/cropped-header-wordpress-1.jpg\",\"width\":1435,\"height\":410},{\"@type\":\"BreadcrumbList\",\"@id\":\"https:\/\/apoiar-stressdeguerra.com\/pt\/noticias-e-eventos\/#breadcrumb\",\"itemListElement\":[{\"@type\":\"ListItem\",\"position\":1,\"name\":\"In\u00edcio\",\"item\":\"https:\/\/apoiar-stressdeguerra.com\/pt\/\"},{\"@type\":\"ListItem\",\"position\":2,\"name\":\"NOT\u00cdCIAS E EVENTOS\"}]},{\"@type\":\"WebSite\",\"@id\":\"https:\/\/apoiar-stressdeguerra.com\/pt\/#website\",\"url\":\"https:\/\/apoiar-stressdeguerra.com\/pt\/\",\"name\":\"APOIAR\",\"description\":\"Associa\u00e7\u00e3o de Apoio aos Ex-combatentes V\u00edtimas do Stress de Guerra.\",\"publisher\":{\"@id\":\"https:\/\/apoiar-stressdeguerra.com\/pt\/#organization\"},\"potentialAction\":[{\"@type\":\"SearchAction\",\"target\":{\"@type\":\"EntryPoint\",\"urlTemplate\":\"https:\/\/apoiar-stressdeguerra.com\/pt\/?s={search_term_string}\"},\"query-input\":{\"@type\":\"PropertyValueSpecification\",\"valueRequired\":true,\"valueName\":\"search_term_string\"}}],\"inLanguage\":\"pt-PT\"},{\"@type\":\"Organization\",\"@id\":\"https:\/\/apoiar-stressdeguerra.com\/pt\/#organization\",\"name\":\"APOIAR\",\"url\":\"https:\/\/apoiar-stressdeguerra.com\/pt\/\",\"logo\":{\"@type\":\"ImageObject\",\"inLanguage\":\"pt-PT\",\"@id\":\"https:\/\/apoiar-stressdeguerra.com\/pt\/#\/schema\/logo\/image\/\",\"url\":\"https:\/\/apoiar-stressdeguerra.com\/pt\/wp-content\/uploads\/2017\/03\/LOGO_tb_transparente.gif\",\"contentUrl\":\"https:\/\/apoiar-stressdeguerra.com\/pt\/wp-content\/uploads\/2017\/03\/LOGO_tb_transparente.gif\",\"width\":153,\"height\":59,\"caption\":\"APOIAR\"},\"image\":{\"@id\":\"https:\/\/apoiar-stressdeguerra.com\/pt\/#\/schema\/logo\/image\/\"},\"sameAs\":[\"https:\/\/www.facebook.com\/stressdeguerraapoiar\/\",\"https:\/\/x.com\/aapoiar\"]}]}<\/script>\n<!-- \/ Yoast SEO plugin. -->","yoast_head_json":{"title":"NOT\u00cdCIAS E EVENTOS - APOIAR","description":"Fique a par das \u00faltimas not\u00edcias e actividades da APOIAR. Acompanhe iniciativas de apoio a ex-combatentes e fam\u00edlias v\u00edtimas de stress de guerra em Portugal.","robots":{"index":"index","follow":"follow","max-snippet":"max-snippet:-1","max-image-preview":"max-image-preview:large","max-video-preview":"max-video-preview:-1"},"canonical":"https:\/\/apoiar-stressdeguerra.com\/pt\/noticias-e-eventos\/","og_locale":"pt_PT","og_type":"article","og_title":"NOT\u00cdCIAS E EVENTOS - APOIAR","og_description":"Fique a par das \u00faltimas not\u00edcias e actividades da APOIAR. Acompanhe iniciativas de apoio a ex-combatentes e fam\u00edlias v\u00edtimas de stress de guerra em Portugal.","og_url":"https:\/\/apoiar-stressdeguerra.com\/pt\/noticias-e-eventos\/","og_site_name":"APOIAR","article_publisher":"https:\/\/www.facebook.com\/stressdeguerraapoiar\/","article_modified_time":"2025-07-23T08:56:46+00:00","og_image":[{"width":1435,"height":410,"url":"https:\/\/apoiar-stressdeguerra.com\/pt\/wp-content\/uploads\/2017\/02\/cropped-header-wordpress-1.jpg","type":"image\/jpeg"}],"twitter_card":"summary_large_image","twitter_site":"@aapoiar","twitter_misc":{"Tempo estimado de leitura":"4 minutos"},"schema":{"@context":"https:\/\/schema.org","@graph":[{"@type":"WebPage","@id":"https:\/\/apoiar-stressdeguerra.com\/pt\/noticias-e-eventos\/","url":"https:\/\/apoiar-stressdeguerra.com\/pt\/noticias-e-eventos\/","name":"NOT\u00cdCIAS E EVENTOS - APOIAR","isPartOf":{"@id":"https:\/\/apoiar-stressdeguerra.com\/pt\/#website"},"primaryImageOfPage":{"@id":"https:\/\/apoiar-stressdeguerra.com\/pt\/noticias-e-eventos\/#primaryimage"},"image":{"@id":"https:\/\/apoiar-stressdeguerra.com\/pt\/noticias-e-eventos\/#primaryimage"},"thumbnailUrl":"https:\/\/apoiar-stressdeguerra.com\/pt\/wp-content\/uploads\/2017\/02\/cropped-header-wordpress-1.jpg","datePublished":"2017-02-21T12:06:11+00:00","dateModified":"2025-07-23T08:56:46+00:00","description":"Fique a par das \u00faltimas not\u00edcias e actividades da APOIAR. Acompanhe iniciativas de apoio a ex-combatentes e fam\u00edlias v\u00edtimas de stress de guerra em Portugal.","breadcrumb":{"@id":"https:\/\/apoiar-stressdeguerra.com\/pt\/noticias-e-eventos\/#breadcrumb"},"inLanguage":"pt-PT","potentialAction":[{"@type":"ReadAction","target":["https:\/\/apoiar-stressdeguerra.com\/pt\/noticias-e-eventos\/"]}]},{"@type":"ImageObject","inLanguage":"pt-PT","@id":"https:\/\/apoiar-stressdeguerra.com\/pt\/noticias-e-eventos\/#primaryimage","url":"https:\/\/apoiar-stressdeguerra.com\/pt\/wp-content\/uploads\/2017\/02\/cropped-header-wordpress-1.jpg","contentUrl":"https:\/\/apoiar-stressdeguerra.com\/pt\/wp-content\/uploads\/2017\/02\/cropped-header-wordpress-1.jpg","width":1435,"height":410},{"@type":"BreadcrumbList","@id":"https:\/\/apoiar-stressdeguerra.com\/pt\/noticias-e-eventos\/#breadcrumb","itemListElement":[{"@type":"ListItem","position":1,"name":"In\u00edcio","item":"https:\/\/apoiar-stressdeguerra.com\/pt\/"},{"@type":"ListItem","position":2,"name":"NOT\u00cdCIAS E EVENTOS"}]},{"@type":"WebSite","@id":"https:\/\/apoiar-stressdeguerra.com\/pt\/#website","url":"https:\/\/apoiar-stressdeguerra.com\/pt\/","name":"APOIAR","description":"Associa\u00e7\u00e3o de Apoio aos Ex-combatentes V\u00edtimas do Stress de Guerra.","publisher":{"@id":"https:\/\/apoiar-stressdeguerra.com\/pt\/#organization"},"potentialAction":[{"@type":"SearchAction","target":{"@type":"EntryPoint","urlTemplate":"https:\/\/apoiar-stressdeguerra.com\/pt\/?s={search_term_string}"},"query-input":{"@type":"PropertyValueSpecification","valueRequired":true,"valueName":"search_term_string"}}],"inLanguage":"pt-PT"},{"@type":"Organization","@id":"https:\/\/apoiar-stressdeguerra.com\/pt\/#organization","name":"APOIAR","url":"https:\/\/apoiar-stressdeguerra.com\/pt\/","logo":{"@type":"ImageObject","inLanguage":"pt-PT","@id":"https:\/\/apoiar-stressdeguerra.com\/pt\/#\/schema\/logo\/image\/","url":"https:\/\/apoiar-stressdeguerra.com\/pt\/wp-content\/uploads\/2017\/03\/LOGO_tb_transparente.gif","contentUrl":"https:\/\/apoiar-stressdeguerra.com\/pt\/wp-content\/uploads\/2017\/03\/LOGO_tb_transparente.gif","width":153,"height":59,"caption":"APOIAR"},"image":{"@id":"https:\/\/apoiar-stressdeguerra.com\/pt\/#\/schema\/logo\/image\/"},"sameAs":["https:\/\/www.facebook.com\/stressdeguerraapoiar\/","https:\/\/x.com\/aapoiar"]}]}},"_links":{"self":[{"href":"https:\/\/apoiar-stressdeguerra.com\/pt\/wp-json\/wp\/v2\/pages\/26","targetHints":{"allow":["GET"]}}],"collection":[{"href":"https:\/\/apoiar-stressdeguerra.com\/pt\/wp-json\/wp\/v2\/pages"}],"about":[{"href":"https:\/\/apoiar-stressdeguerra.com\/pt\/wp-json\/wp\/v2\/types\/page"}],"author":[{"embeddable":true,"href":"https:\/\/apoiar-stressdeguerra.com\/pt\/wp-json\/wp\/v2\/users\/1"}],"replies":[{"embeddable":true,"href":"https:\/\/apoiar-stressdeguerra.com\/pt\/wp-json\/wp\/v2\/comments?post=26"}],"version-history":[{"count":16,"href":"https:\/\/apoiar-stressdeguerra.com\/pt\/wp-json\/wp\/v2\/pages\/26\/revisions"}],"predecessor-version":[{"id":2447,"href":"https:\/\/apoiar-stressdeguerra.com\/pt\/wp-json\/wp\/v2\/pages\/26\/revisions\/2447"}],"wp:featuredmedia":[{"embeddable":true,"href":"https:\/\/apoiar-stressdeguerra.com\/pt\/wp-json\/wp\/v2\/media\/193"}],"wp:attachment":[{"href":"https:\/\/apoiar-stressdeguerra.com\/pt\/wp-json\/wp\/v2\/media?parent=26"}],"curies":[{"name":"wp","href":"https:\/\/api.w.org\/{rel}","templated":true}]}}