{"id":278,"date":"2017-03-01T16:58:04","date_gmt":"2017-03-01T16:58:04","guid":{"rendered":"http:\/\/apoiar-stressdeguerra.com\/pt\/?page_id=278"},"modified":"2025-07-29T14:19:45","modified_gmt":"2025-07-29T14:19:45","slug":"artigos-cientificos","status":"publish","type":"page","link":"https:\/\/apoiar-stressdeguerra.com\/pt\/o-stress-de-guerra\/artigos-cientificos\/","title":{"rendered":"Artigos Cient\u00edficos"},"content":{"rendered":"<div id=\"pl-278\"  class=\"panel-layout\" ><div id=\"pg-278-0\"  class=\"panel-grid panel-no-style\" ><div id=\"pgc-278-0-0\"  class=\"panel-grid-cell\" ><div id=\"panel-278-0-0-0\" class=\"so-panel widget widget_sow-editor panel-first-child panel-last-child\" data-index=\"0\" ><div\n\t\t\t\n\t\t\tclass=\"so-widget-sow-editor so-widget-sow-editor-base\"\n\t\t\t\n\t\t>\n<div class=\"siteorigin-widget-tinymce textwidget\">\n\t<p data-start=\"295\" data-end=\"692\"><img loading=\"lazy\" decoding=\"async\" class=\"alignnone wp-image-2448 size-large\" src=\"https:\/\/apoiar-stressdeguerra.com\/pt\/wp-content\/uploads\/2025\/07\/artigos-1024x423.png\" alt=\"Consulte artigos cient\u00edficos sobre stress de guerra, sa\u00fade mental, direitos dos ex-combatentes e apoio psicol\u00f3gico. Conte\u00fados revistos pelo corpo t\u00e9cnico da APOIAR.\n\n\" width=\"800\" height=\"330\" srcset=\"https:\/\/apoiar-stressdeguerra.com\/pt\/wp-content\/uploads\/2025\/07\/artigos-1024x423.png 1024w, https:\/\/apoiar-stressdeguerra.com\/pt\/wp-content\/uploads\/2025\/07\/artigos-300x124.png 300w, https:\/\/apoiar-stressdeguerra.com\/pt\/wp-content\/uploads\/2025\/07\/artigos-768x317.png 768w, https:\/\/apoiar-stressdeguerra.com\/pt\/wp-content\/uploads\/2025\/07\/artigos.png 1536w\" sizes=\"auto, (max-width: 800px) 100vw, 800px\" \/><\/p>\n<p data-start=\"295\" data-end=\"692\">Nesta sec\u00e7\u00e3o poder\u00e1 encontrar uma selec\u00e7\u00e3o de <strong data-start=\"341\" data-end=\"402\">artigos cient\u00edficos e jornal\u00edsticos sobre stress de guerra e sa\u00fade mental<\/strong>, com enfoque nas \u00e1reas <strong data-start=\"426\" data-end=\"475\">cl\u00ednica, hist\u00f3rica, jur\u00eddica e comunicacional<\/strong>. Todos os conte\u00fados foram <strong data-start=\"502\" data-end=\"538\">escritos, traduzidos ou revistos<\/strong> pelo corpo t\u00e9cnico da APOIAR, com base em trabalhos previamente publicados no <strong data-start=\"617\" data-end=\"634\">Jornal APOIAR<\/strong> ou em revistas especializadas nacionais e internacionais. Os artigos aqui disponibilizados visam informar, sensibilizar e aprofundar o conhecimento sobre as <strong data-start=\"793\" data-end=\"833\">consequ\u00eancias psicol\u00f3gicas da guerra<\/strong>, o impacto nas fam\u00edlias, os direitos dos ex-combatentes e as melhores pr\u00e1ticas terap\u00eauticas.<\/p>\n<blockquote>\n<p data-start=\"694\" data-end=\"926\"><strong style=\"font-size: 15px;\" data-start=\"930\" data-end=\"938\">Nota<\/strong><span style=\"font-size: 15px;\">: Estes artigos podem ser citados ou reproduzidos desde que seja feita men\u00e7\u00e3o ao seu autor e \u00e0 fonte original (APOIAR).<\/span><\/p>\n<\/blockquote>\n<\/div>\n<\/div><\/div><\/div><\/div><div id=\"pg-278-1\"  class=\"panel-grid panel-no-style\" ><div id=\"pgc-278-1-0\"  class=\"panel-grid-cell\" ><div id=\"panel-278-1-0-0\" class=\"so-panel widget widget_recent-posts-widget-with-thumbnails recent-posts-widget-with-thumbnails panel-first-child\" data-index=\"1\" >\n<div id=\"rpwwt-widget-1-0-0\" class=\"rpwwt-widget\">\r\n<h3 class=\"widget-title\">Artigos mais recentes<\/h3>\n\t<nav role=\"navigation\" aria-label=\"Artigos mais recentes\">\r\n\t<ul>\r\n\t\t<li><a href=\"https:\/\/apoiar-stressdeguerra.com\/pt\/2026\/03\/20\/saber-mais-sobre-inteligencia-artificial\/\"><img loading=\"lazy\" decoding=\"async\" width=\"55\" height=\"55\" src=\"https:\/\/apoiar-stressdeguerra.com\/pt\/wp-content\/uploads\/2026\/03\/Sessao-IA-2026-Cartaz-150x150.png\" class=\"attachment-55x55 size-55x55\" alt=\"\" srcset=\"https:\/\/apoiar-stressdeguerra.com\/pt\/wp-content\/uploads\/2026\/03\/Sessao-IA-2026-Cartaz-150x150.png 150w, https:\/\/apoiar-stressdeguerra.com\/pt\/wp-content\/uploads\/2026\/03\/Sessao-IA-2026-Cartaz-45x45.png 45w\" sizes=\"auto, (max-width: 55px) 100vw, 55px\" \/><span class=\"rpwwt-post-title\">Saber mais sobre Intelig\u00eancia Artificial<\/span><\/a><div class=\"rpwwt-post-excerpt\">A APOIAR realizou uma sess\u00e3o de esclarecimento sobre a Intelig\u00eancia Artificial e os desafios que a <span class=\"rpwwt-post-excerpt-more\"> [\u2026]<\/span><\/div><\/li>\r\n\t\t<li><a href=\"https:\/\/apoiar-stressdeguerra.com\/pt\/2025\/09\/23\/calor-extremo-e-saude-mental-quando-o-tempo-pesa-na-mente\/\"><img loading=\"lazy\" decoding=\"async\" width=\"55\" height=\"55\" src=\"https:\/\/apoiar-stressdeguerra.com\/pt\/wp-content\/uploads\/2025\/09\/IA-150x150.jpg\" class=\"attachment-55x55 size-55x55\" alt=\"\" srcset=\"https:\/\/apoiar-stressdeguerra.com\/pt\/wp-content\/uploads\/2025\/09\/IA-150x150.jpg 150w, https:\/\/apoiar-stressdeguerra.com\/pt\/wp-content\/uploads\/2025\/09\/IA-45x45.jpg 45w\" sizes=\"auto, (max-width: 55px) 100vw, 55px\" \/><span class=\"rpwwt-post-title\">Calor extremo e sa\u00fade mental: quando o tempo pesa na mente<\/span><\/a><div class=\"rpwwt-post-excerpt\">O impacto do calor extremo na sa\u00fade mental Estudos recentes na Austr\u00e1lia e um documento da Ordem <span class=\"rpwwt-post-excerpt-more\"> [\u2026]<\/span><\/div><\/li>\r\n\t\t<li><a href=\"https:\/\/apoiar-stressdeguerra.com\/pt\/2025\/06\/17\/filhos-da-guerra-impacto-do-trauma-guerra-na-vida-dos-filhos-dos-ex-combatentes-portugueses\/\"><img loading=\"lazy\" decoding=\"async\" width=\"55\" height=\"55\" src=\"https:\/\/apoiar-stressdeguerra.com\/pt\/wp-content\/uploads\/2025\/06\/filhos-da-guerra-banner-150x150.png\" class=\"attachment-55x55 size-55x55\" alt=\"\" srcset=\"https:\/\/apoiar-stressdeguerra.com\/pt\/wp-content\/uploads\/2025\/06\/filhos-da-guerra-banner-150x150.png 150w, https:\/\/apoiar-stressdeguerra.com\/pt\/wp-content\/uploads\/2025\/06\/filhos-da-guerra-banner-45x45.png 45w\" sizes=\"auto, (max-width: 55px) 100vw, 55px\" \/><span class=\"rpwwt-post-title\">FILHOS DA GUERRA \u2013 O impacto do trauma de guerra na vida dos filhos dos ex-combatentes portugueses<\/span><\/a><div class=\"rpwwt-post-excerpt\">A Gera\u00e7\u00e3o a seguir: Trauma de guerra nos filhos dos ex-combatentes Portugal viu, durante 15 anos, <span class=\"rpwwt-post-excerpt-more\"> [\u2026]<\/span><\/div><\/li>\r\n\t\t<li><a href=\"https:\/\/apoiar-stressdeguerra.com\/pt\/2019\/12\/04\/apoiar-abordou-as-varias-facetas-do-trauma-na-gulbenkian\/\"><img loading=\"lazy\" decoding=\"async\" width=\"55\" height=\"55\" src=\"https:\/\/apoiar-stressdeguerra.com\/pt\/wp-content\/uploads\/2020\/01\/trauma-e-stress-de-guerra-Gulbenkian-2019.11.06-2-e1753352885703-150x150.jpg\" class=\"attachment-55x55 size-55x55\" alt=\"\" srcset=\"https:\/\/apoiar-stressdeguerra.com\/pt\/wp-content\/uploads\/2020\/01\/trauma-e-stress-de-guerra-Gulbenkian-2019.11.06-2-e1753352885703-150x150.jpg 150w, https:\/\/apoiar-stressdeguerra.com\/pt\/wp-content\/uploads\/2020\/01\/trauma-e-stress-de-guerra-Gulbenkian-2019.11.06-2-e1753352885703-45x45.jpg 45w\" sizes=\"auto, (max-width: 55px) 100vw, 55px\" \/><span class=\"rpwwt-post-title\">A APOIAR abordou as v\u00e1rias  facetas do trauma na Gulbenkian<\/span><\/a><div class=\"rpwwt-post-excerpt\">STRESS P\u00d3S TRAUM\u00c1TICO DE GUERRA A Funda\u00e7\u00e3o Calouste Gulbenkian recebeu o encontro \u201cTrauma e Stress <span class=\"rpwwt-post-excerpt-more\"> [\u2026]<\/span><\/div><\/li>\r\n\t\t<li><a href=\"https:\/\/apoiar-stressdeguerra.com\/pt\/2018\/10\/19\/saude-mental-esgotou-forum-lisboa\/\"><img loading=\"lazy\" decoding=\"async\" width=\"55\" height=\"55\" src=\"https:\/\/apoiar-stressdeguerra.com\/pt\/wp-content\/uploads\/2018\/10\/saude-menatl-forum-lisboa-18-150x150.jpg\" class=\"attachment-55x55 size-55x55\" alt=\"\" srcset=\"https:\/\/apoiar-stressdeguerra.com\/pt\/wp-content\/uploads\/2018\/10\/saude-menatl-forum-lisboa-18-150x150.jpg 150w, https:\/\/apoiar-stressdeguerra.com\/pt\/wp-content\/uploads\/2018\/10\/saude-menatl-forum-lisboa-18-45x45.jpg 45w\" sizes=\"auto, (max-width: 55px) 100vw, 55px\" \/><span class=\"rpwwt-post-title\">Sa\u00fade mental esgotou F\u00f3rum Lisboa<\/span><\/a><div class=\"rpwwt-post-excerpt\">SA\u00daDE MENTAL \/\/ A C\u00e2mara Municipal de Lisboa realizou,\u00a0 nos dias 26 e 27 de Setembro, um f\u00f3rum <span class=\"rpwwt-post-excerpt-more\"> [\u2026]<\/span><\/div><\/li>\r\n\t<\/ul>\r\n\t<\/nav>\r\n<\/div><!-- .rpwwt-widget -->\r\n<\/div><div id=\"panel-278-1-0-1\" class=\"so-panel widget widget_sow-editor panel-last-child\" data-index=\"2\" ><div\n\t\t\t\n\t\t\tclass=\"so-widget-sow-editor so-widget-sow-editor-base\"\n\t\t\t\n\t\t>\n<div class=\"siteorigin-widget-tinymce textwidget\">\n\t<h2><a href=\"http:\/\/apoiar-stressdeguerra.com\/pt\/category\/artigos-cientificos\/\" data-wplink-edit=\"true\">Ver todos os artigos<\/a><\/h2>\n<\/div>\n<\/div><\/div><\/div><\/div><\/div>","protected":false},"excerpt":{"rendered":"<p>Nesta sec\u00e7\u00e3o poder\u00e1 encontrar uma selec\u00e7\u00e3o de artigos cient\u00edficos e jornal\u00edsticos sobre stress de guerra e sa\u00fade mental, com enfoque nas \u00e1reas cl\u00ednica, hist\u00f3rica, jur\u00eddica e comunicacional. Todos os conte\u00fados foram escritos, traduzidos ou revistos pelo corpo t\u00e9cnico da APOIAR, com base em trabalhos previamente publicados no Jornal APOIAR ou em revistas especializadas nacionais e <a class=\"read-more\" href=\"https:\/\/apoiar-stressdeguerra.com\/pt\/2018\/10\/19\/saude-mental-esgotou-forum-lisboa\/\">Leia mais<\/a><\/p>\n","protected":false},"author":1,"featured_media":335,"parent":24,"menu_order":0,"comment_status":"closed","ping_status":"closed","template":"","meta":{"_uf_show_specific_survey":0,"_uf_disable_surveys":false,"footnotes":""},"class_list":["post-278","page","type-page","status-publish","has-post-thumbnail","hentry"],"yoast_head":"<!-- This site is optimized with the Yoast SEO plugin v26.8 - https:\/\/yoast.com\/product\/yoast-seo-wordpress\/ -->\n<title>Artigos Cient\u00edficos - APOIAR<\/title>\n<meta name=\"description\" content=\"Artigos cient\u00edficos sobre stress de guerra, sa\u00fade mental, direitos dos ex-combatentes. Conte\u00fados revistos pelo pelo corpo t\u00e9cnico da APOIAR\" \/>\n<meta name=\"robots\" content=\"index, follow, max-snippet:-1, max-image-preview:large, max-video-preview:-1\" \/>\n<link rel=\"canonical\" href=\"https:\/\/apoiar-stressdeguerra.com\/pt\/o-stress-de-guerra\/artigos-cientificos\/\" \/>\n<meta property=\"og:locale\" content=\"pt_PT\" \/>\n<meta property=\"og:type\" content=\"article\" \/>\n<meta property=\"og:title\" content=\"Artigos Cient\u00edficos - APOIAR\" \/>\n<meta property=\"og:description\" content=\"Artigos cient\u00edficos sobre stress de guerra, sa\u00fade mental, direitos dos ex-combatentes. Conte\u00fados revistos pelo pelo corpo t\u00e9cnico da APOIAR\" \/>\n<meta property=\"og:url\" content=\"https:\/\/apoiar-stressdeguerra.com\/pt\/o-stress-de-guerra\/artigos-cientificos\/\" \/>\n<meta property=\"og:site_name\" content=\"APOIAR\" \/>\n<meta property=\"article:publisher\" content=\"https:\/\/www.facebook.com\/stressdeguerraapoiar\/\" \/>\n<meta property=\"article:modified_time\" content=\"2025-07-29T14:19:45+00:00\" \/>\n<meta property=\"og:image\" content=\"https:\/\/apoiar-stressdeguerra.com\/pt\/wp-content\/uploads\/2017\/03\/26-04-07-I-Congresso-da-APOIAR-Afonso-de-Albuquerque.jpg\" \/>\n\t<meta property=\"og:image:width\" content=\"1652\" \/>\n\t<meta property=\"og:image:height\" content=\"1202\" \/>\n\t<meta property=\"og:image:type\" content=\"image\/jpeg\" \/>\n<meta name=\"twitter:card\" content=\"summary_large_image\" \/>\n<meta name=\"twitter:site\" content=\"@aapoiar\" \/>\n<meta name=\"twitter:label1\" content=\"Tempo estimado de leitura\" \/>\n\t<meta name=\"twitter:data1\" content=\"3 minutos\" \/>\n<script type=\"application\/ld+json\" class=\"yoast-schema-graph\">{\"@context\":\"https:\/\/schema.org\",\"@graph\":[{\"@type\":\"WebPage\",\"@id\":\"https:\/\/apoiar-stressdeguerra.com\/pt\/o-stress-de-guerra\/artigos-cientificos\/\",\"url\":\"https:\/\/apoiar-stressdeguerra.com\/pt\/o-stress-de-guerra\/artigos-cientificos\/\",\"name\":\"Artigos Cient\u00edficos - APOIAR\",\"isPartOf\":{\"@id\":\"https:\/\/apoiar-stressdeguerra.com\/pt\/#website\"},\"primaryImageOfPage\":{\"@id\":\"https:\/\/apoiar-stressdeguerra.com\/pt\/o-stress-de-guerra\/artigos-cientificos\/#primaryimage\"},\"image\":{\"@id\":\"https:\/\/apoiar-stressdeguerra.com\/pt\/o-stress-de-guerra\/artigos-cientificos\/#primaryimage\"},\"thumbnailUrl\":\"https:\/\/apoiar-stressdeguerra.com\/pt\/wp-content\/uploads\/2017\/03\/26-04-07-I-Congresso-da-APOIAR-Afonso-de-Albuquerque.jpg\",\"datePublished\":\"2017-03-01T16:58:04+00:00\",\"dateModified\":\"2025-07-29T14:19:45+00:00\",\"description\":\"Artigos cient\u00edficos sobre stress de guerra, sa\u00fade mental, direitos dos ex-combatentes. Conte\u00fados revistos pelo pelo corpo t\u00e9cnico da APOIAR\",\"breadcrumb\":{\"@id\":\"https:\/\/apoiar-stressdeguerra.com\/pt\/o-stress-de-guerra\/artigos-cientificos\/#breadcrumb\"},\"inLanguage\":\"pt-PT\",\"potentialAction\":[{\"@type\":\"ReadAction\",\"target\":[\"https:\/\/apoiar-stressdeguerra.com\/pt\/o-stress-de-guerra\/artigos-cientificos\/\"]}]},{\"@type\":\"ImageObject\",\"inLanguage\":\"pt-PT\",\"@id\":\"https:\/\/apoiar-stressdeguerra.com\/pt\/o-stress-de-guerra\/artigos-cientificos\/#primaryimage\",\"url\":\"https:\/\/apoiar-stressdeguerra.com\/pt\/wp-content\/uploads\/2017\/03\/26-04-07-I-Congresso-da-APOIAR-Afonso-de-Albuquerque.jpg\",\"contentUrl\":\"https:\/\/apoiar-stressdeguerra.com\/pt\/wp-content\/uploads\/2017\/03\/26-04-07-I-Congresso-da-APOIAR-Afonso-de-Albuquerque.jpg\",\"width\":1652,\"height\":1202,\"caption\":\"Consulte artigos cient\u00edficos sobre stress de guerra, sa\u00fade mental, direitos dos ex-combatentes e apoio psicol\u00f3gico. Conte\u00fados revistos pelo corpo t\u00e9cnico da APOIAR.\"},{\"@type\":\"BreadcrumbList\",\"@id\":\"https:\/\/apoiar-stressdeguerra.com\/pt\/o-stress-de-guerra\/artigos-cientificos\/#breadcrumb\",\"itemListElement\":[{\"@type\":\"ListItem\",\"position\":1,\"name\":\"In\u00edcio\",\"item\":\"https:\/\/apoiar-stressdeguerra.com\/pt\/\"},{\"@type\":\"ListItem\",\"position\":2,\"name\":\"O STRESS DE GUERRA\",\"item\":\"https:\/\/apoiar-stressdeguerra.com\/pt\/o-stress-de-guerra\/\"},{\"@type\":\"ListItem\",\"position\":3,\"name\":\"Artigos Cient\u00edficos\"}]},{\"@type\":\"WebSite\",\"@id\":\"https:\/\/apoiar-stressdeguerra.com\/pt\/#website\",\"url\":\"https:\/\/apoiar-stressdeguerra.com\/pt\/\",\"name\":\"APOIAR\",\"description\":\"Associa\u00e7\u00e3o de Apoio aos Ex-combatentes V\u00edtimas do Stress de Guerra.\",\"publisher\":{\"@id\":\"https:\/\/apoiar-stressdeguerra.com\/pt\/#organization\"},\"potentialAction\":[{\"@type\":\"SearchAction\",\"target\":{\"@type\":\"EntryPoint\",\"urlTemplate\":\"https:\/\/apoiar-stressdeguerra.com\/pt\/?s={search_term_string}\"},\"query-input\":{\"@type\":\"PropertyValueSpecification\",\"valueRequired\":true,\"valueName\":\"search_term_string\"}}],\"inLanguage\":\"pt-PT\"},{\"@type\":\"Organization\",\"@id\":\"https:\/\/apoiar-stressdeguerra.com\/pt\/#organization\",\"name\":\"APOIAR\",\"url\":\"https:\/\/apoiar-stressdeguerra.com\/pt\/\",\"logo\":{\"@type\":\"ImageObject\",\"inLanguage\":\"pt-PT\",\"@id\":\"https:\/\/apoiar-stressdeguerra.com\/pt\/#\/schema\/logo\/image\/\",\"url\":\"https:\/\/apoiar-stressdeguerra.com\/pt\/wp-content\/uploads\/2017\/03\/LOGO_tb_transparente.gif\",\"contentUrl\":\"https:\/\/apoiar-stressdeguerra.com\/pt\/wp-content\/uploads\/2017\/03\/LOGO_tb_transparente.gif\",\"width\":153,\"height\":59,\"caption\":\"APOIAR\"},\"image\":{\"@id\":\"https:\/\/apoiar-stressdeguerra.com\/pt\/#\/schema\/logo\/image\/\"},\"sameAs\":[\"https:\/\/www.facebook.com\/stressdeguerraapoiar\/\",\"https:\/\/x.com\/aapoiar\"]}]}<\/script>\n<!-- \/ Yoast SEO plugin. -->","yoast_head_json":{"title":"Artigos Cient\u00edficos - APOIAR","description":"Artigos cient\u00edficos sobre stress de guerra, sa\u00fade mental, direitos dos ex-combatentes. Conte\u00fados revistos pelo pelo corpo t\u00e9cnico da APOIAR","robots":{"index":"index","follow":"follow","max-snippet":"max-snippet:-1","max-image-preview":"max-image-preview:large","max-video-preview":"max-video-preview:-1"},"canonical":"https:\/\/apoiar-stressdeguerra.com\/pt\/o-stress-de-guerra\/artigos-cientificos\/","og_locale":"pt_PT","og_type":"article","og_title":"Artigos Cient\u00edficos - APOIAR","og_description":"Artigos cient\u00edficos sobre stress de guerra, sa\u00fade mental, direitos dos ex-combatentes. Conte\u00fados revistos pelo pelo corpo t\u00e9cnico da APOIAR","og_url":"https:\/\/apoiar-stressdeguerra.com\/pt\/o-stress-de-guerra\/artigos-cientificos\/","og_site_name":"APOIAR","article_publisher":"https:\/\/www.facebook.com\/stressdeguerraapoiar\/","article_modified_time":"2025-07-29T14:19:45+00:00","og_image":[{"width":1652,"height":1202,"url":"https:\/\/apoiar-stressdeguerra.com\/pt\/wp-content\/uploads\/2017\/03\/26-04-07-I-Congresso-da-APOIAR-Afonso-de-Albuquerque.jpg","type":"image\/jpeg"}],"twitter_card":"summary_large_image","twitter_site":"@aapoiar","twitter_misc":{"Tempo estimado de leitura":"3 minutos"},"schema":{"@context":"https:\/\/schema.org","@graph":[{"@type":"WebPage","@id":"https:\/\/apoiar-stressdeguerra.com\/pt\/o-stress-de-guerra\/artigos-cientificos\/","url":"https:\/\/apoiar-stressdeguerra.com\/pt\/o-stress-de-guerra\/artigos-cientificos\/","name":"Artigos Cient\u00edficos - APOIAR","isPartOf":{"@id":"https:\/\/apoiar-stressdeguerra.com\/pt\/#website"},"primaryImageOfPage":{"@id":"https:\/\/apoiar-stressdeguerra.com\/pt\/o-stress-de-guerra\/artigos-cientificos\/#primaryimage"},"image":{"@id":"https:\/\/apoiar-stressdeguerra.com\/pt\/o-stress-de-guerra\/artigos-cientificos\/#primaryimage"},"thumbnailUrl":"https:\/\/apoiar-stressdeguerra.com\/pt\/wp-content\/uploads\/2017\/03\/26-04-07-I-Congresso-da-APOIAR-Afonso-de-Albuquerque.jpg","datePublished":"2017-03-01T16:58:04+00:00","dateModified":"2025-07-29T14:19:45+00:00","description":"Artigos cient\u00edficos sobre stress de guerra, sa\u00fade mental, direitos dos ex-combatentes. Conte\u00fados revistos pelo pelo corpo t\u00e9cnico da APOIAR","breadcrumb":{"@id":"https:\/\/apoiar-stressdeguerra.com\/pt\/o-stress-de-guerra\/artigos-cientificos\/#breadcrumb"},"inLanguage":"pt-PT","potentialAction":[{"@type":"ReadAction","target":["https:\/\/apoiar-stressdeguerra.com\/pt\/o-stress-de-guerra\/artigos-cientificos\/"]}]},{"@type":"ImageObject","inLanguage":"pt-PT","@id":"https:\/\/apoiar-stressdeguerra.com\/pt\/o-stress-de-guerra\/artigos-cientificos\/#primaryimage","url":"https:\/\/apoiar-stressdeguerra.com\/pt\/wp-content\/uploads\/2017\/03\/26-04-07-I-Congresso-da-APOIAR-Afonso-de-Albuquerque.jpg","contentUrl":"https:\/\/apoiar-stressdeguerra.com\/pt\/wp-content\/uploads\/2017\/03\/26-04-07-I-Congresso-da-APOIAR-Afonso-de-Albuquerque.jpg","width":1652,"height":1202,"caption":"Consulte artigos cient\u00edficos sobre stress de guerra, sa\u00fade mental, direitos dos ex-combatentes e apoio psicol\u00f3gico. Conte\u00fados revistos pelo corpo t\u00e9cnico da APOIAR."},{"@type":"BreadcrumbList","@id":"https:\/\/apoiar-stressdeguerra.com\/pt\/o-stress-de-guerra\/artigos-cientificos\/#breadcrumb","itemListElement":[{"@type":"ListItem","position":1,"name":"In\u00edcio","item":"https:\/\/apoiar-stressdeguerra.com\/pt\/"},{"@type":"ListItem","position":2,"name":"O STRESS DE GUERRA","item":"https:\/\/apoiar-stressdeguerra.com\/pt\/o-stress-de-guerra\/"},{"@type":"ListItem","position":3,"name":"Artigos Cient\u00edficos"}]},{"@type":"WebSite","@id":"https:\/\/apoiar-stressdeguerra.com\/pt\/#website","url":"https:\/\/apoiar-stressdeguerra.com\/pt\/","name":"APOIAR","description":"Associa\u00e7\u00e3o de Apoio aos Ex-combatentes V\u00edtimas do Stress de Guerra.","publisher":{"@id":"https:\/\/apoiar-stressdeguerra.com\/pt\/#organization"},"potentialAction":[{"@type":"SearchAction","target":{"@type":"EntryPoint","urlTemplate":"https:\/\/apoiar-stressdeguerra.com\/pt\/?s={search_term_string}"},"query-input":{"@type":"PropertyValueSpecification","valueRequired":true,"valueName":"search_term_string"}}],"inLanguage":"pt-PT"},{"@type":"Organization","@id":"https:\/\/apoiar-stressdeguerra.com\/pt\/#organization","name":"APOIAR","url":"https:\/\/apoiar-stressdeguerra.com\/pt\/","logo":{"@type":"ImageObject","inLanguage":"pt-PT","@id":"https:\/\/apoiar-stressdeguerra.com\/pt\/#\/schema\/logo\/image\/","url":"https:\/\/apoiar-stressdeguerra.com\/pt\/wp-content\/uploads\/2017\/03\/LOGO_tb_transparente.gif","contentUrl":"https:\/\/apoiar-stressdeguerra.com\/pt\/wp-content\/uploads\/2017\/03\/LOGO_tb_transparente.gif","width":153,"height":59,"caption":"APOIAR"},"image":{"@id":"https:\/\/apoiar-stressdeguerra.com\/pt\/#\/schema\/logo\/image\/"},"sameAs":["https:\/\/www.facebook.com\/stressdeguerraapoiar\/","https:\/\/x.com\/aapoiar"]}]}},"_links":{"self":[{"href":"https:\/\/apoiar-stressdeguerra.com\/pt\/wp-json\/wp\/v2\/pages\/278","targetHints":{"allow":["GET"]}}],"collection":[{"href":"https:\/\/apoiar-stressdeguerra.com\/pt\/wp-json\/wp\/v2\/pages"}],"about":[{"href":"https:\/\/apoiar-stressdeguerra.com\/pt\/wp-json\/wp\/v2\/types\/page"}],"author":[{"embeddable":true,"href":"https:\/\/apoiar-stressdeguerra.com\/pt\/wp-json\/wp\/v2\/users\/1"}],"replies":[{"embeddable":true,"href":"https:\/\/apoiar-stressdeguerra.com\/pt\/wp-json\/wp\/v2\/comments?post=278"}],"version-history":[{"count":10,"href":"https:\/\/apoiar-stressdeguerra.com\/pt\/wp-json\/wp\/v2\/pages\/278\/revisions"}],"predecessor-version":[{"id":2478,"href":"https:\/\/apoiar-stressdeguerra.com\/pt\/wp-json\/wp\/v2\/pages\/278\/revisions\/2478"}],"up":[{"embeddable":true,"href":"https:\/\/apoiar-stressdeguerra.com\/pt\/wp-json\/wp\/v2\/pages\/24"}],"wp:featuredmedia":[{"embeddable":true,"href":"https:\/\/apoiar-stressdeguerra.com\/pt\/wp-json\/wp\/v2\/media\/335"}],"wp:attachment":[{"href":"https:\/\/apoiar-stressdeguerra.com\/pt\/wp-json\/wp\/v2\/media?parent=278"}],"curies":[{"name":"wp","href":"https:\/\/api.w.org\/{rel}","templated":true}]}}