{"id":28,"date":"2017-02-21T12:06:38","date_gmt":"2017-02-21T12:06:38","guid":{"rendered":"http:\/\/apoiar-stressdeguerra.com\/pt\/?page_id=28"},"modified":"2024-11-18T12:24:48","modified_gmt":"2024-11-18T12:24:48","slug":"contactos","status":"publish","type":"page","link":"https:\/\/apoiar-stressdeguerra.com\/pt\/contactos\/","title":{"rendered":"CONTACTOS"},"content":{"rendered":"<div id=\"pl-28\"  class=\"panel-layout\" ><div id=\"pg-28-0\"  class=\"panel-grid panel-no-style\" ><div id=\"pgc-28-0-0\"  class=\"panel-grid-cell\" ><div id=\"panel-28-0-0-0\" class=\"so-panel widget widget_sow-editor panel-first-child panel-last-child\" data-index=\"0\" ><div class=\"panel-widget-style panel-widget-style-for-28-0-0-0\" ><div\n\t\t\t\n\t\t\tclass=\"so-widget-sow-editor so-widget-sow-editor-base\"\n\t\t\t\n\t\t><h3 class=\"widget-title\">E-mail geral<\/h3>\n<div class=\"siteorigin-widget-tinymce textwidget\">\n\t<h2><a href=\"mailto:apoiar.stressdeguerra@gmail.com\"><strong>apoiar.stressdeguerra@gmail.com<\/strong><\/a><\/h2>\n<p>(Contactos relativos \u00e0 Associa\u00e7\u00e3o, d\u00favidas de associados, quest\u00f5es institucionais\u00a0e problem\u00e1tica do stress de guerra.)<\/p>\n<\/div>\n<\/div><\/div><\/div><\/div><div id=\"pgc-28-0-1\"  class=\"panel-grid-cell\" ><div id=\"panel-28-0-1-0\" class=\"so-panel widget widget_sow-editor panel-first-child panel-last-child\" data-index=\"1\" ><div class=\"panel-widget-style panel-widget-style-for-28-0-1-0\" ><div\n\t\t\t\n\t\t\tclass=\"so-widget-sow-editor so-widget-sow-editor-base\"\n\t\t\t\n\t\t><h3 class=\"widget-title\">Telefones<\/h3>\n<div class=\"siteorigin-widget-tinymce textwidget\">\n\t<h2><strong>213 808 000<\/strong><\/h2>\n<h2><strong>961 953 963\u00a0<\/strong><\/h2>\n<\/div>\n<\/div><\/div><\/div><\/div><\/div><div id=\"pg-28-1\"  class=\"panel-grid panel-no-style\" ><div id=\"pgc-28-1-0\"  class=\"panel-grid-cell\" ><div id=\"panel-28-1-0-0\" class=\"so-panel widget widget_sow-editor panel-first-child panel-last-child\" data-index=\"2\" ><div\n\t\t\t\n\t\t\tclass=\"so-widget-sow-editor so-widget-sow-editor-base\"\n\t\t\t\n\t\t><h3 class=\"widget-title\">Localiza\u00e7\u00e3o e Direc\u00e7\u00f5es<\/h3>\n<div class=\"siteorigin-widget-tinymce textwidget\">\n\t<p><iframe loading=\"lazy\" style=\"border: 0;\" src=\"https:\/\/www.google.com\/maps\/embed?pb=!1m18!1m12!1m3!1d3112.245369366694!2d-9.173391484479328!3d38.73513126409725!2m3!1f0!2f0!3f0!3m2!1i1024!2i768!4f13.1!3m3!1m2!1s0xd19338ba84f6353%3A0x3d29b92deeae2297!2sAPOIAR+-+Associa%C3%A7%C3%A3o+de+Apoio+aos+Ex-combatentes+V%C3%ADtimas+do+Stress+de+Guerra!5e0!3m2!1spt-PT!2spt!4v1533641906331\" width=\"800\" height=\"400\" frameborder=\"0\" allowfullscreen=\"allowfullscreen\"><\/iframe><\/p>\n<h4>R. C \u00a0Lt. 10, Loja 1.10, Bairro da Liberdade, 1070-023 Lisboa,<\/h4>\n<p>Refer\u00eancias: Bairro da Liberdade; Twin Towers; Esta\u00e7\u00e3o de Comboios de Campolide; Arquivo Municipal; Bairro da Serafina; Rotunda da Radial de Benfica; Monsanto<\/p>\n<\/div>\n<\/div><\/div><\/div><\/div><div id=\"pg-28-2\"  class=\"panel-grid panel-no-style\" ><div id=\"pgc-28-2-0\"  class=\"panel-grid-cell\" ><div id=\"panel-28-2-0-0\" class=\"so-panel widget widget_sow-social-media-buttons panel-first-child\" data-index=\"3\" ><div\n\t\t\t\n\t\t\tclass=\"so-widget-sow-social-media-buttons so-widget-sow-social-media-buttons-wire-fce555581c27-28\"\n\t\t\t\n\t\t>\n<h3 class=\"widget-title\">Redes Sociais<\/h3>\n<div class=\"social-media-button-container\">\n\t\n\t\t<a \n\t\tclass=\"ow-button-hover sow-social-media-button-facebook-0 sow-social-media-button\" title=\"APOIAR on Facebook\" aria-label=\"APOIAR on Facebook\" target=\"_blank\" rel=\"noopener noreferrer\" href=\"https:\/\/www.facebook.com\/apoiarstressdeguerra\" \t\t>\n\t\t\t<span>\n\t\t\t\t\t\t\t\t<span class=\"sow-icon-fontawesome sow-fab\" data-sow-icon=\"&#xf39e;\"\n\t\t \n\t\taria-hidden=\"true\"><\/span>\t\t\t\t\t\t\t<\/span>\n\t\t<\/a>\n\t\n\t\t<a \n\t\tclass=\"ow-button-hover sow-social-media-button-x-twitter-0 sow-social-media-button\" title=\"APOIAR on X Twitter\" aria-label=\"APOIAR on X Twitter\" target=\"_blank\" rel=\"noopener noreferrer\" href=\"https:\/\/twitter.com\/aapoiar\" \t\t>\n\t\t\t<span>\n\t\t\t\t\t\t\t\t<span class=\"sow-icon-fontawesome sow-fab\" data-sow-icon=\"&#xe61b;\"\n\t\t \n\t\taria-hidden=\"true\"><\/span>\t\t\t\t\t\t\t<\/span>\n\t\t<\/a>\n\t<\/div>\n<\/div><\/div><div id=\"panel-28-2-0-1\" class=\"so-panel widget widget_sow-editor panel-last-child\" data-index=\"4\" ><div\n\t\t\t\n\t\t\tclass=\"so-widget-sow-editor so-widget-sow-editor-base\"\n\t\t\t\n\t\t><h3 class=\"widget-title\">Liga\u00e7\u00f5es Externas<\/h3>\n<div class=\"siteorigin-widget-tinymce textwidget\">\n\t<p><strong>Outros contactos e liga\u00e7\u00f5es relevantes.<\/strong><\/p>\n<p><a href=\"http:\/\/apoiar-stressdeguerra.com\/pt\/contactos\/ligacoes-externas\/\">Minist\u00e9rio da Defesa Nacional, Seguran\u00e7a Social, parceiros e outros<\/a><\/p>\n<\/div>\n<\/div><\/div><\/div><div id=\"pgc-28-2-1\"  class=\"panel-grid-cell\" ><div id=\"panel-28-2-1-0\" class=\"so-panel widget widget_sow-editor panel-first-child\" data-index=\"5\" ><div\n\t\t\t\n\t\t\tclass=\"so-widget-sow-editor so-widget-sow-editor-base\"\n\t\t\t\n\t\t><h3 class=\"widget-title\">Hor\u00e1rio de Funcionamento<\/h3>\n<div class=\"siteorigin-widget-tinymce textwidget\">\n\t<h3>2\u00aa a 6\u00aa feira<\/h3>\n<h4><span style=\"color: #454545;\"><strong>Per\u00edodo da manh\u00e3<\/strong>:<br \/><\/span><span style=\"color: #454545;\">Abertura:\u00a0<strong>09:00<\/strong>\u00a0 Encerramento:\u00a0<strong>13:00\u00a0<\/strong><\/span><\/h4>\n<h4><span style=\"color: #454545;\"><strong>Per\u00edodo da tarde:<\/strong> <br \/><\/span><span style=\"color: #454545;\">Abertura:\u00a0<strong>14:00<\/strong>\u00a0 Encerramento: <strong>17:30\u00a0<\/strong><\/span><\/h4>\n<p>Encerrado \u00e0 hora de almo\u00e7o (13:00 \u00e0s 14:00) Encerra aos s\u00e1bados, domingos e feriados. \u00a0Aberto em Agosto<\/p>\n<\/div>\n<\/div><\/div><div id=\"panel-28-2-1-1\" class=\"so-panel widget widget_sow-editor panel-last-child\" data-index=\"6\" ><div\n\t\t\t\n\t\t\tclass=\"so-widget-sow-editor so-widget-sow-editor-base\"\n\t\t\t\n\t\t><h3 class=\"widget-title\">Outros contactos<\/h3>\n<div class=\"siteorigin-widget-tinymce textwidget\">\n\t<div><span style=\"font-family: arial, sans-serif;\"><strong>CONSULTAS:\u00a0<\/strong><\/span>Marca\u00e7\u00e3o e confirma\u00e7\u00e3o de consultas,\u00a0pedidos de medica\u00e7\u00e3o e relat\u00f3rios.<\/div>\n<div><b><a href=\"mailto:apoiar.consultas@gmail.com\">apoiar.consultas@gmail.com<\/a><\/b><\/div>\n<div><strong>\u00a0<\/strong><\/div>\n<div><strong>SECRETARIA:<\/strong>\u00a0quest\u00f5es relativamente \u00e0 situa\u00e7\u00e3o de tesouraria e quotiza\u00e7\u00f5es (envio de comprovativo de pagamento e outras d\u00favidas)<\/div>\n<div><span style=\"font-family: arial, sans-serif;\">\u00a0<\/span><b><span style=\"font-family: arial, sans-serif;\"><a href=\"mailto:apoiar.secretaria@gmail.com\">apoiar.secretaria@gmail.com<\/a><\/span><\/b><\/div>\n<div><span style=\"font-family: arial, sans-serif;\">\u00a0<\/span><\/div>\n<div>\u00a0<\/div>\n<div><span lang=\"pt\"><span style=\"font-family: arial, sans-serif;\"><strong>WEBMASTER:<\/strong>\u00a0Quest\u00f5es exclusivamente relacionadas com este website<\/span><\/span><\/div>\n<div><strong><a href=\"mailto:apoiar.comunicacao@gmail.com\"><span style=\"font-family: arial, sans-serif;\">apoiar.comunicacao@gmail.com<\/span><\/a><\/strong><\/div>\n<p>\u00a0<\/p>\n<\/div>\n<\/div><\/div><\/div><\/div><\/div>","protected":false},"excerpt":{"rendered":"<p>apoiar.stressdeguerra@gmail.com(Contactos relativos \u00e0 Associa\u00e7\u00e3o, d\u00favidas de associados, quest\u00f5es institucionais\u00a0e problem\u00e1tica do stress de guerra.) 213 808 000961 953 963\u00a0 R. C \u00a0Lt. 10, Loja 1.10, Bairro da Liberdade, 1070-023 Lisboa, Refer\u00eancias: Bairro da Liberdade; Twin Towers; Esta\u00e7\u00e3o de Comboios de Campolide; Arquivo Municipal; Bairro da Serafina; Rotunda da Radial de Benfica; Monsanto<\/p>\n","protected":false},"author":1,"featured_media":0,"parent":0,"menu_order":0,"comment_status":"closed","ping_status":"closed","template":"","meta":{"_uf_show_specific_survey":0,"_uf_disable_surveys":false,"footnotes":""},"class_list":["post-28","page","type-page","status-publish","hentry"],"yoast_head":"<!-- This site is optimized with the Yoast SEO plugin v26.8 - https:\/\/yoast.com\/product\/yoast-seo-wordpress\/ -->\n<title>CONTACTOS - APOIAR<\/title>\n<meta name=\"description\" content=\"Tem stress p\u00f3s traum\u00e1tico? Saiba como ser ajudado na nossa Associa\u00e7\u00e3o. Contacte-nos atrav\u00e9s de apoiar.stressdeguerra@gmail.com ou 213808000\" \/>\n<meta name=\"robots\" content=\"index, follow, max-snippet:-1, max-image-preview:large, max-video-preview:-1\" \/>\n<link rel=\"canonical\" href=\"https:\/\/apoiar-stressdeguerra.com\/pt\/contactos\/\" \/>\n<meta property=\"og:locale\" content=\"pt_PT\" \/>\n<meta property=\"og:type\" content=\"article\" \/>\n<meta property=\"og:title\" content=\"CONTACTOS - APOIAR\" \/>\n<meta property=\"og:description\" content=\"Tem stress p\u00f3s traum\u00e1tico? Saiba como ser ajudado na nossa Associa\u00e7\u00e3o. Contacte-nos atrav\u00e9s de apoiar.stressdeguerra@gmail.com ou 213808000\" \/>\n<meta property=\"og:url\" content=\"https:\/\/apoiar-stressdeguerra.com\/pt\/contactos\/\" \/>\n<meta property=\"og:site_name\" content=\"APOIAR\" \/>\n<meta property=\"article:publisher\" content=\"https:\/\/www.facebook.com\/stressdeguerraapoiar\/\" \/>\n<meta property=\"article:modified_time\" content=\"2024-11-18T12:24:48+00:00\" \/>\n<meta name=\"twitter:card\" content=\"summary_large_image\" \/>\n<meta name=\"twitter:site\" content=\"@aapoiar\" \/>\n<meta name=\"twitter:label1\" content=\"Tempo estimado de leitura\" \/>\n\t<meta name=\"twitter:data1\" content=\"1 minuto\" \/>\n<script type=\"application\/ld+json\" class=\"yoast-schema-graph\">{\"@context\":\"https:\/\/schema.org\",\"@graph\":[{\"@type\":\"WebPage\",\"@id\":\"https:\/\/apoiar-stressdeguerra.com\/pt\/contactos\/\",\"url\":\"https:\/\/apoiar-stressdeguerra.com\/pt\/contactos\/\",\"name\":\"CONTACTOS - APOIAR\",\"isPartOf\":{\"@id\":\"https:\/\/apoiar-stressdeguerra.com\/pt\/#website\"},\"datePublished\":\"2017-02-21T12:06:38+00:00\",\"dateModified\":\"2024-11-18T12:24:48+00:00\",\"description\":\"Tem stress p\u00f3s traum\u00e1tico? Saiba como ser ajudado na nossa Associa\u00e7\u00e3o. Contacte-nos atrav\u00e9s de apoiar.stressdeguerra@gmail.com ou 213808000\",\"breadcrumb\":{\"@id\":\"https:\/\/apoiar-stressdeguerra.com\/pt\/contactos\/#breadcrumb\"},\"inLanguage\":\"pt-PT\",\"potentialAction\":[{\"@type\":\"ReadAction\",\"target\":[\"https:\/\/apoiar-stressdeguerra.com\/pt\/contactos\/\"]}]},{\"@type\":\"BreadcrumbList\",\"@id\":\"https:\/\/apoiar-stressdeguerra.com\/pt\/contactos\/#breadcrumb\",\"itemListElement\":[{\"@type\":\"ListItem\",\"position\":1,\"name\":\"In\u00edcio\",\"item\":\"https:\/\/apoiar-stressdeguerra.com\/pt\/\"},{\"@type\":\"ListItem\",\"position\":2,\"name\":\"CONTACTOS\"}]},{\"@type\":\"WebSite\",\"@id\":\"https:\/\/apoiar-stressdeguerra.com\/pt\/#website\",\"url\":\"https:\/\/apoiar-stressdeguerra.com\/pt\/\",\"name\":\"APOIAR\",\"description\":\"Associa\u00e7\u00e3o de Apoio aos Ex-combatentes V\u00edtimas do Stress de Guerra.\",\"publisher\":{\"@id\":\"https:\/\/apoiar-stressdeguerra.com\/pt\/#organization\"},\"potentialAction\":[{\"@type\":\"SearchAction\",\"target\":{\"@type\":\"EntryPoint\",\"urlTemplate\":\"https:\/\/apoiar-stressdeguerra.com\/pt\/?s={search_term_string}\"},\"query-input\":{\"@type\":\"PropertyValueSpecification\",\"valueRequired\":true,\"valueName\":\"search_term_string\"}}],\"inLanguage\":\"pt-PT\"},{\"@type\":\"Organization\",\"@id\":\"https:\/\/apoiar-stressdeguerra.com\/pt\/#organization\",\"name\":\"APOIAR\",\"url\":\"https:\/\/apoiar-stressdeguerra.com\/pt\/\",\"logo\":{\"@type\":\"ImageObject\",\"inLanguage\":\"pt-PT\",\"@id\":\"https:\/\/apoiar-stressdeguerra.com\/pt\/#\/schema\/logo\/image\/\",\"url\":\"https:\/\/apoiar-stressdeguerra.com\/pt\/wp-content\/uploads\/2017\/03\/LOGO_tb_transparente.gif\",\"contentUrl\":\"https:\/\/apoiar-stressdeguerra.com\/pt\/wp-content\/uploads\/2017\/03\/LOGO_tb_transparente.gif\",\"width\":153,\"height\":59,\"caption\":\"APOIAR\"},\"image\":{\"@id\":\"https:\/\/apoiar-stressdeguerra.com\/pt\/#\/schema\/logo\/image\/\"},\"sameAs\":[\"https:\/\/www.facebook.com\/stressdeguerraapoiar\/\",\"https:\/\/x.com\/aapoiar\"]}]}<\/script>\n<!-- \/ Yoast SEO plugin. -->","yoast_head_json":{"title":"CONTACTOS - APOIAR","description":"Tem stress p\u00f3s traum\u00e1tico? Saiba como ser ajudado na nossa Associa\u00e7\u00e3o. Contacte-nos atrav\u00e9s de apoiar.stressdeguerra@gmail.com ou 213808000","robots":{"index":"index","follow":"follow","max-snippet":"max-snippet:-1","max-image-preview":"max-image-preview:large","max-video-preview":"max-video-preview:-1"},"canonical":"https:\/\/apoiar-stressdeguerra.com\/pt\/contactos\/","og_locale":"pt_PT","og_type":"article","og_title":"CONTACTOS - APOIAR","og_description":"Tem stress p\u00f3s traum\u00e1tico? Saiba como ser ajudado na nossa Associa\u00e7\u00e3o. Contacte-nos atrav\u00e9s de apoiar.stressdeguerra@gmail.com ou 213808000","og_url":"https:\/\/apoiar-stressdeguerra.com\/pt\/contactos\/","og_site_name":"APOIAR","article_publisher":"https:\/\/www.facebook.com\/stressdeguerraapoiar\/","article_modified_time":"2024-11-18T12:24:48+00:00","twitter_card":"summary_large_image","twitter_site":"@aapoiar","twitter_misc":{"Tempo estimado de leitura":"1 minuto"},"schema":{"@context":"https:\/\/schema.org","@graph":[{"@type":"WebPage","@id":"https:\/\/apoiar-stressdeguerra.com\/pt\/contactos\/","url":"https:\/\/apoiar-stressdeguerra.com\/pt\/contactos\/","name":"CONTACTOS - APOIAR","isPartOf":{"@id":"https:\/\/apoiar-stressdeguerra.com\/pt\/#website"},"datePublished":"2017-02-21T12:06:38+00:00","dateModified":"2024-11-18T12:24:48+00:00","description":"Tem stress p\u00f3s traum\u00e1tico? Saiba como ser ajudado na nossa Associa\u00e7\u00e3o. Contacte-nos atrav\u00e9s de apoiar.stressdeguerra@gmail.com ou 213808000","breadcrumb":{"@id":"https:\/\/apoiar-stressdeguerra.com\/pt\/contactos\/#breadcrumb"},"inLanguage":"pt-PT","potentialAction":[{"@type":"ReadAction","target":["https:\/\/apoiar-stressdeguerra.com\/pt\/contactos\/"]}]},{"@type":"BreadcrumbList","@id":"https:\/\/apoiar-stressdeguerra.com\/pt\/contactos\/#breadcrumb","itemListElement":[{"@type":"ListItem","position":1,"name":"In\u00edcio","item":"https:\/\/apoiar-stressdeguerra.com\/pt\/"},{"@type":"ListItem","position":2,"name":"CONTACTOS"}]},{"@type":"WebSite","@id":"https:\/\/apoiar-stressdeguerra.com\/pt\/#website","url":"https:\/\/apoiar-stressdeguerra.com\/pt\/","name":"APOIAR","description":"Associa\u00e7\u00e3o de Apoio aos Ex-combatentes V\u00edtimas do Stress de Guerra.","publisher":{"@id":"https:\/\/apoiar-stressdeguerra.com\/pt\/#organization"},"potentialAction":[{"@type":"SearchAction","target":{"@type":"EntryPoint","urlTemplate":"https:\/\/apoiar-stressdeguerra.com\/pt\/?s={search_term_string}"},"query-input":{"@type":"PropertyValueSpecification","valueRequired":true,"valueName":"search_term_string"}}],"inLanguage":"pt-PT"},{"@type":"Organization","@id":"https:\/\/apoiar-stressdeguerra.com\/pt\/#organization","name":"APOIAR","url":"https:\/\/apoiar-stressdeguerra.com\/pt\/","logo":{"@type":"ImageObject","inLanguage":"pt-PT","@id":"https:\/\/apoiar-stressdeguerra.com\/pt\/#\/schema\/logo\/image\/","url":"https:\/\/apoiar-stressdeguerra.com\/pt\/wp-content\/uploads\/2017\/03\/LOGO_tb_transparente.gif","contentUrl":"https:\/\/apoiar-stressdeguerra.com\/pt\/wp-content\/uploads\/2017\/03\/LOGO_tb_transparente.gif","width":153,"height":59,"caption":"APOIAR"},"image":{"@id":"https:\/\/apoiar-stressdeguerra.com\/pt\/#\/schema\/logo\/image\/"},"sameAs":["https:\/\/www.facebook.com\/stressdeguerraapoiar\/","https:\/\/x.com\/aapoiar"]}]}},"_links":{"self":[{"href":"https:\/\/apoiar-stressdeguerra.com\/pt\/wp-json\/wp\/v2\/pages\/28","targetHints":{"allow":["GET"]}}],"collection":[{"href":"https:\/\/apoiar-stressdeguerra.com\/pt\/wp-json\/wp\/v2\/pages"}],"about":[{"href":"https:\/\/apoiar-stressdeguerra.com\/pt\/wp-json\/wp\/v2\/types\/page"}],"author":[{"embeddable":true,"href":"https:\/\/apoiar-stressdeguerra.com\/pt\/wp-json\/wp\/v2\/users\/1"}],"replies":[{"embeddable":true,"href":"https:\/\/apoiar-stressdeguerra.com\/pt\/wp-json\/wp\/v2\/comments?post=28"}],"version-history":[{"count":35,"href":"https:\/\/apoiar-stressdeguerra.com\/pt\/wp-json\/wp\/v2\/pages\/28\/revisions"}],"predecessor-version":[{"id":1964,"href":"https:\/\/apoiar-stressdeguerra.com\/pt\/wp-json\/wp\/v2\/pages\/28\/revisions\/1964"}],"wp:attachment":[{"href":"https:\/\/apoiar-stressdeguerra.com\/pt\/wp-json\/wp\/v2\/media?parent=28"}],"curies":[{"name":"wp","href":"https:\/\/api.w.org\/{rel}","templated":true}]}}