{"id":283,"date":"2017-03-02T09:53:14","date_gmt":"2017-03-02T09:53:14","guid":{"rendered":"http:\/\/apoiar-stressdeguerra.com\/pt\/?page_id=283"},"modified":"2025-05-05T14:10:05","modified_gmt":"2025-05-05T14:10:05","slug":"procurar-ajuda","status":"publish","type":"page","link":"https:\/\/apoiar-stressdeguerra.com\/pt\/o-stress-de-guerra\/procurar-ajuda\/","title":{"rendered":"Procurar ajuda"},"content":{"rendered":"<div id=\"pl-283\"  class=\"panel-layout\" ><div id=\"pg-283-0\"  class=\"panel-grid panel-no-style\" ><div id=\"pgc-283-0-0\"  class=\"panel-grid-cell\" ><div id=\"panel-283-0-0-0\" class=\"so-panel widget widget_sow-editor panel-first-child panel-last-child\" data-index=\"0\" ><div\n\t\t\t\n\t\t\tclass=\"so-widget-sow-editor so-widget-sow-editor-base\"\n\t\t\t\n\t\t>\n<div class=\"siteorigin-widget-tinymce textwidget\">\n\t<h2 data-start=\"401\" data-end=\"430\"><img loading=\"lazy\" decoding=\"async\" class=\"alignnone size-large wp-image-2324\" src=\"https:\/\/apoiar-stressdeguerra.com\/pt\/wp-content\/uploads\/2025\/05\/Design-sem-nome-8-1024x391.png\" alt=\"\u00c9 ex-combatente da Guerra Colonial ou das For\u00e7as Nacionais Destacadas?\n\nSe sofre de stress de guerra, pode ter acompanhamento gratuito m\u00e9dico, cl\u00ednico e social na APOIAR.\n\nSaiba como aceder a este apoio e quais os passos a seguir.\" width=\"800\" height=\"305\" srcset=\"https:\/\/apoiar-stressdeguerra.com\/pt\/wp-content\/uploads\/2025\/05\/Design-sem-nome-8-1024x391.png 1024w, https:\/\/apoiar-stressdeguerra.com\/pt\/wp-content\/uploads\/2025\/05\/Design-sem-nome-8-300x115.png 300w, https:\/\/apoiar-stressdeguerra.com\/pt\/wp-content\/uploads\/2025\/05\/Design-sem-nome-8-768x294.png 768w, https:\/\/apoiar-stressdeguerra.com\/pt\/wp-content\/uploads\/2025\/05\/Design-sem-nome-8-1536x587.png 1536w, https:\/\/apoiar-stressdeguerra.com\/pt\/wp-content\/uploads\/2025\/05\/Design-sem-nome-8-600x229.png 600w, https:\/\/apoiar-stressdeguerra.com\/pt\/wp-content\/uploads\/2025\/05\/Design-sem-nome-8.png 1792w\" sizes=\"auto, (max-width: 800px) 100vw, 800px\" \/><\/h2>\n<h2 class=\"\" data-start=\"401\" data-end=\"430\">Sofre de Stress de Guerra?<\/h2>\n<p class=\"\" data-start=\"432\" data-end=\"500\"><strong data-start=\"432\" data-end=\"500\">Saiba tudo o que necessita para poder ser acompanhado na APOIAR.<\/strong><\/p>\n<p class=\"\" data-start=\"502\" data-end=\"880\">Se foi <strong data-start=\"509\" data-end=\"545\">ex-combatente da Guerra Colonial<\/strong> ou das <strong data-start=\"553\" data-end=\"584\">For\u00e7as Nacionais Destacadas<\/strong>, para poder dar in\u00edcio ao <strong data-start=\"611\" data-end=\"638\">acompanhamento gratuito<\/strong> (cl\u00ednico, m\u00e9dico e social) na <strong data-start=\"669\" data-end=\"679\">APOIAR<\/strong>, necessita de pedir ao seu <strong data-start=\"707\" data-end=\"728\">m\u00e9dico de fam\u00edlia<\/strong> o <strong data-start=\"731\" data-end=\"743\">Modelo 1<\/strong> devidamente preenchido e assinado, tal como indicado na <strong data-start=\"800\" data-end=\"848\">Circular Normativa n\u00ba 11\/DSPSM de 13\/08\/2001<\/strong> da <strong data-start=\"852\" data-end=\"879\">Direc\u00e7\u00e3o-Geral da Sa\u00fade<\/strong>:<\/p>\n<blockquote data-start=\"882\" data-end=\"1331\">\n<p class=\"\" data-start=\"884\" data-end=\"1331\">\"No \u00e2mbito da <strong data-start=\"898\" data-end=\"965\">rede nacional de apoio aos militares e ex-militares portugueses<\/strong> portadores de <strong data-start=\"980\" data-end=\"1015\">perturba\u00e7\u00e3o psicol\u00f3gica cr\u00f3nica<\/strong> resultante da exposi\u00e7\u00e3o a factores traum\u00e1ticos de stress durante a vida militar, foi emitida a <strong data-start=\"1111\" data-end=\"1151\">Circular Normativa n\u00ba 11 de 13\/08\/01<\/strong>, dirigida aos t\u00e9cnicos dos servi\u00e7os de sa\u00fade e destinada a divulgar os impressos para admiss\u00e3o na rede e a clarificar os procedimentos a ter na elabora\u00e7\u00e3o dos processos cl\u00ednicos.\"<\/p>\n<\/blockquote>\n<hr class=\"\" data-start=\"1333\" data-end=\"1336\" \/>\n<h3 class=\"\" data-start=\"1338\" data-end=\"1380\">Onde consultar os documentos oficiais?<\/h3>\n<p class=\"\" data-start=\"1382\" data-end=\"1468\">Para informa\u00e7\u00f5es detalhadas acerca da <strong data-start=\"1420\" data-end=\"1457\">admiss\u00e3o \u00e0 Rede Nacional de Apoio<\/strong>, consulte:<\/p>\n<ul data-start=\"1470\" data-end=\"1606\">\n<li class=\"\" data-start=\"1470\" data-end=\"1551\">\n<p class=\"\" data-start=\"1472\" data-end=\"1551\"><strong data-start=\"1472\" data-end=\"1522\">\"Circular Normativa n\u00ba 11\/DSPSM de 13\/08\/2001\"<\/strong> \u2013 com os <strong data-start=\"1532\" data-end=\"1549\">Modelos 1 e 2<\/strong><\/p>\n<\/li>\n<li class=\"\" data-start=\"1552\" data-end=\"1606\">\n<p class=\"\" data-start=\"1554\" data-end=\"1606\"><strong data-start=\"1554\" data-end=\"1606\">\"Circular Informativa n\u00ba 38\/DSPSM de 11\/09\/2002\"<\/strong><\/p>\n<\/li>\n<\/ul>\n<p class=\"\" data-start=\"1608\" data-end=\"1685\">Estes documentos est\u00e3o dispon\u00edveis no site da <strong data-start=\"1654\" data-end=\"1681\">Direc\u00e7\u00e3o-Geral da Sa\u00fade<\/strong> em:<\/p>\n<p class=\"\" data-start=\"1687\" data-end=\"1921\">\ud83d\udd17 <a class=\"\" href=\"http:\/\/www.dgs.pt\/\" target=\"_new\" rel=\"noopener\" data-start=\"1690\" data-end=\"1722\">www.dgs.pt<\/a> \u2192 Normas, Orienta\u00e7\u00f5es e Informa\u00e7\u00f5es &gt; Normas e Circulares Normativas ou Normas e Circulares Informativas <em data-start=\"1828\" data-end=\"1847\">(descer a p\u00e1gina)<\/em><br data-start=\"1847\" data-end=\"1850\" \/>\ud83d\udd0d Pesquisar pelos anos e meses respectivos de cada uma das circulares.<\/p>\n<hr class=\"\" data-start=\"1923\" data-end=\"1926\" \/>\n<h3 class=\"\" data-start=\"1928\" data-end=\"1952\">Tem outras quest\u00f5es?<\/h3>\n<div>Consulte as nossas<\/div>\n<div><\/div>\n<h3><a href=\"http:\/\/apoiar-stressdeguerra.com\/pt\/faq\/\"><strong>PERGUNTAS MAIS FREQUENTES<\/strong><\/a><\/h3>\n<p>Ou procure-nos directamente atrav\u00e9s dos nossos <a href=\"https:\/\/apoiar-stressdeguerra.com\/pt\/contactos\/\"><strong>contactos<\/strong><\/a><\/p>\n<\/div>\n<\/div><\/div><\/div><div id=\"pgc-283-0-1\"  class=\"panel-grid-cell\" ><div id=\"panel-283-0-1-0\" class=\"so-panel widget widget_sow-editor panel-first-child\" data-index=\"1\" ><div\n\t\t\t\n\t\t\tclass=\"so-widget-sow-editor so-widget-sow-editor-base\"\n\t\t\t\n\t\t><h3 class=\"widget-title\">APOIO CL\u00cdNICO E MODELO 1<\/h3>\n<div class=\"siteorigin-widget-tinymce textwidget\">\n\t<h3>\u00a0<\/h3>\n<p><a href=\"https:\/\/apoiar-stressdeguerra.com\/pt\/wp-content\/uploads\/2017\/03\/modelo_1-1.pdf\" target=\"_blank\" rel=\"noopener\"><img loading=\"lazy\" decoding=\"async\" class=\"alignnone  wp-image-1654\" src=\"https:\/\/apoiar-stressdeguerra.com\/pt\/wp-content\/uploads\/2021\/09\/Modelo-1-Header.jpg\" alt=\"\" width=\"333\" height=\"206\" srcset=\"https:\/\/apoiar-stressdeguerra.com\/pt\/wp-content\/uploads\/2021\/09\/Modelo-1-Header.jpg 657w, https:\/\/apoiar-stressdeguerra.com\/pt\/wp-content\/uploads\/2021\/09\/Modelo-1-Header-300x186.jpg 300w, https:\/\/apoiar-stressdeguerra.com\/pt\/wp-content\/uploads\/2021\/09\/Modelo-1-Header-600x372.jpg 600w\" sizes=\"auto, (max-width: 333px) 100vw, 333px\" \/><\/a><\/p>\n<p>Caso o seu centro de sa\u00fade desconhe\u00e7a este procedimento poder\u00e1\u00a0descarregar\u00a0aqui o<a href=\"http:\/\/apoiar-stressdeguerra.com\/pt\/wp-content\/uploads\/2017\/03\/modelo_1-1.pdf\" target=\"_blank\" rel=\"noopener\"><strong> Modelo 1<\/strong><\/a>\u00a0e pedir ao seu m\u00e9dico que o preencha.\u00a0<\/p>\n<\/div>\n<\/div><\/div><div id=\"panel-283-0-1-1\" class=\"so-panel widget widget_sow-features panel-last-child\" data-index=\"2\" ><div\n\t\t\t\n\t\t\tclass=\"so-widget-sow-features so-widget-sow-features-default-a70cc372c17d-283\"\n\t\t\t\n\t\t><ul\n\tclass=\"sow-features-list\n\tsow-features-responsive\">\n\n\t\t\t<li\n\t\t\tclass=\"sow-features-feature sow-icon-container-position-top\"\n\t\t\tstyle=\"display: flex; flex-direction: column; width: calc(100% - 25px);\"\n\t\t>\n\t\t\t\n\t\t\t\t\t\t\t<div class=\"sow-features-feature-right-left-container\" style=\"display: flex; flex-direction: inherit;\">\n\t\t\t\t\t\t\t<a\t\t\t\tclass=\"sow-icon-container sow-container-round\"\n\t\t\t\tstyle=\"color: #404040; \"\n\t\t\t\t\n\t\t\t\t\t\t\t\t\thref=\"https:\/\/apoiar-stressdeguerra.com\/pt\/contactos\/\"\n\t\t\t\t\t\t\t\t>\n\t\t\t\t<span class=\"sow-icon-fontawesome sow-fas\" data-sow-icon=\"&#xf095;\"\n\t\tstyle=\"font-size: 70px; color: #65932d\" \n\t\taria-hidden=\"true\"><\/span>\t\t\t<\/a>\n\n\t\t\t<div class=\"textwidget\">\n\t\t\t\t\t\t\t\t\t<div class=\"sow-features-feature-content\">\n\t\t\t\t\n\t\t\t\t\t\t\t\t\t<h5 class=\"sow-features-feature-title\">\n\t\t\t\t\t\t\t\t\t\t\t\t\t<a\n\t\t\t\t\t\t\t\thref=\"https:\/\/apoiar-stressdeguerra.com\/pt\/contactos\/\"\n\t\t\t\t\t\t\t\t\t\t\t\t\t\t\t>\n\t\t\t\t\t\t\tTem d\u00favidas?\t\t\t\t\t\t\t<\/a>\n\t\t\t\t\t\t\t\t\t\t\t\t<\/h5>\n\t\t\t\t\n\t\t\t\t\t\t\t\t\t<div class=\"sow-features-feature-text\">\n\t\t\t\t\t<p style=\"text-align: left\">Para saber mais informa\u00e7\u00f5es, n\u00e3o hesite em contactar-nos.<\/p>\n\t\t\t\t\t<\/div>\n\t\t\t\t\t\t\t\t\t\t<\/div>\n\t\t\t\t\t<p class=\"sow-more-text\">\n\t\t\t\t\t\t<a href=\"https:\/\/apoiar-stressdeguerra.com\/pt\/contactos\/\" >\t\t\t\t\t\tContactos\t\t\t\t\t\t<\/a>\t\t\t\t\t<\/p>\n\t\t\t\t\t\t\t<\/div>\n\t\t\t\t\t\t\t<\/div>\n\t\t\t\t\t\t\t\t<\/li>\n\n\t<\/ul>\n<\/div><\/div><\/div><\/div><\/div>","protected":false},"excerpt":{"rendered":"<p>Sofre de Stress de Guerra? Saiba tudo o que necessita para poder ser acompanhado na APOIAR. Se foi ex-combatente da Guerra Colonial ou das For\u00e7as Nacionais Destacadas, para poder dar in\u00edcio ao acompanhamento gratuito (cl\u00ednico, m\u00e9dico e social) na APOIAR, necessita de pedir ao seu m\u00e9dico de fam\u00edlia o Modelo 1 devidamente preenchido e assinado, <a class=\"read-more\" href=\"https:\/\/apoiar-stressdeguerra.com\/pt\/o-stress-de-guerra\/procurar-ajuda\/\">Leia mais<\/a><\/p>\n","protected":false},"author":1,"featured_media":316,"parent":24,"menu_order":0,"comment_status":"closed","ping_status":"closed","template":"","meta":{"_uf_show_specific_survey":0,"_uf_disable_surveys":false,"footnotes":""},"class_list":["post-283","page","type-page","status-publish","has-post-thumbnail","hentry"],"yoast_head":"<!-- This site is optimized with the Yoast SEO plugin v26.8 - https:\/\/yoast.com\/product\/yoast-seo-wordpress\/ -->\n<title>Tem stress de guerra ou outro tipo de trauma? Procure ajuda na APOIAR<\/title>\n<meta name=\"description\" content=\"Saiba como iniciar acompanhamento gratuito na APOIAR se sofre de stress de guerra. Ex-combatentes t\u00eam apoio m\u00e9dico, cl\u00ednico e social dispon\u00edvel.\" \/>\n<meta name=\"robots\" content=\"index, follow, max-snippet:-1, max-image-preview:large, max-video-preview:-1\" \/>\n<link rel=\"canonical\" href=\"https:\/\/apoiar-stressdeguerra.com\/pt\/o-stress-de-guerra\/procurar-ajuda\/\" \/>\n<meta property=\"og:locale\" content=\"pt_PT\" \/>\n<meta property=\"og:type\" content=\"article\" \/>\n<meta property=\"og:title\" content=\"Tem stress de guerra ou outro tipo de trauma? Procure ajuda na APOIAR\" \/>\n<meta property=\"og:description\" content=\"Saiba como iniciar acompanhamento gratuito na APOIAR se sofre de stress de guerra. Ex-combatentes t\u00eam apoio m\u00e9dico, cl\u00ednico e social dispon\u00edvel.\" \/>\n<meta property=\"og:url\" content=\"https:\/\/apoiar-stressdeguerra.com\/pt\/o-stress-de-guerra\/procurar-ajuda\/\" \/>\n<meta property=\"og:site_name\" content=\"APOIAR\" \/>\n<meta property=\"article:publisher\" content=\"https:\/\/www.facebook.com\/stressdeguerraapoiar\/\" \/>\n<meta property=\"article:modified_time\" content=\"2025-05-05T14:10:05+00:00\" \/>\n<meta property=\"og:image\" content=\"https:\/\/apoiar-stressdeguerra.com\/pt\/wp-content\/uploads\/2017\/03\/ppst.fam\u00edlias.fb_.1.jpg\" \/>\n\t<meta property=\"og:image:width\" content=\"1421\" \/>\n\t<meta property=\"og:image:height\" content=\"415\" \/>\n\t<meta property=\"og:image:type\" content=\"image\/jpeg\" \/>\n<meta name=\"twitter:card\" content=\"summary_large_image\" \/>\n<meta name=\"twitter:site\" content=\"@aapoiar\" \/>\n<meta name=\"twitter:label1\" content=\"Tempo estimado de leitura\" \/>\n\t<meta name=\"twitter:data1\" content=\"1 minuto\" \/>\n<script type=\"application\/ld+json\" class=\"yoast-schema-graph\">{\"@context\":\"https:\/\/schema.org\",\"@graph\":[{\"@type\":\"WebPage\",\"@id\":\"https:\/\/apoiar-stressdeguerra.com\/pt\/o-stress-de-guerra\/procurar-ajuda\/\",\"url\":\"https:\/\/apoiar-stressdeguerra.com\/pt\/o-stress-de-guerra\/procurar-ajuda\/\",\"name\":\"Tem stress de guerra ou outro tipo de trauma? Procure ajuda na APOIAR\",\"isPartOf\":{\"@id\":\"https:\/\/apoiar-stressdeguerra.com\/pt\/#website\"},\"primaryImageOfPage\":{\"@id\":\"https:\/\/apoiar-stressdeguerra.com\/pt\/o-stress-de-guerra\/procurar-ajuda\/#primaryimage\"},\"image\":{\"@id\":\"https:\/\/apoiar-stressdeguerra.com\/pt\/o-stress-de-guerra\/procurar-ajuda\/#primaryimage\"},\"thumbnailUrl\":\"https:\/\/apoiar-stressdeguerra.com\/pt\/wp-content\/uploads\/2017\/03\/ppst.fam\u00edlias.fb_.1.jpg\",\"datePublished\":\"2017-03-02T09:53:14+00:00\",\"dateModified\":\"2025-05-05T14:10:05+00:00\",\"description\":\"Saiba como iniciar acompanhamento gratuito na APOIAR se sofre de stress de guerra. Ex-combatentes t\u00eam apoio m\u00e9dico, cl\u00ednico e social dispon\u00edvel.\",\"breadcrumb\":{\"@id\":\"https:\/\/apoiar-stressdeguerra.com\/pt\/o-stress-de-guerra\/procurar-ajuda\/#breadcrumb\"},\"inLanguage\":\"pt-PT\",\"potentialAction\":[{\"@type\":\"ReadAction\",\"target\":[\"https:\/\/apoiar-stressdeguerra.com\/pt\/o-stress-de-guerra\/procurar-ajuda\/\"]}]},{\"@type\":\"ImageObject\",\"inLanguage\":\"pt-PT\",\"@id\":\"https:\/\/apoiar-stressdeguerra.com\/pt\/o-stress-de-guerra\/procurar-ajuda\/#primaryimage\",\"url\":\"https:\/\/apoiar-stressdeguerra.com\/pt\/wp-content\/uploads\/2017\/03\/ppst.fam\u00edlias.fb_.1.jpg\",\"contentUrl\":\"https:\/\/apoiar-stressdeguerra.com\/pt\/wp-content\/uploads\/2017\/03\/ppst.fam\u00edlias.fb_.1.jpg\",\"width\":1421,\"height\":415},{\"@type\":\"BreadcrumbList\",\"@id\":\"https:\/\/apoiar-stressdeguerra.com\/pt\/o-stress-de-guerra\/procurar-ajuda\/#breadcrumb\",\"itemListElement\":[{\"@type\":\"ListItem\",\"position\":1,\"name\":\"In\u00edcio\",\"item\":\"https:\/\/apoiar-stressdeguerra.com\/pt\/\"},{\"@type\":\"ListItem\",\"position\":2,\"name\":\"O STRESS DE GUERRA\",\"item\":\"https:\/\/apoiar-stressdeguerra.com\/pt\/o-stress-de-guerra\/\"},{\"@type\":\"ListItem\",\"position\":3,\"name\":\"Procurar ajuda\"}]},{\"@type\":\"WebSite\",\"@id\":\"https:\/\/apoiar-stressdeguerra.com\/pt\/#website\",\"url\":\"https:\/\/apoiar-stressdeguerra.com\/pt\/\",\"name\":\"APOIAR\",\"description\":\"Associa\u00e7\u00e3o de Apoio aos Ex-combatentes V\u00edtimas do Stress de Guerra.\",\"publisher\":{\"@id\":\"https:\/\/apoiar-stressdeguerra.com\/pt\/#organization\"},\"potentialAction\":[{\"@type\":\"SearchAction\",\"target\":{\"@type\":\"EntryPoint\",\"urlTemplate\":\"https:\/\/apoiar-stressdeguerra.com\/pt\/?s={search_term_string}\"},\"query-input\":{\"@type\":\"PropertyValueSpecification\",\"valueRequired\":true,\"valueName\":\"search_term_string\"}}],\"inLanguage\":\"pt-PT\"},{\"@type\":\"Organization\",\"@id\":\"https:\/\/apoiar-stressdeguerra.com\/pt\/#organization\",\"name\":\"APOIAR\",\"url\":\"https:\/\/apoiar-stressdeguerra.com\/pt\/\",\"logo\":{\"@type\":\"ImageObject\",\"inLanguage\":\"pt-PT\",\"@id\":\"https:\/\/apoiar-stressdeguerra.com\/pt\/#\/schema\/logo\/image\/\",\"url\":\"https:\/\/apoiar-stressdeguerra.com\/pt\/wp-content\/uploads\/2017\/03\/LOGO_tb_transparente.gif\",\"contentUrl\":\"https:\/\/apoiar-stressdeguerra.com\/pt\/wp-content\/uploads\/2017\/03\/LOGO_tb_transparente.gif\",\"width\":153,\"height\":59,\"caption\":\"APOIAR\"},\"image\":{\"@id\":\"https:\/\/apoiar-stressdeguerra.com\/pt\/#\/schema\/logo\/image\/\"},\"sameAs\":[\"https:\/\/www.facebook.com\/stressdeguerraapoiar\/\",\"https:\/\/x.com\/aapoiar\"]}]}<\/script>\n<!-- \/ Yoast SEO plugin. -->","yoast_head_json":{"title":"Tem stress de guerra ou outro tipo de trauma? Procure ajuda na APOIAR","description":"Saiba como iniciar acompanhamento gratuito na APOIAR se sofre de stress de guerra. Ex-combatentes t\u00eam apoio m\u00e9dico, cl\u00ednico e social dispon\u00edvel.","robots":{"index":"index","follow":"follow","max-snippet":"max-snippet:-1","max-image-preview":"max-image-preview:large","max-video-preview":"max-video-preview:-1"},"canonical":"https:\/\/apoiar-stressdeguerra.com\/pt\/o-stress-de-guerra\/procurar-ajuda\/","og_locale":"pt_PT","og_type":"article","og_title":"Tem stress de guerra ou outro tipo de trauma? Procure ajuda na APOIAR","og_description":"Saiba como iniciar acompanhamento gratuito na APOIAR se sofre de stress de guerra. Ex-combatentes t\u00eam apoio m\u00e9dico, cl\u00ednico e social dispon\u00edvel.","og_url":"https:\/\/apoiar-stressdeguerra.com\/pt\/o-stress-de-guerra\/procurar-ajuda\/","og_site_name":"APOIAR","article_publisher":"https:\/\/www.facebook.com\/stressdeguerraapoiar\/","article_modified_time":"2025-05-05T14:10:05+00:00","og_image":[{"width":1421,"height":415,"url":"https:\/\/apoiar-stressdeguerra.com\/pt\/wp-content\/uploads\/2017\/03\/ppst.fam\u00edlias.fb_.1.jpg","type":"image\/jpeg"}],"twitter_card":"summary_large_image","twitter_site":"@aapoiar","twitter_misc":{"Tempo estimado de leitura":"1 minuto"},"schema":{"@context":"https:\/\/schema.org","@graph":[{"@type":"WebPage","@id":"https:\/\/apoiar-stressdeguerra.com\/pt\/o-stress-de-guerra\/procurar-ajuda\/","url":"https:\/\/apoiar-stressdeguerra.com\/pt\/o-stress-de-guerra\/procurar-ajuda\/","name":"Tem stress de guerra ou outro tipo de trauma? Procure ajuda na APOIAR","isPartOf":{"@id":"https:\/\/apoiar-stressdeguerra.com\/pt\/#website"},"primaryImageOfPage":{"@id":"https:\/\/apoiar-stressdeguerra.com\/pt\/o-stress-de-guerra\/procurar-ajuda\/#primaryimage"},"image":{"@id":"https:\/\/apoiar-stressdeguerra.com\/pt\/o-stress-de-guerra\/procurar-ajuda\/#primaryimage"},"thumbnailUrl":"https:\/\/apoiar-stressdeguerra.com\/pt\/wp-content\/uploads\/2017\/03\/ppst.fam\u00edlias.fb_.1.jpg","datePublished":"2017-03-02T09:53:14+00:00","dateModified":"2025-05-05T14:10:05+00:00","description":"Saiba como iniciar acompanhamento gratuito na APOIAR se sofre de stress de guerra. Ex-combatentes t\u00eam apoio m\u00e9dico, cl\u00ednico e social dispon\u00edvel.","breadcrumb":{"@id":"https:\/\/apoiar-stressdeguerra.com\/pt\/o-stress-de-guerra\/procurar-ajuda\/#breadcrumb"},"inLanguage":"pt-PT","potentialAction":[{"@type":"ReadAction","target":["https:\/\/apoiar-stressdeguerra.com\/pt\/o-stress-de-guerra\/procurar-ajuda\/"]}]},{"@type":"ImageObject","inLanguage":"pt-PT","@id":"https:\/\/apoiar-stressdeguerra.com\/pt\/o-stress-de-guerra\/procurar-ajuda\/#primaryimage","url":"https:\/\/apoiar-stressdeguerra.com\/pt\/wp-content\/uploads\/2017\/03\/ppst.fam\u00edlias.fb_.1.jpg","contentUrl":"https:\/\/apoiar-stressdeguerra.com\/pt\/wp-content\/uploads\/2017\/03\/ppst.fam\u00edlias.fb_.1.jpg","width":1421,"height":415},{"@type":"BreadcrumbList","@id":"https:\/\/apoiar-stressdeguerra.com\/pt\/o-stress-de-guerra\/procurar-ajuda\/#breadcrumb","itemListElement":[{"@type":"ListItem","position":1,"name":"In\u00edcio","item":"https:\/\/apoiar-stressdeguerra.com\/pt\/"},{"@type":"ListItem","position":2,"name":"O STRESS DE GUERRA","item":"https:\/\/apoiar-stressdeguerra.com\/pt\/o-stress-de-guerra\/"},{"@type":"ListItem","position":3,"name":"Procurar ajuda"}]},{"@type":"WebSite","@id":"https:\/\/apoiar-stressdeguerra.com\/pt\/#website","url":"https:\/\/apoiar-stressdeguerra.com\/pt\/","name":"APOIAR","description":"Associa\u00e7\u00e3o de Apoio aos Ex-combatentes V\u00edtimas do Stress de Guerra.","publisher":{"@id":"https:\/\/apoiar-stressdeguerra.com\/pt\/#organization"},"potentialAction":[{"@type":"SearchAction","target":{"@type":"EntryPoint","urlTemplate":"https:\/\/apoiar-stressdeguerra.com\/pt\/?s={search_term_string}"},"query-input":{"@type":"PropertyValueSpecification","valueRequired":true,"valueName":"search_term_string"}}],"inLanguage":"pt-PT"},{"@type":"Organization","@id":"https:\/\/apoiar-stressdeguerra.com\/pt\/#organization","name":"APOIAR","url":"https:\/\/apoiar-stressdeguerra.com\/pt\/","logo":{"@type":"ImageObject","inLanguage":"pt-PT","@id":"https:\/\/apoiar-stressdeguerra.com\/pt\/#\/schema\/logo\/image\/","url":"https:\/\/apoiar-stressdeguerra.com\/pt\/wp-content\/uploads\/2017\/03\/LOGO_tb_transparente.gif","contentUrl":"https:\/\/apoiar-stressdeguerra.com\/pt\/wp-content\/uploads\/2017\/03\/LOGO_tb_transparente.gif","width":153,"height":59,"caption":"APOIAR"},"image":{"@id":"https:\/\/apoiar-stressdeguerra.com\/pt\/#\/schema\/logo\/image\/"},"sameAs":["https:\/\/www.facebook.com\/stressdeguerraapoiar\/","https:\/\/x.com\/aapoiar"]}]}},"_links":{"self":[{"href":"https:\/\/apoiar-stressdeguerra.com\/pt\/wp-json\/wp\/v2\/pages\/283","targetHints":{"allow":["GET"]}}],"collection":[{"href":"https:\/\/apoiar-stressdeguerra.com\/pt\/wp-json\/wp\/v2\/pages"}],"about":[{"href":"https:\/\/apoiar-stressdeguerra.com\/pt\/wp-json\/wp\/v2\/types\/page"}],"author":[{"embeddable":true,"href":"https:\/\/apoiar-stressdeguerra.com\/pt\/wp-json\/wp\/v2\/users\/1"}],"replies":[{"embeddable":true,"href":"https:\/\/apoiar-stressdeguerra.com\/pt\/wp-json\/wp\/v2\/comments?post=283"}],"version-history":[{"count":19,"href":"https:\/\/apoiar-stressdeguerra.com\/pt\/wp-json\/wp\/v2\/pages\/283\/revisions"}],"predecessor-version":[{"id":2326,"href":"https:\/\/apoiar-stressdeguerra.com\/pt\/wp-json\/wp\/v2\/pages\/283\/revisions\/2326"}],"up":[{"embeddable":true,"href":"https:\/\/apoiar-stressdeguerra.com\/pt\/wp-json\/wp\/v2\/pages\/24"}],"wp:featuredmedia":[{"embeddable":true,"href":"https:\/\/apoiar-stressdeguerra.com\/pt\/wp-json\/wp\/v2\/media\/316"}],"wp:attachment":[{"href":"https:\/\/apoiar-stressdeguerra.com\/pt\/wp-json\/wp\/v2\/media?parent=283"}],"curies":[{"name":"wp","href":"https:\/\/api.w.org\/{rel}","templated":true}]}}