{"id":565,"date":"2017-03-17T10:12:25","date_gmt":"2017-03-17T10:12:25","guid":{"rendered":"http:\/\/apoiar-stressdeguerra.com\/pt\/?page_id=565"},"modified":"2025-07-24T09:36:29","modified_gmt":"2025-07-24T09:36:29","slug":"arquivo-imprensa-audiovisual","status":"publish","type":"page","link":"https:\/\/apoiar-stressdeguerra.com\/pt\/a-apoiar\/arquivo-imprensa-audiovisual\/","title":{"rendered":"Arquivo de Imprensa e Audiovisual"},"content":{"rendered":"<div id=\"pl-565\"  class=\"panel-layout\" ><div id=\"pg-565-0\"  class=\"panel-grid panel-no-style\" ><div id=\"pgc-565-0-0\"  class=\"panel-grid-cell\" ><div id=\"panel-565-0-0-0\" class=\"so-panel widget widget_sow-editor panel-first-child panel-last-child\" data-index=\"0\" ><div\n\t\t\t\n\t\t\tclass=\"so-widget-sow-editor so-widget-sow-editor-base\"\n\t\t\t\n\t\t>\n<div class=\"siteorigin-widget-tinymce textwidget\">\n\t<p data-start=\"319\" data-end=\"564\"><img loading=\"lazy\" decoding=\"async\" class=\"alignnone size-large wp-image-2459\" src=\"https:\/\/apoiar-stressdeguerra.com\/pt\/wp-content\/uploads\/2025\/07\/arquivo-imprensa-1024x427.png\" alt=\"\" width=\"800\" height=\"334\" srcset=\"https:\/\/apoiar-stressdeguerra.com\/pt\/wp-content\/uploads\/2025\/07\/arquivo-imprensa-1024x427.png 1024w, https:\/\/apoiar-stressdeguerra.com\/pt\/wp-content\/uploads\/2025\/07\/arquivo-imprensa-300x125.png 300w, https:\/\/apoiar-stressdeguerra.com\/pt\/wp-content\/uploads\/2025\/07\/arquivo-imprensa-768x320.png 768w, https:\/\/apoiar-stressdeguerra.com\/pt\/wp-content\/uploads\/2025\/07\/arquivo-imprensa.png 1469w\" sizes=\"auto, (max-width: 800px) 100vw, 800px\" \/><\/p>\n<h4 data-start=\"319\" data-end=\"564\">\ud83d\udcc2 Arquivo de Imprensa e Audiovisual \u2013 APOIAR<\/h4>\n<p data-start=\"319\" data-end=\"564\">Bem-vindo ao Arquivo de Imprensa e Audiovisual da APOIAR \u2014 um espa\u00e7o onde reunimos os <strong data-start=\"405\" data-end=\"479\">principais recortes de imprensa<\/strong><strong data-start=\"405\" data-end=\"479\">, reportagens em v\u00eddeo e registos \u00e1udio<\/strong> sobre a realidade dos <strong data-start=\"502\" data-end=\"563\">ex-combatentes portugueses afectados por Stress de Guerra<\/strong>.<\/p>\n<p data-start=\"566\" data-end=\"817\">Aqui poder\u00e1 consultar um reposit\u00f3rio em constante actualiza\u00e7\u00e3o, que pretende reunir <strong data-start=\"650\" data-end=\"740\">testemunhos, coberturas jornal\u00edsticas, entrevistas, document\u00e1rios e artigos de opini\u00e3o<\/strong> publicados ao longo dos anos na comunica\u00e7\u00e3o social nacional e internacional.<\/p>\n<p data-start=\"819\" data-end=\"1135\">Se possui <strong data-start=\"829\" data-end=\"878\">recortes de jornal, v\u00eddeos ou grava\u00e7\u00f5es \u00e1udio<\/strong> relevantes para esta tem\u00e1tica, convidamo-lo(a) a contribuir para este acervo, enviando-nos uma c\u00f3pia. A sua colabora\u00e7\u00e3o \u00e9 essencial para <strong data-start=\"1016\" data-end=\"1118\">preservar a mem\u00f3ria colectiva e refor\u00e7ar a visibilidade das quest\u00f5es que afectam os ex-combatentes<\/strong> e suas fam\u00edlias.<\/p>\n<\/div>\n<\/div><\/div><\/div><\/div><div id=\"pg-565-1\"  class=\"panel-grid panel-no-style\" ><div id=\"pgc-565-1-0\"  class=\"panel-grid-cell\" ><div id=\"panel-565-1-0-0\" class=\"so-panel widget widget_recent-posts-widget-with-thumbnails recent-posts-widget-with-thumbnails panel-first-child panel-last-child\" data-index=\"1\" >\n<div id=\"rpwwt-widget-1-0-0\" class=\"rpwwt-widget\">\r\n<h3 class=\"widget-title\">\u00daLTIMOS ARTIGOS<\/h3>\n\t<nav role=\"navigation\" aria-label=\"\u00daLTIMOS ARTIGOS\">\r\n\t<ul>\r\n\t\t<li><a href=\"https:\/\/apoiar-stressdeguerra.com\/pt\/2022\/02\/22\/apoiar-no-canal-saude-2\/\"><img loading=\"lazy\" decoding=\"async\" width=\"150\" height=\"150\" src=\"https:\/\/apoiar-stressdeguerra.com\/pt\/wp-content\/uploads\/2022\/02\/apoiar-saude-mais-2022-150x150.jpg\" class=\"attachment-thumbnail size-thumbnail\" alt=\"\" srcset=\"https:\/\/apoiar-stressdeguerra.com\/pt\/wp-content\/uploads\/2022\/02\/apoiar-saude-mais-2022-150x150.jpg 150w, https:\/\/apoiar-stressdeguerra.com\/pt\/wp-content\/uploads\/2022\/02\/apoiar-saude-mais-2022-600x600.jpg 600w, https:\/\/apoiar-stressdeguerra.com\/pt\/wp-content\/uploads\/2022\/02\/apoiar-saude-mais-2022-45x45.jpg 45w\" sizes=\"auto, (max-width: 150px) 100vw, 150px\" \/><span class=\"rpwwt-post-title\">APOIAR no Canal Sa\u00fade +<\/span><\/a><div class=\"rpwwt-post-date\">22 Fevereiro, 2022<\/div><div class=\"rpwwt-post-excerpt\">O canal de cabo, Sa\u00fade +, dedicado exclusivamente \u00e0s quest\u00f5es de sa\u00fade, convidou o Presidente da <span class=\"rpwwt-post-excerpt-more\"> [\u2026]<\/span><\/div><\/li>\r\n\t\t<li><a href=\"https:\/\/apoiar-stressdeguerra.com\/pt\/2022\/01\/13\/apoiar-na-radio-renascenca\/\"><img decoding=\"async\" width=\"150\" height=\"150\" src=\"https:\/\/image.flaticon.com\/icons\/svg\/138\/138914.svg\" class=\"attachment-150x150\" alt=\"\" loading=\"lazy\" \/><span class=\"rpwwt-post-title\">APOIAR na R\u00e1dio Renascen\u00e7a<\/span><\/a><div class=\"rpwwt-post-date\">13 Janeiro, 2022<\/div><div class=\"rpwwt-post-excerpt\">ANTIGOS COMBATENTES NA R\u00c1DIO O Estatuto do Antigo Combatente tem trazido de novo \u00e0 baila as v\u00e1rias <span class=\"rpwwt-post-excerpt-more\"> [\u2026]<\/span><\/div><\/li>\r\n\t\t<li><a href=\"https:\/\/apoiar-stressdeguerra.com\/pt\/2021\/08\/04\/media-destacam-ajuda-da-apoiar-relativamente-ao-cartao-antigo-combatente\/\"><img loading=\"lazy\" decoding=\"async\" width=\"150\" height=\"150\" src=\"https:\/\/apoiar-stressdeguerra.com\/pt\/wp-content\/uploads\/2021\/08\/apoiar-rtp-dia-27-o7-21-150x150.jpg\" class=\"attachment-thumbnail size-thumbnail\" alt=\"\" srcset=\"https:\/\/apoiar-stressdeguerra.com\/pt\/wp-content\/uploads\/2021\/08\/apoiar-rtp-dia-27-o7-21-150x150.jpg 150w, https:\/\/apoiar-stressdeguerra.com\/pt\/wp-content\/uploads\/2021\/08\/apoiar-rtp-dia-27-o7-21-600x600.jpg 600w, https:\/\/apoiar-stressdeguerra.com\/pt\/wp-content\/uploads\/2021\/08\/apoiar-rtp-dia-27-o7-21-45x45.jpg 45w\" sizes=\"auto, (max-width: 150px) 100vw, 150px\" \/><span class=\"rpwwt-post-title\">Media destacam ajuda da APOIAR relativamente ao Cart\u00e3o de Antigo Combatente<\/span><\/a><div class=\"rpwwt-post-date\">4 Agosto, 2021<\/div><div class=\"rpwwt-post-excerpt\">Um relato publicado no Jornal de Not\u00edcias dava conta de um ex-combatente no Porto que foi multado <span class=\"rpwwt-post-excerpt-more\"> [\u2026]<\/span><\/div><\/li>\r\n\t\t<li><a href=\"https:\/\/apoiar-stressdeguerra.com\/pt\/2020\/04\/08\/efeitos-da-pandemia-na-saude-mental\/\"><img loading=\"lazy\" decoding=\"async\" width=\"150\" height=\"150\" src=\"https:\/\/apoiar-stressdeguerra.com\/pt\/wp-content\/uploads\/2020\/04\/mental-health-2313430_1920-150x150.jpg\" class=\"attachment-thumbnail size-thumbnail\" alt=\"\" srcset=\"https:\/\/apoiar-stressdeguerra.com\/pt\/wp-content\/uploads\/2020\/04\/mental-health-2313430_1920-150x150.jpg 150w, https:\/\/apoiar-stressdeguerra.com\/pt\/wp-content\/uploads\/2020\/04\/mental-health-2313430_1920-600x600.jpg 600w, https:\/\/apoiar-stressdeguerra.com\/pt\/wp-content\/uploads\/2020\/04\/mental-health-2313430_1920-45x45.jpg 45w\" sizes=\"auto, (max-width: 150px) 100vw, 150px\" \/><span class=\"rpwwt-post-title\">Efeitos da pandemia na sa\u00fade mental<\/span><\/a><div class=\"rpwwt-post-date\">8 Abril, 2020<\/div><div class=\"rpwwt-post-excerpt\">CORONAV\u00cdRUS Uma reportagem, do Washington Post analisa como o surto de coronav\u00edrus pode afectar <span class=\"rpwwt-post-excerpt-more\"> [\u2026]<\/span><\/div><\/li>\r\n\t\t<li><a href=\"https:\/\/apoiar-stressdeguerra.com\/pt\/2019\/12\/02\/stress-pos-traumatico-guerra-bomba-no-cerebro-dos-ex-militares\/\"><img loading=\"lazy\" decoding=\"async\" width=\"150\" height=\"150\" src=\"https:\/\/apoiar-stressdeguerra.com\/pt\/wp-content\/uploads\/2020\/01\/trauma-e-stress-de-guerra-Gulbenkian-2019.11.06-publico3-150x150.jpg\" class=\"attachment-thumbnail size-thumbnail\" alt=\"\" srcset=\"https:\/\/apoiar-stressdeguerra.com\/pt\/wp-content\/uploads\/2020\/01\/trauma-e-stress-de-guerra-Gulbenkian-2019.11.06-publico3-150x150.jpg 150w, https:\/\/apoiar-stressdeguerra.com\/pt\/wp-content\/uploads\/2020\/01\/trauma-e-stress-de-guerra-Gulbenkian-2019.11.06-publico3-600x600.jpg 600w, https:\/\/apoiar-stressdeguerra.com\/pt\/wp-content\/uploads\/2020\/01\/trauma-e-stress-de-guerra-Gulbenkian-2019.11.06-publico3-45x45.jpg 45w\" sizes=\"auto, (max-width: 150px) 100vw, 150px\" \/><span class=\"rpwwt-post-title\">Stress p\u00f3s-traum\u00e1tico de guerra, \u201cbomba no c\u00e9rebro\u201d dos ex-militares<\/span><\/a><div class=\"rpwwt-post-date\">2 Dezembro, 2019<\/div><div class=\"rpwwt-post-excerpt\">APOIAR NOS MEDIA \/\/ A ag\u00eancia LUSA esteve presente a cobrir o evento realizado na Funda\u00e7\u00e3o Calouste <span class=\"rpwwt-post-excerpt-more\"> [\u2026]<\/span><\/div><\/li>\r\n\t<\/ul>\r\n\t<\/nav>\r\n<\/div><!-- .rpwwt-widget -->\r\n<\/div><\/div><div id=\"pgc-565-1-1\"  class=\"panel-grid-cell\" ><div id=\"panel-565-1-1-0\" class=\"so-panel widget widget_sow-editor panel-first-child\" data-index=\"2\" ><div\n\t\t\t\n\t\t\tclass=\"so-widget-sow-editor so-widget-sow-editor-base\"\n\t\t\t\n\t\t><h3 class=\"widget-title\">TIPO DE ARQUIVO<\/h3>\n<div class=\"siteorigin-widget-tinymce textwidget\">\n\t<p>\u00a0<\/p>\n<ul>\n<li>\n<h3><a href=\"http:\/\/apoiar-stressdeguerra.com\/pt\/category\/arquivo-de-imprensa\/video\/\">V\u00eddeo<\/a>\u00a0<\/h3>\n<\/li>\n<li>\n<h3><a href=\"http:\/\/apoiar-stressdeguerra.com\/pt\/category\/arquivo-de-imprensa\/audio\/\">Audio<\/a><\/h3>\n<\/li>\n<li>\n<h3><a href=\"http:\/\/apoiar-stressdeguerra.com\/pt\/category\/arquivo-de-imprensa\/recortes-de-imprensa\/\">Recortes de Imprensa<\/a><\/h3>\n<\/li>\n<\/ul>\n<p>\u00a0<\/p>\n<h4 style=\"padding-left: 40px;\"><a href=\"http:\/\/apoiar-stressdeguerra.com\/pt\/category\/arquivo-de-imprensa\">\u00bb Ver todo o arquivo<\/a><\/h4>\n<\/div>\n<\/div><\/div><div id=\"panel-565-1-1-1\" class=\"so-panel widget widget_sow-editor panel-last-child\" data-index=\"3\" ><div\n\t\t\t\n\t\t\tclass=\"so-widget-sow-editor so-widget-sow-editor-base\"\n\t\t\t\n\t\t>\n<div class=\"siteorigin-widget-tinymce textwidget\">\n\t<hr \/>\n<h4 style=\"text-align: center;\">ARQUIVO\u00a0 DE ARTIGOS ONLINE<\/h4>\n<p style=\"text-align: center;\"><iframe loading=\"lazy\" src=\"http:\/\/www.scoop.it\/embed-topic\/210041.html?width=\" width=\"300\" height=\"300\"><\/iframe>\u00a0<\/p>\n<\/div>\n<\/div><\/div><\/div><\/div><\/div>","protected":false},"excerpt":{"rendered":"<p>Stress p\u00f3s-traum\u00e1tico de guerra, \u201cbomba no c\u00e9rebro\u201d dos ex-militares: O stress traum\u00e1tico de guerra afeta centenas ou milhares de militares portugueses, 45 anos depois da guerra colonial, n\u00e3o se sabe ao certo, e ainda hoje emocionou os participantes de um col\u00f3quio, em Lisboa.Afonso de Albuquerque, m\u00e9dico miliciano em Mo\u00e7ambique (1961-64), psiquiatra, pioneiro da primeira consulta <a class=\"read-more\" href=\"https:\/\/apoiar-stressdeguerra.com\/pt\/2019\/12\/02\/stress-pos-traumatico-guerra-bomba-no-cerebro-dos-ex-militares\/\">Leia mais<\/a><\/p>\n","protected":false},"author":1,"featured_media":0,"parent":9,"menu_order":0,"comment_status":"closed","ping_status":"closed","template":"","meta":{"_uf_show_specific_survey":0,"_uf_disable_surveys":false,"footnotes":""},"class_list":["post-565","page","type-page","status-publish","hentry"],"yoast_head":"<!-- This site is optimized with the Yoast SEO plugin v26.8 - https:\/\/yoast.com\/product\/yoast-seo-wordpress\/ -->\n<title>Arquivo de Imprensa e Audiovisual - APOIAR<\/title>\n<meta name=\"description\" content=\"Explore o arquivo de imprensa e audiovisual da APOIAR com not\u00edcias, v\u00eddeos e registos sobre ex-combatentes e stress de guerra.\" \/>\n<meta name=\"robots\" content=\"index, follow, max-snippet:-1, max-image-preview:large, max-video-preview:-1\" \/>\n<link rel=\"canonical\" href=\"https:\/\/apoiar-stressdeguerra.com\/pt\/a-apoiar\/arquivo-imprensa-audiovisual\/\" \/>\n<meta property=\"og:locale\" content=\"pt_PT\" \/>\n<meta property=\"og:type\" content=\"article\" \/>\n<meta property=\"og:title\" content=\"Arquivo de Imprensa e Audiovisual - APOIAR\" \/>\n<meta property=\"og:description\" content=\"Explore o arquivo de imprensa e audiovisual da APOIAR com not\u00edcias, v\u00eddeos e registos sobre ex-combatentes e stress de guerra.\" \/>\n<meta property=\"og:url\" content=\"https:\/\/apoiar-stressdeguerra.com\/pt\/a-apoiar\/arquivo-imprensa-audiovisual\/\" \/>\n<meta property=\"og:site_name\" content=\"APOIAR\" \/>\n<meta property=\"article:publisher\" content=\"https:\/\/www.facebook.com\/stressdeguerraapoiar\/\" \/>\n<meta property=\"article:modified_time\" content=\"2025-07-24T09:36:29+00:00\" \/>\n<meta property=\"og:image\" content=\"https:\/\/apoiar-stressdeguerra.com\/pt\/wp-content\/uploads\/2025\/07\/arquivo-imprensa.png\" \/>\n\t<meta property=\"og:image:width\" content=\"1469\" \/>\n\t<meta property=\"og:image:height\" content=\"612\" \/>\n\t<meta property=\"og:image:type\" content=\"image\/png\" \/>\n<meta name=\"twitter:card\" content=\"summary_large_image\" \/>\n<meta name=\"twitter:site\" content=\"@aapoiar\" \/>\n<meta name=\"twitter:label1\" content=\"Tempo estimado de leitura\" \/>\n\t<meta name=\"twitter:data1\" content=\"3 minutos\" \/>\n<script type=\"application\/ld+json\" class=\"yoast-schema-graph\">{\"@context\":\"https:\/\/schema.org\",\"@graph\":[{\"@type\":\"WebPage\",\"@id\":\"https:\/\/apoiar-stressdeguerra.com\/pt\/a-apoiar\/arquivo-imprensa-audiovisual\/\",\"url\":\"https:\/\/apoiar-stressdeguerra.com\/pt\/a-apoiar\/arquivo-imprensa-audiovisual\/\",\"name\":\"Arquivo de Imprensa e Audiovisual - APOIAR\",\"isPartOf\":{\"@id\":\"https:\/\/apoiar-stressdeguerra.com\/pt\/#website\"},\"primaryImageOfPage\":{\"@id\":\"https:\/\/apoiar-stressdeguerra.com\/pt\/a-apoiar\/arquivo-imprensa-audiovisual\/#primaryimage\"},\"image\":{\"@id\":\"https:\/\/apoiar-stressdeguerra.com\/pt\/a-apoiar\/arquivo-imprensa-audiovisual\/#primaryimage\"},\"thumbnailUrl\":\"https:\/\/apoiar-stressdeguerra.com\/pt\/wp-content\/uploads\/2025\/07\/arquivo-imprensa-1024x427.png\",\"datePublished\":\"2017-03-17T10:12:25+00:00\",\"dateModified\":\"2025-07-24T09:36:29+00:00\",\"description\":\"Explore o arquivo de imprensa e audiovisual da APOIAR com not\u00edcias, v\u00eddeos e registos sobre ex-combatentes e stress de guerra.\",\"breadcrumb\":{\"@id\":\"https:\/\/apoiar-stressdeguerra.com\/pt\/a-apoiar\/arquivo-imprensa-audiovisual\/#breadcrumb\"},\"inLanguage\":\"pt-PT\",\"potentialAction\":[{\"@type\":\"ReadAction\",\"target\":[\"https:\/\/apoiar-stressdeguerra.com\/pt\/a-apoiar\/arquivo-imprensa-audiovisual\/\"]}]},{\"@type\":\"ImageObject\",\"inLanguage\":\"pt-PT\",\"@id\":\"https:\/\/apoiar-stressdeguerra.com\/pt\/a-apoiar\/arquivo-imprensa-audiovisual\/#primaryimage\",\"url\":\"https:\/\/apoiar-stressdeguerra.com\/pt\/wp-content\/uploads\/2025\/07\/arquivo-imprensa.png\",\"contentUrl\":\"https:\/\/apoiar-stressdeguerra.com\/pt\/wp-content\/uploads\/2025\/07\/arquivo-imprensa.png\",\"width\":1469,\"height\":612},{\"@type\":\"BreadcrumbList\",\"@id\":\"https:\/\/apoiar-stressdeguerra.com\/pt\/a-apoiar\/arquivo-imprensa-audiovisual\/#breadcrumb\",\"itemListElement\":[{\"@type\":\"ListItem\",\"position\":1,\"name\":\"In\u00edcio\",\"item\":\"https:\/\/apoiar-stressdeguerra.com\/pt\/\"},{\"@type\":\"ListItem\",\"position\":2,\"name\":\"A APOIAR\",\"item\":\"https:\/\/apoiar-stressdeguerra.com\/pt\/a-apoiar\/\"},{\"@type\":\"ListItem\",\"position\":3,\"name\":\"Arquivo de Imprensa e Audiovisual\"}]},{\"@type\":\"WebSite\",\"@id\":\"https:\/\/apoiar-stressdeguerra.com\/pt\/#website\",\"url\":\"https:\/\/apoiar-stressdeguerra.com\/pt\/\",\"name\":\"APOIAR\",\"description\":\"Associa\u00e7\u00e3o de Apoio aos Ex-combatentes V\u00edtimas do Stress de Guerra.\",\"publisher\":{\"@id\":\"https:\/\/apoiar-stressdeguerra.com\/pt\/#organization\"},\"potentialAction\":[{\"@type\":\"SearchAction\",\"target\":{\"@type\":\"EntryPoint\",\"urlTemplate\":\"https:\/\/apoiar-stressdeguerra.com\/pt\/?s={search_term_string}\"},\"query-input\":{\"@type\":\"PropertyValueSpecification\",\"valueRequired\":true,\"valueName\":\"search_term_string\"}}],\"inLanguage\":\"pt-PT\"},{\"@type\":\"Organization\",\"@id\":\"https:\/\/apoiar-stressdeguerra.com\/pt\/#organization\",\"name\":\"APOIAR\",\"url\":\"https:\/\/apoiar-stressdeguerra.com\/pt\/\",\"logo\":{\"@type\":\"ImageObject\",\"inLanguage\":\"pt-PT\",\"@id\":\"https:\/\/apoiar-stressdeguerra.com\/pt\/#\/schema\/logo\/image\/\",\"url\":\"https:\/\/apoiar-stressdeguerra.com\/pt\/wp-content\/uploads\/2017\/03\/LOGO_tb_transparente.gif\",\"contentUrl\":\"https:\/\/apoiar-stressdeguerra.com\/pt\/wp-content\/uploads\/2017\/03\/LOGO_tb_transparente.gif\",\"width\":153,\"height\":59,\"caption\":\"APOIAR\"},\"image\":{\"@id\":\"https:\/\/apoiar-stressdeguerra.com\/pt\/#\/schema\/logo\/image\/\"},\"sameAs\":[\"https:\/\/www.facebook.com\/stressdeguerraapoiar\/\",\"https:\/\/x.com\/aapoiar\"]}]}<\/script>\n<!-- \/ Yoast SEO plugin. -->","yoast_head_json":{"title":"Arquivo de Imprensa e Audiovisual - APOIAR","description":"Explore o arquivo de imprensa e audiovisual da APOIAR com not\u00edcias, v\u00eddeos e registos sobre ex-combatentes e stress de guerra.","robots":{"index":"index","follow":"follow","max-snippet":"max-snippet:-1","max-image-preview":"max-image-preview:large","max-video-preview":"max-video-preview:-1"},"canonical":"https:\/\/apoiar-stressdeguerra.com\/pt\/a-apoiar\/arquivo-imprensa-audiovisual\/","og_locale":"pt_PT","og_type":"article","og_title":"Arquivo de Imprensa e Audiovisual - APOIAR","og_description":"Explore o arquivo de imprensa e audiovisual da APOIAR com not\u00edcias, v\u00eddeos e registos sobre ex-combatentes e stress de guerra.","og_url":"https:\/\/apoiar-stressdeguerra.com\/pt\/a-apoiar\/arquivo-imprensa-audiovisual\/","og_site_name":"APOIAR","article_publisher":"https:\/\/www.facebook.com\/stressdeguerraapoiar\/","article_modified_time":"2025-07-24T09:36:29+00:00","og_image":[{"width":1469,"height":612,"url":"https:\/\/apoiar-stressdeguerra.com\/pt\/wp-content\/uploads\/2025\/07\/arquivo-imprensa.png","type":"image\/png"}],"twitter_card":"summary_large_image","twitter_site":"@aapoiar","twitter_misc":{"Tempo estimado de leitura":"3 minutos"},"schema":{"@context":"https:\/\/schema.org","@graph":[{"@type":"WebPage","@id":"https:\/\/apoiar-stressdeguerra.com\/pt\/a-apoiar\/arquivo-imprensa-audiovisual\/","url":"https:\/\/apoiar-stressdeguerra.com\/pt\/a-apoiar\/arquivo-imprensa-audiovisual\/","name":"Arquivo de Imprensa e Audiovisual - APOIAR","isPartOf":{"@id":"https:\/\/apoiar-stressdeguerra.com\/pt\/#website"},"primaryImageOfPage":{"@id":"https:\/\/apoiar-stressdeguerra.com\/pt\/a-apoiar\/arquivo-imprensa-audiovisual\/#primaryimage"},"image":{"@id":"https:\/\/apoiar-stressdeguerra.com\/pt\/a-apoiar\/arquivo-imprensa-audiovisual\/#primaryimage"},"thumbnailUrl":"https:\/\/apoiar-stressdeguerra.com\/pt\/wp-content\/uploads\/2025\/07\/arquivo-imprensa-1024x427.png","datePublished":"2017-03-17T10:12:25+00:00","dateModified":"2025-07-24T09:36:29+00:00","description":"Explore o arquivo de imprensa e audiovisual da APOIAR com not\u00edcias, v\u00eddeos e registos sobre ex-combatentes e stress de guerra.","breadcrumb":{"@id":"https:\/\/apoiar-stressdeguerra.com\/pt\/a-apoiar\/arquivo-imprensa-audiovisual\/#breadcrumb"},"inLanguage":"pt-PT","potentialAction":[{"@type":"ReadAction","target":["https:\/\/apoiar-stressdeguerra.com\/pt\/a-apoiar\/arquivo-imprensa-audiovisual\/"]}]},{"@type":"ImageObject","inLanguage":"pt-PT","@id":"https:\/\/apoiar-stressdeguerra.com\/pt\/a-apoiar\/arquivo-imprensa-audiovisual\/#primaryimage","url":"https:\/\/apoiar-stressdeguerra.com\/pt\/wp-content\/uploads\/2025\/07\/arquivo-imprensa.png","contentUrl":"https:\/\/apoiar-stressdeguerra.com\/pt\/wp-content\/uploads\/2025\/07\/arquivo-imprensa.png","width":1469,"height":612},{"@type":"BreadcrumbList","@id":"https:\/\/apoiar-stressdeguerra.com\/pt\/a-apoiar\/arquivo-imprensa-audiovisual\/#breadcrumb","itemListElement":[{"@type":"ListItem","position":1,"name":"In\u00edcio","item":"https:\/\/apoiar-stressdeguerra.com\/pt\/"},{"@type":"ListItem","position":2,"name":"A APOIAR","item":"https:\/\/apoiar-stressdeguerra.com\/pt\/a-apoiar\/"},{"@type":"ListItem","position":3,"name":"Arquivo de Imprensa e Audiovisual"}]},{"@type":"WebSite","@id":"https:\/\/apoiar-stressdeguerra.com\/pt\/#website","url":"https:\/\/apoiar-stressdeguerra.com\/pt\/","name":"APOIAR","description":"Associa\u00e7\u00e3o de Apoio aos Ex-combatentes V\u00edtimas do Stress de Guerra.","publisher":{"@id":"https:\/\/apoiar-stressdeguerra.com\/pt\/#organization"},"potentialAction":[{"@type":"SearchAction","target":{"@type":"EntryPoint","urlTemplate":"https:\/\/apoiar-stressdeguerra.com\/pt\/?s={search_term_string}"},"query-input":{"@type":"PropertyValueSpecification","valueRequired":true,"valueName":"search_term_string"}}],"inLanguage":"pt-PT"},{"@type":"Organization","@id":"https:\/\/apoiar-stressdeguerra.com\/pt\/#organization","name":"APOIAR","url":"https:\/\/apoiar-stressdeguerra.com\/pt\/","logo":{"@type":"ImageObject","inLanguage":"pt-PT","@id":"https:\/\/apoiar-stressdeguerra.com\/pt\/#\/schema\/logo\/image\/","url":"https:\/\/apoiar-stressdeguerra.com\/pt\/wp-content\/uploads\/2017\/03\/LOGO_tb_transparente.gif","contentUrl":"https:\/\/apoiar-stressdeguerra.com\/pt\/wp-content\/uploads\/2017\/03\/LOGO_tb_transparente.gif","width":153,"height":59,"caption":"APOIAR"},"image":{"@id":"https:\/\/apoiar-stressdeguerra.com\/pt\/#\/schema\/logo\/image\/"},"sameAs":["https:\/\/www.facebook.com\/stressdeguerraapoiar\/","https:\/\/x.com\/aapoiar"]}]}},"_links":{"self":[{"href":"https:\/\/apoiar-stressdeguerra.com\/pt\/wp-json\/wp\/v2\/pages\/565","targetHints":{"allow":["GET"]}}],"collection":[{"href":"https:\/\/apoiar-stressdeguerra.com\/pt\/wp-json\/wp\/v2\/pages"}],"about":[{"href":"https:\/\/apoiar-stressdeguerra.com\/pt\/wp-json\/wp\/v2\/types\/page"}],"author":[{"embeddable":true,"href":"https:\/\/apoiar-stressdeguerra.com\/pt\/wp-json\/wp\/v2\/users\/1"}],"replies":[{"embeddable":true,"href":"https:\/\/apoiar-stressdeguerra.com\/pt\/wp-json\/wp\/v2\/comments?post=565"}],"version-history":[{"count":15,"href":"https:\/\/apoiar-stressdeguerra.com\/pt\/wp-json\/wp\/v2\/pages\/565\/revisions"}],"predecessor-version":[{"id":2460,"href":"https:\/\/apoiar-stressdeguerra.com\/pt\/wp-json\/wp\/v2\/pages\/565\/revisions\/2460"}],"up":[{"embeddable":true,"href":"https:\/\/apoiar-stressdeguerra.com\/pt\/wp-json\/wp\/v2\/pages\/9"}],"wp:attachment":[{"href":"https:\/\/apoiar-stressdeguerra.com\/pt\/wp-json\/wp\/v2\/media?parent=565"}],"curies":[{"name":"wp","href":"https:\/\/api.w.org\/{rel}","templated":true}]}}