{"id":621,"date":"2017-03-20T16:06:39","date_gmt":"2017-03-20T16:06:39","guid":{"rendered":"http:\/\/apoiar-stressdeguerra.com\/pt\/?page_id=621"},"modified":"2020-07-10T13:02:45","modified_gmt":"2020-07-10T13:02:45","slug":"protocolos","status":"publish","type":"page","link":"https:\/\/apoiar-stressdeguerra.com\/pt\/a-apoiar\/protocolos\/","title":{"rendered":"Protocolos"},"content":{"rendered":"<div id=\"pl-621\"  class=\"panel-layout\" ><div id=\"pg-621-0\"  class=\"panel-grid panel-no-style\" ><div id=\"pgc-621-0-0\"  class=\"panel-grid-cell\" ><div id=\"panel-621-0-0-0\" class=\"so-panel widget widget_sow-editor panel-first-child panel-last-child\" data-index=\"0\" ><div\n\t\t\t\n\t\t\tclass=\"so-widget-sow-editor so-widget-sow-editor-base\"\n\t\t\t\n\t\t><h3 class=\"widget-title\">Consulte os protocolos que a APOIAR tem acordados com empresas e entidades:<\/h3>\n<div class=\"siteorigin-widget-tinymce textwidget\">\n\t<h5>Beneficiam destes protocolos <b>os associados da APOIAR que comprovem a sua qualidade de associado com o recibo de pagamento de quota do ano corrente<\/b>. Para saber mais acerca deste e outros descontos, contacte a secretaria da Associa\u00e7\u00e3o.<\/h5>\n<hr \/>\n<h3>FARM\u00c1CIAS PROGRESSO<\/h3>\n<p><img loading=\"lazy\" decoding=\"async\" class=\"alignnone \" src=\"https:\/\/www.farmaciasprogresso.pt\/logo_progresso.png\" width=\"270\" height=\"184\" \/><\/p>\n<p>- <strong>15% DESCONTO<\/strong> sobre o valor total da fatura (excepto medicamentos sujeitos a receita m\u00e9dica com PVP unit\u00e1rio superior a 50\u20ac, produtos protocolo diabetes, alimenta\u00e7\u00e3o infantil e fraldas), em todas as farm\u00e1cias da rede <strong><u>(<\/u><\/strong><a href=\"http:\/\/www.grupoprogressosaude.pt\"><strong>www.grupoprogressosaude.pt<\/strong><\/a><strong><u>)<\/u><\/strong><\/p>\n<ul>\n<li><strong>Entregas Gratuitas <\/strong>usufruindo das mesmas condi\u00e7\u00f5es de desconto na \u00e1rea geogr\u00e1fica da farm\u00e1cia do grupo mais pr\u00f3xima (durante a tarde, pedidos at\u00e9 \u00e0s 13h via Tel. ou e-mail) a partir da Farm\u00e1cia Jardim Real, no Principe Real em Lisboa:\u00a0 Rua D. Pedro V, 123-125, Santa Catarina. Tel. 213240419.<\/li>\n<\/ul>\n<h4><a href=\"https:\/\/apoiar-stressdeguerra.com\/pt\/wp-content\/uploads\/2020\/07\/Condi\u00e7\u00f5es-Gerais-para-a-APOIAR.pdf\">Condi\u00e7\u00f5es Gerais para a APOIAR<\/a> | <a href=\"https:\/\/apoiar-stressdeguerra.com\/pt\/wp-content\/uploads\/2020\/07\/Listagem-Farm\u00e1cias.pdf\">Listagem Farm\u00e1cias<\/a><\/h4>\n<hr \/>\n<h3>FARM\u00c1CIAS GAP<\/h3>\n<h3><span style=\"font-size: large;\">\u00a0<\/span><img loading=\"lazy\" decoding=\"async\" src=\"https:\/\/sites.google.com\/site\/apoiarstress\/a-associacao-apoiar\/protocolos\/Imagem1.jpg\" width=\"320\" height=\"102\" border=\"0\" \/><\/h3>\n<h3>\u00a0<\/h3>\n<p><span style=\"font-size: medium;\"><b>10 % desconto no Recibo\/fatura<\/b>*<\/span><\/p>\n<h4><a href=\"https:\/\/docs.google.com\/viewer?a=v&amp;pid=sites&amp;srcid=ZGVmYXVsdGRvbWFpbnxhcG9pYXJzdHJlc3N8Z3g6MTc3NmJiYjRkYmJmNDQyMQ\" target=\"_blank\" rel=\"noopener\">Apresenta\u00e7\u00e3o <\/a>|<a href=\"https:\/\/docs.google.com\/viewer?a=v&amp;pid=sites&amp;srcid=ZGVmYXVsdGRvbWFpbnxhcG9pYXJzdHJlc3N8Z3g6NjViZGYzMTM0OTcwODJkNg\" target=\"_blank\" rel=\"noopener\"> Farm\u00e1cias aderentes<\/a>\u00a0| <a href=\"https:\/\/docs.google.com\/viewer?a=v&amp;pid=sites&amp;srcid=ZGVmYXVsdGRvbWFpbnxhcG9pYXJzdHJlc3N8Z3g6N2FlNTg5NDI1ZWQ4NTdmZg\" target=\"_blank\" rel=\"noopener\">Condi\u00e7\u00f5es Gerais para a APOIAR<\/a><\/h4>\n<div>\u00a0<\/div>\n<p>* Salvo as exce\u00e7\u00f5es (O desconto n\u00e3o incide sobre artigos em campanha ou em promo\u00e7\u00e3o da Farm\u00e1cia; Aparelhos El\u00e9tricos e\/ou a pilhas, como por exemplo Tensi\u00f3metros, Medidores de par\u00e2metros fisiol\u00f3gicos; Aparelhos de Aeross\u00f3is, Soro fisiol\u00f3gico; produtos de alimenta\u00e7\u00e3o infantil (Leites, farinhas e papas); produtos de protocolo da Diabetes e todos os medicamentos Sujeitos a Receita M\u00e9dica com PVP igual ou superior a 50\u20ac n\u00e3o est\u00e3o abrangidos do protocolo<\/p>\n<div>\n<hr \/>\n<h3><img loading=\"lazy\" decoding=\"async\" src=\"http:\/\/profile.ak.fbcdn.net\/hprofile-ak-snc6\/277166_175515565861913_992549417_n.jpg\" width=\"200\" height=\"123\" border=\"0\" \/><\/h3>\n<h3><span style=\"font-size: x-large;\"><a href=\"http:\/\/opticadoarco.pai.pt\/\" target=\"_blank\" rel=\"noopener\">\u00d3ptica do Arco<\/a><\/span><\/h3>\n<h3>Rua Professor Sousa C\u00e2mara 136-C<br \/>1070-218 LISBOA (\u00a0Campolide )<\/h3>\n<div>\n<div><b>25% em Lentes para os associados da APOIAR entre outros descontos<\/b><\/div>\n<\/div>\n<div><b><a href=\"https:\/\/docs.google.com\/viewer?a=v&amp;pid=sites&amp;srcid=ZGVmYXVsdGRvbWFpbnxhcG9pYXJzdHJlc3N8Z3g6ZGE4NDMzZjkyYjE3NTIw\" target=\"_blank\" rel=\"noopener\">Consulte aqui o protocolo completo<\/a><\/b><\/div>\n<div>\u00a0<\/div>\n<div>\n<hr \/>\n<\/div>\n<p><img loading=\"lazy\" decoding=\"async\" src=\"https:\/\/sites.google.com\/site\/apoiarstress\/a-associacao-apoiar\/protocolos\/MEDSOM%20PEOPLE.jpg\" width=\"149\" height=\"200\" border=\"0\" \/><\/p>\n<h3><span style=\"font-size: x-large;\">Medsom<\/span><\/h3>\n<div><b><span style=\"font-size: medium;\">Descontos em consultas e aparelhos.<br \/><\/span><br \/><\/b><\/div>\n<div>Para mais informa\u00e7\u00f5es contacte a APOIAR.<\/div>\n<div>Consulte os pre\u00e7os e os s\u00edtios onde pode beneficiar deste acordo <a href=\"https:\/\/docs.google.com\/viewer?a=v&amp;pid=sites&amp;srcid=ZGVmYXVsdGRvbWFpbnxhcG9pYXJzdHJlc3N8Z3g6NzQ4ZWIzZjdmNTZhZWUxNQ\" target=\"_blank\" rel=\"noopener\">AQUI<\/a><\/div>\n<div dir=\"ltr\">\n<h3>\u00a0<\/h3>\n<div>\u00a0<\/div>\n<h3>\u00a0<\/h3>\n<hr \/>\n<p><img loading=\"lazy\" decoding=\"async\" src=\"http:\/\/www.dolcevita.pt\/cache\/1018429.jpg\" width=\"200\" height=\"136\" border=\"0\" \/><\/p>\n<h3><a href=\"http:\/\/www.smileup.pt\/\" target=\"_blank\" rel=\"noopener\"><span style=\"font-size: x-large;\">Cl\u00ednicas Dent\u00e1rias Smile Up<\/span><\/a><\/h3>\n<div>\n<div><b>CHECK-UP SEM COMPROMISSO<\/b><\/div>\n<div>Tabela de pre\u00e7os com descontos at\u00e9 20% sob o pre\u00e7o de tabela praticado ao p\u00fablico;<br \/>Possibilidade de financiamento sem juros.<\/div>\n<div><span style=\"color: #134f5c; font-size: medium;\"><br \/><\/span><b><a href=\"http:\/\/www.smileup.pt\/dados.php?ref=contactos\" target=\"_blank\" rel=\"noopener\">Veja onde, perto de si<\/a><\/b><\/div>\n<\/div>\n<\/div>\n<\/div>\n<\/div>\n<\/div><\/div><\/div><\/div><\/div>","protected":false},"excerpt":{"rendered":"<p>Beneficiam destes protocolos os associados da APOIAR que comprovem a sua qualidade de associado com o recibo de pagamento de quota do ano corrente. Para saber mais acerca deste e outros descontos, contacte a secretaria da Associa\u00e7\u00e3o.FARM\u00c1CIAS PROGRESSO- 15% DESCONTO sobre o valor total da fatura (excepto medicamentos sujeitos a receita m\u00e9dica com PVP unit\u00e1rio <a class=\"read-more\" href=\"https:\/\/apoiar-stressdeguerra.com\/pt\/a-apoiar\/protocolos\/\">Leia mais<\/a><\/p>\n","protected":false},"author":1,"featured_media":0,"parent":9,"menu_order":0,"comment_status":"closed","ping_status":"closed","template":"","meta":{"_uf_show_specific_survey":0,"_uf_disable_surveys":false,"footnotes":""},"class_list":["post-621","page","type-page","status-publish","hentry"],"yoast_head":"<!-- This site is optimized with the Yoast SEO plugin v26.8 - https:\/\/yoast.com\/product\/yoast-seo-wordpress\/ -->\n<title>Protocolos - APOIAR<\/title>\n<meta name=\"robots\" content=\"index, follow, max-snippet:-1, max-image-preview:large, max-video-preview:-1\" \/>\n<link rel=\"canonical\" href=\"https:\/\/apoiar-stressdeguerra.com\/pt\/a-apoiar\/protocolos\/\" \/>\n<meta property=\"og:locale\" content=\"pt_PT\" \/>\n<meta property=\"og:type\" content=\"article\" \/>\n<meta property=\"og:title\" content=\"Protocolos - APOIAR\" \/>\n<meta property=\"og:description\" content=\"Beneficiam destes protocolos os associados da APOIAR que comprovem a sua qualidade de associado com o recibo de pagamento de quota do ano corrente. Para saber mais acerca deste e outros descontos, contacte a secretaria da Associa\u00e7\u00e3o.FARM\u00c1CIAS PROGRESSO- 15% DESCONTO sobre o valor total da fatura (excepto medicamentos sujeitos a receita m\u00e9dica com PVP unit\u00e1rio Leia mais\" \/>\n<meta property=\"og:url\" content=\"https:\/\/apoiar-stressdeguerra.com\/pt\/a-apoiar\/protocolos\/\" \/>\n<meta property=\"og:site_name\" content=\"APOIAR\" \/>\n<meta property=\"article:publisher\" content=\"https:\/\/www.facebook.com\/stressdeguerraapoiar\/\" \/>\n<meta property=\"article:modified_time\" content=\"2020-07-10T13:02:45+00:00\" \/>\n<meta property=\"og:image\" content=\"https:\/\/www.farmaciasprogresso.pt\/logo_progresso.png\" \/>\n<meta name=\"twitter:card\" content=\"summary_large_image\" \/>\n<meta name=\"twitter:site\" content=\"@aapoiar\" \/>\n<meta name=\"twitter:label1\" content=\"Tempo estimado de leitura\" \/>\n\t<meta name=\"twitter:data1\" content=\"2 minutos\" \/>\n<script type=\"application\/ld+json\" class=\"yoast-schema-graph\">{\"@context\":\"https:\/\/schema.org\",\"@graph\":[{\"@type\":\"WebPage\",\"@id\":\"https:\/\/apoiar-stressdeguerra.com\/pt\/a-apoiar\/protocolos\/\",\"url\":\"https:\/\/apoiar-stressdeguerra.com\/pt\/a-apoiar\/protocolos\/\",\"name\":\"Protocolos - APOIAR\",\"isPartOf\":{\"@id\":\"https:\/\/apoiar-stressdeguerra.com\/pt\/#website\"},\"primaryImageOfPage\":{\"@id\":\"https:\/\/apoiar-stressdeguerra.com\/pt\/a-apoiar\/protocolos\/#primaryimage\"},\"image\":{\"@id\":\"https:\/\/apoiar-stressdeguerra.com\/pt\/a-apoiar\/protocolos\/#primaryimage\"},\"thumbnailUrl\":\"https:\/\/www.farmaciasprogresso.pt\/logo_progresso.png\",\"datePublished\":\"2017-03-20T16:06:39+00:00\",\"dateModified\":\"2020-07-10T13:02:45+00:00\",\"breadcrumb\":{\"@id\":\"https:\/\/apoiar-stressdeguerra.com\/pt\/a-apoiar\/protocolos\/#breadcrumb\"},\"inLanguage\":\"pt-PT\",\"potentialAction\":[{\"@type\":\"ReadAction\",\"target\":[\"https:\/\/apoiar-stressdeguerra.com\/pt\/a-apoiar\/protocolos\/\"]}]},{\"@type\":\"ImageObject\",\"inLanguage\":\"pt-PT\",\"@id\":\"https:\/\/apoiar-stressdeguerra.com\/pt\/a-apoiar\/protocolos\/#primaryimage\",\"url\":\"https:\/\/www.farmaciasprogresso.pt\/logo_progresso.png\",\"contentUrl\":\"https:\/\/www.farmaciasprogresso.pt\/logo_progresso.png\"},{\"@type\":\"BreadcrumbList\",\"@id\":\"https:\/\/apoiar-stressdeguerra.com\/pt\/a-apoiar\/protocolos\/#breadcrumb\",\"itemListElement\":[{\"@type\":\"ListItem\",\"position\":1,\"name\":\"In\u00edcio\",\"item\":\"https:\/\/apoiar-stressdeguerra.com\/pt\/\"},{\"@type\":\"ListItem\",\"position\":2,\"name\":\"A APOIAR\",\"item\":\"https:\/\/apoiar-stressdeguerra.com\/pt\/a-apoiar\/\"},{\"@type\":\"ListItem\",\"position\":3,\"name\":\"Protocolos\"}]},{\"@type\":\"WebSite\",\"@id\":\"https:\/\/apoiar-stressdeguerra.com\/pt\/#website\",\"url\":\"https:\/\/apoiar-stressdeguerra.com\/pt\/\",\"name\":\"APOIAR\",\"description\":\"Associa\u00e7\u00e3o de Apoio aos Ex-combatentes V\u00edtimas do Stress de Guerra.\",\"publisher\":{\"@id\":\"https:\/\/apoiar-stressdeguerra.com\/pt\/#organization\"},\"potentialAction\":[{\"@type\":\"SearchAction\",\"target\":{\"@type\":\"EntryPoint\",\"urlTemplate\":\"https:\/\/apoiar-stressdeguerra.com\/pt\/?s={search_term_string}\"},\"query-input\":{\"@type\":\"PropertyValueSpecification\",\"valueRequired\":true,\"valueName\":\"search_term_string\"}}],\"inLanguage\":\"pt-PT\"},{\"@type\":\"Organization\",\"@id\":\"https:\/\/apoiar-stressdeguerra.com\/pt\/#organization\",\"name\":\"APOIAR\",\"url\":\"https:\/\/apoiar-stressdeguerra.com\/pt\/\",\"logo\":{\"@type\":\"ImageObject\",\"inLanguage\":\"pt-PT\",\"@id\":\"https:\/\/apoiar-stressdeguerra.com\/pt\/#\/schema\/logo\/image\/\",\"url\":\"https:\/\/apoiar-stressdeguerra.com\/pt\/wp-content\/uploads\/2017\/03\/LOGO_tb_transparente.gif\",\"contentUrl\":\"https:\/\/apoiar-stressdeguerra.com\/pt\/wp-content\/uploads\/2017\/03\/LOGO_tb_transparente.gif\",\"width\":153,\"height\":59,\"caption\":\"APOIAR\"},\"image\":{\"@id\":\"https:\/\/apoiar-stressdeguerra.com\/pt\/#\/schema\/logo\/image\/\"},\"sameAs\":[\"https:\/\/www.facebook.com\/stressdeguerraapoiar\/\",\"https:\/\/x.com\/aapoiar\"]}]}<\/script>\n<!-- \/ Yoast SEO plugin. -->","yoast_head_json":{"title":"Protocolos - APOIAR","robots":{"index":"index","follow":"follow","max-snippet":"max-snippet:-1","max-image-preview":"max-image-preview:large","max-video-preview":"max-video-preview:-1"},"canonical":"https:\/\/apoiar-stressdeguerra.com\/pt\/a-apoiar\/protocolos\/","og_locale":"pt_PT","og_type":"article","og_title":"Protocolos - APOIAR","og_description":"Beneficiam destes protocolos os associados da APOIAR que comprovem a sua qualidade de associado com o recibo de pagamento de quota do ano corrente. Para saber mais acerca deste e outros descontos, contacte a secretaria da Associa\u00e7\u00e3o.FARM\u00c1CIAS PROGRESSO- 15% DESCONTO sobre o valor total da fatura (excepto medicamentos sujeitos a receita m\u00e9dica com PVP unit\u00e1rio Leia mais","og_url":"https:\/\/apoiar-stressdeguerra.com\/pt\/a-apoiar\/protocolos\/","og_site_name":"APOIAR","article_publisher":"https:\/\/www.facebook.com\/stressdeguerraapoiar\/","article_modified_time":"2020-07-10T13:02:45+00:00","og_image":[{"url":"https:\/\/www.farmaciasprogresso.pt\/logo_progresso.png","type":"","width":"","height":""}],"twitter_card":"summary_large_image","twitter_site":"@aapoiar","twitter_misc":{"Tempo estimado de leitura":"2 minutos"},"schema":{"@context":"https:\/\/schema.org","@graph":[{"@type":"WebPage","@id":"https:\/\/apoiar-stressdeguerra.com\/pt\/a-apoiar\/protocolos\/","url":"https:\/\/apoiar-stressdeguerra.com\/pt\/a-apoiar\/protocolos\/","name":"Protocolos - APOIAR","isPartOf":{"@id":"https:\/\/apoiar-stressdeguerra.com\/pt\/#website"},"primaryImageOfPage":{"@id":"https:\/\/apoiar-stressdeguerra.com\/pt\/a-apoiar\/protocolos\/#primaryimage"},"image":{"@id":"https:\/\/apoiar-stressdeguerra.com\/pt\/a-apoiar\/protocolos\/#primaryimage"},"thumbnailUrl":"https:\/\/www.farmaciasprogresso.pt\/logo_progresso.png","datePublished":"2017-03-20T16:06:39+00:00","dateModified":"2020-07-10T13:02:45+00:00","breadcrumb":{"@id":"https:\/\/apoiar-stressdeguerra.com\/pt\/a-apoiar\/protocolos\/#breadcrumb"},"inLanguage":"pt-PT","potentialAction":[{"@type":"ReadAction","target":["https:\/\/apoiar-stressdeguerra.com\/pt\/a-apoiar\/protocolos\/"]}]},{"@type":"ImageObject","inLanguage":"pt-PT","@id":"https:\/\/apoiar-stressdeguerra.com\/pt\/a-apoiar\/protocolos\/#primaryimage","url":"https:\/\/www.farmaciasprogresso.pt\/logo_progresso.png","contentUrl":"https:\/\/www.farmaciasprogresso.pt\/logo_progresso.png"},{"@type":"BreadcrumbList","@id":"https:\/\/apoiar-stressdeguerra.com\/pt\/a-apoiar\/protocolos\/#breadcrumb","itemListElement":[{"@type":"ListItem","position":1,"name":"In\u00edcio","item":"https:\/\/apoiar-stressdeguerra.com\/pt\/"},{"@type":"ListItem","position":2,"name":"A APOIAR","item":"https:\/\/apoiar-stressdeguerra.com\/pt\/a-apoiar\/"},{"@type":"ListItem","position":3,"name":"Protocolos"}]},{"@type":"WebSite","@id":"https:\/\/apoiar-stressdeguerra.com\/pt\/#website","url":"https:\/\/apoiar-stressdeguerra.com\/pt\/","name":"APOIAR","description":"Associa\u00e7\u00e3o de Apoio aos Ex-combatentes V\u00edtimas do Stress de Guerra.","publisher":{"@id":"https:\/\/apoiar-stressdeguerra.com\/pt\/#organization"},"potentialAction":[{"@type":"SearchAction","target":{"@type":"EntryPoint","urlTemplate":"https:\/\/apoiar-stressdeguerra.com\/pt\/?s={search_term_string}"},"query-input":{"@type":"PropertyValueSpecification","valueRequired":true,"valueName":"search_term_string"}}],"inLanguage":"pt-PT"},{"@type":"Organization","@id":"https:\/\/apoiar-stressdeguerra.com\/pt\/#organization","name":"APOIAR","url":"https:\/\/apoiar-stressdeguerra.com\/pt\/","logo":{"@type":"ImageObject","inLanguage":"pt-PT","@id":"https:\/\/apoiar-stressdeguerra.com\/pt\/#\/schema\/logo\/image\/","url":"https:\/\/apoiar-stressdeguerra.com\/pt\/wp-content\/uploads\/2017\/03\/LOGO_tb_transparente.gif","contentUrl":"https:\/\/apoiar-stressdeguerra.com\/pt\/wp-content\/uploads\/2017\/03\/LOGO_tb_transparente.gif","width":153,"height":59,"caption":"APOIAR"},"image":{"@id":"https:\/\/apoiar-stressdeguerra.com\/pt\/#\/schema\/logo\/image\/"},"sameAs":["https:\/\/www.facebook.com\/stressdeguerraapoiar\/","https:\/\/x.com\/aapoiar"]}]}},"_links":{"self":[{"href":"https:\/\/apoiar-stressdeguerra.com\/pt\/wp-json\/wp\/v2\/pages\/621","targetHints":{"allow":["GET"]}}],"collection":[{"href":"https:\/\/apoiar-stressdeguerra.com\/pt\/wp-json\/wp\/v2\/pages"}],"about":[{"href":"https:\/\/apoiar-stressdeguerra.com\/pt\/wp-json\/wp\/v2\/types\/page"}],"author":[{"embeddable":true,"href":"https:\/\/apoiar-stressdeguerra.com\/pt\/wp-json\/wp\/v2\/users\/1"}],"replies":[{"embeddable":true,"href":"https:\/\/apoiar-stressdeguerra.com\/pt\/wp-json\/wp\/v2\/comments?post=621"}],"version-history":[{"count":4,"href":"https:\/\/apoiar-stressdeguerra.com\/pt\/wp-json\/wp\/v2\/pages\/621\/revisions"}],"predecessor-version":[{"id":1454,"href":"https:\/\/apoiar-stressdeguerra.com\/pt\/wp-json\/wp\/v2\/pages\/621\/revisions\/1454"}],"up":[{"embeddable":true,"href":"https:\/\/apoiar-stressdeguerra.com\/pt\/wp-json\/wp\/v2\/pages\/9"}],"wp:attachment":[{"href":"https:\/\/apoiar-stressdeguerra.com\/pt\/wp-json\/wp\/v2\/media?parent=621"}],"curies":[{"name":"wp","href":"https:\/\/api.w.org\/{rel}","templated":true}]}}