{"id":623,"date":"2017-03-20T16:13:08","date_gmt":"2017-03-20T16:13:08","guid":{"rendered":"http:\/\/apoiar-stressdeguerra.com\/pt\/?page_id=623"},"modified":"2017-03-20T16:15:04","modified_gmt":"2017-03-20T16:15:04","slug":"responsabilidade-social","status":"publish","type":"page","link":"https:\/\/apoiar-stressdeguerra.com\/pt\/a-apoiar\/responsabilidade-social\/","title":{"rendered":"Responsabilidade Social"},"content":{"rendered":"<div id=\"pl-623\"  class=\"panel-layout\" ><div id=\"pg-623-0\"  class=\"panel-grid panel-no-style\" ><div id=\"pgc-623-0-0\"  class=\"panel-grid-cell\" ><div id=\"panel-623-0-0-0\" class=\"so-panel widget widget_sow-editor panel-first-child panel-last-child\" data-index=\"0\" ><div\n\t\t\t\n\t\t\tclass=\"so-widget-sow-editor so-widget-sow-editor-base\"\n\t\t\t\n\t\t>\n<div class=\"siteorigin-widget-tinymce textwidget\">\n\t<h4>A Associa\u00e7\u00e3o APOIAR tem, ao longo dos anos, tido a colabora\u00e7\u00e3o de v\u00e1rias empresas que, no \u00e2mbito da Responsabilidade Social, ofereceram e doaram um sem n\u00famero de bens e servi\u00e7os que t\u00eam sido fundamentais para o funcionamento dos seus servi\u00e7os.<\/h4>\n<div>A APOIAR agradece a colabora\u00e7\u00e3o destas empresas e est\u00e1 dispon\u00edvel para oferecer parcerias de Responsabilidade Social a quem pretenda ajudar a sua causa<\/div>\n<div>\u00a0<\/div>\n<div><span style=\"font-size: medium;\">Quer ajudar a nossa associa\u00e7\u00e3o no \u00e2mbito da <b>Responsabilidade Social?<\/b><\/span><\/div>\n<div>\u00a0<\/div>\n<div><span style=\"font-size: large;\"><b><a href=\"http:\/\/apoiar-stressdeguerra.com\/pt\/contactos\/\">Contacte-nos<\/a><\/b><\/span><\/div>\n<div>\u00a0<\/div>\n<div>\u00a0<\/div>\n<\/div>\n<\/div><\/div><\/div><div id=\"pgc-623-0-1\"  class=\"panel-grid-cell\" ><div id=\"panel-623-0-1-0\" class=\"so-panel widget widget_sow-editor panel-first-child panel-last-child\" data-index=\"1\" ><div\n\t\t\t\n\t\t\tclass=\"so-widget-sow-editor so-widget-sow-editor-base\"\n\t\t\t\n\t\t>\n<div class=\"siteorigin-widget-tinymce textwidget\">\n\t<hr \/>\n<div style=\"text-align: center;\"><img loading=\"lazy\" decoding=\"async\" class=\"alignnone \" src=\"http:\/\/hrportugal.pt\/wp-content\/uploads\/2011\/10\/acc.jpg.jpg\" width=\"286\" height=\"193\" \/><\/div>\n<div style=\"text-align: center;\"><img loading=\"lazy\" decoding=\"async\" class=\"\" src=\"http:\/\/3.bp.blogspot.com\/-eVTNtTRCSs0\/UjmSOV5BhVI\/AAAAAAAAAfw\/CIddBQE_g2k\/s1600\/ANA+Aeroportos+de+Portugal.jpg\" width=\"303\" height=\"199\" border=\"0\" \/><\/div>\n<div style=\"text-align: center;\">\n<div>\u00a0<\/div>\n<\/div>\n<div style=\"text-align: center;\">\u00a0<\/div>\n<div style=\"text-align: center;\">\n<div><img loading=\"lazy\" decoding=\"async\" class=\"\" src=\"http:\/\/ftr.pt\/uploads\/cms\/20121117105511_Santander_totta.jpg\" width=\"316\" height=\"135\" border=\"0\" \/><\/div>\n<div>\u00a0<\/div>\n<\/div>\n<div><img loading=\"lazy\" decoding=\"async\" class=\"aligncenter\" src=\"http:\/\/3.bp.blogspot.com\/_t-dawzzxQOk\/SaWx-H1Tk4I\/AAAAAAAAA3w\/mSn3-K87ouE\/s200\/dede.jpg\" width=\"318\" height=\"124\" border=\"0\" \/><\/div>\n<div>\u00a0<\/div>\n<div>\u00a0<\/div>\n<div>\u00a0<\/div>\n<\/div>\n<\/div><\/div><\/div><div id=\"pgc-623-0-2\"  class=\"panel-grid-cell\" ><div id=\"panel-623-0-2-0\" class=\"so-panel widget widget_sow-editor panel-first-child panel-last-child\" data-index=\"2\" ><div\n\t\t\t\n\t\t\tclass=\"so-widget-sow-editor so-widget-sow-editor-base\"\n\t\t\t\n\t\t>\n<div class=\"siteorigin-widget-tinymce textwidget\">\n\t<div><img loading=\"lazy\" decoding=\"async\" class=\"aligncenter\" src=\"http:\/\/www.marketeer.pt\/wp-content\/uploads\/2012\/08\/soares-da-costa.jpg\" width=\"288\" height=\"161\" border=\"0\" \/><\/div>\n<div style=\"text-align: center;\"><img decoding=\"async\" src=\"http:\/\/2.bp.blogspot.com\/-BYGOKQ8qAek\/Tu8uLM9kdPI\/AAAAAAAAAg0\/FjdyrjR2tdI\/s200\/estradasdeportugalkt8.png\" border=\"0\" \/><\/div>\n<div style=\"text-align: center;\">\u00a0<\/div>\n<div style=\"text-align: center;\">\n<div><img loading=\"lazy\" decoding=\"async\" class=\"\" src=\"http:\/\/jobshop.aeist.pt\/empresas\/catalogo\/logo_edp.jpg\" width=\"180\" height=\"180\" border=\"0\" \/><\/div>\n<div>\u00a0<\/div>\n<\/div>\n<div style=\"text-align: center;\">\u00a0<\/div>\n<div style=\"text-align: center;\"><img loading=\"lazy\" decoding=\"async\" class=\"\" src=\"http:\/\/www.acif-ccim.pt\/Files\/Billeder\/ACIF\/Paginas\/Logotipo\/AIP_logo.gif\" width=\"279\" height=\"115\" border=\"0\" \/><\/div>\n<div style=\"text-align: center;\">\u00a0<\/div>\n<div><img loading=\"lazy\" decoding=\"async\" class=\"alignnone  aligncenter\" src=\"http:\/\/www.oespacodotempo.pt\/admin\/img\/contents\/wysiwyg\/SLTM_2011_black.jpg\" width=\"206\" height=\"209\" \/><\/div>\n<p>\u00a0<\/p>\n<\/div>\n<\/div><\/div><\/div><\/div><\/div>","protected":false},"excerpt":{"rendered":"<p>A Associa\u00e7\u00e3o APOIAR tem, ao longo dos anos, tido a colabora\u00e7\u00e3o de v\u00e1rias empresas que, no \u00e2mbito da Responsabilidade Social, ofereceram e doaram um sem n\u00famero de bens e servi\u00e7os que t\u00eam sido fundamentais para o funcionamento dos seus servi\u00e7os.A APOIAR agradece a colabora\u00e7\u00e3o destas empresas e est\u00e1 dispon\u00edvel para oferecer parcerias de Responsabilidade Social <a class=\"read-more\" href=\"https:\/\/apoiar-stressdeguerra.com\/pt\/a-apoiar\/responsabilidade-social\/\">Leia mais<\/a><\/p>\n","protected":false},"author":1,"featured_media":0,"parent":9,"menu_order":0,"comment_status":"closed","ping_status":"closed","template":"","meta":{"_uf_show_specific_survey":0,"_uf_disable_surveys":false,"footnotes":""},"class_list":["post-623","page","type-page","status-publish","hentry"],"yoast_head":"<!-- This site is optimized with the Yoast SEO plugin v26.8 - https:\/\/yoast.com\/product\/yoast-seo-wordpress\/ -->\n<title>Responsabilidade Social - APOIAR<\/title>\n<meta name=\"robots\" content=\"index, follow, max-snippet:-1, max-image-preview:large, max-video-preview:-1\" \/>\n<link rel=\"canonical\" href=\"https:\/\/apoiar-stressdeguerra.com\/pt\/a-apoiar\/responsabilidade-social\/\" \/>\n<meta property=\"og:locale\" content=\"pt_PT\" \/>\n<meta property=\"og:type\" content=\"article\" \/>\n<meta property=\"og:title\" content=\"Responsabilidade Social - APOIAR\" \/>\n<meta property=\"og:description\" content=\"A Associa\u00e7\u00e3o APOIAR tem, ao longo dos anos, tido a colabora\u00e7\u00e3o de v\u00e1rias empresas que, no \u00e2mbito da Responsabilidade Social, ofereceram e doaram um sem n\u00famero de bens e servi\u00e7os que t\u00eam sido fundamentais para o funcionamento dos seus servi\u00e7os.A APOIAR agradece a colabora\u00e7\u00e3o destas empresas e est\u00e1 dispon\u00edvel para oferecer parcerias de Responsabilidade Social Leia mais\" \/>\n<meta property=\"og:url\" content=\"https:\/\/apoiar-stressdeguerra.com\/pt\/a-apoiar\/responsabilidade-social\/\" \/>\n<meta property=\"og:site_name\" content=\"APOIAR\" \/>\n<meta property=\"article:publisher\" content=\"https:\/\/www.facebook.com\/stressdeguerraapoiar\/\" \/>\n<meta property=\"article:modified_time\" content=\"2017-03-20T16:15:04+00:00\" \/>\n<meta property=\"og:image\" content=\"http:\/\/hrportugal.pt\/wp-content\/uploads\/2011\/10\/acc.jpg.jpg\" \/>\n<meta name=\"twitter:card\" content=\"summary_large_image\" \/>\n<meta name=\"twitter:site\" content=\"@aapoiar\" \/>\n<script type=\"application\/ld+json\" class=\"yoast-schema-graph\">{\"@context\":\"https:\/\/schema.org\",\"@graph\":[{\"@type\":\"WebPage\",\"@id\":\"https:\/\/apoiar-stressdeguerra.com\/pt\/a-apoiar\/responsabilidade-social\/\",\"url\":\"https:\/\/apoiar-stressdeguerra.com\/pt\/a-apoiar\/responsabilidade-social\/\",\"name\":\"Responsabilidade Social - APOIAR\",\"isPartOf\":{\"@id\":\"https:\/\/apoiar-stressdeguerra.com\/pt\/#website\"},\"primaryImageOfPage\":{\"@id\":\"https:\/\/apoiar-stressdeguerra.com\/pt\/a-apoiar\/responsabilidade-social\/#primaryimage\"},\"image\":{\"@id\":\"https:\/\/apoiar-stressdeguerra.com\/pt\/a-apoiar\/responsabilidade-social\/#primaryimage\"},\"thumbnailUrl\":\"http:\/\/hrportugal.pt\/wp-content\/uploads\/2011\/10\/acc.jpg.jpg\",\"datePublished\":\"2017-03-20T16:13:08+00:00\",\"dateModified\":\"2017-03-20T16:15:04+00:00\",\"breadcrumb\":{\"@id\":\"https:\/\/apoiar-stressdeguerra.com\/pt\/a-apoiar\/responsabilidade-social\/#breadcrumb\"},\"inLanguage\":\"pt-PT\",\"potentialAction\":[{\"@type\":\"ReadAction\",\"target\":[\"https:\/\/apoiar-stressdeguerra.com\/pt\/a-apoiar\/responsabilidade-social\/\"]}]},{\"@type\":\"ImageObject\",\"inLanguage\":\"pt-PT\",\"@id\":\"https:\/\/apoiar-stressdeguerra.com\/pt\/a-apoiar\/responsabilidade-social\/#primaryimage\",\"url\":\"http:\/\/hrportugal.pt\/wp-content\/uploads\/2011\/10\/acc.jpg.jpg\",\"contentUrl\":\"http:\/\/hrportugal.pt\/wp-content\/uploads\/2011\/10\/acc.jpg.jpg\"},{\"@type\":\"BreadcrumbList\",\"@id\":\"https:\/\/apoiar-stressdeguerra.com\/pt\/a-apoiar\/responsabilidade-social\/#breadcrumb\",\"itemListElement\":[{\"@type\":\"ListItem\",\"position\":1,\"name\":\"In\u00edcio\",\"item\":\"https:\/\/apoiar-stressdeguerra.com\/pt\/\"},{\"@type\":\"ListItem\",\"position\":2,\"name\":\"A APOIAR\",\"item\":\"https:\/\/apoiar-stressdeguerra.com\/pt\/a-apoiar\/\"},{\"@type\":\"ListItem\",\"position\":3,\"name\":\"Responsabilidade Social\"}]},{\"@type\":\"WebSite\",\"@id\":\"https:\/\/apoiar-stressdeguerra.com\/pt\/#website\",\"url\":\"https:\/\/apoiar-stressdeguerra.com\/pt\/\",\"name\":\"APOIAR\",\"description\":\"Associa\u00e7\u00e3o de Apoio aos Ex-combatentes V\u00edtimas do Stress de Guerra.\",\"publisher\":{\"@id\":\"https:\/\/apoiar-stressdeguerra.com\/pt\/#organization\"},\"potentialAction\":[{\"@type\":\"SearchAction\",\"target\":{\"@type\":\"EntryPoint\",\"urlTemplate\":\"https:\/\/apoiar-stressdeguerra.com\/pt\/?s={search_term_string}\"},\"query-input\":{\"@type\":\"PropertyValueSpecification\",\"valueRequired\":true,\"valueName\":\"search_term_string\"}}],\"inLanguage\":\"pt-PT\"},{\"@type\":\"Organization\",\"@id\":\"https:\/\/apoiar-stressdeguerra.com\/pt\/#organization\",\"name\":\"APOIAR\",\"url\":\"https:\/\/apoiar-stressdeguerra.com\/pt\/\",\"logo\":{\"@type\":\"ImageObject\",\"inLanguage\":\"pt-PT\",\"@id\":\"https:\/\/apoiar-stressdeguerra.com\/pt\/#\/schema\/logo\/image\/\",\"url\":\"https:\/\/apoiar-stressdeguerra.com\/pt\/wp-content\/uploads\/2017\/03\/LOGO_tb_transparente.gif\",\"contentUrl\":\"https:\/\/apoiar-stressdeguerra.com\/pt\/wp-content\/uploads\/2017\/03\/LOGO_tb_transparente.gif\",\"width\":153,\"height\":59,\"caption\":\"APOIAR\"},\"image\":{\"@id\":\"https:\/\/apoiar-stressdeguerra.com\/pt\/#\/schema\/logo\/image\/\"},\"sameAs\":[\"https:\/\/www.facebook.com\/stressdeguerraapoiar\/\",\"https:\/\/x.com\/aapoiar\"]}]}<\/script>\n<!-- \/ Yoast SEO plugin. -->","yoast_head_json":{"title":"Responsabilidade Social - APOIAR","robots":{"index":"index","follow":"follow","max-snippet":"max-snippet:-1","max-image-preview":"max-image-preview:large","max-video-preview":"max-video-preview:-1"},"canonical":"https:\/\/apoiar-stressdeguerra.com\/pt\/a-apoiar\/responsabilidade-social\/","og_locale":"pt_PT","og_type":"article","og_title":"Responsabilidade Social - APOIAR","og_description":"A Associa\u00e7\u00e3o APOIAR tem, ao longo dos anos, tido a colabora\u00e7\u00e3o de v\u00e1rias empresas que, no \u00e2mbito da Responsabilidade Social, ofereceram e doaram um sem n\u00famero de bens e servi\u00e7os que t\u00eam sido fundamentais para o funcionamento dos seus servi\u00e7os.A APOIAR agradece a colabora\u00e7\u00e3o destas empresas e est\u00e1 dispon\u00edvel para oferecer parcerias de Responsabilidade Social Leia mais","og_url":"https:\/\/apoiar-stressdeguerra.com\/pt\/a-apoiar\/responsabilidade-social\/","og_site_name":"APOIAR","article_publisher":"https:\/\/www.facebook.com\/stressdeguerraapoiar\/","article_modified_time":"2017-03-20T16:15:04+00:00","og_image":[{"url":"http:\/\/hrportugal.pt\/wp-content\/uploads\/2011\/10\/acc.jpg.jpg","type":"","width":"","height":""}],"twitter_card":"summary_large_image","twitter_site":"@aapoiar","schema":{"@context":"https:\/\/schema.org","@graph":[{"@type":"WebPage","@id":"https:\/\/apoiar-stressdeguerra.com\/pt\/a-apoiar\/responsabilidade-social\/","url":"https:\/\/apoiar-stressdeguerra.com\/pt\/a-apoiar\/responsabilidade-social\/","name":"Responsabilidade Social - APOIAR","isPartOf":{"@id":"https:\/\/apoiar-stressdeguerra.com\/pt\/#website"},"primaryImageOfPage":{"@id":"https:\/\/apoiar-stressdeguerra.com\/pt\/a-apoiar\/responsabilidade-social\/#primaryimage"},"image":{"@id":"https:\/\/apoiar-stressdeguerra.com\/pt\/a-apoiar\/responsabilidade-social\/#primaryimage"},"thumbnailUrl":"http:\/\/hrportugal.pt\/wp-content\/uploads\/2011\/10\/acc.jpg.jpg","datePublished":"2017-03-20T16:13:08+00:00","dateModified":"2017-03-20T16:15:04+00:00","breadcrumb":{"@id":"https:\/\/apoiar-stressdeguerra.com\/pt\/a-apoiar\/responsabilidade-social\/#breadcrumb"},"inLanguage":"pt-PT","potentialAction":[{"@type":"ReadAction","target":["https:\/\/apoiar-stressdeguerra.com\/pt\/a-apoiar\/responsabilidade-social\/"]}]},{"@type":"ImageObject","inLanguage":"pt-PT","@id":"https:\/\/apoiar-stressdeguerra.com\/pt\/a-apoiar\/responsabilidade-social\/#primaryimage","url":"http:\/\/hrportugal.pt\/wp-content\/uploads\/2011\/10\/acc.jpg.jpg","contentUrl":"http:\/\/hrportugal.pt\/wp-content\/uploads\/2011\/10\/acc.jpg.jpg"},{"@type":"BreadcrumbList","@id":"https:\/\/apoiar-stressdeguerra.com\/pt\/a-apoiar\/responsabilidade-social\/#breadcrumb","itemListElement":[{"@type":"ListItem","position":1,"name":"In\u00edcio","item":"https:\/\/apoiar-stressdeguerra.com\/pt\/"},{"@type":"ListItem","position":2,"name":"A APOIAR","item":"https:\/\/apoiar-stressdeguerra.com\/pt\/a-apoiar\/"},{"@type":"ListItem","position":3,"name":"Responsabilidade Social"}]},{"@type":"WebSite","@id":"https:\/\/apoiar-stressdeguerra.com\/pt\/#website","url":"https:\/\/apoiar-stressdeguerra.com\/pt\/","name":"APOIAR","description":"Associa\u00e7\u00e3o de Apoio aos Ex-combatentes V\u00edtimas do Stress de Guerra.","publisher":{"@id":"https:\/\/apoiar-stressdeguerra.com\/pt\/#organization"},"potentialAction":[{"@type":"SearchAction","target":{"@type":"EntryPoint","urlTemplate":"https:\/\/apoiar-stressdeguerra.com\/pt\/?s={search_term_string}"},"query-input":{"@type":"PropertyValueSpecification","valueRequired":true,"valueName":"search_term_string"}}],"inLanguage":"pt-PT"},{"@type":"Organization","@id":"https:\/\/apoiar-stressdeguerra.com\/pt\/#organization","name":"APOIAR","url":"https:\/\/apoiar-stressdeguerra.com\/pt\/","logo":{"@type":"ImageObject","inLanguage":"pt-PT","@id":"https:\/\/apoiar-stressdeguerra.com\/pt\/#\/schema\/logo\/image\/","url":"https:\/\/apoiar-stressdeguerra.com\/pt\/wp-content\/uploads\/2017\/03\/LOGO_tb_transparente.gif","contentUrl":"https:\/\/apoiar-stressdeguerra.com\/pt\/wp-content\/uploads\/2017\/03\/LOGO_tb_transparente.gif","width":153,"height":59,"caption":"APOIAR"},"image":{"@id":"https:\/\/apoiar-stressdeguerra.com\/pt\/#\/schema\/logo\/image\/"},"sameAs":["https:\/\/www.facebook.com\/stressdeguerraapoiar\/","https:\/\/x.com\/aapoiar"]}]}},"_links":{"self":[{"href":"https:\/\/apoiar-stressdeguerra.com\/pt\/wp-json\/wp\/v2\/pages\/623","targetHints":{"allow":["GET"]}}],"collection":[{"href":"https:\/\/apoiar-stressdeguerra.com\/pt\/wp-json\/wp\/v2\/pages"}],"about":[{"href":"https:\/\/apoiar-stressdeguerra.com\/pt\/wp-json\/wp\/v2\/types\/page"}],"author":[{"embeddable":true,"href":"https:\/\/apoiar-stressdeguerra.com\/pt\/wp-json\/wp\/v2\/users\/1"}],"replies":[{"embeddable":true,"href":"https:\/\/apoiar-stressdeguerra.com\/pt\/wp-json\/wp\/v2\/comments?post=623"}],"version-history":[{"count":1,"href":"https:\/\/apoiar-stressdeguerra.com\/pt\/wp-json\/wp\/v2\/pages\/623\/revisions"}],"predecessor-version":[{"id":624,"href":"https:\/\/apoiar-stressdeguerra.com\/pt\/wp-json\/wp\/v2\/pages\/623\/revisions\/624"}],"up":[{"embeddable":true,"href":"https:\/\/apoiar-stressdeguerra.com\/pt\/wp-json\/wp\/v2\/pages\/9"}],"wp:attachment":[{"href":"https:\/\/apoiar-stressdeguerra.com\/pt\/wp-json\/wp\/v2\/media?parent=623"}],"curies":[{"name":"wp","href":"https:\/\/api.w.org\/{rel}","templated":true}]}}