{"id":626,"date":"2017-03-20T16:42:34","date_gmt":"2017-03-20T16:42:34","guid":{"rendered":"http:\/\/apoiar-stressdeguerra.com\/pt\/?page_id=626"},"modified":"2022-07-01T10:02:14","modified_gmt":"2022-07-01T10:02:14","slug":"ligacoes-externas","status":"publish","type":"page","link":"https:\/\/apoiar-stressdeguerra.com\/pt\/contactos\/ligacoes-externas\/","title":{"rendered":"Liga\u00e7\u00f5es externas"},"content":{"rendered":"<div id=\"pl-626\"  class=\"panel-layout\" ><div id=\"pg-626-0\"  class=\"panel-grid panel-no-style\" ><div id=\"pgc-626-0-0\"  class=\"panel-grid-cell\" ><div id=\"panel-626-0-0-0\" class=\"so-panel widget widget_sow-editor panel-first-child\" data-index=\"0\" ><div\n\t\t\t\n\t\t\tclass=\"so-widget-sow-editor so-widget-sow-editor-base\"\n\t\t\t\n\t\t><h3 class=\"widget-title\">MINIST\u00c9RIO DA DEFESA NACIONAL<\/h3>\n<div class=\"siteorigin-widget-tinymce textwidget\">\n\t<h5>Direc\u00e7\u00e3o de Servi\u00e7os de Sa\u00fade, Assuntos Sociais e Antigos Combatentes<\/h5>\n<h4><a href=\"https:\/\/bud.gov.pt\/\" target=\"_blank\" rel=\"noopener\"><strong>Balc\u00e3o \u00danico da Defesa<\/strong><\/a><\/h4>\n<p><strong>Nova Morada:<\/strong><br \/>Av. Infante Santo, n.\u00ba 49<br \/>1399-056 Lisboa<\/p>\n<p>Telefone: 213 804 200<br \/>Fax:\u00a0 213 027 221<\/p>\n<p>Endere\u00e7o eletr\u00f3nico: <br \/><a href=\"mailto:antigos.combatentes@defesa.pt\">antigos.combatentes@defesa.pt<\/a><\/p>\n<p>Hor\u00e1rio de Atendimento: Segunda-Feira a Sexta-Feira das 10h00 \u00e0s 17h00<\/p>\n<h1><strong><a href=\"https:\/\/bud.gov.pt\/\" target=\"_blank\" rel=\"noopener\">https:\/\/bud.gov.pt\/<\/a><\/strong><\/h1>\n<h3>Geral<\/h3>\n<p><strong>Site do Minist\u00e9rio<br \/><\/strong><a href=\"https:\/\/www.defesa.gov.pt\/pt\" target=\"_blank\" rel=\"noopener\">https:\/\/www.defesa.gov.pt\/pt<\/a><strong><br \/><\/strong><\/p>\n<p>Morada:<br \/>Avenida Ilha da Madeira n.\u00ba 1 - 4\u00ba<br \/>1400-204 Lisboa<\/p>\n<p>Tel: 213 038 500<\/p>\n<h3>Dire\u00e7\u00e3o Geral\u00a0de Recursos da Defesa Nacional<\/h3>\n<h5><strong><a href=\"http:\/\/dgrdn.pt\/\">http:\/\/dgrdn.pt\/<\/a><\/strong><\/h5>\n<\/div>\n<\/div><\/div><div id=\"panel-626-0-0-1\" class=\"so-panel widget widget_sow-editor\" data-index=\"1\" ><div\n\t\t\t\n\t\t\tclass=\"so-widget-sow-editor so-widget-sow-editor-base\"\n\t\t\t\n\t\t><h3 class=\"widget-title\">IASFA\/ADM<\/h3>\n<div class=\"siteorigin-widget-tinymce textwidget\">\n\t<h2><a href=\"https:\/\/www.iasfa.pt\/\" target=\"_blank\" rel=\"noopener\"><strong>https:\/\/www.iasfa.pt\/<\/strong><\/a><\/h2>\n<h3>Postos Cl\u00ednicos:<\/h3>\n<p><a href=\"https:\/\/www.iasfa.pt\/portfolio\/postos-clinicos-do-iasfa\/\" target=\"_blank\" rel=\"noopener\">Postos cl\u00ednicos do IASFA<\/a><\/p>\n<h3 class=\"page-header-title wpex-clr\">Inscri\u00e7\u00e3o\/ Renova\u00e7\u00e3o de Cart\u00f5es ADM<\/h3>\n<p>Tenha aten\u00e7\u00e3o \u00e0 a validade do seu cart\u00e3o ADM.<\/p>\n<p>Solicite a sua revalida\u00e7\u00e3o com a a maior anteced\u00eancia poss\u00edvel.\u00a0<\/p>\n<p>Siga esta informa\u00e7\u00e3o do site do ex\u00e9rcito: <a href=\"https:\/\/apoiosocial.exercito.pt\/assistencia-na-doenca\/adm\/cartoes-adm\/\" target=\"_blank\" rel=\"noopener\">https:\/\/apoiosocial.exercito.pt\/assistencia-na-doenca\/adm\/cartoes-adm\/<\/a><\/p>\n<p>\u00a0<\/p>\n<\/div>\n<\/div><\/div><div id=\"panel-626-0-0-2\" class=\"so-panel widget widget_sow-editor\" data-index=\"2\" ><div\n\t\t\t\n\t\t\tclass=\"so-widget-sow-editor so-widget-sow-editor-base\"\n\t\t\t\n\t\t><h3 class=\"widget-title\">INSTITUTO NACIONAL PARA A REABILITA\u00c7\u00c3O<\/h3>\n<div class=\"siteorigin-widget-tinymce textwidget\">\n\t<h4>\u00a0<\/h4>\n<div>\n<h4><a href=\"http:\/\/www.inr.pt\/\" target=\"_blank\">http:\/\/www.inr.pt\/<\/a><\/h4>\n<\/div>\n<div>\u00a0<\/div>\n<\/div>\n<\/div><\/div><div id=\"panel-626-0-0-3\" class=\"so-panel widget widget_sow-editor panel-last-child\" data-index=\"3\" ><div\n\t\t\t\n\t\t\tclass=\"so-widget-sow-editor so-widget-sow-editor-base\"\n\t\t\t\n\t\t><h3 class=\"widget-title\">SA\u00daDE MENTAL<\/h3>\n<div class=\"siteorigin-widget-tinymce textwidget\">\n\t<div><span style=\"font-family: arial, sans-serif;\"><span style=\"font-size: medium;\"><strong>Sites dedicado a<\/strong><\/span><strong>\u00a0assuntos\u00a0<\/strong><strong>da sa\u00fade mental<\/strong><\/span><\/div>\n<div><span style=\"font-family: arial, sans-serif;\"><br \/><\/span><\/p>\n<div><strong><a href=\"http:\/\/www.sppsm.org\/\"><span style=\"font-family: arial, sans-serif; font-size: small;\">http:\/\/www.sppsm.org\/<\/span><\/a><\/strong><\/div>\n<div><strong><span style=\"font-family: arial, sans-serif; font-size: small;\">\u00a0<\/span><\/strong><\/div>\n<div><span style=\"font-family: arial, sans-serif; font-size: small;\"><strong><a href=\"http:\/\/www.saude-mental.net\/index.php\" rel=\"nofollow\">http:\/\/www.saude-mental.net\/index.php<\/a><\/strong><\/span><\/div>\n<\/div>\n<div>\u00a0<\/div>\n<\/div>\n<\/div><\/div><\/div><div id=\"pgc-626-0-1\"  class=\"panel-grid-cell\" ><div id=\"panel-626-0-1-0\" class=\"so-panel widget widget_sow-editor panel-first-child\" data-index=\"4\" ><div\n\t\t\t\n\t\t\tclass=\"so-widget-sow-editor so-widget-sow-editor-base\"\n\t\t\t\n\t\t><h3 class=\"widget-title\">SEGURAN\u00c7A SOCIAL<\/h3>\n<div class=\"siteorigin-widget-tinymce textwidget\">\n\t<h4>\u00a0<\/h4>\n<p>Novo n\u00famero para atendimento telef\u00f3nico. Ligue<\/p>\n<h3><b>300 502 502<\/b><\/h3>\n<p>Hor\u00e1rio: dias \u00fateis das <b>9h00 \u00e0s 17h00<\/b>.<br \/>Custo: Valor de uma chamada para a rede fixa, de acordo com o seu plano tarif\u00e1rio.<\/p>\n<p><a href=\"http:\/\/www.seg-social.pt\/contactos4\" target=\"_blank\"><strong>Outros contactos da Seguran\u00e7a Social<\/strong><\/a><\/p>\n<div>\n<p>\u00a0<\/p>\n<\/div>\n<\/div>\n<\/div><\/div><div id=\"panel-626-0-1-1\" class=\"so-panel widget widget_sow-editor\" data-index=\"5\" ><div\n\t\t\t\n\t\t\tclass=\"so-widget-sow-editor so-widget-sow-editor-base\"\n\t\t\t\n\t\t><h3 class=\"widget-title\">ASSOCIA\u00c7\u00d5ES DA REDE NACIONAL DE APOIO<\/h3>\n<div class=\"siteorigin-widget-tinymce textwidget\">\n\t<h4>\u00a0<\/h4>\n<div>\n<ul>\n<li><strong>Associa\u00e7\u00e3o dos Deficientes\u00a0<\/strong><strong>das For\u00e7as Armadas (Nacional):\u00a0<\/strong><strong><a href=\"http:\/\/www.adfa-portugal.com\/pt\/index.php\" rel=\"nofollow\">http:\/\/www.adfa-portugal.com\/pt\/index.php<\/a><\/strong><\/li>\n<\/ul>\n<\/div>\n<div>\n<ul>\n<li><strong>Associa\u00e7\u00e3o Portuguesa\u00a0<\/strong><strong>dos Veteranos de Guerra (Braga):\u00a0<\/strong><strong><a href=\"http:\/\/www.apvg.pt\/\" rel=\"nofollow\">http:\/\/www.apvg.pt\/<\/a><\/strong><\/li>\n<\/ul>\n<ul>\n<li><strong>Associa\u00e7\u00e3o Nacional\u00a0\u00a0dos Combatentes do Ultramar (Tondela):<a href=\"https:\/\/sites.google.com\/site\/apoiarstress\/goog_541471764\">\u00a0<\/a><\/strong><b><a href=\"http:\/\/www.ancu.pt\/\">http:\/\/www.ancu.pt\/<\/a><\/b><\/li>\n<\/ul>\n<ul>\n<li><b>ACUP - Associa\u00e7\u00e3o Combatentes Ultramar\u00a0Portugu\u00eas<br \/><a href=\"http:\/\/www.portugalio.com\/acup-associacao-combatentes-ultramar-portugues\/\" target=\"_blank\">P\u00e1gina de Contactos<\/a><\/b><\/li>\n<\/ul>\n<ul>\n<li><strong>Liga dos Combatentes (Nacional):<br \/><\/strong><strong><a href=\"http:\/\/www.ligacombatentes.org.pt\/\" rel=\"nofollow\">http:\/\/www.ligacombatentes.org.pt\/<\/a><\/strong><\/li>\n<\/ul>\n<hr \/>\n<p>\u00a0<\/p>\n<\/div>\n<div>\u00a0<\/div>\n<\/div>\n<\/div><\/div><div id=\"panel-626-0-1-2\" class=\"so-panel widget widget_sow-editor\" data-index=\"6\" ><div\n\t\t\t\n\t\t\tclass=\"so-widget-sow-editor so-widget-sow-editor-base\"\n\t\t\t\n\t\t><h3 class=\"widget-title\">JUNTA DE FREGUESIA DE CAMPOLIDE<\/h3>\n<div class=\"siteorigin-widget-tinymce textwidget\">\n\t<h4>\u00a0<\/h4>\n<div>\n<h4><a href=\"http:\/\/www.jfcampolide.com\" target=\"_blank\">http:\/\/www.jfcampolide.com<\/a><\/h4>\n<\/div>\n<div>\u00a0<\/div>\n<\/div>\n<\/div><\/div><div id=\"panel-626-0-1-3\" class=\"so-panel widget widget_sow-editor panel-last-child\" data-index=\"7\" ><div\n\t\t\t\n\t\t\tclass=\"so-widget-sow-editor so-widget-sow-editor-base\"\n\t\t\t\n\t\t><h3 class=\"widget-title\">PARCERIAS<\/h3>\n<div class=\"siteorigin-widget-tinymce textwidget\">\n\t<h4><b><a href=\"http:\/\/projectoalkantara.org\/\">Projecto Alkantara IPSS<\/a><\/p>\n<p><a href=\"http:\/\/www.parkinson.pt\/\">Associa\u00e7\u00e3o Portuguesa de Doentes de Parkinson<\/a><br \/><a href=\"http:\/\/www.parkinson.pt\/\"><br \/><\/a><a href=\"http:\/\/www.paramiloidose.com\/portal.html\">Associa\u00e7\u00e3o Portuguesa de Paramiloidose<\/a><\/b><\/h4>\n<\/div>\n<\/div><\/div><\/div><\/div><\/div>","protected":false},"excerpt":{"rendered":"<p>Direc\u00e7\u00e3o de Servi\u00e7os de Sa\u00fade, Assuntos Sociais e Antigos CombatentesBalc\u00e3o \u00danico da DefesaNova Morada:Av. Infante Santo, n.\u00ba 491399-056 LisboaTelefone: 213 804 200Fax:\u00a0 213 027 221Endere\u00e7o eletr\u00f3nico: antigos.combatentes@defesa.ptHor\u00e1rio de Atendimento: Segunda-Feira a Sexta-Feira das 10h00 \u00e0s 17h00https:\/\/bud.gov.pt\/GeralSite do Minist\u00e9riohttps:\/\/www.defesa.gov.pt\/ptMorada:Avenida Ilha da Madeira n.\u00ba 1 &#8211; 4\u00ba1400-204 LisboaTel: 213 038 500Dire\u00e7\u00e3o Geral\u00a0de Recursos da Defesa Nacionalhttp:\/\/dgrdn.pt\/ https:\/\/www.iasfa.pt\/Postos <a class=\"read-more\" href=\"https:\/\/apoiar-stressdeguerra.com\/pt\/contactos\/ligacoes-externas\/\">Leia mais<\/a><\/p>\n","protected":false},"author":1,"featured_media":0,"parent":28,"menu_order":0,"comment_status":"closed","ping_status":"closed","template":"","meta":{"_uf_show_specific_survey":0,"_uf_disable_surveys":false,"footnotes":""},"class_list":["post-626","page","type-page","status-publish","hentry"],"yoast_head":"<!-- This site is optimized with the Yoast SEO plugin v26.8 - https:\/\/yoast.com\/product\/yoast-seo-wordpress\/ -->\n<title>Liga\u00e7\u00f5es externas - APOIAR<\/title>\n<meta name=\"robots\" content=\"index, follow, max-snippet:-1, max-image-preview:large, max-video-preview:-1\" \/>\n<link rel=\"canonical\" href=\"https:\/\/apoiar-stressdeguerra.com\/pt\/contactos\/ligacoes-externas\/\" \/>\n<meta property=\"og:locale\" content=\"pt_PT\" \/>\n<meta property=\"og:type\" content=\"article\" \/>\n<meta property=\"og:title\" content=\"Liga\u00e7\u00f5es externas - APOIAR\" \/>\n<meta property=\"og:description\" content=\"Direc\u00e7\u00e3o de Servi\u00e7os de Sa\u00fade, Assuntos Sociais e Antigos CombatentesBalc\u00e3o \u00danico da DefesaNova Morada:Av. Infante Santo, n.\u00ba 491399-056 LisboaTelefone: 213 804 200Fax:\u00a0 213 027 221Endere\u00e7o eletr\u00f3nico: antigos.combatentes@defesa.ptHor\u00e1rio de Atendimento: Segunda-Feira a Sexta-Feira das 10h00 \u00e0s 17h00https:\/\/bud.gov.pt\/GeralSite do Minist\u00e9riohttps:\/\/www.defesa.gov.pt\/ptMorada:Avenida Ilha da Madeira n.\u00ba 1 - 4\u00ba1400-204 LisboaTel: 213 038 500Dire\u00e7\u00e3o Geral\u00a0de Recursos da Defesa Nacionalhttp:\/\/dgrdn.pt\/ https:\/\/www.iasfa.pt\/Postos Leia mais\" \/>\n<meta property=\"og:url\" content=\"https:\/\/apoiar-stressdeguerra.com\/pt\/contactos\/ligacoes-externas\/\" \/>\n<meta property=\"og:site_name\" content=\"APOIAR\" \/>\n<meta property=\"article:publisher\" content=\"https:\/\/www.facebook.com\/stressdeguerraapoiar\/\" \/>\n<meta property=\"article:modified_time\" content=\"2022-07-01T10:02:14+00:00\" \/>\n<meta name=\"twitter:card\" content=\"summary_large_image\" \/>\n<meta name=\"twitter:site\" content=\"@aapoiar\" \/>\n<meta name=\"twitter:label1\" content=\"Tempo estimado de leitura\" \/>\n\t<meta name=\"twitter:data1\" content=\"1 minuto\" \/>\n<script type=\"application\/ld+json\" class=\"yoast-schema-graph\">{\"@context\":\"https:\/\/schema.org\",\"@graph\":[{\"@type\":\"WebPage\",\"@id\":\"https:\/\/apoiar-stressdeguerra.com\/pt\/contactos\/ligacoes-externas\/\",\"url\":\"https:\/\/apoiar-stressdeguerra.com\/pt\/contactos\/ligacoes-externas\/\",\"name\":\"Liga\u00e7\u00f5es externas - APOIAR\",\"isPartOf\":{\"@id\":\"https:\/\/apoiar-stressdeguerra.com\/pt\/#website\"},\"datePublished\":\"2017-03-20T16:42:34+00:00\",\"dateModified\":\"2022-07-01T10:02:14+00:00\",\"breadcrumb\":{\"@id\":\"https:\/\/apoiar-stressdeguerra.com\/pt\/contactos\/ligacoes-externas\/#breadcrumb\"},\"inLanguage\":\"pt-PT\",\"potentialAction\":[{\"@type\":\"ReadAction\",\"target\":[\"https:\/\/apoiar-stressdeguerra.com\/pt\/contactos\/ligacoes-externas\/\"]}]},{\"@type\":\"BreadcrumbList\",\"@id\":\"https:\/\/apoiar-stressdeguerra.com\/pt\/contactos\/ligacoes-externas\/#breadcrumb\",\"itemListElement\":[{\"@type\":\"ListItem\",\"position\":1,\"name\":\"In\u00edcio\",\"item\":\"https:\/\/apoiar-stressdeguerra.com\/pt\/\"},{\"@type\":\"ListItem\",\"position\":2,\"name\":\"CONTACTOS\",\"item\":\"https:\/\/apoiar-stressdeguerra.com\/pt\/contactos\/\"},{\"@type\":\"ListItem\",\"position\":3,\"name\":\"Liga\u00e7\u00f5es externas\"}]},{\"@type\":\"WebSite\",\"@id\":\"https:\/\/apoiar-stressdeguerra.com\/pt\/#website\",\"url\":\"https:\/\/apoiar-stressdeguerra.com\/pt\/\",\"name\":\"APOIAR\",\"description\":\"Associa\u00e7\u00e3o de Apoio aos Ex-combatentes V\u00edtimas do Stress de Guerra.\",\"publisher\":{\"@id\":\"https:\/\/apoiar-stressdeguerra.com\/pt\/#organization\"},\"potentialAction\":[{\"@type\":\"SearchAction\",\"target\":{\"@type\":\"EntryPoint\",\"urlTemplate\":\"https:\/\/apoiar-stressdeguerra.com\/pt\/?s={search_term_string}\"},\"query-input\":{\"@type\":\"PropertyValueSpecification\",\"valueRequired\":true,\"valueName\":\"search_term_string\"}}],\"inLanguage\":\"pt-PT\"},{\"@type\":\"Organization\",\"@id\":\"https:\/\/apoiar-stressdeguerra.com\/pt\/#organization\",\"name\":\"APOIAR\",\"url\":\"https:\/\/apoiar-stressdeguerra.com\/pt\/\",\"logo\":{\"@type\":\"ImageObject\",\"inLanguage\":\"pt-PT\",\"@id\":\"https:\/\/apoiar-stressdeguerra.com\/pt\/#\/schema\/logo\/image\/\",\"url\":\"https:\/\/apoiar-stressdeguerra.com\/pt\/wp-content\/uploads\/2017\/03\/LOGO_tb_transparente.gif\",\"contentUrl\":\"https:\/\/apoiar-stressdeguerra.com\/pt\/wp-content\/uploads\/2017\/03\/LOGO_tb_transparente.gif\",\"width\":153,\"height\":59,\"caption\":\"APOIAR\"},\"image\":{\"@id\":\"https:\/\/apoiar-stressdeguerra.com\/pt\/#\/schema\/logo\/image\/\"},\"sameAs\":[\"https:\/\/www.facebook.com\/stressdeguerraapoiar\/\",\"https:\/\/x.com\/aapoiar\"]}]}<\/script>\n<!-- \/ Yoast SEO plugin. -->","yoast_head_json":{"title":"Liga\u00e7\u00f5es externas - APOIAR","robots":{"index":"index","follow":"follow","max-snippet":"max-snippet:-1","max-image-preview":"max-image-preview:large","max-video-preview":"max-video-preview:-1"},"canonical":"https:\/\/apoiar-stressdeguerra.com\/pt\/contactos\/ligacoes-externas\/","og_locale":"pt_PT","og_type":"article","og_title":"Liga\u00e7\u00f5es externas - APOIAR","og_description":"Direc\u00e7\u00e3o de Servi\u00e7os de Sa\u00fade, Assuntos Sociais e Antigos CombatentesBalc\u00e3o \u00danico da DefesaNova Morada:Av. Infante Santo, n.\u00ba 491399-056 LisboaTelefone: 213 804 200Fax:\u00a0 213 027 221Endere\u00e7o eletr\u00f3nico: antigos.combatentes@defesa.ptHor\u00e1rio de Atendimento: Segunda-Feira a Sexta-Feira das 10h00 \u00e0s 17h00https:\/\/bud.gov.pt\/GeralSite do Minist\u00e9riohttps:\/\/www.defesa.gov.pt\/ptMorada:Avenida Ilha da Madeira n.\u00ba 1 - 4\u00ba1400-204 LisboaTel: 213 038 500Dire\u00e7\u00e3o Geral\u00a0de Recursos da Defesa Nacionalhttp:\/\/dgrdn.pt\/ https:\/\/www.iasfa.pt\/Postos Leia mais","og_url":"https:\/\/apoiar-stressdeguerra.com\/pt\/contactos\/ligacoes-externas\/","og_site_name":"APOIAR","article_publisher":"https:\/\/www.facebook.com\/stressdeguerraapoiar\/","article_modified_time":"2022-07-01T10:02:14+00:00","twitter_card":"summary_large_image","twitter_site":"@aapoiar","twitter_misc":{"Tempo estimado de leitura":"1 minuto"},"schema":{"@context":"https:\/\/schema.org","@graph":[{"@type":"WebPage","@id":"https:\/\/apoiar-stressdeguerra.com\/pt\/contactos\/ligacoes-externas\/","url":"https:\/\/apoiar-stressdeguerra.com\/pt\/contactos\/ligacoes-externas\/","name":"Liga\u00e7\u00f5es externas - APOIAR","isPartOf":{"@id":"https:\/\/apoiar-stressdeguerra.com\/pt\/#website"},"datePublished":"2017-03-20T16:42:34+00:00","dateModified":"2022-07-01T10:02:14+00:00","breadcrumb":{"@id":"https:\/\/apoiar-stressdeguerra.com\/pt\/contactos\/ligacoes-externas\/#breadcrumb"},"inLanguage":"pt-PT","potentialAction":[{"@type":"ReadAction","target":["https:\/\/apoiar-stressdeguerra.com\/pt\/contactos\/ligacoes-externas\/"]}]},{"@type":"BreadcrumbList","@id":"https:\/\/apoiar-stressdeguerra.com\/pt\/contactos\/ligacoes-externas\/#breadcrumb","itemListElement":[{"@type":"ListItem","position":1,"name":"In\u00edcio","item":"https:\/\/apoiar-stressdeguerra.com\/pt\/"},{"@type":"ListItem","position":2,"name":"CONTACTOS","item":"https:\/\/apoiar-stressdeguerra.com\/pt\/contactos\/"},{"@type":"ListItem","position":3,"name":"Liga\u00e7\u00f5es externas"}]},{"@type":"WebSite","@id":"https:\/\/apoiar-stressdeguerra.com\/pt\/#website","url":"https:\/\/apoiar-stressdeguerra.com\/pt\/","name":"APOIAR","description":"Associa\u00e7\u00e3o de Apoio aos Ex-combatentes V\u00edtimas do Stress de Guerra.","publisher":{"@id":"https:\/\/apoiar-stressdeguerra.com\/pt\/#organization"},"potentialAction":[{"@type":"SearchAction","target":{"@type":"EntryPoint","urlTemplate":"https:\/\/apoiar-stressdeguerra.com\/pt\/?s={search_term_string}"},"query-input":{"@type":"PropertyValueSpecification","valueRequired":true,"valueName":"search_term_string"}}],"inLanguage":"pt-PT"},{"@type":"Organization","@id":"https:\/\/apoiar-stressdeguerra.com\/pt\/#organization","name":"APOIAR","url":"https:\/\/apoiar-stressdeguerra.com\/pt\/","logo":{"@type":"ImageObject","inLanguage":"pt-PT","@id":"https:\/\/apoiar-stressdeguerra.com\/pt\/#\/schema\/logo\/image\/","url":"https:\/\/apoiar-stressdeguerra.com\/pt\/wp-content\/uploads\/2017\/03\/LOGO_tb_transparente.gif","contentUrl":"https:\/\/apoiar-stressdeguerra.com\/pt\/wp-content\/uploads\/2017\/03\/LOGO_tb_transparente.gif","width":153,"height":59,"caption":"APOIAR"},"image":{"@id":"https:\/\/apoiar-stressdeguerra.com\/pt\/#\/schema\/logo\/image\/"},"sameAs":["https:\/\/www.facebook.com\/stressdeguerraapoiar\/","https:\/\/x.com\/aapoiar"]}]}},"_links":{"self":[{"href":"https:\/\/apoiar-stressdeguerra.com\/pt\/wp-json\/wp\/v2\/pages\/626","targetHints":{"allow":["GET"]}}],"collection":[{"href":"https:\/\/apoiar-stressdeguerra.com\/pt\/wp-json\/wp\/v2\/pages"}],"about":[{"href":"https:\/\/apoiar-stressdeguerra.com\/pt\/wp-json\/wp\/v2\/types\/page"}],"author":[{"embeddable":true,"href":"https:\/\/apoiar-stressdeguerra.com\/pt\/wp-json\/wp\/v2\/users\/1"}],"replies":[{"embeddable":true,"href":"https:\/\/apoiar-stressdeguerra.com\/pt\/wp-json\/wp\/v2\/comments?post=626"}],"version-history":[{"count":11,"href":"https:\/\/apoiar-stressdeguerra.com\/pt\/wp-json\/wp\/v2\/pages\/626\/revisions"}],"predecessor-version":[{"id":1689,"href":"https:\/\/apoiar-stressdeguerra.com\/pt\/wp-json\/wp\/v2\/pages\/626\/revisions\/1689"}],"up":[{"embeddable":true,"href":"https:\/\/apoiar-stressdeguerra.com\/pt\/wp-json\/wp\/v2\/pages\/28"}],"wp:attachment":[{"href":"https:\/\/apoiar-stressdeguerra.com\/pt\/wp-json\/wp\/v2\/media?parent=626"}],"curies":[{"name":"wp","href":"https:\/\/api.w.org\/{rel}","templated":true}]}}