{"id":748,"date":"2017-05-17T09:00:41","date_gmt":"2017-05-17T09:00:41","guid":{"rendered":"http:\/\/apoiar-stressdeguerra.com\/pt\/?page_id=748"},"modified":"2025-09-24T15:04:35","modified_gmt":"2025-09-24T15:04:35","slug":"faca-se-associado","status":"publish","type":"page","link":"https:\/\/apoiar-stressdeguerra.com\/pt\/a-apoiar\/faca-se-associado\/","title":{"rendered":"Fa\u00e7a-se associado"},"content":{"rendered":"<div id=\"pl-748\"  class=\"panel-layout\" ><div id=\"pg-748-0\"  class=\"panel-grid panel-has-style\" ><div class=\"panel-row-style panel-row-style-for-748-0\" ><div id=\"pgc-748-0-0\"  class=\"panel-grid-cell\" ><div id=\"panel-748-0-0-0\" class=\"so-panel widget widget_sow-editor panel-first-child panel-last-child\" data-index=\"0\" ><div\n\t\t\t\n\t\t\tclass=\"so-widget-sow-editor so-widget-sow-editor-base\"\n\t\t\t\n\t\t><h3 class=\"widget-title\">PROPOSTA DE S\u00d3CIO<\/h3>\n<div class=\"siteorigin-widget-tinymce textwidget\">\n\t<p>Junte.se a n\u00f3s. Pode imprimir a<strong><a href=\"http:\/\/apoiar-stressdeguerra.com\/pt\/wp-content\/uploads\/2017\/03\/BOLETIMDEINSCRI%C3%87%C3%83OAPOIAR.pdf\"> proposta de associado<\/a>,<\/strong>\u00a0preench\u00ea-la \u00e0 m\u00e3o e vir entreg\u00e1-la pessoalmente \u00e0 APOIAR.<\/p>\n<p>Se preferir pode usar o formul\u00e1rio abaixo.<\/p>\n<p><strong>ATEN\u00c7\u00c3O<\/strong>: Ser\u00e1 posteriormente contactado para terminar o processo de inscri\u00e7\u00e3o.<\/p>\n<p><strong>S\u00f3 ap\u00f3s este contacto, ter assinado a proposta e efectuado\u00a0 o pagamento da quota<\/strong> anual \u00e9 que o processo de inscri\u00e7\u00e3o \u00e9 completado.<\/p>\n<p>Antes de preencher, leia a nossa<\/p>\n<p><a href=\"https:\/\/apoiar-stressdeguerra.com\/pt\/cookie-policy\/declaracao-recolha-dados-pessoais\/\">POL\u00cdTICA DE PRIVACIDADE E DECLARA\u00c7\u00c3O DE RECOLHA DE DADOS<\/a><\/p>\n<p><script type=\"text\/javascript\" src=\"https:\/\/form.jotformeu.com\/jsform\/32392262277355\"><\/script><\/p>\n<\/div>\n<\/div><\/div><\/div><div id=\"pgc-748-0-1\"  class=\"panel-grid-cell\" ><div id=\"panel-748-0-1-0\" class=\"so-panel widget widget_sow-editor panel-first-child panel-last-child\" data-index=\"1\" ><div class=\"panel-widget-style panel-widget-style-for-748-0-1-0\" ><div\n\t\t\t\n\t\t\tclass=\"so-widget-sow-editor so-widget-sow-editor-base\"\n\t\t\t\n\t\t><h3 class=\"widget-title\">NOTA IMPORTANTE<\/h3>\n<div class=\"siteorigin-widget-tinymce textwidget\">\n\t<p>A sua inscri\u00e7\u00e3o como associado <strong>n\u00e3o lhe d\u00e1 acesso autom\u00e1tico \u00e0s val\u00eancias da Rede Nacional de Apoio<\/strong> na associa\u00e7\u00e3o, nomeadamente consultas de psicologia ou psiquiatria.<\/p>\n<p>Para ter acesso \u00e0 Rede Nacional de Apoio, <a href=\"https:\/\/apoiar-stressdeguerra.com\/pt\/o-stress-de-guerra\/procurar-ajuda\/\"><strong>saiba mais aqui<\/strong><\/a>, ou marque uma entrevista com o nosso Servi\u00e7o Social.<\/p>\n<\/div>\n<\/div><\/div><\/div><\/div><\/div><\/div><\/div>","protected":false},"excerpt":{"rendered":"<p>Junte.se a n\u00f3s. Pode imprimir a proposta de associado,\u00a0preench\u00ea-la \u00e0 m\u00e3o e vir entreg\u00e1-la pessoalmente \u00e0 APOIAR. Se preferir pode usar o formul\u00e1rio abaixo. ATEN\u00c7\u00c3O: Ser\u00e1 posteriormente contactado para terminar o processo de inscri\u00e7\u00e3o. S\u00f3 ap\u00f3s este contacto, ter assinado a proposta e efectuado\u00a0 o pagamento da quota anual \u00e9 que o processo de inscri\u00e7\u00e3o <a class=\"read-more\" href=\"https:\/\/apoiar-stressdeguerra.com\/pt\/a-apoiar\/faca-se-associado\/\">Leia mais<\/a><\/p>\n","protected":false},"author":1,"featured_media":0,"parent":9,"menu_order":0,"comment_status":"closed","ping_status":"closed","template":"","meta":{"_uf_show_specific_survey":0,"_uf_disable_surveys":false,"footnotes":""},"class_list":["post-748","page","type-page","status-publish","hentry"],"yoast_head":"<!-- This site is optimized with the Yoast SEO plugin v26.8 - https:\/\/yoast.com\/product\/yoast-seo-wordpress\/ -->\n<title>Fa\u00e7a-se associado - APOIAR<\/title>\n<meta name=\"robots\" content=\"index, follow, max-snippet:-1, max-image-preview:large, max-video-preview:-1\" \/>\n<link rel=\"canonical\" href=\"https:\/\/apoiar-stressdeguerra.com\/pt\/a-apoiar\/faca-se-associado\/\" \/>\n<meta property=\"og:locale\" content=\"pt_PT\" \/>\n<meta property=\"og:type\" content=\"article\" \/>\n<meta property=\"og:title\" content=\"Fa\u00e7a-se associado - APOIAR\" \/>\n<meta property=\"og:description\" content=\"Junte.se a n\u00f3s. Pode imprimir a proposta de associado,\u00a0preench\u00ea-la \u00e0 m\u00e3o e vir entreg\u00e1-la pessoalmente \u00e0 APOIAR. Se preferir pode usar o formul\u00e1rio abaixo. ATEN\u00c7\u00c3O: Ser\u00e1 posteriormente contactado para terminar o processo de inscri\u00e7\u00e3o. S\u00f3 ap\u00f3s este contacto, ter assinado a proposta e efectuado\u00a0 o pagamento da quota anual \u00e9 que o processo de inscri\u00e7\u00e3o Leia mais\" \/>\n<meta property=\"og:url\" content=\"https:\/\/apoiar-stressdeguerra.com\/pt\/a-apoiar\/faca-se-associado\/\" \/>\n<meta property=\"og:site_name\" content=\"APOIAR\" \/>\n<meta property=\"article:publisher\" content=\"https:\/\/www.facebook.com\/stressdeguerraapoiar\/\" \/>\n<meta property=\"article:modified_time\" content=\"2025-09-24T15:04:35+00:00\" \/>\n<meta name=\"twitter:card\" content=\"summary_large_image\" \/>\n<meta name=\"twitter:site\" content=\"@aapoiar\" \/>\n<meta name=\"twitter:label1\" content=\"Tempo estimado de leitura\" \/>\n\t<meta name=\"twitter:data1\" content=\"1 minuto\" \/>\n<script type=\"application\/ld+json\" class=\"yoast-schema-graph\">{\"@context\":\"https:\/\/schema.org\",\"@graph\":[{\"@type\":\"WebPage\",\"@id\":\"https:\/\/apoiar-stressdeguerra.com\/pt\/a-apoiar\/faca-se-associado\/\",\"url\":\"https:\/\/apoiar-stressdeguerra.com\/pt\/a-apoiar\/faca-se-associado\/\",\"name\":\"Fa\u00e7a-se associado - APOIAR\",\"isPartOf\":{\"@id\":\"https:\/\/apoiar-stressdeguerra.com\/pt\/#website\"},\"datePublished\":\"2017-05-17T09:00:41+00:00\",\"dateModified\":\"2025-09-24T15:04:35+00:00\",\"breadcrumb\":{\"@id\":\"https:\/\/apoiar-stressdeguerra.com\/pt\/a-apoiar\/faca-se-associado\/#breadcrumb\"},\"inLanguage\":\"pt-PT\",\"potentialAction\":[{\"@type\":\"ReadAction\",\"target\":[\"https:\/\/apoiar-stressdeguerra.com\/pt\/a-apoiar\/faca-se-associado\/\"]}]},{\"@type\":\"BreadcrumbList\",\"@id\":\"https:\/\/apoiar-stressdeguerra.com\/pt\/a-apoiar\/faca-se-associado\/#breadcrumb\",\"itemListElement\":[{\"@type\":\"ListItem\",\"position\":1,\"name\":\"In\u00edcio\",\"item\":\"https:\/\/apoiar-stressdeguerra.com\/pt\/\"},{\"@type\":\"ListItem\",\"position\":2,\"name\":\"A APOIAR\",\"item\":\"https:\/\/apoiar-stressdeguerra.com\/pt\/a-apoiar\/\"},{\"@type\":\"ListItem\",\"position\":3,\"name\":\"Fa\u00e7a-se associado\"}]},{\"@type\":\"WebSite\",\"@id\":\"https:\/\/apoiar-stressdeguerra.com\/pt\/#website\",\"url\":\"https:\/\/apoiar-stressdeguerra.com\/pt\/\",\"name\":\"APOIAR\",\"description\":\"Associa\u00e7\u00e3o de Apoio aos Ex-combatentes V\u00edtimas do Stress de Guerra.\",\"publisher\":{\"@id\":\"https:\/\/apoiar-stressdeguerra.com\/pt\/#organization\"},\"potentialAction\":[{\"@type\":\"SearchAction\",\"target\":{\"@type\":\"EntryPoint\",\"urlTemplate\":\"https:\/\/apoiar-stressdeguerra.com\/pt\/?s={search_term_string}\"},\"query-input\":{\"@type\":\"PropertyValueSpecification\",\"valueRequired\":true,\"valueName\":\"search_term_string\"}}],\"inLanguage\":\"pt-PT\"},{\"@type\":\"Organization\",\"@id\":\"https:\/\/apoiar-stressdeguerra.com\/pt\/#organization\",\"name\":\"APOIAR\",\"url\":\"https:\/\/apoiar-stressdeguerra.com\/pt\/\",\"logo\":{\"@type\":\"ImageObject\",\"inLanguage\":\"pt-PT\",\"@id\":\"https:\/\/apoiar-stressdeguerra.com\/pt\/#\/schema\/logo\/image\/\",\"url\":\"https:\/\/apoiar-stressdeguerra.com\/pt\/wp-content\/uploads\/2017\/03\/LOGO_tb_transparente.gif\",\"contentUrl\":\"https:\/\/apoiar-stressdeguerra.com\/pt\/wp-content\/uploads\/2017\/03\/LOGO_tb_transparente.gif\",\"width\":153,\"height\":59,\"caption\":\"APOIAR\"},\"image\":{\"@id\":\"https:\/\/apoiar-stressdeguerra.com\/pt\/#\/schema\/logo\/image\/\"},\"sameAs\":[\"https:\/\/www.facebook.com\/stressdeguerraapoiar\/\",\"https:\/\/x.com\/aapoiar\"]}]}<\/script>\n<!-- \/ Yoast SEO plugin. -->","yoast_head_json":{"title":"Fa\u00e7a-se associado - APOIAR","robots":{"index":"index","follow":"follow","max-snippet":"max-snippet:-1","max-image-preview":"max-image-preview:large","max-video-preview":"max-video-preview:-1"},"canonical":"https:\/\/apoiar-stressdeguerra.com\/pt\/a-apoiar\/faca-se-associado\/","og_locale":"pt_PT","og_type":"article","og_title":"Fa\u00e7a-se associado - APOIAR","og_description":"Junte.se a n\u00f3s. Pode imprimir a proposta de associado,\u00a0preench\u00ea-la \u00e0 m\u00e3o e vir entreg\u00e1-la pessoalmente \u00e0 APOIAR. Se preferir pode usar o formul\u00e1rio abaixo. ATEN\u00c7\u00c3O: Ser\u00e1 posteriormente contactado para terminar o processo de inscri\u00e7\u00e3o. S\u00f3 ap\u00f3s este contacto, ter assinado a proposta e efectuado\u00a0 o pagamento da quota anual \u00e9 que o processo de inscri\u00e7\u00e3o Leia mais","og_url":"https:\/\/apoiar-stressdeguerra.com\/pt\/a-apoiar\/faca-se-associado\/","og_site_name":"APOIAR","article_publisher":"https:\/\/www.facebook.com\/stressdeguerraapoiar\/","article_modified_time":"2025-09-24T15:04:35+00:00","twitter_card":"summary_large_image","twitter_site":"@aapoiar","twitter_misc":{"Tempo estimado de leitura":"1 minuto"},"schema":{"@context":"https:\/\/schema.org","@graph":[{"@type":"WebPage","@id":"https:\/\/apoiar-stressdeguerra.com\/pt\/a-apoiar\/faca-se-associado\/","url":"https:\/\/apoiar-stressdeguerra.com\/pt\/a-apoiar\/faca-se-associado\/","name":"Fa\u00e7a-se associado - APOIAR","isPartOf":{"@id":"https:\/\/apoiar-stressdeguerra.com\/pt\/#website"},"datePublished":"2017-05-17T09:00:41+00:00","dateModified":"2025-09-24T15:04:35+00:00","breadcrumb":{"@id":"https:\/\/apoiar-stressdeguerra.com\/pt\/a-apoiar\/faca-se-associado\/#breadcrumb"},"inLanguage":"pt-PT","potentialAction":[{"@type":"ReadAction","target":["https:\/\/apoiar-stressdeguerra.com\/pt\/a-apoiar\/faca-se-associado\/"]}]},{"@type":"BreadcrumbList","@id":"https:\/\/apoiar-stressdeguerra.com\/pt\/a-apoiar\/faca-se-associado\/#breadcrumb","itemListElement":[{"@type":"ListItem","position":1,"name":"In\u00edcio","item":"https:\/\/apoiar-stressdeguerra.com\/pt\/"},{"@type":"ListItem","position":2,"name":"A APOIAR","item":"https:\/\/apoiar-stressdeguerra.com\/pt\/a-apoiar\/"},{"@type":"ListItem","position":3,"name":"Fa\u00e7a-se associado"}]},{"@type":"WebSite","@id":"https:\/\/apoiar-stressdeguerra.com\/pt\/#website","url":"https:\/\/apoiar-stressdeguerra.com\/pt\/","name":"APOIAR","description":"Associa\u00e7\u00e3o de Apoio aos Ex-combatentes V\u00edtimas do Stress de Guerra.","publisher":{"@id":"https:\/\/apoiar-stressdeguerra.com\/pt\/#organization"},"potentialAction":[{"@type":"SearchAction","target":{"@type":"EntryPoint","urlTemplate":"https:\/\/apoiar-stressdeguerra.com\/pt\/?s={search_term_string}"},"query-input":{"@type":"PropertyValueSpecification","valueRequired":true,"valueName":"search_term_string"}}],"inLanguage":"pt-PT"},{"@type":"Organization","@id":"https:\/\/apoiar-stressdeguerra.com\/pt\/#organization","name":"APOIAR","url":"https:\/\/apoiar-stressdeguerra.com\/pt\/","logo":{"@type":"ImageObject","inLanguage":"pt-PT","@id":"https:\/\/apoiar-stressdeguerra.com\/pt\/#\/schema\/logo\/image\/","url":"https:\/\/apoiar-stressdeguerra.com\/pt\/wp-content\/uploads\/2017\/03\/LOGO_tb_transparente.gif","contentUrl":"https:\/\/apoiar-stressdeguerra.com\/pt\/wp-content\/uploads\/2017\/03\/LOGO_tb_transparente.gif","width":153,"height":59,"caption":"APOIAR"},"image":{"@id":"https:\/\/apoiar-stressdeguerra.com\/pt\/#\/schema\/logo\/image\/"},"sameAs":["https:\/\/www.facebook.com\/stressdeguerraapoiar\/","https:\/\/x.com\/aapoiar"]}]}},"_links":{"self":[{"href":"https:\/\/apoiar-stressdeguerra.com\/pt\/wp-json\/wp\/v2\/pages\/748","targetHints":{"allow":["GET"]}}],"collection":[{"href":"https:\/\/apoiar-stressdeguerra.com\/pt\/wp-json\/wp\/v2\/pages"}],"about":[{"href":"https:\/\/apoiar-stressdeguerra.com\/pt\/wp-json\/wp\/v2\/types\/page"}],"author":[{"embeddable":true,"href":"https:\/\/apoiar-stressdeguerra.com\/pt\/wp-json\/wp\/v2\/users\/1"}],"replies":[{"embeddable":true,"href":"https:\/\/apoiar-stressdeguerra.com\/pt\/wp-json\/wp\/v2\/comments?post=748"}],"version-history":[{"count":9,"href":"https:\/\/apoiar-stressdeguerra.com\/pt\/wp-json\/wp\/v2\/pages\/748\/revisions"}],"predecessor-version":[{"id":2513,"href":"https:\/\/apoiar-stressdeguerra.com\/pt\/wp-json\/wp\/v2\/pages\/748\/revisions\/2513"}],"up":[{"embeddable":true,"href":"https:\/\/apoiar-stressdeguerra.com\/pt\/wp-json\/wp\/v2\/pages\/9"}],"wp:attachment":[{"href":"https:\/\/apoiar-stressdeguerra.com\/pt\/wp-json\/wp\/v2\/media?parent=748"}],"curies":[{"name":"wp","href":"https:\/\/api.w.org\/{rel}","templated":true}]}}