{"id":82,"date":"2017-02-21T16:24:12","date_gmt":"2017-02-21T16:24:12","guid":{"rendered":"http:\/\/apoiar-stressdeguerra.com\/pt\/?page_id=82"},"modified":"2025-07-21T11:17:17","modified_gmt":"2025-07-21T11:17:17","slug":"departamentos-de-apoio","status":"publish","type":"page","link":"https:\/\/apoiar-stressdeguerra.com\/pt\/a-apoiar\/departamentos-de-apoio\/","title":{"rendered":"Departamentos de Apoio"},"content":{"rendered":"<div id=\"pl-82\"  class=\"panel-layout\" ><div id=\"pg-82-0\"  class=\"panel-grid panel-no-style\" ><div id=\"pgc-82-0-0\"  class=\"panel-grid-cell\" ><div id=\"panel-82-0-0-0\" class=\"so-panel widget widget_sow-editor panel-first-child panel-last-child\" data-index=\"0\" ><div\n\t\t\t\n\t\t\tclass=\"so-widget-sow-editor so-widget-sow-editor-base\"\n\t\t\t\n\t\t>\n<div class=\"siteorigin-widget-tinymce textwidget\">\n\t<p data-start=\"304\" data-end=\"502\"><img loading=\"lazy\" decoding=\"async\" class=\"alignnone size-large wp-image-2422\" src=\"https:\/\/apoiar-stressdeguerra.com\/pt\/wp-content\/uploads\/2025\/07\/departamentos.apoio_-1024x439.png\" alt=\"\" width=\"800\" height=\"343\" srcset=\"https:\/\/apoiar-stressdeguerra.com\/pt\/wp-content\/uploads\/2025\/07\/departamentos.apoio_-1024x439.png 1024w, https:\/\/apoiar-stressdeguerra.com\/pt\/wp-content\/uploads\/2025\/07\/departamentos.apoio_-300x129.png 300w, https:\/\/apoiar-stressdeguerra.com\/pt\/wp-content\/uploads\/2025\/07\/departamentos.apoio_-768x330.png 768w, https:\/\/apoiar-stressdeguerra.com\/pt\/wp-content\/uploads\/2025\/07\/departamentos.apoio_.png 1536w\" sizes=\"auto, (max-width: 800px) 100vw, 800px\" \/><\/p>\n<p data-start=\"304\" data-end=\"502\">A <strong data-start=\"306\" data-end=\"316\">APOIAR<\/strong> presta, <a href=\"http:\/\/apoiar-stressdeguerra.com\/pt\/o-stress-de-guerra\/procurar-ajuda\/\"><strong data-start=\"325\" data-end=\"342\">gratuitamente<\/strong><\/a>, aos seus <strong data-start=\"353\" data-end=\"438\">associados benefici\u00e1rios da <a href=\"https:\/\/apoiar-stressdeguerra.com\/pt\/faq\/apoio-realmente-gratuito\/\">Rede Nacional de Apoio \u00e0s V\u00edtimas de Stress de Guerra<\/a><\/strong> (ex-combatentes e respetivos familiares) os seguintes servi\u00e7os apoio psicol\u00f3gico, m\u00e9dico e social, assim como apoio jur\u00eddico. Aqui fica a lista dos nossos apoios:<\/p>\n<h3 data-start=\"663\" data-end=\"694\">Apoio M\u00e9dico e Psicossocial<\/h3>\n<p data-start=\"696\" data-end=\"754\">A APOIAR disponibiliza os seguintes apoios especializados:<\/p>\n<ul data-start=\"756\" data-end=\"840\">\n<li data-start=\"756\" data-end=\"773\">\n<p data-start=\"758\" data-end=\"773\">Cl\u00ednica Geral<\/p>\n<\/li>\n<li data-start=\"774\" data-end=\"789\">\n<p data-start=\"776\" data-end=\"789\">Psiquiatria<\/p>\n<\/li>\n<li data-start=\"790\" data-end=\"804\">\n<p data-start=\"792\" data-end=\"804\">Psicologia<\/p>\n<\/li>\n<li data-start=\"805\" data-end=\"821\">\n<p data-start=\"807\" data-end=\"821\">Apoio Social<\/p>\n<\/li>\n<li data-start=\"822\" data-end=\"840\">\n<p data-start=\"824\" data-end=\"840\">Apoio Jur\u00eddico<br \/>\n<strong data-start=\"845\" data-end=\"857\">Aten\u00e7\u00e3o: <\/strong>O apoio jur\u00eddico \u00e9 prestado apenas no \u00e2mbito do stress p\u00f3s-traum\u00e1tico e de quest\u00f5es relacionadas com ex-combatentes.<\/p>\n<\/li>\n<li data-start=\"822\" data-end=\"840\">\ud83d\udc49 Todos os servi\u00e7os s\u00e3o<strong data-start=\"994\" data-end=\"1032\"> exclusivo para associados.<\/strong><\/li>\n<\/ul>\n<hr \/>\n<h3 data-start=\"2212\" data-end=\"2237\">Grupos de Ajuda M\u00fatua<\/h3>\n<p data-start=\"2239\" data-end=\"2451\">Para al\u00e9m do apoio cl\u00ednico, a APOIAR disponibiliza <strong data-start=\"2111\" data-end=\"2158\">formas alternativas de terapia e integra\u00e7\u00e3o<\/strong>, dirigidas a <strong data-start=\"2172\" data-end=\"2209\">ex-combatentes e \u00e0s suas fam\u00edlias<\/strong>. Desde 2003, a APOIAR promove <strong data-start=\"2268\" data-end=\"2293\">grupos de ajuda m\u00fatua<\/strong> para <strong data-start=\"2299\" data-end=\"2320\">homens e mulheres<\/strong>, independentes do corpo cl\u00ednico. Nestes grupos, os utentes <strong data-start=\"2382\" data-end=\"2408\">partilham experi\u00eancias<\/strong>, criando la\u00e7os de apoio m\u00fatuo e supera\u00e7\u00e3o.<\/p>\n<p data-start=\"2453\" data-end=\"2557\">\u2705 Est\u00e3o <strong data-start=\"2461\" data-end=\"2486\">abertas as inscri\u00e7\u00f5es<\/strong> para novos grupos de ajuda m\u00fatua.<\/p>\n<p data-start=\"2453\" data-end=\"2557\">\ud83d\udcde Contacte-nos para se inscrever.<\/p>\n<hr data-start=\"2559\" data-end=\"2562\" \/>\n<h3 data-start=\"2564\" data-end=\"2589\">Ateliers de Express\u00e3o<\/h3>\n<p data-start=\"2591\" data-end=\"2696\">Estes <strong data-start=\"2597\" data-end=\"2632\">ateliers de terapia ocupacional<\/strong> promovem o <strong data-start=\"2644\" data-end=\"2695\">conv\u00edvio, criatividade e reabilita\u00e7\u00e3o emocional<\/strong>.<\/p>\n<p data-start=\"2698\" data-end=\"2924\">Com encontros regulares, os participantes trazem para a associa\u00e7\u00e3o objetos ou projetos esquecidos em casa e <strong data-start=\"2806\" data-end=\"2828\">d\u00e3o-lhes nova vida<\/strong>.<br data-start=\"2829\" data-end=\"2832\" \/>\ud83d\udee0\ufe0f <strong data-start=\"2836\" data-end=\"2861\">Bricolage e decora\u00e7\u00e3o<\/strong> s\u00e3o as palavras de ordem num ambiente de partilha e bem-estar.<\/p>\n<hr data-start=\"1034\" data-end=\"1037\" \/>\n<h3 data-start=\"1039\" data-end=\"1061\">Avisos Importantes<\/h3>\n<\/div>\n<\/div><\/div><\/div><\/div><div id=\"pg-82-1\"  class=\"panel-grid panel-no-style\" ><div id=\"pgc-82-1-0\"  class=\"panel-grid-cell\" ><div id=\"panel-82-1-0-0\" class=\"so-panel widget widget_sow-editor panel-first-child panel-last-child\" data-index=\"1\" ><div\n\t\t\t\n\t\t\tclass=\"so-widget-sow-editor so-widget-sow-editor-base\"\n\t\t\t\n\t\t>\n<div class=\"siteorigin-widget-tinymce textwidget\">\n\t<h4><strong>USE O SEGUINTE E-MAIL\u00a0<\/strong><\/h4>\n<h3>\ud83d\udce7 <a class=\"cursor-pointer\" rel=\"noopener\" data-start=\"1161\" data-end=\"1187\">apoiar.consultas@gmail.com<\/a><\/h3>\n<p data-start=\"1063\" data-end=\"1237\">para:<\/p>\n<h4 data-start=\"1063\" data-end=\"1237\"><strong data-start=\"1063\" data-end=\"1076\">CONSULTAS<\/strong><\/h4>\n<p data-start=\"1063\" data-end=\"1237\">Marca\u00e7\u00e3o e confirma\u00e7\u00e3o de consultas, pedidos de medica\u00e7\u00e3o e relat\u00f3rios:<\/p>\n<h4 data-start=\"1063\" data-end=\"1237\"><br data-start=\"1155\" data-end=\"1158\" \/><strong data-start=\"1244\" data-end=\"1266\">PEDIDO DE RECEITAS<br \/>\n<\/strong>Apenas s\u00e3o aceites pedidos atrav\u00e9s de:<\/h4>\n<ul data-start=\"1309\" data-end=\"1379\">\n<li data-start=\"1309\" data-end=\"1345\">Formul\u00e1rio pr\u00f3prio na Associa\u00e7\u00e3o;<\/li>\n<li data-start=\"1346\" data-end=\"1379\">\n<p data-start=\"1348\" data-end=\"1379\">Atrav\u00e9s do E-mail indicado acima.<\/p>\n<\/li>\n<\/ul>\n<p data-start=\"1348\" data-end=\"1379\"><strong style=\"color: #006489; font-family: Raleway, sans-serif; font-size: 20px;\" data-start=\"1386\" data-end=\"1423\">RELAT\u00d3RIOS E INFORMA\u00c7\u00d5ES CL\u00cdNICAS<\/strong><\/p>\n<p>Devem ser solicitados <strong data-start=\"1448\" data-end=\"1464\">pelo pr\u00f3prio<\/strong>, com <strong data-start=\"1470\" data-end=\"1504\">anteced\u00eancia m\u00ednima de 15 dias<\/strong> em rela\u00e7\u00e3o \u00e0 data limite.<\/p>\n<ul data-start=\"1532\" data-end=\"1676\">\n<li data-start=\"1532\" data-end=\"1587\">\n<p data-start=\"1534\" data-end=\"1587\">Em casos de atraso por terceiros, aplica-se exce\u00e7\u00e3o<\/p>\n<\/li>\n<li data-start=\"1588\" data-end=\"1636\">\n<p data-start=\"1590\" data-end=\"1636\">O pedido deve ser feito por impresso pr\u00f3prio<\/p>\n<\/li>\n<li data-start=\"1637\" data-end=\"1676\">\n<p data-start=\"1639\" data-end=\"1676\">Anexar sempre documento justificativo<\/p>\n<\/li>\n<\/ul>\n<\/div>\n<\/div><\/div><\/div><div id=\"pgc-82-1-1\"  class=\"panel-grid-cell\" ><div id=\"panel-82-1-1-0\" class=\"so-panel widget widget_sow-editor panel-first-child panel-last-child\" data-index=\"2\" ><div\n\t\t\t\n\t\t\tclass=\"so-widget-sow-editor so-widget-sow-editor-base\"\n\t\t\t\n\t\t>\n<div class=\"siteorigin-widget-tinymce textwidget\">\n\t<h4 data-start=\"1639\" data-end=\"1676\"><strong style=\"color: #006489; font-family: Raleway, sans-serif; font-size: 20px;\" data-start=\"1683\" data-end=\"1705\">QUOTAS E CONSULTAS<\/strong><\/h4>\n<p data-start=\"1683\" data-end=\"1849\">Os utentes devem ter a <strong data-start=\"1734\" data-end=\"1769\">situa\u00e7\u00e3o de quotas regularizada<\/strong> para manter o direito \u00e0s consultas.<br data-start=\"1805\" data-end=\"1808\" \/>[Saiba como<a href=\"https:\/\/apoiar-stressdeguerra.com\/pt\/a-apoiar\/#quotas\"> pagar as suas quotas aqui<\/a>]<\/p>\n<hr data-start=\"1851\" data-end=\"1854\" \/>\n<h4 data-start=\"1856\" data-end=\"1934\"><strong data-start=\"1856\" data-end=\"1870\">CART\u00c3O RNA<\/strong><\/h4>\n<p data-start=\"1856\" data-end=\"1934\"><br data-start=\"1870\" data-end=\"1873\" \/>Se for titular de <strong data-start=\"1891\" data-end=\"1927\">Cart\u00e3o da Rede Nacional de Apoio<\/strong>, deve:<\/p>\n<ul data-start=\"1936\" data-end=\"2027\">\n<li data-start=\"1936\" data-end=\"1983\">\n<p data-start=\"1938\" data-end=\"1983\">Apresent\u00e1-lo obrigatoriamente nas consultas<\/p>\n<\/li>\n<li data-start=\"1984\" data-end=\"2027\">\n<p data-start=\"1986\" data-end=\"2027\">Informar a associa\u00e7\u00e3o do n\u00famero do cart\u00e3o<\/p>\n<\/li>\n<\/ul>\n<hr \/>\n<p data-start=\"2931\" data-end=\"3028\">\u26a0\ufe0f <strong data-start=\"507\" data-end=\"527\">Nota importante: <\/strong>O atendimento na APOIAR \u00e9 feito unicamente com marca\u00e7\u00e3o pr\u00e9via.<\/p>\n<p data-start=\"2931\" data-end=\"3028\">\ud83d\udce9 <strong data-start=\"2934\" data-end=\"3028\"><a href=\"https:\/\/apoiar-stressdeguerra.com\/pt\/contactos\/\">Contacte-nos<\/a> antes de se dirigir \u00e0 APOIAR para saber mais sobre os nossos servi\u00e7os de apoio e actividades terap\u00eauticas.<\/strong><\/p>\n<\/div>\n<\/div><\/div><\/div><\/div><\/div>","protected":false},"excerpt":{"rendered":"<p>A APOIAR presta, gratuitamente, aos seus associados benefici\u00e1rios da Rede Nacional de Apoio \u00e0s V\u00edtimas de Stress de Guerra (ex-combatentes e respetivos familiares) os seguintes servi\u00e7os apoio psicol\u00f3gico, m\u00e9dico e social, assim como apoio jur\u00eddico. Aqui fica a lista dos nossos apoios: Apoio M\u00e9dico e Psicossocial A APOIAR disponibiliza os seguintes apoios especializados: Cl\u00ednica Geral <a class=\"read-more\" href=\"https:\/\/apoiar-stressdeguerra.com\/pt\/a-apoiar\/departamentos-de-apoio\/\">Leia mais<\/a><\/p>\n","protected":false},"author":1,"featured_media":0,"parent":9,"menu_order":0,"comment_status":"closed","ping_status":"closed","template":"","meta":{"_uf_show_specific_survey":0,"_uf_disable_surveys":false,"footnotes":""},"class_list":["post-82","page","type-page","status-publish","hentry"],"yoast_head":"<!-- This site is optimized with the Yoast SEO plugin v26.8 - https:\/\/yoast.com\/product\/yoast-seo-wordpress\/ -->\n<title>Departamentos de Apoio M\u00e9dico, Psicol\u00f3gico e Social<\/title>\n<meta name=\"description\" content=\"Departamentos de apoio m\u00e9dico e psicossocial a ex-combatentes com stress de guerra e seus familiares. Cl\u00ednica de apoio ao trauma.\" \/>\n<meta name=\"robots\" content=\"index, follow, max-snippet:-1, max-image-preview:large, max-video-preview:-1\" \/>\n<link rel=\"canonical\" href=\"https:\/\/apoiar-stressdeguerra.com\/pt\/a-apoiar\/departamentos-de-apoio\/\" \/>\n<meta property=\"og:locale\" content=\"pt_PT\" \/>\n<meta property=\"og:type\" content=\"article\" \/>\n<meta property=\"og:title\" content=\"Departamentos de Apoio M\u00e9dico, Psicol\u00f3gico e Social\" \/>\n<meta property=\"og:description\" content=\"Departamentos de apoio m\u00e9dico e psicossocial a ex-combatentes com stress de guerra e seus familiares. Cl\u00ednica de apoio ao trauma.\" \/>\n<meta property=\"og:url\" content=\"https:\/\/apoiar-stressdeguerra.com\/pt\/a-apoiar\/departamentos-de-apoio\/\" \/>\n<meta property=\"og:site_name\" content=\"APOIAR\" \/>\n<meta property=\"article:publisher\" content=\"https:\/\/www.facebook.com\/stressdeguerraapoiar\/\" \/>\n<meta property=\"article:modified_time\" content=\"2025-07-21T11:17:17+00:00\" \/>\n<meta property=\"og:image\" content=\"https:\/\/apoiar-stressdeguerra.com\/pt\/wp-content\/uploads\/2025\/07\/departamentos.apoio_.png\" \/>\n\t<meta property=\"og:image:width\" content=\"1536\" \/>\n\t<meta property=\"og:image:height\" content=\"659\" \/>\n\t<meta property=\"og:image:type\" content=\"image\/png\" \/>\n<meta name=\"twitter:card\" content=\"summary_large_image\" \/>\n<meta name=\"twitter:site\" content=\"@aapoiar\" \/>\n<meta name=\"twitter:label1\" content=\"Tempo estimado de leitura\" \/>\n\t<meta name=\"twitter:data1\" content=\"3 minutos\" \/>\n<script type=\"application\/ld+json\" class=\"yoast-schema-graph\">{\"@context\":\"https:\/\/schema.org\",\"@graph\":[{\"@type\":\"WebPage\",\"@id\":\"https:\/\/apoiar-stressdeguerra.com\/pt\/a-apoiar\/departamentos-de-apoio\/\",\"url\":\"https:\/\/apoiar-stressdeguerra.com\/pt\/a-apoiar\/departamentos-de-apoio\/\",\"name\":\"Departamentos de Apoio M\u00e9dico, Psicol\u00f3gico e Social\",\"isPartOf\":{\"@id\":\"https:\/\/apoiar-stressdeguerra.com\/pt\/#website\"},\"primaryImageOfPage\":{\"@id\":\"https:\/\/apoiar-stressdeguerra.com\/pt\/a-apoiar\/departamentos-de-apoio\/#primaryimage\"},\"image\":{\"@id\":\"https:\/\/apoiar-stressdeguerra.com\/pt\/a-apoiar\/departamentos-de-apoio\/#primaryimage\"},\"thumbnailUrl\":\"https:\/\/apoiar-stressdeguerra.com\/pt\/wp-content\/uploads\/2025\/07\/departamentos.apoio_-1024x439.png\",\"datePublished\":\"2017-02-21T16:24:12+00:00\",\"dateModified\":\"2025-07-21T11:17:17+00:00\",\"description\":\"Departamentos de apoio m\u00e9dico e psicossocial a ex-combatentes com stress de guerra e seus familiares. Cl\u00ednica de apoio ao trauma.\",\"breadcrumb\":{\"@id\":\"https:\/\/apoiar-stressdeguerra.com\/pt\/a-apoiar\/departamentos-de-apoio\/#breadcrumb\"},\"inLanguage\":\"pt-PT\",\"potentialAction\":[{\"@type\":\"ReadAction\",\"target\":[\"https:\/\/apoiar-stressdeguerra.com\/pt\/a-apoiar\/departamentos-de-apoio\/\"]}]},{\"@type\":\"ImageObject\",\"inLanguage\":\"pt-PT\",\"@id\":\"https:\/\/apoiar-stressdeguerra.com\/pt\/a-apoiar\/departamentos-de-apoio\/#primaryimage\",\"url\":\"https:\/\/apoiar-stressdeguerra.com\/pt\/wp-content\/uploads\/2025\/07\/departamentos.apoio_.png\",\"contentUrl\":\"https:\/\/apoiar-stressdeguerra.com\/pt\/wp-content\/uploads\/2025\/07\/departamentos.apoio_.png\",\"width\":1536,\"height\":659},{\"@type\":\"BreadcrumbList\",\"@id\":\"https:\/\/apoiar-stressdeguerra.com\/pt\/a-apoiar\/departamentos-de-apoio\/#breadcrumb\",\"itemListElement\":[{\"@type\":\"ListItem\",\"position\":1,\"name\":\"In\u00edcio\",\"item\":\"https:\/\/apoiar-stressdeguerra.com\/pt\/\"},{\"@type\":\"ListItem\",\"position\":2,\"name\":\"A APOIAR\",\"item\":\"https:\/\/apoiar-stressdeguerra.com\/pt\/a-apoiar\/\"},{\"@type\":\"ListItem\",\"position\":3,\"name\":\"Departamentos de Apoio\"}]},{\"@type\":\"WebSite\",\"@id\":\"https:\/\/apoiar-stressdeguerra.com\/pt\/#website\",\"url\":\"https:\/\/apoiar-stressdeguerra.com\/pt\/\",\"name\":\"APOIAR\",\"description\":\"Associa\u00e7\u00e3o de Apoio aos Ex-combatentes V\u00edtimas do Stress de Guerra.\",\"publisher\":{\"@id\":\"https:\/\/apoiar-stressdeguerra.com\/pt\/#organization\"},\"potentialAction\":[{\"@type\":\"SearchAction\",\"target\":{\"@type\":\"EntryPoint\",\"urlTemplate\":\"https:\/\/apoiar-stressdeguerra.com\/pt\/?s={search_term_string}\"},\"query-input\":{\"@type\":\"PropertyValueSpecification\",\"valueRequired\":true,\"valueName\":\"search_term_string\"}}],\"inLanguage\":\"pt-PT\"},{\"@type\":\"Organization\",\"@id\":\"https:\/\/apoiar-stressdeguerra.com\/pt\/#organization\",\"name\":\"APOIAR\",\"url\":\"https:\/\/apoiar-stressdeguerra.com\/pt\/\",\"logo\":{\"@type\":\"ImageObject\",\"inLanguage\":\"pt-PT\",\"@id\":\"https:\/\/apoiar-stressdeguerra.com\/pt\/#\/schema\/logo\/image\/\",\"url\":\"https:\/\/apoiar-stressdeguerra.com\/pt\/wp-content\/uploads\/2017\/03\/LOGO_tb_transparente.gif\",\"contentUrl\":\"https:\/\/apoiar-stressdeguerra.com\/pt\/wp-content\/uploads\/2017\/03\/LOGO_tb_transparente.gif\",\"width\":153,\"height\":59,\"caption\":\"APOIAR\"},\"image\":{\"@id\":\"https:\/\/apoiar-stressdeguerra.com\/pt\/#\/schema\/logo\/image\/\"},\"sameAs\":[\"https:\/\/www.facebook.com\/stressdeguerraapoiar\/\",\"https:\/\/x.com\/aapoiar\"]}]}<\/script>\n<!-- \/ Yoast SEO plugin. -->","yoast_head_json":{"title":"Departamentos de Apoio M\u00e9dico, Psicol\u00f3gico e Social","description":"Departamentos de apoio m\u00e9dico e psicossocial a ex-combatentes com stress de guerra e seus familiares. Cl\u00ednica de apoio ao trauma.","robots":{"index":"index","follow":"follow","max-snippet":"max-snippet:-1","max-image-preview":"max-image-preview:large","max-video-preview":"max-video-preview:-1"},"canonical":"https:\/\/apoiar-stressdeguerra.com\/pt\/a-apoiar\/departamentos-de-apoio\/","og_locale":"pt_PT","og_type":"article","og_title":"Departamentos de Apoio M\u00e9dico, Psicol\u00f3gico e Social","og_description":"Departamentos de apoio m\u00e9dico e psicossocial a ex-combatentes com stress de guerra e seus familiares. Cl\u00ednica de apoio ao trauma.","og_url":"https:\/\/apoiar-stressdeguerra.com\/pt\/a-apoiar\/departamentos-de-apoio\/","og_site_name":"APOIAR","article_publisher":"https:\/\/www.facebook.com\/stressdeguerraapoiar\/","article_modified_time":"2025-07-21T11:17:17+00:00","og_image":[{"width":1536,"height":659,"url":"https:\/\/apoiar-stressdeguerra.com\/pt\/wp-content\/uploads\/2025\/07\/departamentos.apoio_.png","type":"image\/png"}],"twitter_card":"summary_large_image","twitter_site":"@aapoiar","twitter_misc":{"Tempo estimado de leitura":"3 minutos"},"schema":{"@context":"https:\/\/schema.org","@graph":[{"@type":"WebPage","@id":"https:\/\/apoiar-stressdeguerra.com\/pt\/a-apoiar\/departamentos-de-apoio\/","url":"https:\/\/apoiar-stressdeguerra.com\/pt\/a-apoiar\/departamentos-de-apoio\/","name":"Departamentos de Apoio M\u00e9dico, Psicol\u00f3gico e Social","isPartOf":{"@id":"https:\/\/apoiar-stressdeguerra.com\/pt\/#website"},"primaryImageOfPage":{"@id":"https:\/\/apoiar-stressdeguerra.com\/pt\/a-apoiar\/departamentos-de-apoio\/#primaryimage"},"image":{"@id":"https:\/\/apoiar-stressdeguerra.com\/pt\/a-apoiar\/departamentos-de-apoio\/#primaryimage"},"thumbnailUrl":"https:\/\/apoiar-stressdeguerra.com\/pt\/wp-content\/uploads\/2025\/07\/departamentos.apoio_-1024x439.png","datePublished":"2017-02-21T16:24:12+00:00","dateModified":"2025-07-21T11:17:17+00:00","description":"Departamentos de apoio m\u00e9dico e psicossocial a ex-combatentes com stress de guerra e seus familiares. Cl\u00ednica de apoio ao trauma.","breadcrumb":{"@id":"https:\/\/apoiar-stressdeguerra.com\/pt\/a-apoiar\/departamentos-de-apoio\/#breadcrumb"},"inLanguage":"pt-PT","potentialAction":[{"@type":"ReadAction","target":["https:\/\/apoiar-stressdeguerra.com\/pt\/a-apoiar\/departamentos-de-apoio\/"]}]},{"@type":"ImageObject","inLanguage":"pt-PT","@id":"https:\/\/apoiar-stressdeguerra.com\/pt\/a-apoiar\/departamentos-de-apoio\/#primaryimage","url":"https:\/\/apoiar-stressdeguerra.com\/pt\/wp-content\/uploads\/2025\/07\/departamentos.apoio_.png","contentUrl":"https:\/\/apoiar-stressdeguerra.com\/pt\/wp-content\/uploads\/2025\/07\/departamentos.apoio_.png","width":1536,"height":659},{"@type":"BreadcrumbList","@id":"https:\/\/apoiar-stressdeguerra.com\/pt\/a-apoiar\/departamentos-de-apoio\/#breadcrumb","itemListElement":[{"@type":"ListItem","position":1,"name":"In\u00edcio","item":"https:\/\/apoiar-stressdeguerra.com\/pt\/"},{"@type":"ListItem","position":2,"name":"A APOIAR","item":"https:\/\/apoiar-stressdeguerra.com\/pt\/a-apoiar\/"},{"@type":"ListItem","position":3,"name":"Departamentos de Apoio"}]},{"@type":"WebSite","@id":"https:\/\/apoiar-stressdeguerra.com\/pt\/#website","url":"https:\/\/apoiar-stressdeguerra.com\/pt\/","name":"APOIAR","description":"Associa\u00e7\u00e3o de Apoio aos Ex-combatentes V\u00edtimas do Stress de Guerra.","publisher":{"@id":"https:\/\/apoiar-stressdeguerra.com\/pt\/#organization"},"potentialAction":[{"@type":"SearchAction","target":{"@type":"EntryPoint","urlTemplate":"https:\/\/apoiar-stressdeguerra.com\/pt\/?s={search_term_string}"},"query-input":{"@type":"PropertyValueSpecification","valueRequired":true,"valueName":"search_term_string"}}],"inLanguage":"pt-PT"},{"@type":"Organization","@id":"https:\/\/apoiar-stressdeguerra.com\/pt\/#organization","name":"APOIAR","url":"https:\/\/apoiar-stressdeguerra.com\/pt\/","logo":{"@type":"ImageObject","inLanguage":"pt-PT","@id":"https:\/\/apoiar-stressdeguerra.com\/pt\/#\/schema\/logo\/image\/","url":"https:\/\/apoiar-stressdeguerra.com\/pt\/wp-content\/uploads\/2017\/03\/LOGO_tb_transparente.gif","contentUrl":"https:\/\/apoiar-stressdeguerra.com\/pt\/wp-content\/uploads\/2017\/03\/LOGO_tb_transparente.gif","width":153,"height":59,"caption":"APOIAR"},"image":{"@id":"https:\/\/apoiar-stressdeguerra.com\/pt\/#\/schema\/logo\/image\/"},"sameAs":["https:\/\/www.facebook.com\/stressdeguerraapoiar\/","https:\/\/x.com\/aapoiar"]}]}},"_links":{"self":[{"href":"https:\/\/apoiar-stressdeguerra.com\/pt\/wp-json\/wp\/v2\/pages\/82","targetHints":{"allow":["GET"]}}],"collection":[{"href":"https:\/\/apoiar-stressdeguerra.com\/pt\/wp-json\/wp\/v2\/pages"}],"about":[{"href":"https:\/\/apoiar-stressdeguerra.com\/pt\/wp-json\/wp\/v2\/types\/page"}],"author":[{"embeddable":true,"href":"https:\/\/apoiar-stressdeguerra.com\/pt\/wp-json\/wp\/v2\/users\/1"}],"replies":[{"embeddable":true,"href":"https:\/\/apoiar-stressdeguerra.com\/pt\/wp-json\/wp\/v2\/comments?post=82"}],"version-history":[{"count":15,"href":"https:\/\/apoiar-stressdeguerra.com\/pt\/wp-json\/wp\/v2\/pages\/82\/revisions"}],"predecessor-version":[{"id":2423,"href":"https:\/\/apoiar-stressdeguerra.com\/pt\/wp-json\/wp\/v2\/pages\/82\/revisions\/2423"}],"up":[{"embeddable":true,"href":"https:\/\/apoiar-stressdeguerra.com\/pt\/wp-json\/wp\/v2\/pages\/9"}],"wp:attachment":[{"href":"https:\/\/apoiar-stressdeguerra.com\/pt\/wp-json\/wp\/v2\/media?parent=82"}],"curies":[{"name":"wp","href":"https:\/\/api.w.org\/{rel}","templated":true}]}}