{"id":821,"date":"2017-08-02T09:52:42","date_gmt":"2017-08-02T09:52:42","guid":{"rendered":"http:\/\/apoiar-stressdeguerra.com\/pt\/?page_id=821"},"modified":"2025-08-05T09:19:33","modified_gmt":"2025-08-05T09:19:33","slug":"faq","status":"publish","type":"page","link":"https:\/\/apoiar-stressdeguerra.com\/pt\/faq\/","title":{"rendered":"Perguntas mais frequentes"},"content":{"rendered":"<div id=\"pl-821\"  class=\"panel-layout\" ><div id=\"pg-821-0\"  class=\"panel-grid panel-no-style\" ><div id=\"pgc-821-0-0\"  class=\"panel-grid-cell\" ><div id=\"panel-821-0-0-0\" class=\"so-panel widget widget_sow-editor panel-first-child\" data-index=\"0\" ><div\n\t\t\t\n\t\t\tclass=\"so-widget-sow-editor so-widget-sow-editor-base\"\n\t\t\t\n\t\t>\n<div class=\"siteorigin-widget-tinymce textwidget\">\n\t<p><img loading=\"lazy\" decoding=\"async\" class=\"alignnone size-large wp-image-2492\" src=\"https:\/\/apoiar-stressdeguerra.com\/pt\/wp-content\/uploads\/2025\/08\/FAQ-1024x320.png\" alt=\"Encontre respostas claras e actualizadas \u00e0s d\u00favidas mais comuns sobre apoio a ex-combatentes, stress p\u00f3s-traum\u00e1tico e os servi\u00e7os da APOIAR. Consulte a nossa sec\u00e7\u00e3o de Perguntas Frequentes.\" width=\"800\" height=\"250\" srcset=\"https:\/\/apoiar-stressdeguerra.com\/pt\/wp-content\/uploads\/2025\/08\/FAQ-1024x320.png 1024w, https:\/\/apoiar-stressdeguerra.com\/pt\/wp-content\/uploads\/2025\/08\/FAQ-300x94.png 300w, https:\/\/apoiar-stressdeguerra.com\/pt\/wp-content\/uploads\/2025\/08\/FAQ-768x240.png 768w, https:\/\/apoiar-stressdeguerra.com\/pt\/wp-content\/uploads\/2025\/08\/FAQ.png 1536w\" sizes=\"auto, (max-width: 800px) 100vw, 800px\" \/><\/p>\n<\/div>\n<\/div><\/div><div id=\"panel-821-0-0-1\" class=\"so-panel widget widget_sow-editor panel-last-child\" data-index=\"1\" ><div\n\t\t\t\n\t\t\tclass=\"so-widget-sow-editor so-widget-sow-editor-base\"\n\t\t\t\n\t\t>\n<div class=\"siteorigin-widget-tinymce textwidget\">\n\t<div id=\"faq-798\" class=\"arconix-faq-wrap\"><div id=\"faq-TenhoStressdeGuerraComopossoserajudado\" class=\"arconix-faq-title faq-closed\">Tenho Stress de Guerra. Como posso ser ajudado?<\/div><div class=\"arconix-faq-content faq-closed\"><p>Se acha que tem stress de guerra a primeira coisa que deve fazer \u00e9 contactar o seu m\u00e9dico de fam\u00edlia. Ser\u00e1 o m\u00e9dico que o acompanha que ir\u00e1 ouvir a suas queixas e encaminh\u00e1-lo para o apoio necess\u00e1rio. Esse encaminhamento \u00e9 feito atrav\u00e9s de um documento chamado <b>Modelo 1.<\/b><\/p>\n<\/div><\/div><div id=\"faq-800\" class=\"arconix-faq-wrap\"><div id=\"faq-OqueoModelo1\" class=\"arconix-faq-title faq-closed\">O que \u00e9 o Modelo 1?<\/div><div class=\"arconix-faq-content faq-closed\"><p>O Modelo 1 \u00e9 uma credencial espec\u00edfica para admiss\u00e3o do ex-combatente com patologia psicol\u00f3gica \u00e0 Rede nacional de Apoio atrav\u00e9s do Sistema Nacional de Sa\u00fade. O Modelo 1 pode ser encontrado na Direc\u00e7\u00e3o Geral de Sa\u00fade j\u00e1 que faz parte da documenta\u00e7\u00e3o da Circular Normativa n\u00ba 11\/DSPSM de 13\/08\/2001 da DGS. Est\u00e1 tamb\u00e9m dispon\u00edvel no <a href=\"http:\/\/apoiar-stressdeguerra.com\/pt\/o-stress-de-guerra\/procurar-ajuda\/\"><strong>site da APOIAR<\/strong><\/a>. \u00c9 nesse documento que o seu m\u00e9dico de fam\u00edlia ir\u00e1 descrever os seus sintomas e informar os profissionais de sa\u00fade especializados que tem essas queixas.\u00a0 Esse documento \u00e9 tamb\u00e9m o in\u00edcio de um processo de avalia\u00e7\u00e3o cl\u00ednica acerca da gravidade do seu problema e que poder\u00e1 dar origem a um processo de qualifica\u00e7\u00e3o como Deficiente das For\u00e7as Armadas.<\/p>\n<p><b>E se n\u00e3o tiver m\u00e9dico de fam\u00edlia ou o meu m\u00e9dico n\u00e3o me quiser passar o Modelo 1?<\/b><\/p>\n<p>Nestes casos espec\u00edficos deve contactar a APOIAR para saber como actuar.<\/p>\n<\/div><\/div><div id=\"faq-802\" class=\"arconix-faq-wrap\"><div id=\"faq-ComopossoseracompanhadonaAPOIAR\" class=\"arconix-faq-title faq-closed\">Como posso ser acompanhado na APOIAR?<\/div><div class=\"arconix-faq-content faq-closed\"><p>Se j\u00e1 tiver o Modelo 1 em sua posse dever\u00e1 contactar a APOIAR .<\/p>\n<p>O Modelo 1 serve para o ex-combatente ser encaminhado para os servi\u00e7os de psiquiatria do hospital da \u00e1rea de resid\u00eancia mas, atrav\u00e9s do protocolo assinado com o Minist\u00e9rio da Defesa e Minist\u00e9rio da Sa\u00fade, enquanto aguarda que o processo de avalia\u00e7\u00e3o cl\u00ednica\u00a0 avance, pode come\u00e7ar a ser acompanhado na APOIAR.<\/p>\n<p>Depois de ter tido a consulta com o seu m\u00e9dico de fam\u00edlia e j\u00e1 ter na sua posse o Modelo 1 original ou uma c\u00f3pia do mesmo, dever\u00e1 contactar a Associa\u00e7\u00e3o e marcar uma consulta com a Assistente Social que lhe explicar\u00e1 como se processa o acompanhamento na Rede Nacional de Apoio. Ter\u00e1 de se fazer associado da APOIAR para poder ter os apoios a que tem direito.<\/p>\n<\/div><\/div><div id=\"faq-805\" class=\"arconix-faq-wrap\"><div id=\"faq-Oapoiorealmentegratuito\" class=\"arconix-faq-title faq-closed\">O apoio \u00e9 realmente gratuito?<\/div><div class=\"arconix-faq-content faq-closed\"><p>O apoio dado no \u00e2mbito da Rede Nacional de Apoio \u00e9 comparticipado pelo Minist\u00e9rio da Defesa. Significa que as consultas e os apoio disponibilizados s\u00e3o sem custos para os utentes que sejam devidamente autorizados a entrar na Rede, para al\u00e9m da quota anual da Associa\u00e7\u00e3o.<\/p>\n<p>Para os restantes n\u00e3o autorizados os apoios podem ter custos associados. Todas as informa\u00e7\u00f5es sobre o processo de autoriza\u00e7\u00e3o ser\u00e3o dadas na consulta de triagem.<\/p>\n<\/div><\/div><div id=\"faq-807\" class=\"arconix-faq-wrap\"><div id=\"faq-AminhamulhereoufilhosforamafectadospelaminhadoenaPodemtambmseracompanhados\" class=\"arconix-faq-title faq-closed\">A minha mulher e ou filhos foram afectados pela minha doen\u00e7a. Podem tamb\u00e9m ser acompanhados?<\/div><div class=\"arconix-faq-content faq-closed\"><p>Sim. As mulheres e os filhos dos ex-combatentes que estejam afectados pela exposi\u00e7\u00e3o \u00e0 doen\u00e7a do militar ou ex-militar est\u00e3o abrangidos pelo protocolo e podem ser acompanhados nas val\u00eancias cl\u00ednicas e sociais\u00a0 da APOIAR.\u00a0 Ser\u00e3o encaminhadas para um t\u00e9cnico especializado que elaborar\u00e1 um relat\u00f3rio que permitira ao familiar ser acompanhado de forma comparticipada pela Rede Nacional de Apoio.<\/p>\n<\/div><\/div><div id=\"faq-809\" class=\"arconix-faq-wrap\"><div id=\"faq-AAPOIARfazpartedoprocessodequalificaocomoDeficientedasForasArmadasporStressdeGuerra\" class=\"arconix-faq-title faq-closed\">A APOIAR faz parte do processo de qualifica\u00e7\u00e3o como Deficiente das For\u00e7as Armadas por Stress de Guerra?<\/div><div class=\"arconix-faq-content faq-closed\"><p>Sim, mas apenas na parte inicial, caso o Servi\u00e7o Nacional de Sa\u00fade n\u00e3o possa preencher o relat\u00f3rio cl\u00ednico de avalia\u00e7\u00e3o para o processo. Quando assim \u00e9 a APOIAR procede ao preenchimento do relat\u00f3rio psiqui\u00e1trico denominado Modelo 2 e\/ou \u00e0 avalia\u00e7\u00e3o psicol\u00f3gica. Quando termina esta fase os relat\u00f3rios s\u00e3o enviados para os servi\u00e7os de sa\u00fade dos respectivos ramos das for\u00e7as armadas e\u00a0 a APOIAR deixa de fazer parte do processo.<\/p>\n<p><a href=\"https:\/\/bud.gov.pt\/ac\/esclarecimentos\/stress-guerra.html\" target=\"_blank\" rel=\"noopener noreferrer\"><strong>Manual de Procedimentos<\/strong><\/a><\/p>\n<p>Qualquer processo de qualifica\u00e7\u00e3o como DFA, tem in\u00edcio num requerimento dirigido ao Chefe do Estado-Maior da For\u00e7a Armada respectiva, a solicitar a instru\u00e7\u00e3o, revis\u00e3o ou reabertura do seu processo, em modelo pr\u00f3prio.<\/p>\n<p><a href=\"https:\/\/www.exercito.pt\/pt\/apoio-a-familia\/militares-fora-da-efetividade-de-servico\/antigos-combatentes\" target=\"_blank\" rel=\"noopener noreferrer\"><strong>Requerimentos necess\u00e1rios<\/strong><\/a><\/p>\n<p>&nbsp;<\/p>\n<p>Ao requerimento dever\u00e1 juntar todos os elementos\/documentos que entenda relevantes para sustentar o seu pedido, nomeadamente os respeitantes \u00e0 sa\u00fade e <b>de avalia\u00e7\u00f5es feitas no SNS e \/ou nas Associa\u00e7\u00f5es com protocolo com o MDN (nos casos de Perturba\u00e7\u00f5es p\u00f3s-Stress Traum\u00e1tico (PPST), Ex.\u00bas, Modelo\u00a01 e 2.<\/b><\/p>\n<p>O requerimento pode ser entregue na respectiva unidade da For\u00e7a Armada respectiva (Marinha, Ex\u00e9rcito ou For\u00e7a A\u00e9rea).<\/p>\n<p>&nbsp;<\/p>\n<\/div><\/div><div id=\"faq-811\" class=\"arconix-faq-wrap\"><div id=\"faq-ARedeNacionaldeApoioddireitoaapoiojurdicogratuito\" class=\"arconix-faq-title faq-closed\">A Rede Nacional de Apoio d\u00e1 direito a apoio jur\u00eddico gratuito?<\/div><div class=\"arconix-faq-content faq-closed\"><p>N\u00e3o. O apoio jur\u00eddico\u00a0 da APOIAR n\u00e3o faz parte do protocolo da Rede Nacional de Apoio.<\/p>\n<p>&nbsp;<\/p>\n<\/div><\/div>\n<\/div>\n<\/div><\/div><\/div><\/div><\/div>","protected":false},"excerpt":{"rendered":"<p>Tenho Stress de Guerra. Como posso ser ajudado? Se acha que tem stress de guerra a primeira coisa que deve fazer \u00e9 contactar o seu m\u00e9dico de fam\u00edlia. Ser\u00e1 o m\u00e9dico que o acompanha que ir\u00e1 ouvir a suas queixas e encaminh\u00e1-lo para o apoio necess\u00e1rio. Esse encaminhamento \u00e9 feito atrav\u00e9s de um documento chamado <a class=\"read-more\" href=\"https:\/\/apoiar-stressdeguerra.com\/pt\/faq\/rede-nacional-apoio-da-direito-apoio-juridico-gratuito\/\">Leia mais<\/a><\/p>\n","protected":false},"author":1,"featured_media":0,"parent":0,"menu_order":0,"comment_status":"closed","ping_status":"closed","template":"","meta":{"_uf_show_specific_survey":0,"_uf_disable_surveys":false,"footnotes":""},"class_list":["post-821","page","type-page","status-publish","hentry"],"yoast_head":"<!-- This site is optimized with the Yoast SEO plugin v26.8 - https:\/\/yoast.com\/product\/yoast-seo-wordpress\/ -->\n<title>Perguntas mais frequentes - APOIAR<\/title>\n<meta name=\"description\" content=\"Encontre respostas claras e actualizadas \u00e0s d\u00favidas mais comuns sobre apoio a ex-combatentes, stress p\u00f3s-traum\u00e1tico e os servi\u00e7os da APOIAR.\" \/>\n<meta name=\"robots\" content=\"index, follow, max-snippet:-1, max-image-preview:large, max-video-preview:-1\" \/>\n<link rel=\"canonical\" href=\"https:\/\/apoiar-stressdeguerra.com\/pt\/faq\/\" \/>\n<meta property=\"og:locale\" content=\"pt_PT\" \/>\n<meta property=\"og:type\" content=\"article\" \/>\n<meta property=\"og:title\" content=\"Perguntas mais frequentes - APOIAR\" \/>\n<meta property=\"og:description\" content=\"Encontre respostas claras e actualizadas \u00e0s d\u00favidas mais comuns sobre apoio a ex-combatentes, stress p\u00f3s-traum\u00e1tico e os servi\u00e7os da APOIAR.\" \/>\n<meta property=\"og:url\" content=\"https:\/\/apoiar-stressdeguerra.com\/pt\/faq\/\" \/>\n<meta property=\"og:site_name\" content=\"APOIAR\" \/>\n<meta property=\"article:publisher\" content=\"https:\/\/www.facebook.com\/stressdeguerraapoiar\/\" \/>\n<meta property=\"article:modified_time\" content=\"2025-08-05T09:19:33+00:00\" \/>\n<meta property=\"og:image\" content=\"https:\/\/apoiar-stressdeguerra.com\/pt\/wp-content\/uploads\/2025\/08\/FAQ.png\" \/>\n\t<meta property=\"og:image:width\" content=\"1536\" \/>\n\t<meta property=\"og:image:height\" content=\"480\" \/>\n\t<meta property=\"og:image:type\" content=\"image\/png\" \/>\n<meta name=\"twitter:card\" content=\"summary_large_image\" \/>\n<meta name=\"twitter:site\" content=\"@aapoiar\" \/>\n<meta name=\"twitter:label1\" content=\"Tempo estimado de leitura\" \/>\n\t<meta name=\"twitter:data1\" content=\"5 minutos\" \/>\n<script type=\"application\/ld+json\" class=\"yoast-schema-graph\">{\"@context\":\"https:\/\/schema.org\",\"@graph\":[{\"@type\":\"WebPage\",\"@id\":\"https:\/\/apoiar-stressdeguerra.com\/pt\/faq\/\",\"url\":\"https:\/\/apoiar-stressdeguerra.com\/pt\/faq\/\",\"name\":\"Perguntas mais frequentes - APOIAR\",\"isPartOf\":{\"@id\":\"https:\/\/apoiar-stressdeguerra.com\/pt\/#website\"},\"primaryImageOfPage\":{\"@id\":\"https:\/\/apoiar-stressdeguerra.com\/pt\/faq\/#primaryimage\"},\"image\":{\"@id\":\"https:\/\/apoiar-stressdeguerra.com\/pt\/faq\/#primaryimage\"},\"thumbnailUrl\":\"https:\/\/apoiar-stressdeguerra.com\/pt\/wp-content\/uploads\/2025\/08\/FAQ-1024x320.png\",\"datePublished\":\"2017-08-02T09:52:42+00:00\",\"dateModified\":\"2025-08-05T09:19:33+00:00\",\"description\":\"Encontre respostas claras e actualizadas \u00e0s d\u00favidas mais comuns sobre apoio a ex-combatentes, stress p\u00f3s-traum\u00e1tico e os servi\u00e7os da APOIAR.\",\"breadcrumb\":{\"@id\":\"https:\/\/apoiar-stressdeguerra.com\/pt\/faq\/#breadcrumb\"},\"inLanguage\":\"pt-PT\",\"potentialAction\":[{\"@type\":\"ReadAction\",\"target\":[\"https:\/\/apoiar-stressdeguerra.com\/pt\/faq\/\"]}]},{\"@type\":\"ImageObject\",\"inLanguage\":\"pt-PT\",\"@id\":\"https:\/\/apoiar-stressdeguerra.com\/pt\/faq\/#primaryimage\",\"url\":\"https:\/\/apoiar-stressdeguerra.com\/pt\/wp-content\/uploads\/2025\/08\/FAQ.png\",\"contentUrl\":\"https:\/\/apoiar-stressdeguerra.com\/pt\/wp-content\/uploads\/2025\/08\/FAQ.png\",\"width\":1536,\"height\":480,\"caption\":\"Encontre respostas claras e actualizadas \u00e0s d\u00favidas mais comuns sobre apoio a ex-combatentes, stress p\u00f3s-traum\u00e1tico e os servi\u00e7os da APOIAR. Consulte a nossa sec\u00e7\u00e3o de Perguntas Frequentes.\"},{\"@type\":\"BreadcrumbList\",\"@id\":\"https:\/\/apoiar-stressdeguerra.com\/pt\/faq\/#breadcrumb\",\"itemListElement\":[{\"@type\":\"ListItem\",\"position\":1,\"name\":\"In\u00edcio\",\"item\":\"https:\/\/apoiar-stressdeguerra.com\/pt\/\"},{\"@type\":\"ListItem\",\"position\":2,\"name\":\"Perguntas mais frequentes\"}]},{\"@type\":\"WebSite\",\"@id\":\"https:\/\/apoiar-stressdeguerra.com\/pt\/#website\",\"url\":\"https:\/\/apoiar-stressdeguerra.com\/pt\/\",\"name\":\"APOIAR\",\"description\":\"Associa\u00e7\u00e3o de Apoio aos Ex-combatentes V\u00edtimas do Stress de Guerra.\",\"publisher\":{\"@id\":\"https:\/\/apoiar-stressdeguerra.com\/pt\/#organization\"},\"potentialAction\":[{\"@type\":\"SearchAction\",\"target\":{\"@type\":\"EntryPoint\",\"urlTemplate\":\"https:\/\/apoiar-stressdeguerra.com\/pt\/?s={search_term_string}\"},\"query-input\":{\"@type\":\"PropertyValueSpecification\",\"valueRequired\":true,\"valueName\":\"search_term_string\"}}],\"inLanguage\":\"pt-PT\"},{\"@type\":\"Organization\",\"@id\":\"https:\/\/apoiar-stressdeguerra.com\/pt\/#organization\",\"name\":\"APOIAR\",\"url\":\"https:\/\/apoiar-stressdeguerra.com\/pt\/\",\"logo\":{\"@type\":\"ImageObject\",\"inLanguage\":\"pt-PT\",\"@id\":\"https:\/\/apoiar-stressdeguerra.com\/pt\/#\/schema\/logo\/image\/\",\"url\":\"https:\/\/apoiar-stressdeguerra.com\/pt\/wp-content\/uploads\/2017\/03\/LOGO_tb_transparente.gif\",\"contentUrl\":\"https:\/\/apoiar-stressdeguerra.com\/pt\/wp-content\/uploads\/2017\/03\/LOGO_tb_transparente.gif\",\"width\":153,\"height\":59,\"caption\":\"APOIAR\"},\"image\":{\"@id\":\"https:\/\/apoiar-stressdeguerra.com\/pt\/#\/schema\/logo\/image\/\"},\"sameAs\":[\"https:\/\/www.facebook.com\/stressdeguerraapoiar\/\",\"https:\/\/x.com\/aapoiar\"]}]}<\/script>\n<!-- \/ Yoast SEO plugin. -->","yoast_head_json":{"title":"Perguntas mais frequentes - APOIAR","description":"Encontre respostas claras e actualizadas \u00e0s d\u00favidas mais comuns sobre apoio a ex-combatentes, stress p\u00f3s-traum\u00e1tico e os servi\u00e7os da APOIAR.","robots":{"index":"index","follow":"follow","max-snippet":"max-snippet:-1","max-image-preview":"max-image-preview:large","max-video-preview":"max-video-preview:-1"},"canonical":"https:\/\/apoiar-stressdeguerra.com\/pt\/faq\/","og_locale":"pt_PT","og_type":"article","og_title":"Perguntas mais frequentes - APOIAR","og_description":"Encontre respostas claras e actualizadas \u00e0s d\u00favidas mais comuns sobre apoio a ex-combatentes, stress p\u00f3s-traum\u00e1tico e os servi\u00e7os da APOIAR.","og_url":"https:\/\/apoiar-stressdeguerra.com\/pt\/faq\/","og_site_name":"APOIAR","article_publisher":"https:\/\/www.facebook.com\/stressdeguerraapoiar\/","article_modified_time":"2025-08-05T09:19:33+00:00","og_image":[{"width":1536,"height":480,"url":"https:\/\/apoiar-stressdeguerra.com\/pt\/wp-content\/uploads\/2025\/08\/FAQ.png","type":"image\/png"}],"twitter_card":"summary_large_image","twitter_site":"@aapoiar","twitter_misc":{"Tempo estimado de leitura":"5 minutos"},"schema":{"@context":"https:\/\/schema.org","@graph":[{"@type":"WebPage","@id":"https:\/\/apoiar-stressdeguerra.com\/pt\/faq\/","url":"https:\/\/apoiar-stressdeguerra.com\/pt\/faq\/","name":"Perguntas mais frequentes - APOIAR","isPartOf":{"@id":"https:\/\/apoiar-stressdeguerra.com\/pt\/#website"},"primaryImageOfPage":{"@id":"https:\/\/apoiar-stressdeguerra.com\/pt\/faq\/#primaryimage"},"image":{"@id":"https:\/\/apoiar-stressdeguerra.com\/pt\/faq\/#primaryimage"},"thumbnailUrl":"https:\/\/apoiar-stressdeguerra.com\/pt\/wp-content\/uploads\/2025\/08\/FAQ-1024x320.png","datePublished":"2017-08-02T09:52:42+00:00","dateModified":"2025-08-05T09:19:33+00:00","description":"Encontre respostas claras e actualizadas \u00e0s d\u00favidas mais comuns sobre apoio a ex-combatentes, stress p\u00f3s-traum\u00e1tico e os servi\u00e7os da APOIAR.","breadcrumb":{"@id":"https:\/\/apoiar-stressdeguerra.com\/pt\/faq\/#breadcrumb"},"inLanguage":"pt-PT","potentialAction":[{"@type":"ReadAction","target":["https:\/\/apoiar-stressdeguerra.com\/pt\/faq\/"]}]},{"@type":"ImageObject","inLanguage":"pt-PT","@id":"https:\/\/apoiar-stressdeguerra.com\/pt\/faq\/#primaryimage","url":"https:\/\/apoiar-stressdeguerra.com\/pt\/wp-content\/uploads\/2025\/08\/FAQ.png","contentUrl":"https:\/\/apoiar-stressdeguerra.com\/pt\/wp-content\/uploads\/2025\/08\/FAQ.png","width":1536,"height":480,"caption":"Encontre respostas claras e actualizadas \u00e0s d\u00favidas mais comuns sobre apoio a ex-combatentes, stress p\u00f3s-traum\u00e1tico e os servi\u00e7os da APOIAR. Consulte a nossa sec\u00e7\u00e3o de Perguntas Frequentes."},{"@type":"BreadcrumbList","@id":"https:\/\/apoiar-stressdeguerra.com\/pt\/faq\/#breadcrumb","itemListElement":[{"@type":"ListItem","position":1,"name":"In\u00edcio","item":"https:\/\/apoiar-stressdeguerra.com\/pt\/"},{"@type":"ListItem","position":2,"name":"Perguntas mais frequentes"}]},{"@type":"WebSite","@id":"https:\/\/apoiar-stressdeguerra.com\/pt\/#website","url":"https:\/\/apoiar-stressdeguerra.com\/pt\/","name":"APOIAR","description":"Associa\u00e7\u00e3o de Apoio aos Ex-combatentes V\u00edtimas do Stress de Guerra.","publisher":{"@id":"https:\/\/apoiar-stressdeguerra.com\/pt\/#organization"},"potentialAction":[{"@type":"SearchAction","target":{"@type":"EntryPoint","urlTemplate":"https:\/\/apoiar-stressdeguerra.com\/pt\/?s={search_term_string}"},"query-input":{"@type":"PropertyValueSpecification","valueRequired":true,"valueName":"search_term_string"}}],"inLanguage":"pt-PT"},{"@type":"Organization","@id":"https:\/\/apoiar-stressdeguerra.com\/pt\/#organization","name":"APOIAR","url":"https:\/\/apoiar-stressdeguerra.com\/pt\/","logo":{"@type":"ImageObject","inLanguage":"pt-PT","@id":"https:\/\/apoiar-stressdeguerra.com\/pt\/#\/schema\/logo\/image\/","url":"https:\/\/apoiar-stressdeguerra.com\/pt\/wp-content\/uploads\/2017\/03\/LOGO_tb_transparente.gif","contentUrl":"https:\/\/apoiar-stressdeguerra.com\/pt\/wp-content\/uploads\/2017\/03\/LOGO_tb_transparente.gif","width":153,"height":59,"caption":"APOIAR"},"image":{"@id":"https:\/\/apoiar-stressdeguerra.com\/pt\/#\/schema\/logo\/image\/"},"sameAs":["https:\/\/www.facebook.com\/stressdeguerraapoiar\/","https:\/\/x.com\/aapoiar"]}]}},"_links":{"self":[{"href":"https:\/\/apoiar-stressdeguerra.com\/pt\/wp-json\/wp\/v2\/pages\/821","targetHints":{"allow":["GET"]}}],"collection":[{"href":"https:\/\/apoiar-stressdeguerra.com\/pt\/wp-json\/wp\/v2\/pages"}],"about":[{"href":"https:\/\/apoiar-stressdeguerra.com\/pt\/wp-json\/wp\/v2\/types\/page"}],"author":[{"embeddable":true,"href":"https:\/\/apoiar-stressdeguerra.com\/pt\/wp-json\/wp\/v2\/users\/1"}],"replies":[{"embeddable":true,"href":"https:\/\/apoiar-stressdeguerra.com\/pt\/wp-json\/wp\/v2\/comments?post=821"}],"version-history":[{"count":3,"href":"https:\/\/apoiar-stressdeguerra.com\/pt\/wp-json\/wp\/v2\/pages\/821\/revisions"}],"predecessor-version":[{"id":2494,"href":"https:\/\/apoiar-stressdeguerra.com\/pt\/wp-json\/wp\/v2\/pages\/821\/revisions\/2494"}],"wp:attachment":[{"href":"https:\/\/apoiar-stressdeguerra.com\/pt\/wp-json\/wp\/v2\/media?parent=821"}],"curies":[{"name":"wp","href":"https:\/\/api.w.org\/{rel}","templated":true}]}}