{"id":94,"date":"2017-02-23T10:48:38","date_gmt":"2017-02-23T10:48:38","guid":{"rendered":"http:\/\/apoiar-stressdeguerra.com\/pt\/?page_id=94"},"modified":"2023-04-18T08:21:05","modified_gmt":"2023-04-18T08:21:05","slug":"orgaos-sociais","status":"publish","type":"page","link":"https:\/\/apoiar-stressdeguerra.com\/pt\/a-apoiar\/orgaos-sociais\/","title":{"rendered":"\u00d3rg\u00e3os Sociais"},"content":{"rendered":"<div id=\"pl-94\"  class=\"panel-layout\" ><div id=\"pg-94-0\"  class=\"panel-grid panel-no-style\" ><div id=\"pgc-94-0-0\"  class=\"panel-grid-cell\" ><div id=\"panel-94-0-0-0\" class=\"so-panel widget widget_sow-editor panel-first-child panel-last-child\" data-index=\"0\" ><div\n\t\t\t\n\t\t\tclass=\"so-widget-sow-editor so-widget-sow-editor-base\"\n\t\t\t\n\t\t><h3 class=\"widget-title\">\u00d3rg\u00e3os Sociais Eleitos para o quadri\u00e9nio de 2021\/2024<\/h3>\n<div class=\"siteorigin-widget-tinymce textwidget\">\n\t<h3 style=\"text-align: center;\">\u00a0<\/h3>\n<h3 style=\"text-align: center;\"><strong>MESA DA ASSEMBLEIA GERAL<br \/><\/strong><\/h3>\n<p style=\"text-align: center;\">Presidente: <strong>Jo\u00e3o da Concei\u00e7\u00e3o Ant\u00f3nio<\/strong> (Associado n\u00ba 2590)<\/p>\n<p style=\"text-align: center;\">Secret\u00e1rio: <strong>Vasco Martins Bastos<\/strong> (Associado n\u00ba 3859)<\/p>\n<p style=\"text-align: center;\">Secret\u00e1rio: <strong>Manuel da Silva Azevedo<\/strong> (Associado n\u00ba 3542)<\/p>\n<h3 style=\"text-align: center;\">\u00a0<\/h3>\n<h3 style=\"text-align: center;\"><strong>DIREC\u00c7\u00c3O<\/strong><\/h3>\n<p style=\"text-align: center;\">Presidente: <strong>Jorge Manuel de Lemos Gouveia<\/strong> (Associado n\u00ba 323)<\/p>\n<p style=\"text-align: center;\">Vice-Presidente: <strong>Jos\u00e9 Amadeu Pereira Pequeno<\/strong> (Associado n\u00ba 1280)<\/p>\n<p style=\"text-align: center;\">Tesoureiro: <strong>Carlos de Sousa Amaro<\/strong> (Associada n\u00ba 3739)<\/p>\n<p style=\"text-align: center;\">Secret\u00e1ria: <strong>Maria Am\u00e9lia Cravo Pedro Machado<\/strong> (Associada n\u00ba 4224)<\/p>\n<p style=\"text-align: center;\">Vogal: <strong>Anabela Horta de Sousa Sim\u00f5es Oliveir<\/strong>a (Associada n\u00ba 3650)<\/p>\n<h3 style=\"text-align: center;\">\u00a0<\/h3>\n<h3 style=\"text-align: center;\"><strong>CONSELHO FISCAL<\/strong><\/h3>\n<p style=\"text-align: center;\">Presidente: <strong>Manuel Fernandes Aldeias<\/strong> (Associado n\u00ba 3724)<\/p>\n<p style=\"text-align: center;\">Vogal: <strong>H\u00e9lder de Sousa Ubaldo<\/strong> (Associado n\u00ba 3550)<\/p>\n<p style=\"text-align: center;\">Vogal: <strong>Jos\u00e9 S\u00e9rgio Santinho Pereira<\/strong> (Associado n\u00ba 2617)<\/p>\n<h3>\u00a0<\/h3>\n<\/div>\n<\/div><\/div><\/div><div id=\"pgc-94-0-1\"  class=\"panel-grid-cell\" ><div id=\"panel-94-0-1-0\" class=\"so-panel widget widget_sow-icon panel-first-child panel-last-child\" data-index=\"1\" ><div\n\t\t\t\n\t\t\tclass=\"so-widget-sow-icon so-widget-sow-icon-default-cb2de8c9928a-94\"\n\t\t\t\n\t\t>\n<div class=\"sow-icon-container sow-icon\">\n\t\t\t<span class=\"sow-icon-typicons\" data-sow-icon=\"&#xe083;\"\n\t\t \n\t\taria-hidden=\"true\"><\/span>\t<\/div>\n<\/div><\/div><\/div><\/div><\/div>","protected":false},"excerpt":{"rendered":"<p>\u00a0MESA DA ASSEMBLEIA GERALPresidente: Jo\u00e3o da Concei\u00e7\u00e3o Ant\u00f3nio (Associado n\u00ba 2590)Secret\u00e1rio: Vasco Martins Bastos (Associado n\u00ba 3859)Secret\u00e1rio: Manuel da Silva Azevedo (Associado n\u00ba 3542)\u00a0DIREC\u00c7\u00c3OPresidente: Jorge Manuel de Lemos Gouveia (Associado n\u00ba 323)Vice-Presidente: Jos\u00e9 Amadeu Pereira Pequeno (Associado n\u00ba 1280)Tesoureiro: Carlos de Sousa Amaro (Associada n\u00ba 3739)Secret\u00e1ria: Maria Am\u00e9lia Cravo Pedro Machado (Associada n\u00ba 4224)Vogal: Anabela <a class=\"read-more\" href=\"https:\/\/apoiar-stressdeguerra.com\/pt\/a-apoiar\/orgaos-sociais\/\">Leia mais<\/a><\/p>\n","protected":false},"author":1,"featured_media":0,"parent":9,"menu_order":0,"comment_status":"closed","ping_status":"closed","template":"","meta":{"_uf_show_specific_survey":0,"_uf_disable_surveys":false,"footnotes":""},"class_list":["post-94","page","type-page","status-publish","hentry"],"yoast_head":"<!-- This site is optimized with the Yoast SEO plugin v26.8 - https:\/\/yoast.com\/product\/yoast-seo-wordpress\/ -->\n<title>\u00d3rg\u00e3os Sociais - APOIAR<\/title>\n<meta name=\"robots\" content=\"index, follow, max-snippet:-1, max-image-preview:large, max-video-preview:-1\" \/>\n<link rel=\"canonical\" href=\"https:\/\/apoiar-stressdeguerra.com\/pt\/a-apoiar\/orgaos-sociais\/\" \/>\n<meta property=\"og:locale\" content=\"pt_PT\" \/>\n<meta property=\"og:type\" content=\"article\" \/>\n<meta property=\"og:title\" content=\"\u00d3rg\u00e3os Sociais - APOIAR\" \/>\n<meta property=\"og:description\" content=\"\u00a0MESA DA ASSEMBLEIA GERALPresidente: Jo\u00e3o da Concei\u00e7\u00e3o Ant\u00f3nio (Associado n\u00ba 2590)Secret\u00e1rio: Vasco Martins Bastos (Associado n\u00ba 3859)Secret\u00e1rio: Manuel da Silva Azevedo (Associado n\u00ba 3542)\u00a0DIREC\u00c7\u00c3OPresidente: Jorge Manuel de Lemos Gouveia (Associado n\u00ba 323)Vice-Presidente: Jos\u00e9 Amadeu Pereira Pequeno (Associado n\u00ba 1280)Tesoureiro: Carlos de Sousa Amaro (Associada n\u00ba 3739)Secret\u00e1ria: Maria Am\u00e9lia Cravo Pedro Machado (Associada n\u00ba 4224)Vogal: Anabela Leia mais\" \/>\n<meta property=\"og:url\" content=\"https:\/\/apoiar-stressdeguerra.com\/pt\/a-apoiar\/orgaos-sociais\/\" \/>\n<meta property=\"og:site_name\" content=\"APOIAR\" \/>\n<meta property=\"article:publisher\" content=\"https:\/\/www.facebook.com\/stressdeguerraapoiar\/\" \/>\n<meta property=\"article:modified_time\" content=\"2023-04-18T08:21:05+00:00\" \/>\n<meta name=\"twitter:card\" content=\"summary_large_image\" \/>\n<meta name=\"twitter:site\" content=\"@aapoiar\" \/>\n<meta name=\"twitter:label1\" content=\"Tempo estimado de leitura\" \/>\n\t<meta name=\"twitter:data1\" content=\"1 minuto\" \/>\n<script type=\"application\/ld+json\" class=\"yoast-schema-graph\">{\"@context\":\"https:\/\/schema.org\",\"@graph\":[{\"@type\":\"WebPage\",\"@id\":\"https:\/\/apoiar-stressdeguerra.com\/pt\/a-apoiar\/orgaos-sociais\/\",\"url\":\"https:\/\/apoiar-stressdeguerra.com\/pt\/a-apoiar\/orgaos-sociais\/\",\"name\":\"\u00d3rg\u00e3os Sociais - APOIAR\",\"isPartOf\":{\"@id\":\"https:\/\/apoiar-stressdeguerra.com\/pt\/#website\"},\"datePublished\":\"2017-02-23T10:48:38+00:00\",\"dateModified\":\"2023-04-18T08:21:05+00:00\",\"breadcrumb\":{\"@id\":\"https:\/\/apoiar-stressdeguerra.com\/pt\/a-apoiar\/orgaos-sociais\/#breadcrumb\"},\"inLanguage\":\"pt-PT\",\"potentialAction\":[{\"@type\":\"ReadAction\",\"target\":[\"https:\/\/apoiar-stressdeguerra.com\/pt\/a-apoiar\/orgaos-sociais\/\"]}]},{\"@type\":\"BreadcrumbList\",\"@id\":\"https:\/\/apoiar-stressdeguerra.com\/pt\/a-apoiar\/orgaos-sociais\/#breadcrumb\",\"itemListElement\":[{\"@type\":\"ListItem\",\"position\":1,\"name\":\"In\u00edcio\",\"item\":\"https:\/\/apoiar-stressdeguerra.com\/pt\/\"},{\"@type\":\"ListItem\",\"position\":2,\"name\":\"A APOIAR\",\"item\":\"https:\/\/apoiar-stressdeguerra.com\/pt\/a-apoiar\/\"},{\"@type\":\"ListItem\",\"position\":3,\"name\":\"\u00d3rg\u00e3os Sociais\"}]},{\"@type\":\"WebSite\",\"@id\":\"https:\/\/apoiar-stressdeguerra.com\/pt\/#website\",\"url\":\"https:\/\/apoiar-stressdeguerra.com\/pt\/\",\"name\":\"APOIAR\",\"description\":\"Associa\u00e7\u00e3o de Apoio aos Ex-combatentes V\u00edtimas do Stress de Guerra.\",\"publisher\":{\"@id\":\"https:\/\/apoiar-stressdeguerra.com\/pt\/#organization\"},\"potentialAction\":[{\"@type\":\"SearchAction\",\"target\":{\"@type\":\"EntryPoint\",\"urlTemplate\":\"https:\/\/apoiar-stressdeguerra.com\/pt\/?s={search_term_string}\"},\"query-input\":{\"@type\":\"PropertyValueSpecification\",\"valueRequired\":true,\"valueName\":\"search_term_string\"}}],\"inLanguage\":\"pt-PT\"},{\"@type\":\"Organization\",\"@id\":\"https:\/\/apoiar-stressdeguerra.com\/pt\/#organization\",\"name\":\"APOIAR\",\"url\":\"https:\/\/apoiar-stressdeguerra.com\/pt\/\",\"logo\":{\"@type\":\"ImageObject\",\"inLanguage\":\"pt-PT\",\"@id\":\"https:\/\/apoiar-stressdeguerra.com\/pt\/#\/schema\/logo\/image\/\",\"url\":\"https:\/\/apoiar-stressdeguerra.com\/pt\/wp-content\/uploads\/2017\/03\/LOGO_tb_transparente.gif\",\"contentUrl\":\"https:\/\/apoiar-stressdeguerra.com\/pt\/wp-content\/uploads\/2017\/03\/LOGO_tb_transparente.gif\",\"width\":153,\"height\":59,\"caption\":\"APOIAR\"},\"image\":{\"@id\":\"https:\/\/apoiar-stressdeguerra.com\/pt\/#\/schema\/logo\/image\/\"},\"sameAs\":[\"https:\/\/www.facebook.com\/stressdeguerraapoiar\/\",\"https:\/\/x.com\/aapoiar\"]}]}<\/script>\n<!-- \/ Yoast SEO plugin. -->","yoast_head_json":{"title":"\u00d3rg\u00e3os Sociais - APOIAR","robots":{"index":"index","follow":"follow","max-snippet":"max-snippet:-1","max-image-preview":"max-image-preview:large","max-video-preview":"max-video-preview:-1"},"canonical":"https:\/\/apoiar-stressdeguerra.com\/pt\/a-apoiar\/orgaos-sociais\/","og_locale":"pt_PT","og_type":"article","og_title":"\u00d3rg\u00e3os Sociais - APOIAR","og_description":"\u00a0MESA DA ASSEMBLEIA GERALPresidente: Jo\u00e3o da Concei\u00e7\u00e3o Ant\u00f3nio (Associado n\u00ba 2590)Secret\u00e1rio: Vasco Martins Bastos (Associado n\u00ba 3859)Secret\u00e1rio: Manuel da Silva Azevedo (Associado n\u00ba 3542)\u00a0DIREC\u00c7\u00c3OPresidente: Jorge Manuel de Lemos Gouveia (Associado n\u00ba 323)Vice-Presidente: Jos\u00e9 Amadeu Pereira Pequeno (Associado n\u00ba 1280)Tesoureiro: Carlos de Sousa Amaro (Associada n\u00ba 3739)Secret\u00e1ria: Maria Am\u00e9lia Cravo Pedro Machado (Associada n\u00ba 4224)Vogal: Anabela Leia mais","og_url":"https:\/\/apoiar-stressdeguerra.com\/pt\/a-apoiar\/orgaos-sociais\/","og_site_name":"APOIAR","article_publisher":"https:\/\/www.facebook.com\/stressdeguerraapoiar\/","article_modified_time":"2023-04-18T08:21:05+00:00","twitter_card":"summary_large_image","twitter_site":"@aapoiar","twitter_misc":{"Tempo estimado de leitura":"1 minuto"},"schema":{"@context":"https:\/\/schema.org","@graph":[{"@type":"WebPage","@id":"https:\/\/apoiar-stressdeguerra.com\/pt\/a-apoiar\/orgaos-sociais\/","url":"https:\/\/apoiar-stressdeguerra.com\/pt\/a-apoiar\/orgaos-sociais\/","name":"\u00d3rg\u00e3os Sociais - APOIAR","isPartOf":{"@id":"https:\/\/apoiar-stressdeguerra.com\/pt\/#website"},"datePublished":"2017-02-23T10:48:38+00:00","dateModified":"2023-04-18T08:21:05+00:00","breadcrumb":{"@id":"https:\/\/apoiar-stressdeguerra.com\/pt\/a-apoiar\/orgaos-sociais\/#breadcrumb"},"inLanguage":"pt-PT","potentialAction":[{"@type":"ReadAction","target":["https:\/\/apoiar-stressdeguerra.com\/pt\/a-apoiar\/orgaos-sociais\/"]}]},{"@type":"BreadcrumbList","@id":"https:\/\/apoiar-stressdeguerra.com\/pt\/a-apoiar\/orgaos-sociais\/#breadcrumb","itemListElement":[{"@type":"ListItem","position":1,"name":"In\u00edcio","item":"https:\/\/apoiar-stressdeguerra.com\/pt\/"},{"@type":"ListItem","position":2,"name":"A APOIAR","item":"https:\/\/apoiar-stressdeguerra.com\/pt\/a-apoiar\/"},{"@type":"ListItem","position":3,"name":"\u00d3rg\u00e3os Sociais"}]},{"@type":"WebSite","@id":"https:\/\/apoiar-stressdeguerra.com\/pt\/#website","url":"https:\/\/apoiar-stressdeguerra.com\/pt\/","name":"APOIAR","description":"Associa\u00e7\u00e3o de Apoio aos Ex-combatentes V\u00edtimas do Stress de Guerra.","publisher":{"@id":"https:\/\/apoiar-stressdeguerra.com\/pt\/#organization"},"potentialAction":[{"@type":"SearchAction","target":{"@type":"EntryPoint","urlTemplate":"https:\/\/apoiar-stressdeguerra.com\/pt\/?s={search_term_string}"},"query-input":{"@type":"PropertyValueSpecification","valueRequired":true,"valueName":"search_term_string"}}],"inLanguage":"pt-PT"},{"@type":"Organization","@id":"https:\/\/apoiar-stressdeguerra.com\/pt\/#organization","name":"APOIAR","url":"https:\/\/apoiar-stressdeguerra.com\/pt\/","logo":{"@type":"ImageObject","inLanguage":"pt-PT","@id":"https:\/\/apoiar-stressdeguerra.com\/pt\/#\/schema\/logo\/image\/","url":"https:\/\/apoiar-stressdeguerra.com\/pt\/wp-content\/uploads\/2017\/03\/LOGO_tb_transparente.gif","contentUrl":"https:\/\/apoiar-stressdeguerra.com\/pt\/wp-content\/uploads\/2017\/03\/LOGO_tb_transparente.gif","width":153,"height":59,"caption":"APOIAR"},"image":{"@id":"https:\/\/apoiar-stressdeguerra.com\/pt\/#\/schema\/logo\/image\/"},"sameAs":["https:\/\/www.facebook.com\/stressdeguerraapoiar\/","https:\/\/x.com\/aapoiar"]}]}},"_links":{"self":[{"href":"https:\/\/apoiar-stressdeguerra.com\/pt\/wp-json\/wp\/v2\/pages\/94","targetHints":{"allow":["GET"]}}],"collection":[{"href":"https:\/\/apoiar-stressdeguerra.com\/pt\/wp-json\/wp\/v2\/pages"}],"about":[{"href":"https:\/\/apoiar-stressdeguerra.com\/pt\/wp-json\/wp\/v2\/types\/page"}],"author":[{"embeddable":true,"href":"https:\/\/apoiar-stressdeguerra.com\/pt\/wp-json\/wp\/v2\/users\/1"}],"replies":[{"embeddable":true,"href":"https:\/\/apoiar-stressdeguerra.com\/pt\/wp-json\/wp\/v2\/comments?post=94"}],"version-history":[{"count":7,"href":"https:\/\/apoiar-stressdeguerra.com\/pt\/wp-json\/wp\/v2\/pages\/94\/revisions"}],"predecessor-version":[{"id":1236,"href":"https:\/\/apoiar-stressdeguerra.com\/pt\/wp-json\/wp\/v2\/pages\/94\/revisions\/1236"}],"up":[{"embeddable":true,"href":"https:\/\/apoiar-stressdeguerra.com\/pt\/wp-json\/wp\/v2\/pages\/9"}],"wp:attachment":[{"href":"https:\/\/apoiar-stressdeguerra.com\/pt\/wp-json\/wp\/v2\/media?parent=94"}],"curies":[{"name":"wp","href":"https:\/\/api.w.org\/{rel}","templated":true}]}}