{"id":960,"date":"2018-03-07T09:38:13","date_gmt":"2018-03-07T09:38:13","guid":{"rendered":"http:\/\/apoiar-stressdeguerra.com\/pt\/?page_id=960"},"modified":"2025-09-24T14:54:22","modified_gmt":"2025-09-24T14:54:22","slug":"declaracao-recolha-dados-pessoais","status":"publish","type":"page","link":"https:\/\/apoiar-stressdeguerra.com\/pt\/cookie-policy\/declaracao-recolha-dados-pessoais\/","title":{"rendered":"Pol\u00edtica de Privacidade e Declara\u00e7\u00e3o de recolha de dados pessoais"},"content":{"rendered":"<h1 data-start=\"152\" data-end=\"179\">Pol\u00edtica de Privacidade<\/h1>\n<h2 data-start=\"181\" data-end=\"199\">1. Introdu\u00e7\u00e3o<\/h2>\n<p>Declara\u00e7\u00e3o de recolha de Dados Pessoais da entidade APOIAR &#8211; Associa\u00e7\u00e3o de Apoio aos Ex-combatentes, V\u00edtimas de Stress de Guerra, relativos \u00e0 cobran\u00e7a de quotiza\u00e7\u00f5es e aos contactos dos associados ou membros.<\/p>\n<p><b>EM CONFORMIDADE COM\u00a0 A LEGISLA\u00c7\u00c3O EUROPEIA DE PROTEC\u00c7\u00c3O DE DADOS A APOIAR INFORMA OS SEUS ASSOCIADOS E UTENTES DO SEGUINTE:<\/p>\n<p><\/b>A APOIAR &#8211; Associa\u00e7\u00e3o de Apoio aos Ex-combatentes V\u00edtimas do Stress de Guerra, \u00e9 uma pessoa colectiva sem fins lucrativos.<\/p>\n<p>A presente declara\u00e7\u00e3o destina-se ao tratamento de dados pessoais relativamente \u00e0 cobran\u00e7a de quotiza\u00e7\u00f5es e aos contactos dos associados ou membros relativamente \u00e0s suas val\u00eancias e actividades.<\/p>\n<p>A Associa\u00e7\u00e3o APOIAR recolhe os dados dos seus associados e utentes \u00daNICA E EXCLUSIVAMENTE no \u00e2mbito das suas val\u00eancias e actividades, n\u00e3o cedendo esses dados a terceiros ou utilizando-os para outros fins que n\u00e3o aqueles estabelecidos pelos seus estatutos e protocolos.<\/p>\n<p>A presente declara\u00e7\u00e3o define o seguinte:<\/p>\n<hr data-start=\"675\" data-end=\"678\" \/>\n<h2 data-start=\"680\" data-end=\"735\">2. Quem \u00e9 o respons\u00e1vel pelo tratamento dos dados?<\/h2>\n<ul data-start=\"736\" data-end=\"951\">\n<li data-start=\"736\" data-end=\"778\">\n<p data-start=\"738\" data-end=\"778\"><strong data-start=\"738\" data-end=\"751\">Entidade: <\/strong>APOIAR \u2013 Associa\u00e7\u00e3o de Apoio aos Ex-combatentes V\u00edtimas do Stress de Guerra<\/p>\n<\/li>\n<li data-start=\"779\" data-end=\"812\">\n<p data-start=\"781\" data-end=\"812\"><strong data-start=\"781\" data-end=\"789\">NIF:<\/strong> 503 288 004<\/p>\n<\/li>\n<li data-start=\"882\" data-end=\"951\">\n<p data-start=\"884\" data-end=\"951\"><a href=\"https:\/\/apoiar-stressdeguerra.com\/pt\/contactos\/\">Contactos<\/a><\/p>\n<\/li>\n<\/ul>\n<hr data-start=\"953\" data-end=\"956\" \/>\n<h2 data-start=\"958\" data-end=\"996\">3. Que dados pessoais recolhemos?<\/h2>\n<p data-start=\"997\" data-end=\"1072\">Dependendo da intera\u00e7\u00e3o do utilizador com o nosso site, podemos recolher:<\/p>\n<ul data-start=\"1073\" data-end=\"1373\">\n<li data-start=\"1073\" data-end=\"1135\">\n<p data-start=\"1075\" data-end=\"1135\"><strong data-start=\"1075\" data-end=\"1102\">Dados de identifica\u00e7\u00e3o:<\/strong> nome, email, telefone, morada.<\/p>\n<\/li>\n<li data-start=\"1136\" data-end=\"1241\">\n<p data-start=\"1138\" data-end=\"1241\"><strong data-start=\"1138\" data-end=\"1161\">Dados de navega\u00e7\u00e3o:<\/strong> endere\u00e7o IP, localiza\u00e7\u00e3o aproximada, dispositivo, browser, p\u00e1ginas visitadas.<\/p>\n<\/li>\n<li data-start=\"1242\" data-end=\"1373\">\n<p data-start=\"1244\" data-end=\"1373\"><strong data-start=\"1244\" data-end=\"1267\">Dados de intera\u00e7\u00e3o:<\/strong> informa\u00e7\u00f5es fornecidas em formul\u00e1rios (contacto, inscri\u00e7\u00e3o em atividades, donativos, pedidos de apoio).<\/p>\n<\/li>\n<\/ul>\n<hr data-start=\"1375\" data-end=\"1378\" \/>\n<h2 data-start=\"1380\" data-end=\"1428\">4. Finalidades e bases legais do tratamento<\/h2>\n<p data-start=\"1429\" data-end=\"1487\">Recolhemos dados pessoais para as seguintes finalidades:<\/p>\n<ul data-start=\"1488\" data-end=\"1937\">\n<li data-start=\"1488\" data-end=\"1566\">\n<p data-start=\"1490\" data-end=\"1566\">Responder a pedidos de contacto ou informa\u00e7\u00e3o (base legal: consentimento).<\/p>\n<\/li>\n<li data-start=\"1567\" data-end=\"1667\">\n<p data-start=\"1569\" data-end=\"1667\">Inscrever utilizadores em eventos, forma\u00e7\u00f5es ou atividades (consentimento\/execu\u00e7\u00e3o de contrato).<\/p>\n<\/li>\n<li data-start=\"1668\" data-end=\"1734\">\n<p data-start=\"1670\" data-end=\"1734\">Enviar comunica\u00e7\u00f5es informativas ou campanhas (consentimento).<\/p>\n<\/li>\n<li data-start=\"1735\" data-end=\"1829\">\n<p data-start=\"1737\" data-end=\"1829\">Cumprir obriga\u00e7\u00f5es legais e estatut\u00e1rias (base legal: obriga\u00e7\u00e3o legal\/interesse leg\u00edtimo), a saber:<\/p>\n<p>&#8211; A cobran\u00e7a de quotiza\u00e7\u00f5es e contactos com os associados ou membros no \u00e2mbito da actividade prevista nos seus estatutos.<\/p>\n<p>-A utiliza\u00e7\u00e3o das val\u00eancias da associa\u00e7\u00e3o (Consultas; rastreios;\u00a0 Apoios social e jur\u00eddico)<\/p>\n<p>-A realiza\u00e7\u00e3o de actividades, registo e arquivo de actividades. (Assembleias gerais, sess\u00f5es de esclarecimento, actividades l\u00fadicas)<\/li>\n<li data-start=\"1830\" data-end=\"1937\">\n<p data-start=\"1832\" data-end=\"1937\">Melhorar a experi\u00eancia de navega\u00e7\u00e3o no site atrav\u00e9s de cookies e an\u00e1lises estat\u00edsticas (consentimento).<\/p>\n<p><b>A Categorias de titulares dos dados<\/b><\/p>\n<\/li>\n<\/ul>\n<p>&#8211; Os associados ou membros.<\/p>\n<p>&#8211; Os utentes das val\u00eancias<\/p>\n<p>&#8211; Participantes e pessoas envolvidas nas actividades realizadas por esta Entidade (como organizador, co-organizador, colaborador, etc.)<\/p>\n<p><b>Categorias de dados pessoais<\/b><\/p>\n<p>Para a finalidade acima referida, esta\u00a0 entidade pode recolher e tratar os seguintes dados pessoais:<\/p>\n<p>&#8211; Dados de identifica\u00e7\u00e3o: nome, idade ou data de nascimento, naturalidade, sexo, l\u00edngua usada, tipo e n\u00famero de documento de identifica\u00e7\u00e3o, n\u00famero de contribuinte e de associado, morada, n\u00famero de telefone e fax, endere\u00e7o electr\u00f3nico, profiss\u00e3o, habilita\u00e7\u00f5es liter\u00e1rias e fotografia; Caso o titular dos dados seja menor ou interdito, os dados de identifica\u00e7\u00e3o indicados no n\u00famero anterior abrangem o nome das pessoas sobre o qual exercem o poder paternal ou do tutor e as formas de contacto;<\/p>\n<p>&#8211; Situa\u00e7\u00e3o familiar: estado civil, nome do c\u00f4njuge, nome das pessoas a cargo e formas de contacto, nome de menores sobre os quais exerce o poder paternal ou a tutela;<\/p>\n<p>&#8211; Outros dados: valor da quota, informa\u00e7\u00f5es banc\u00e1rias, categoria e cargo exercido do associado ou membro.<\/p>\n<p>A recolha de algumas categorias de dados \u00e9 obrigat\u00f3ria na realiza\u00e7\u00e3o da actividade, outras facultativa na base da decis\u00e3o volunt\u00e1ria do titular de dados. Para mais esclarecimento de d\u00favidas, pode contactar a Associa\u00e7\u00e3o.<\/p>\n<hr data-start=\"1939\" data-end=\"1942\" \/>\n<h2 data-start=\"1944\" data-end=\"1983\">5. Partilha de dados com terceiros<\/h2>\n<p data-start=\"1984\" data-end=\"2030\">Podemos partilhar dados pessoais apenas com:<\/p>\n<ul data-start=\"2031\" data-end=\"2174\">\n<li data-start=\"2031\" data-end=\"2121\">\n<p data-start=\"2033\" data-end=\"2121\"><strong data-start=\"2033\" data-end=\"2060\">Prestadores de servi\u00e7os<\/strong> (ex.: alojamento, email marketing, servi\u00e7os de pagamento).<\/p>\n<\/li>\n<li data-start=\"2122\" data-end=\"2174\">\n<p data-start=\"2124\" data-end=\"2174\"><strong data-start=\"2124\" data-end=\"2148\">Autoridades p\u00fablicas<\/strong> quando exigido por lei.<\/p>\n<\/li>\n<\/ul>\n<p><b style=\"font-family: inherit; font-style: inherit;\">Destinat\u00e1rios dos dados<\/b><\/p>\n<p>S\u00e3o destinat\u00e1rios dos dados:<\/p>\n<p>&#8211; As entidades a quem os dados devam ser comunicados por for\u00e7a de disposi\u00e7\u00e3o legal ou estatut\u00e1ria (Exemplo: Minist\u00e9rio da Defesa, Minist\u00e9rio do Trabalho, Solidariedade e Seguran\u00e7a Social).<\/p>\n<p>&#8211; As institui\u00e7\u00f5es banc\u00e1rias para efeitos de pagamento das respectivas quotas.<\/p>\n<p>&#8211; As companhias de seguros com quem \u00e9 celebrado o contrato de seguro.<\/p>\n<p data-start=\"2176\" data-end=\"2253\">Garantimos que todos os prestadores cumprem as regras de prote\u00e7\u00e3o de dados.<\/p>\n<hr data-start=\"2255\" data-end=\"2258\" \/>\n<h2 data-start=\"2260\" data-end=\"2288\">6. Prazo de conserva\u00e7\u00e3o<\/h2>\n<p data-start=\"2289\" data-end=\"2494\">Os dados pessoais s\u00e3o conservados apenas pelo tempo necess\u00e1rio para cumprir a finalidade para a qual foram recolhidos ou para cumprir obriga\u00e7\u00f5es legais. Ap\u00f3s esse per\u00edodo, s\u00e3o eliminados de forma segura.<\/p>\n<hr data-start=\"2496\" data-end=\"2499\" \/>\n<h2 data-start=\"2501\" data-end=\"2541\">7. Direitos dos titulares dos dados<\/h2>\n<p data-start=\"2542\" data-end=\"2590\">Nos termos da lei, o utilizador tem direito a:<\/p>\n<ul data-start=\"2591\" data-end=\"2909\">\n<li data-start=\"2591\" data-end=\"2626\">\n<p data-start=\"2593\" data-end=\"2626\">Aceder aos seus dados pessoais;<\/p>\n<\/li>\n<li data-start=\"2627\" data-end=\"2676\">\n<p data-start=\"2629\" data-end=\"2676\">Retificar dados incorretos ou desatualizados;<\/p>\n<\/li>\n<li data-start=\"2677\" data-end=\"2742\">\n<p data-start=\"2679\" data-end=\"2742\">Solicitar o apagamento dos dados (\u201cdireito a ser esquecido\u201d);<\/p>\n<\/li>\n<li data-start=\"2743\" data-end=\"2780\">\n<p data-start=\"2745\" data-end=\"2780\">Limitar ou opor-se ao tratamento;<\/p>\n<\/li>\n<li data-start=\"2781\" data-end=\"2821\">\n<p data-start=\"2783\" data-end=\"2821\">Solicitar a portabilidade dos dados;<\/p>\n<\/li>\n<li data-start=\"2822\" data-end=\"2909\">\n<p data-start=\"2824\" data-end=\"2909\">Retirar consentimento em qualquer momento (sem comprometer tratamentos anteriores).<\/p>\n<\/li>\n<\/ul>\n<p>O associado e utente deve conhecer estes seus direitos e deveres ao tornar-se associado e utente da APOIAR, concordando automaticamente com estas condi\u00e7\u00f5es assim que se inscreve como associado ou usufrui das val\u00eancias e actividades desta associa\u00e7\u00e3o.<\/p>\n<p>Os titulares gozem, em conformidade com a lei, dos direitos de acesso e de rectifica\u00e7\u00e3o dos seus dados.<\/p>\n<p>Para o exerc\u00edcio dos direitos, t\u00eam de apresentar, por escrito, o pedido ao respons\u00e1vel desta Entidade, e pagar uma taxa razo\u00e1vel se aplic\u00e1vel.<\/p>\n<p>Estas condi\u00e7\u00f5es est\u00e3o dispon\u00edveis na Associa\u00e7\u00e3o e no sitio da internet da Associa\u00e7\u00e3o.<\/p>\n<p data-start=\"2911\" data-end=\"3000\">Para exercer estes direitos,<a href=\"https:\/\/apoiar-stressdeguerra.com\/pt\/contactos\/\"> deve contactar-nos<\/a><\/p>\n<p data-start=\"3002\" data-end=\"3168\">Se considerar que os seus direitos n\u00e3o est\u00e3o a ser respeitados, pode apresentar reclama\u00e7\u00e3o junto da <strong data-start=\"3102\" data-end=\"3151\">CNPD \u2013 Comiss\u00e3o Nacional de Prote\u00e7\u00e3o de Dados<\/strong> (<a class=\"decorated-link cursor-pointer\" target=\"_new\" rel=\"noopener\" data-start=\"3153\" data-end=\"3164\">www.cnpd.pt<\/a>).<\/p>\n<hr data-start=\"3170\" data-end=\"3173\" \/>\n<h2 data-start=\"3175\" data-end=\"3202\">8. Seguran\u00e7a dos dados<\/h2>\n<p data-start=\"3203\" data-end=\"3416\">Adotamos medidas t\u00e9cnicas e organizativas adequadas para proteger os dados pessoais contra perda, altera\u00e7\u00e3o, acesso n\u00e3o autorizado ou divulga\u00e7\u00e3o. Isto inclui encripta\u00e7\u00e3o, controlos de acesso e backups regulares.<\/p>\n<hr data-start=\"3418\" data-end=\"3421\" \/>\n<h2 data-start=\"3423\" data-end=\"3457\">9. Altera\u00e7\u00f5es a esta Pol\u00edtica<\/h2>\n<p data-start=\"3458\" data-end=\"3662\">Reservamo-nos o direito de atualizar esta Pol\u00edtica de Privacidade sempre que necess\u00e1rio para refletir altera\u00e7\u00f5es legais ou de funcionamento. A vers\u00e3o mais recente estar\u00e1 sempre dispon\u00edvel no nosso site.<\/p>\n<p>&nbsp;<\/p>\n<p>&nbsp;<\/p>\n<p>&nbsp;<\/p>\n<p>&nbsp;<\/p>\n<p>&nbsp;<\/p>\n","protected":false},"excerpt":{"rendered":"<p>Pol\u00edtica de Privacidade 1. Introdu\u00e7\u00e3o Declara\u00e7\u00e3o de recolha de Dados Pessoais da entidade APOIAR &#8211; Associa\u00e7\u00e3o de Apoio aos Ex-combatentes, V\u00edtimas de Stress de Guerra, relativos \u00e0 cobran\u00e7a de quotiza\u00e7\u00f5es e aos contactos dos associados ou membros. EM CONFORMIDADE COM\u00a0 A LEGISLA\u00c7\u00c3O EUROPEIA DE PROTEC\u00c7\u00c3O DE DADOS A APOIAR INFORMA OS SEUS ASSOCIADOS E UTENTES <a class=\"read-more\" href=\"https:\/\/apoiar-stressdeguerra.com\/pt\/cookie-policy\/declaracao-recolha-dados-pessoais\/\">Leia mais<\/a><\/p>\n","protected":false},"author":1,"featured_media":0,"parent":676,"menu_order":0,"comment_status":"closed","ping_status":"closed","template":"","meta":{"_uf_show_specific_survey":0,"_uf_disable_surveys":false,"footnotes":""},"class_list":["post-960","page","type-page","status-publish","hentry"],"yoast_head":"<!-- This site is optimized with the Yoast SEO plugin v26.8 - https:\/\/yoast.com\/product\/yoast-seo-wordpress\/ -->\n<title>Pol\u00edtica de Privacidade e Declara\u00e7\u00e3o de recolha de dados pessoais - APOIAR<\/title>\n<meta name=\"robots\" content=\"index, follow, max-snippet:-1, max-image-preview:large, max-video-preview:-1\" \/>\n<link rel=\"canonical\" href=\"https:\/\/apoiar-stressdeguerra.com\/pt\/cookie-policy\/declaracao-recolha-dados-pessoais\/\" \/>\n<meta property=\"og:locale\" content=\"pt_PT\" \/>\n<meta property=\"og:type\" content=\"article\" \/>\n<meta property=\"og:title\" content=\"Pol\u00edtica de Privacidade e Declara\u00e7\u00e3o de recolha de dados pessoais - APOIAR\" \/>\n<meta property=\"og:description\" content=\"Pol\u00edtica de Privacidade 1. Introdu\u00e7\u00e3o Declara\u00e7\u00e3o de recolha de Dados Pessoais da entidade APOIAR &#8211; Associa\u00e7\u00e3o de Apoio aos Ex-combatentes, V\u00edtimas de Stress de Guerra, relativos \u00e0 cobran\u00e7a de quotiza\u00e7\u00f5es e aos contactos dos associados ou membros. EM CONFORMIDADE COM\u00a0 A LEGISLA\u00c7\u00c3O EUROPEIA DE PROTEC\u00c7\u00c3O DE DADOS A APOIAR INFORMA OS SEUS ASSOCIADOS E UTENTES Leia mais\" \/>\n<meta property=\"og:url\" content=\"https:\/\/apoiar-stressdeguerra.com\/pt\/cookie-policy\/declaracao-recolha-dados-pessoais\/\" \/>\n<meta property=\"og:site_name\" content=\"APOIAR\" \/>\n<meta property=\"article:publisher\" content=\"https:\/\/www.facebook.com\/stressdeguerraapoiar\/\" \/>\n<meta property=\"article:modified_time\" content=\"2025-09-24T14:54:22+00:00\" \/>\n<meta name=\"twitter:card\" content=\"summary_large_image\" \/>\n<meta name=\"twitter:site\" content=\"@aapoiar\" \/>\n<meta name=\"twitter:label1\" content=\"Tempo estimado de leitura\" \/>\n\t<meta name=\"twitter:data1\" content=\"6 minutos\" \/>\n<script type=\"application\/ld+json\" class=\"yoast-schema-graph\">{\"@context\":\"https:\/\/schema.org\",\"@graph\":[{\"@type\":\"WebPage\",\"@id\":\"https:\/\/apoiar-stressdeguerra.com\/pt\/cookie-policy\/declaracao-recolha-dados-pessoais\/\",\"url\":\"https:\/\/apoiar-stressdeguerra.com\/pt\/cookie-policy\/declaracao-recolha-dados-pessoais\/\",\"name\":\"Pol\u00edtica de Privacidade e Declara\u00e7\u00e3o de recolha de dados pessoais - APOIAR\",\"isPartOf\":{\"@id\":\"https:\/\/apoiar-stressdeguerra.com\/pt\/#website\"},\"datePublished\":\"2018-03-07T09:38:13+00:00\",\"dateModified\":\"2025-09-24T14:54:22+00:00\",\"breadcrumb\":{\"@id\":\"https:\/\/apoiar-stressdeguerra.com\/pt\/cookie-policy\/declaracao-recolha-dados-pessoais\/#breadcrumb\"},\"inLanguage\":\"pt-PT\",\"potentialAction\":[{\"@type\":\"ReadAction\",\"target\":[\"https:\/\/apoiar-stressdeguerra.com\/pt\/cookie-policy\/declaracao-recolha-dados-pessoais\/\"]}]},{\"@type\":\"BreadcrumbList\",\"@id\":\"https:\/\/apoiar-stressdeguerra.com\/pt\/cookie-policy\/declaracao-recolha-dados-pessoais\/#breadcrumb\",\"itemListElement\":[{\"@type\":\"ListItem\",\"position\":1,\"name\":\"In\u00edcio\",\"item\":\"https:\/\/apoiar-stressdeguerra.com\/pt\/\"},{\"@type\":\"ListItem\",\"position\":2,\"name\":\"Pol\u00edtica de privacidade e cookies\",\"item\":\"https:\/\/apoiar-stressdeguerra.com\/pt\/cookie-policy\/\"},{\"@type\":\"ListItem\",\"position\":3,\"name\":\"Pol\u00edtica de Privacidade e Declara\u00e7\u00e3o de recolha de dados pessoais\"}]},{\"@type\":\"WebSite\",\"@id\":\"https:\/\/apoiar-stressdeguerra.com\/pt\/#website\",\"url\":\"https:\/\/apoiar-stressdeguerra.com\/pt\/\",\"name\":\"APOIAR\",\"description\":\"Associa\u00e7\u00e3o de Apoio aos Ex-combatentes V\u00edtimas do Stress de Guerra.\",\"publisher\":{\"@id\":\"https:\/\/apoiar-stressdeguerra.com\/pt\/#organization\"},\"potentialAction\":[{\"@type\":\"SearchAction\",\"target\":{\"@type\":\"EntryPoint\",\"urlTemplate\":\"https:\/\/apoiar-stressdeguerra.com\/pt\/?s={search_term_string}\"},\"query-input\":{\"@type\":\"PropertyValueSpecification\",\"valueRequired\":true,\"valueName\":\"search_term_string\"}}],\"inLanguage\":\"pt-PT\"},{\"@type\":\"Organization\",\"@id\":\"https:\/\/apoiar-stressdeguerra.com\/pt\/#organization\",\"name\":\"APOIAR\",\"url\":\"https:\/\/apoiar-stressdeguerra.com\/pt\/\",\"logo\":{\"@type\":\"ImageObject\",\"inLanguage\":\"pt-PT\",\"@id\":\"https:\/\/apoiar-stressdeguerra.com\/pt\/#\/schema\/logo\/image\/\",\"url\":\"https:\/\/apoiar-stressdeguerra.com\/pt\/wp-content\/uploads\/2017\/03\/LOGO_tb_transparente.gif\",\"contentUrl\":\"https:\/\/apoiar-stressdeguerra.com\/pt\/wp-content\/uploads\/2017\/03\/LOGO_tb_transparente.gif\",\"width\":153,\"height\":59,\"caption\":\"APOIAR\"},\"image\":{\"@id\":\"https:\/\/apoiar-stressdeguerra.com\/pt\/#\/schema\/logo\/image\/\"},\"sameAs\":[\"https:\/\/www.facebook.com\/stressdeguerraapoiar\/\",\"https:\/\/x.com\/aapoiar\"]}]}<\/script>\n<!-- \/ Yoast SEO plugin. -->","yoast_head_json":{"title":"Pol\u00edtica de Privacidade e Declara\u00e7\u00e3o de recolha de dados pessoais - APOIAR","robots":{"index":"index","follow":"follow","max-snippet":"max-snippet:-1","max-image-preview":"max-image-preview:large","max-video-preview":"max-video-preview:-1"},"canonical":"https:\/\/apoiar-stressdeguerra.com\/pt\/cookie-policy\/declaracao-recolha-dados-pessoais\/","og_locale":"pt_PT","og_type":"article","og_title":"Pol\u00edtica de Privacidade e Declara\u00e7\u00e3o de recolha de dados pessoais - APOIAR","og_description":"Pol\u00edtica de Privacidade 1. Introdu\u00e7\u00e3o Declara\u00e7\u00e3o de recolha de Dados Pessoais da entidade APOIAR &#8211; Associa\u00e7\u00e3o de Apoio aos Ex-combatentes, V\u00edtimas de Stress de Guerra, relativos \u00e0 cobran\u00e7a de quotiza\u00e7\u00f5es e aos contactos dos associados ou membros. EM CONFORMIDADE COM\u00a0 A LEGISLA\u00c7\u00c3O EUROPEIA DE PROTEC\u00c7\u00c3O DE DADOS A APOIAR INFORMA OS SEUS ASSOCIADOS E UTENTES Leia mais","og_url":"https:\/\/apoiar-stressdeguerra.com\/pt\/cookie-policy\/declaracao-recolha-dados-pessoais\/","og_site_name":"APOIAR","article_publisher":"https:\/\/www.facebook.com\/stressdeguerraapoiar\/","article_modified_time":"2025-09-24T14:54:22+00:00","twitter_card":"summary_large_image","twitter_site":"@aapoiar","twitter_misc":{"Tempo estimado de leitura":"6 minutos"},"schema":{"@context":"https:\/\/schema.org","@graph":[{"@type":"WebPage","@id":"https:\/\/apoiar-stressdeguerra.com\/pt\/cookie-policy\/declaracao-recolha-dados-pessoais\/","url":"https:\/\/apoiar-stressdeguerra.com\/pt\/cookie-policy\/declaracao-recolha-dados-pessoais\/","name":"Pol\u00edtica de Privacidade e Declara\u00e7\u00e3o de recolha de dados pessoais - APOIAR","isPartOf":{"@id":"https:\/\/apoiar-stressdeguerra.com\/pt\/#website"},"datePublished":"2018-03-07T09:38:13+00:00","dateModified":"2025-09-24T14:54:22+00:00","breadcrumb":{"@id":"https:\/\/apoiar-stressdeguerra.com\/pt\/cookie-policy\/declaracao-recolha-dados-pessoais\/#breadcrumb"},"inLanguage":"pt-PT","potentialAction":[{"@type":"ReadAction","target":["https:\/\/apoiar-stressdeguerra.com\/pt\/cookie-policy\/declaracao-recolha-dados-pessoais\/"]}]},{"@type":"BreadcrumbList","@id":"https:\/\/apoiar-stressdeguerra.com\/pt\/cookie-policy\/declaracao-recolha-dados-pessoais\/#breadcrumb","itemListElement":[{"@type":"ListItem","position":1,"name":"In\u00edcio","item":"https:\/\/apoiar-stressdeguerra.com\/pt\/"},{"@type":"ListItem","position":2,"name":"Pol\u00edtica de privacidade e cookies","item":"https:\/\/apoiar-stressdeguerra.com\/pt\/cookie-policy\/"},{"@type":"ListItem","position":3,"name":"Pol\u00edtica de Privacidade e Declara\u00e7\u00e3o de recolha de dados pessoais"}]},{"@type":"WebSite","@id":"https:\/\/apoiar-stressdeguerra.com\/pt\/#website","url":"https:\/\/apoiar-stressdeguerra.com\/pt\/","name":"APOIAR","description":"Associa\u00e7\u00e3o de Apoio aos Ex-combatentes V\u00edtimas do Stress de Guerra.","publisher":{"@id":"https:\/\/apoiar-stressdeguerra.com\/pt\/#organization"},"potentialAction":[{"@type":"SearchAction","target":{"@type":"EntryPoint","urlTemplate":"https:\/\/apoiar-stressdeguerra.com\/pt\/?s={search_term_string}"},"query-input":{"@type":"PropertyValueSpecification","valueRequired":true,"valueName":"search_term_string"}}],"inLanguage":"pt-PT"},{"@type":"Organization","@id":"https:\/\/apoiar-stressdeguerra.com\/pt\/#organization","name":"APOIAR","url":"https:\/\/apoiar-stressdeguerra.com\/pt\/","logo":{"@type":"ImageObject","inLanguage":"pt-PT","@id":"https:\/\/apoiar-stressdeguerra.com\/pt\/#\/schema\/logo\/image\/","url":"https:\/\/apoiar-stressdeguerra.com\/pt\/wp-content\/uploads\/2017\/03\/LOGO_tb_transparente.gif","contentUrl":"https:\/\/apoiar-stressdeguerra.com\/pt\/wp-content\/uploads\/2017\/03\/LOGO_tb_transparente.gif","width":153,"height":59,"caption":"APOIAR"},"image":{"@id":"https:\/\/apoiar-stressdeguerra.com\/pt\/#\/schema\/logo\/image\/"},"sameAs":["https:\/\/www.facebook.com\/stressdeguerraapoiar\/","https:\/\/x.com\/aapoiar"]}]}},"_links":{"self":[{"href":"https:\/\/apoiar-stressdeguerra.com\/pt\/wp-json\/wp\/v2\/pages\/960","targetHints":{"allow":["GET"]}}],"collection":[{"href":"https:\/\/apoiar-stressdeguerra.com\/pt\/wp-json\/wp\/v2\/pages"}],"about":[{"href":"https:\/\/apoiar-stressdeguerra.com\/pt\/wp-json\/wp\/v2\/types\/page"}],"author":[{"embeddable":true,"href":"https:\/\/apoiar-stressdeguerra.com\/pt\/wp-json\/wp\/v2\/users\/1"}],"replies":[{"embeddable":true,"href":"https:\/\/apoiar-stressdeguerra.com\/pt\/wp-json\/wp\/v2\/comments?post=960"}],"version-history":[{"count":3,"href":"https:\/\/apoiar-stressdeguerra.com\/pt\/wp-json\/wp\/v2\/pages\/960\/revisions"}],"predecessor-version":[{"id":2510,"href":"https:\/\/apoiar-stressdeguerra.com\/pt\/wp-json\/wp\/v2\/pages\/960\/revisions\/2510"}],"up":[{"embeddable":true,"href":"https:\/\/apoiar-stressdeguerra.com\/pt\/wp-json\/wp\/v2\/pages\/676"}],"wp:attachment":[{"href":"https:\/\/apoiar-stressdeguerra.com\/pt\/wp-json\/wp\/v2\/media?parent=960"}],"curies":[{"name":"wp","href":"https:\/\/api.w.org\/{rel}","templated":true}]}}